{"id":149553,"date":"2026-03-19T15:09:53","date_gmt":"2026-03-19T14:09:53","guid":{"rendered":"https:\/\/www.rabaini.it\/?post_type=product&#038;p=149553"},"modified":"2026-03-19T22:20:55","modified_gmt":"2026-03-19T21:20:55","slug":"amaury-stretch-nylon-jersey-grun","status":"publish","type":"product","link":"https:\/\/www.rabaini.it\/de\/amaury-stretch-nylon-jersey-grun\/","title":{"rendered":"AMAURY STRETCH NYLON JERSEY GR\u00dcN"},"content":{"rendered":"<ul>\n<li>Artikelcode: K3123 V15<\/li>\n<li>Artikelfarbe: Gr\u00fcn<\/li>\n<li>Amaury ist eine kurze Herrenjacke, die einen l\u00e4ssigen urbanen Look mit K-Way-Technikmerkmalen vereint<\/li>\n<li>Das Modell besteht aus stretchigem Nylon, das wetterfest ist, und ist innen mit weichem grauem Melange-Baumwolljersey versehen, der nur vorne und hinten aufgetragen ist, f\u00fcr hervorragenden Komfort, optimalen Schutz und angenehmes Hautgef\u00fchl<\/li>\n<li>Das Innenleben ist mit verschwei\u00dften N\u00e4hten und dem ikonischen mehrfarbigen K-Way-Tape an der Taille f\u00fcr eine markante, stilvolle Note versehen<\/li>\n<li>Wasserdichtes, winddichtes, atmungsaktives Stretch-Nylon<\/li>\n<li>Baumwolljersey-Futter<\/li>\n<li>Verschwei\u00dfte N\u00e4hte<\/li>\n<li>Verstaubare Kapuze im Kragen<\/li>\n<li>Rei\u00dfverschluss<\/li>\n<li>Gerippte B\u00fcndchen und Saum<\/li>\n<li>2 Rei\u00dfverschlusstaschen<\/li>\n<li>Bel\u00fcftungsschlitz am R\u00fccken<\/li>\n<li>Wei\u00dfes Silikonlogo<\/li>\n<li>Zusammensetzung: 95% Nylon, 5% Elastan<\/li>\n<li>Membran: 100% Polyurethan<\/li>\n<li>Innen 1: 100% Nylon<\/li>\n<li>Innen 2: 65% Polyester, 35% Baumwolle<\/li>\n<\/ul>\n","protected":false},"excerpt":{"rendered":"<p>Artikelcode: K3123 V15 Artikelfarbe: Gr\u00fcn Amaury ist eine kurze Herrenjacke, die einen l\u00e4ssigen urbanen Look mit K-Way-Technikmerkmalen vereint Das Modell besteht aus stretchigem Nylon, das wetterfest ist, und ist innen mit weichem grauem Melange-Baumwolljersey versehen, der nur vorne und hinten aufgetragen ist, f\u00fcr hervorragenden Komfort, optimalen Schutz und angenehmes Hautgef\u00fchl Das Innenleben ist mit verschwei\u00dften&hellip;<\/p>\n","protected":false},"featured_media":148946,"template":"","meta":{"_acf_changed":false},"product_brand":[],"product_cat":[1324,1325,1331,1356,1329],"product_tag":[1719],"class_list":{"0":"post-149553","1":"product","2":"type-product","3":"status-publish","4":"has-post-thumbnail","6":"product_cat-herren","7":"product_cat-herrenbekleidung","8":"product_cat-jacken-herren","9":"product_cat-neuheiten-fur-herren","10":"product_cat-oberbekleidung-herren","11":"product_tag-neuheiten","12":"marca-k-way-de","14":"first","15":"instock","16":"shipping-taxable","17":"purchasable","18":"product-type-variable"},"acf":[],"yoast_head":"<!-- This site is optimized with the Yoast SEO plugin v27.2 - https:\/\/yoast.com\/product\/yoast-seo-wordpress\/ -->\n<title>AMAURY STRETCH NYLON JERSEY GR\u00dcN - Rabaini<\/title>\n<meta name=\"robots\" content=\"index, follow, max-snippet:-1, max-image-preview:large, max-video-preview:-1\" \/>\n<link rel=\"canonical\" href=\"https:\/\/www.rabaini.it\/de\/amaury-stretch-nylon-jersey-grun\/\" \/>\n<meta property=\"og:locale\" content=\"de_DE\" \/>\n<meta property=\"og:type\" content=\"article\" \/>\n<meta property=\"og:title\" content=\"AMAURY STRETCH NYLON JERSEY GR\u00dcN - Rabaini\" \/>\n<meta property=\"og:description\" content=\"Artikelcode: K3123 V15 Artikelfarbe: Gr\u00fcn Amaury ist eine kurze Herrenjacke, die einen l\u00e4ssigen urbanen Look mit K-Way-Technikmerkmalen vereint Das Modell besteht aus stretchigem Nylon, das wetterfest ist, und ist innen mit weichem grauem Melange-Baumwolljersey versehen, der nur vorne und hinten aufgetragen ist, f\u00fcr hervorragenden Komfort, optimalen Schutz und angenehmes Hautgef\u00fchl Das Innenleben ist mit verschwei\u00dften&hellip;\" \/>\n<meta property=\"og:url\" content=\"https:\/\/www.rabaini.it\/de\/amaury-stretch-nylon-jersey-grun\/\" \/>\n<meta property=\"og:site_name\" content=\"Rabaini\" \/>\n<meta property=\"article:modified_time\" content=\"2026-03-19T21:20:55+00:00\" \/>\n<meta property=\"og:image\" content=\"https:\/\/www.rabaini.it\/wp-content\/uploads\/2026\/03\/22.1-1.jpg\" \/>\n\t<meta property=\"og:image:width\" content=\"1500\" \/>\n\t<meta property=\"og:image:height\" content=\"1500\" \/>\n\t<meta property=\"og:image:type\" content=\"image\/jpeg\" \/>\n<meta name=\"twitter:card\" content=\"summary_large_image\" \/>\n<meta name=\"twitter:label1\" content=\"Gesch\u00e4tzte Lesezeit\" \/>\n\t<meta name=\"twitter:data1\" content=\"1\u00a0Minute\" \/>\n<script type=\"application\/ld+json\" class=\"yoast-schema-graph\">{\"@context\":\"https:\/\/schema.org\",\"@graph\":[{\"@type\":\"WebPage\",\"@id\":\"https:\/\/www.rabaini.it\/de\/amaury-stretch-nylon-jersey-grun\/\",\"url\":\"https:\/\/www.rabaini.it\/de\/amaury-stretch-nylon-jersey-grun\/\",\"name\":\"AMAURY STRETCH NYLON JERSEY GR\u00dcN - Rabaini\",\"isPartOf\":{\"@id\":\"https:\/\/www.rabaini.it\/de\/#website\"},\"primaryImageOfPage\":{\"@id\":\"https:\/\/www.rabaini.it\/de\/amaury-stretch-nylon-jersey-grun\/#primaryimage\"},\"image\":{\"@id\":\"https:\/\/www.rabaini.it\/de\/amaury-stretch-nylon-jersey-grun\/#primaryimage\"},\"thumbnailUrl\":\"https:\/\/www.rabaini.it\/wp-content\/uploads\/2026\/03\/22.1-1.jpg\",\"datePublished\":\"2026-03-19T14:09:53+00:00\",\"dateModified\":\"2026-03-19T21:20:55+00:00\",\"breadcrumb\":{\"@id\":\"https:\/\/www.rabaini.it\/de\/amaury-stretch-nylon-jersey-grun\/#breadcrumb\"},\"inLanguage\":\"de\",\"potentialAction\":[{\"@type\":\"ReadAction\",\"target\":[\"https:\/\/www.rabaini.it\/de\/amaury-stretch-nylon-jersey-grun\/\"]}]},{\"@type\":\"ImageObject\",\"inLanguage\":\"de\",\"@id\":\"https:\/\/www.rabaini.it\/de\/amaury-stretch-nylon-jersey-grun\/#primaryimage\",\"url\":\"https:\/\/www.rabaini.it\/wp-content\/uploads\/2026\/03\/22.1-1.jpg\",\"contentUrl\":\"https:\/\/www.rabaini.it\/wp-content\/uploads\/2026\/03\/22.1-1.jpg\",\"width\":1500,\"height\":1500},{\"@type\":\"BreadcrumbList\",\"@id\":\"https:\/\/www.rabaini.it\/de\/amaury-stretch-nylon-jersey-grun\/#breadcrumb\",\"itemListElement\":[{\"@type\":\"ListItem\",\"position\":1,\"name\":\"Home\",\"item\":\"https:\/\/www.rabaini.it\/de\/homepage\/\"},{\"@type\":\"ListItem\",\"position\":2,\"name\":\"Gesch\u00e4ft\",\"item\":\"https:\/\/www.rabaini.it\/geschaeft\/\"},{\"@type\":\"ListItem\",\"position\":3,\"name\":\"Herren\",\"item\":\"https:\/\/www.rabaini.it\/de\/herren\/\"},{\"@type\":\"ListItem\",\"position\":4,\"name\":\"AMAURY STRETCH NYLON JERSEY GR\u00dcN\"}]},{\"@type\":\"WebSite\",\"@id\":\"https:\/\/www.rabaini.it\/de\/#website\",\"url\":\"https:\/\/www.rabaini.it\/de\/\",\"name\":\"Rabaini\",\"description\":\"\",\"potentialAction\":[{\"@type\":\"SearchAction\",\"target\":{\"@type\":\"EntryPoint\",\"urlTemplate\":\"https:\/\/www.rabaini.it\/de\/?s={search_term_string}\"},\"query-input\":{\"@type\":\"PropertyValueSpecification\",\"valueRequired\":true,\"valueName\":\"search_term_string\"}}],\"inLanguage\":\"de\"}]}<\/script>\n<!-- \/ Yoast SEO plugin. -->","yoast_head_json":{"title":"AMAURY STRETCH NYLON JERSEY GR\u00dcN - Rabaini","robots":{"index":"index","follow":"follow","max-snippet":"max-snippet:-1","max-image-preview":"max-image-preview:large","max-video-preview":"max-video-preview:-1"},"canonical":"https:\/\/www.rabaini.it\/de\/amaury-stretch-nylon-jersey-grun\/","og_locale":"de_DE","og_type":"article","og_title":"AMAURY STRETCH NYLON JERSEY GR\u00dcN - Rabaini","og_description":"Artikelcode: K3123 V15 Artikelfarbe: Gr\u00fcn Amaury ist eine kurze Herrenjacke, die einen l\u00e4ssigen urbanen Look mit K-Way-Technikmerkmalen vereint Das Modell besteht aus stretchigem Nylon, das wetterfest ist, und ist innen mit weichem grauem Melange-Baumwolljersey versehen, der nur vorne und hinten aufgetragen ist, f\u00fcr hervorragenden Komfort, optimalen Schutz und angenehmes Hautgef\u00fchl Das Innenleben ist mit verschwei\u00dften&hellip;","og_url":"https:\/\/www.rabaini.it\/de\/amaury-stretch-nylon-jersey-grun\/","og_site_name":"Rabaini","article_modified_time":"2026-03-19T21:20:55+00:00","og_image":[{"width":1500,"height":1500,"url":"https:\/\/www.rabaini.it\/wp-content\/uploads\/2026\/03\/22.1-1.jpg","type":"image\/jpeg"}],"twitter_card":"summary_large_image","twitter_misc":{"Gesch\u00e4tzte Lesezeit":"1\u00a0Minute"},"schema":{"@context":"https:\/\/schema.org","@graph":[{"@type":"WebPage","@id":"https:\/\/www.rabaini.it\/de\/amaury-stretch-nylon-jersey-grun\/","url":"https:\/\/www.rabaini.it\/de\/amaury-stretch-nylon-jersey-grun\/","name":"AMAURY STRETCH NYLON JERSEY GR\u00dcN - Rabaini","isPartOf":{"@id":"https:\/\/www.rabaini.it\/de\/#website"},"primaryImageOfPage":{"@id":"https:\/\/www.rabaini.it\/de\/amaury-stretch-nylon-jersey-grun\/#primaryimage"},"image":{"@id":"https:\/\/www.rabaini.it\/de\/amaury-stretch-nylon-jersey-grun\/#primaryimage"},"thumbnailUrl":"https:\/\/www.rabaini.it\/wp-content\/uploads\/2026\/03\/22.1-1.jpg","datePublished":"2026-03-19T14:09:53+00:00","dateModified":"2026-03-19T21:20:55+00:00","breadcrumb":{"@id":"https:\/\/www.rabaini.it\/de\/amaury-stretch-nylon-jersey-grun\/#breadcrumb"},"inLanguage":"de","potentialAction":[{"@type":"ReadAction","target":["https:\/\/www.rabaini.it\/de\/amaury-stretch-nylon-jersey-grun\/"]}]},{"@type":"ImageObject","inLanguage":"de","@id":"https:\/\/www.rabaini.it\/de\/amaury-stretch-nylon-jersey-grun\/#primaryimage","url":"https:\/\/www.rabaini.it\/wp-content\/uploads\/2026\/03\/22.1-1.jpg","contentUrl":"https:\/\/www.rabaini.it\/wp-content\/uploads\/2026\/03\/22.1-1.jpg","width":1500,"height":1500},{"@type":"BreadcrumbList","@id":"https:\/\/www.rabaini.it\/de\/amaury-stretch-nylon-jersey-grun\/#breadcrumb","itemListElement":[{"@type":"ListItem","position":1,"name":"Home","item":"https:\/\/www.rabaini.it\/de\/homepage\/"},{"@type":"ListItem","position":2,"name":"Gesch\u00e4ft","item":"https:\/\/www.rabaini.it\/geschaeft\/"},{"@type":"ListItem","position":3,"name":"Herren","item":"https:\/\/www.rabaini.it\/de\/herren\/"},{"@type":"ListItem","position":4,"name":"AMAURY STRETCH NYLON JERSEY GR\u00dcN"}]},{"@type":"WebSite","@id":"https:\/\/www.rabaini.it\/de\/#website","url":"https:\/\/www.rabaini.it\/de\/","name":"Rabaini","description":"","potentialAction":[{"@type":"SearchAction","target":{"@type":"EntryPoint","urlTemplate":"https:\/\/www.rabaini.it\/de\/?s={search_term_string}"},"query-input":{"@type":"PropertyValueSpecification","valueRequired":true,"valueName":"search_term_string"}}],"inLanguage":"de"}]}},"_links":{"self":[{"href":"https:\/\/www.rabaini.it\/de\/wp-json\/wp\/v2\/product\/149553","targetHints":{"allow":["GET"]}}],"collection":[{"href":"https:\/\/www.rabaini.it\/de\/wp-json\/wp\/v2\/product"}],"about":[{"href":"https:\/\/www.rabaini.it\/de\/wp-json\/wp\/v2\/types\/product"}],"wp:featuredmedia":[{"embeddable":true,"href":"https:\/\/www.rabaini.it\/de\/wp-json\/wp\/v2\/media\/148946"}],"wp:attachment":[{"href":"https:\/\/www.rabaini.it\/de\/wp-json\/wp\/v2\/media?parent=149553"}],"wp:term":[{"taxonomy":"product_brand","embeddable":true,"href":"https:\/\/www.rabaini.it\/de\/wp-json\/wp\/v2\/product_brand?post=149553"},{"taxonomy":"product_cat","embeddable":true,"href":"https:\/\/www.rabaini.it\/de\/wp-json\/wp\/v2\/product_cat?post=149553"},{"taxonomy":"product_tag","embeddable":true,"href":"https:\/\/www.rabaini.it\/de\/wp-json\/wp\/v2\/product_tag?post=149553"}],"curies":[{"name":"wp","href":"https:\/\/api.w.org\/{rel}","templated":true}]}}