{"id":149541,"date":"2026-03-19T12:15:49","date_gmt":"2026-03-19T11:15:49","guid":{"rendered":"https:\/\/www.rabaini.it\/?post_type=product&#038;p=149541"},"modified":"2026-03-19T22:20:23","modified_gmt":"2026-03-19T21:20:23","slug":"valen-plain-warm-weste-grun","status":"publish","type":"product","link":"https:\/\/www.rabaini.it\/de\/valen-plain-warm-weste-grun\/","title":{"rendered":"VALEN PLAIN WARM WESTE GR\u00dcN"},"content":{"rendered":"<ul>\n<li>Artikelcode: K2136BW V15<\/li>\n<li>Artikelfarbe: Gr\u00fcn<\/li>\n<li>Valen ist die Herrenweste, die funktionale Forschung mit K-Ways Engagement f\u00fcr die Natur verbindet<\/li>\n<li>Hergestellt aus einem weichen Stoff, der vor Wasser und Wind sch\u00fctzt, au\u00dfen glatt und innen mit einem wellenf\u00f6rmigen Muster f\u00fcr einen markanten grafischen Effekt gesteppt<\/li>\n<li>Das innovative Merkmal ist die Primaloft\u00ae-F\u00fcllung, eine Faser aus recyceltem Kunststoff und hoch isolierend<\/li>\n<li>Weiches Mischgewebe aus Nylon, wasserabweisend und winddicht<\/li>\n<li>\u00d6kologische Primaloft\u00ae-Isolierung<\/li>\n<li>Wellenf\u00f6rmige Innensteppung<\/li>\n<li>Mittlerer W\u00e4rmestufe<\/li>\n<li>Rei\u00dfverschluss<\/li>\n<li>2 Taschen mit Druckknopf<\/li>\n<li>Elastischer Saum und Armloch<\/li>\n<li>Regular Fit<\/li>\n<li>Wei\u00dfes Silikonlogo<\/li>\n<li>Zusammensetzung: 65% Polyamid, 35% Polyester<\/li>\n<li>Futter: 52% Polyamid, 48% recyceltes Polyamid<\/li>\n<li>F\u00fcllung: 100% recyceltes Polyester<\/li>\n<\/ul>\n","protected":false},"excerpt":{"rendered":"<p>Artikelcode: K2136BW V15 Artikelfarbe: Gr\u00fcn Valen ist die Herrenweste, die funktionale Forschung mit K-Ways Engagement f\u00fcr die Natur verbindet Hergestellt aus einem weichen Stoff, der vor Wasser und Wind sch\u00fctzt, au\u00dfen glatt und innen mit einem wellenf\u00f6rmigen Muster f\u00fcr einen markanten grafischen Effekt gesteppt Das innovative Merkmal ist die Primaloft\u00ae-F\u00fcllung, eine Faser aus recyceltem Kunststoff&hellip;<\/p>\n","protected":false},"featured_media":148937,"template":"","meta":{"_acf_changed":false},"product_brand":[],"product_cat":[1334,1324,1325,1356,1329,1332],"product_tag":[1719],"class_list":{"0":"post-149541","1":"product","2":"type-product","3":"status-publish","4":"has-post-thumbnail","6":"product_cat-armellos-herren","7":"product_cat-herren","8":"product_cat-herrenbekleidung","9":"product_cat-neuheiten-fur-herren","10":"product_cat-oberbekleidung-herren","11":"product_cat-weste-herren","12":"product_tag-neuheiten","13":"marca-k-way-de","15":"first","16":"instock","17":"shipping-taxable","18":"purchasable","19":"product-type-variable"},"acf":[],"yoast_head":"<!-- This site is optimized with the Yoast SEO plugin v27.2 - https:\/\/yoast.com\/product\/yoast-seo-wordpress\/ -->\n<title>VALEN PLAIN WARM WESTE GR\u00dcN - Rabaini<\/title>\n<meta name=\"robots\" content=\"index, follow, max-snippet:-1, max-image-preview:large, max-video-preview:-1\" \/>\n<link rel=\"canonical\" href=\"https:\/\/www.rabaini.it\/de\/valen-plain-warm-weste-grun\/\" \/>\n<meta property=\"og:locale\" content=\"de_DE\" \/>\n<meta property=\"og:type\" content=\"article\" \/>\n<meta property=\"og:title\" content=\"VALEN PLAIN WARM WESTE GR\u00dcN - Rabaini\" \/>\n<meta property=\"og:description\" content=\"Artikelcode: K2136BW V15 Artikelfarbe: Gr\u00fcn Valen ist die Herrenweste, die funktionale Forschung mit K-Ways Engagement f\u00fcr die Natur verbindet Hergestellt aus einem weichen Stoff, der vor Wasser und Wind sch\u00fctzt, au\u00dfen glatt und innen mit einem wellenf\u00f6rmigen Muster f\u00fcr einen markanten grafischen Effekt gesteppt Das innovative Merkmal ist die Primaloft\u00ae-F\u00fcllung, eine Faser aus recyceltem Kunststoff&hellip;\" \/>\n<meta property=\"og:url\" content=\"https:\/\/www.rabaini.it\/de\/valen-plain-warm-weste-grun\/\" \/>\n<meta property=\"og:site_name\" content=\"Rabaini\" \/>\n<meta property=\"article:modified_time\" content=\"2026-03-19T21:20:23+00:00\" \/>\n<meta property=\"og:image\" content=\"https:\/\/www.rabaini.it\/wp-content\/uploads\/2026\/03\/21.1-1.jpg\" \/>\n\t<meta property=\"og:image:width\" content=\"1500\" \/>\n\t<meta property=\"og:image:height\" content=\"1500\" \/>\n\t<meta property=\"og:image:type\" content=\"image\/jpeg\" \/>\n<meta name=\"twitter:card\" content=\"summary_large_image\" \/>\n<meta name=\"twitter:label1\" content=\"Gesch\u00e4tzte Lesezeit\" \/>\n\t<meta name=\"twitter:data1\" content=\"1\u00a0Minute\" \/>\n<script type=\"application\/ld+json\" class=\"yoast-schema-graph\">{\"@context\":\"https:\/\/schema.org\",\"@graph\":[{\"@type\":\"WebPage\",\"@id\":\"https:\/\/www.rabaini.it\/de\/valen-plain-warm-weste-grun\/\",\"url\":\"https:\/\/www.rabaini.it\/de\/valen-plain-warm-weste-grun\/\",\"name\":\"VALEN PLAIN WARM WESTE GR\u00dcN - Rabaini\",\"isPartOf\":{\"@id\":\"https:\/\/www.rabaini.it\/de\/#website\"},\"primaryImageOfPage\":{\"@id\":\"https:\/\/www.rabaini.it\/de\/valen-plain-warm-weste-grun\/#primaryimage\"},\"image\":{\"@id\":\"https:\/\/www.rabaini.it\/de\/valen-plain-warm-weste-grun\/#primaryimage\"},\"thumbnailUrl\":\"https:\/\/www.rabaini.it\/wp-content\/uploads\/2026\/03\/21.1-1.jpg\",\"datePublished\":\"2026-03-19T11:15:49+00:00\",\"dateModified\":\"2026-03-19T21:20:23+00:00\",\"breadcrumb\":{\"@id\":\"https:\/\/www.rabaini.it\/de\/valen-plain-warm-weste-grun\/#breadcrumb\"},\"inLanguage\":\"de\",\"potentialAction\":[{\"@type\":\"ReadAction\",\"target\":[\"https:\/\/www.rabaini.it\/de\/valen-plain-warm-weste-grun\/\"]}]},{\"@type\":\"ImageObject\",\"inLanguage\":\"de\",\"@id\":\"https:\/\/www.rabaini.it\/de\/valen-plain-warm-weste-grun\/#primaryimage\",\"url\":\"https:\/\/www.rabaini.it\/wp-content\/uploads\/2026\/03\/21.1-1.jpg\",\"contentUrl\":\"https:\/\/www.rabaini.it\/wp-content\/uploads\/2026\/03\/21.1-1.jpg\",\"width\":1500,\"height\":1500},{\"@type\":\"BreadcrumbList\",\"@id\":\"https:\/\/www.rabaini.it\/de\/valen-plain-warm-weste-grun\/#breadcrumb\",\"itemListElement\":[{\"@type\":\"ListItem\",\"position\":1,\"name\":\"Home\",\"item\":\"https:\/\/www.rabaini.it\/de\/homepage\/\"},{\"@type\":\"ListItem\",\"position\":2,\"name\":\"Gesch\u00e4ft\",\"item\":\"https:\/\/www.rabaini.it\/geschaeft\/\"},{\"@type\":\"ListItem\",\"position\":3,\"name\":\"Herren\",\"item\":\"https:\/\/www.rabaini.it\/de\/herren\/\"},{\"@type\":\"ListItem\",\"position\":4,\"name\":\"VALEN PLAIN WARM WESTE GR\u00dcN\"}]},{\"@type\":\"WebSite\",\"@id\":\"https:\/\/www.rabaini.it\/de\/#website\",\"url\":\"https:\/\/www.rabaini.it\/de\/\",\"name\":\"Rabaini\",\"description\":\"\",\"potentialAction\":[{\"@type\":\"SearchAction\",\"target\":{\"@type\":\"EntryPoint\",\"urlTemplate\":\"https:\/\/www.rabaini.it\/de\/?s={search_term_string}\"},\"query-input\":{\"@type\":\"PropertyValueSpecification\",\"valueRequired\":true,\"valueName\":\"search_term_string\"}}],\"inLanguage\":\"de\"}]}<\/script>\n<!-- \/ Yoast SEO plugin. -->","yoast_head_json":{"title":"VALEN PLAIN WARM WESTE GR\u00dcN - Rabaini","robots":{"index":"index","follow":"follow","max-snippet":"max-snippet:-1","max-image-preview":"max-image-preview:large","max-video-preview":"max-video-preview:-1"},"canonical":"https:\/\/www.rabaini.it\/de\/valen-plain-warm-weste-grun\/","og_locale":"de_DE","og_type":"article","og_title":"VALEN PLAIN WARM WESTE GR\u00dcN - Rabaini","og_description":"Artikelcode: K2136BW V15 Artikelfarbe: Gr\u00fcn Valen ist die Herrenweste, die funktionale Forschung mit K-Ways Engagement f\u00fcr die Natur verbindet Hergestellt aus einem weichen Stoff, der vor Wasser und Wind sch\u00fctzt, au\u00dfen glatt und innen mit einem wellenf\u00f6rmigen Muster f\u00fcr einen markanten grafischen Effekt gesteppt Das innovative Merkmal ist die Primaloft\u00ae-F\u00fcllung, eine Faser aus recyceltem Kunststoff&hellip;","og_url":"https:\/\/www.rabaini.it\/de\/valen-plain-warm-weste-grun\/","og_site_name":"Rabaini","article_modified_time":"2026-03-19T21:20:23+00:00","og_image":[{"width":1500,"height":1500,"url":"https:\/\/www.rabaini.it\/wp-content\/uploads\/2026\/03\/21.1-1.jpg","type":"image\/jpeg"}],"twitter_card":"summary_large_image","twitter_misc":{"Gesch\u00e4tzte Lesezeit":"1\u00a0Minute"},"schema":{"@context":"https:\/\/schema.org","@graph":[{"@type":"WebPage","@id":"https:\/\/www.rabaini.it\/de\/valen-plain-warm-weste-grun\/","url":"https:\/\/www.rabaini.it\/de\/valen-plain-warm-weste-grun\/","name":"VALEN PLAIN WARM WESTE GR\u00dcN - Rabaini","isPartOf":{"@id":"https:\/\/www.rabaini.it\/de\/#website"},"primaryImageOfPage":{"@id":"https:\/\/www.rabaini.it\/de\/valen-plain-warm-weste-grun\/#primaryimage"},"image":{"@id":"https:\/\/www.rabaini.it\/de\/valen-plain-warm-weste-grun\/#primaryimage"},"thumbnailUrl":"https:\/\/www.rabaini.it\/wp-content\/uploads\/2026\/03\/21.1-1.jpg","datePublished":"2026-03-19T11:15:49+00:00","dateModified":"2026-03-19T21:20:23+00:00","breadcrumb":{"@id":"https:\/\/www.rabaini.it\/de\/valen-plain-warm-weste-grun\/#breadcrumb"},"inLanguage":"de","potentialAction":[{"@type":"ReadAction","target":["https:\/\/www.rabaini.it\/de\/valen-plain-warm-weste-grun\/"]}]},{"@type":"ImageObject","inLanguage":"de","@id":"https:\/\/www.rabaini.it\/de\/valen-plain-warm-weste-grun\/#primaryimage","url":"https:\/\/www.rabaini.it\/wp-content\/uploads\/2026\/03\/21.1-1.jpg","contentUrl":"https:\/\/www.rabaini.it\/wp-content\/uploads\/2026\/03\/21.1-1.jpg","width":1500,"height":1500},{"@type":"BreadcrumbList","@id":"https:\/\/www.rabaini.it\/de\/valen-plain-warm-weste-grun\/#breadcrumb","itemListElement":[{"@type":"ListItem","position":1,"name":"Home","item":"https:\/\/www.rabaini.it\/de\/homepage\/"},{"@type":"ListItem","position":2,"name":"Gesch\u00e4ft","item":"https:\/\/www.rabaini.it\/geschaeft\/"},{"@type":"ListItem","position":3,"name":"Herren","item":"https:\/\/www.rabaini.it\/de\/herren\/"},{"@type":"ListItem","position":4,"name":"VALEN PLAIN WARM WESTE GR\u00dcN"}]},{"@type":"WebSite","@id":"https:\/\/www.rabaini.it\/de\/#website","url":"https:\/\/www.rabaini.it\/de\/","name":"Rabaini","description":"","potentialAction":[{"@type":"SearchAction","target":{"@type":"EntryPoint","urlTemplate":"https:\/\/www.rabaini.it\/de\/?s={search_term_string}"},"query-input":{"@type":"PropertyValueSpecification","valueRequired":true,"valueName":"search_term_string"}}],"inLanguage":"de"}]}},"_links":{"self":[{"href":"https:\/\/www.rabaini.it\/de\/wp-json\/wp\/v2\/product\/149541","targetHints":{"allow":["GET"]}}],"collection":[{"href":"https:\/\/www.rabaini.it\/de\/wp-json\/wp\/v2\/product"}],"about":[{"href":"https:\/\/www.rabaini.it\/de\/wp-json\/wp\/v2\/types\/product"}],"wp:featuredmedia":[{"embeddable":true,"href":"https:\/\/www.rabaini.it\/de\/wp-json\/wp\/v2\/media\/148937"}],"wp:attachment":[{"href":"https:\/\/www.rabaini.it\/de\/wp-json\/wp\/v2\/media?parent=149541"}],"wp:term":[{"taxonomy":"product_brand","embeddable":true,"href":"https:\/\/www.rabaini.it\/de\/wp-json\/wp\/v2\/product_brand?post=149541"},{"taxonomy":"product_cat","embeddable":true,"href":"https:\/\/www.rabaini.it\/de\/wp-json\/wp\/v2\/product_cat?post=149541"},{"taxonomy":"product_tag","embeddable":true,"href":"https:\/\/www.rabaini.it\/de\/wp-json\/wp\/v2\/product_tag?post=149541"}],"curies":[{"name":"wp","href":"https:\/\/api.w.org\/{rel}","templated":true}]}}