{"id":149505,"date":"2026-03-19T10:57:29","date_gmt":"2026-03-19T09:57:29","guid":{"rendered":"https:\/\/www.rabaini.it\/?post_type=product&#038;p=149505"},"modified":"2026-03-19T22:18:57","modified_gmt":"2026-03-19T21:18:57","slug":"le-vrai-4-0-claude-wasserdichte-jacke-royalblau","status":"publish","type":"product","link":"https:\/\/www.rabaini.it\/de\/le-vrai-4-0-claude-wasserdichte-jacke-royalblau\/","title":{"rendered":"LE VRAI 4.0 CLAUDE WASSERDICHTE JACKE ROYALBLAU"},"content":{"rendered":"<ul>\n<li>Artikelcode: K2123ZW 063<\/li>\n<li>Artikelfarbe: Blau<\/li>\n<li>Die kurze Claude-Jacke ist ein K-Way-Icon, das den Geist der Marke in jedem Detail widerspiegelt, gefertigt aus innovativem Micro-Ripstop 4.0-Gewebe, 100% recycelt, noch wasserabweisender und atmungsaktiver mit einer Wassers\u00e4ule von 10K und Atmungsaktivit\u00e4t von 10K, mit innen verschwei\u00dften N\u00e4hten f\u00fcr optimalen Schutz vor Witterungseinfl\u00fcssen<\/li>\n<li>Das Highlight dieses Unisex-Modells ist das geringe Packvolumen, wenn es zusammengefaltet und in einer der beiden Taschen verstaut wird<\/li>\n<li>Perfekt f\u00fcr die Tasche oder den Rucksack, konzipiert, um pl\u00f6tzlichem Regen oder Wind leicht zu begegnen<\/li>\n<li>Wasserdichtes, wasserabweisendes, winddichtes, atmungsaktives Nylon-Ripstop-Gewebe<\/li>\n<li>DWR (Durable Water Repellent) Behandlung<\/li>\n<li>Wasserdichtigkeit: 10.000 mm Wassers\u00e4ule<\/li>\n<li>Atmungsaktivit\u00e4t: 10.000 g\/m\u00b2\/24h<\/li>\n<li>Packbar<\/li>\n<li>Verschwei\u00dfte Innenn\u00e4hte<\/li>\n<li>Verstellbare Kapuze mit elastischem Kordelzug<\/li>\n<li>Rei\u00dfverschluss<\/li>\n<li>Innere Windschutzleiste<\/li>\n<li>Bel\u00fcftungsschlitz am R\u00fccken<\/li>\n<li>Elastische B\u00fcndchen<\/li>\n<li>2 Rei\u00dfverschlusstaschen<\/li>\n<li>Verstellbarer Saum mit elastischem Kordelzug<\/li>\n<li>Regular Fit<\/li>\n<li>Zusammensetzung: 100% Polyamid<\/li>\n<\/ul>\n","protected":false},"excerpt":{"rendered":"<p>Artikelcode: K2123ZW 063 Artikelfarbe: Blau Die kurze Claude-Jacke ist ein K-Way-Icon, das den Geist der Marke in jedem Detail widerspiegelt, gefertigt aus innovativem Micro-Ripstop 4.0-Gewebe, 100% recycelt, noch wasserabweisender und atmungsaktiver mit einer Wassers\u00e4ule von 10K und Atmungsaktivit\u00e4t von 10K, mit innen verschwei\u00dften N\u00e4hten f\u00fcr optimalen Schutz vor Witterungseinfl\u00fcssen Das Highlight dieses Unisex-Modells ist das&hellip;<\/p>\n","protected":false},"featured_media":148910,"template":"","meta":{"_acf_changed":false},"product_brand":[],"product_cat":[1324,1325,1331,1356,1329],"product_tag":[1719],"class_list":{"0":"post-149505","1":"product","2":"type-product","3":"status-publish","4":"has-post-thumbnail","6":"product_cat-herren","7":"product_cat-herrenbekleidung","8":"product_cat-jacken-herren","9":"product_cat-neuheiten-fur-herren","10":"product_cat-oberbekleidung-herren","11":"product_tag-neuheiten","12":"marca-k-way-de","14":"first","15":"instock","16":"shipping-taxable","17":"purchasable","18":"product-type-variable"},"acf":[],"yoast_head":"<!-- This site is optimized with the Yoast SEO plugin v27.2 - https:\/\/yoast.com\/product\/yoast-seo-wordpress\/ -->\n<title>LE VRAI 4.0 CLAUDE WASSERDICHTE JACKE ROYALBLAU - Rabaini<\/title>\n<meta name=\"robots\" content=\"index, follow, max-snippet:-1, max-image-preview:large, max-video-preview:-1\" \/>\n<link rel=\"canonical\" href=\"https:\/\/www.rabaini.it\/de\/le-vrai-4-0-claude-wasserdichte-jacke-royalblau\/\" \/>\n<meta property=\"og:locale\" content=\"de_DE\" \/>\n<meta property=\"og:type\" content=\"article\" \/>\n<meta property=\"og:title\" content=\"LE VRAI 4.0 CLAUDE WASSERDICHTE JACKE ROYALBLAU - Rabaini\" \/>\n<meta property=\"og:description\" content=\"Artikelcode: K2123ZW 063 Artikelfarbe: Blau Die kurze Claude-Jacke ist ein K-Way-Icon, das den Geist der Marke in jedem Detail widerspiegelt, gefertigt aus innovativem Micro-Ripstop 4.0-Gewebe, 100% recycelt, noch wasserabweisender und atmungsaktiver mit einer Wassers\u00e4ule von 10K und Atmungsaktivit\u00e4t von 10K, mit innen verschwei\u00dften N\u00e4hten f\u00fcr optimalen Schutz vor Witterungseinfl\u00fcssen Das Highlight dieses Unisex-Modells ist das&hellip;\" \/>\n<meta property=\"og:url\" content=\"https:\/\/www.rabaini.it\/de\/le-vrai-4-0-claude-wasserdichte-jacke-royalblau\/\" \/>\n<meta property=\"og:site_name\" content=\"Rabaini\" \/>\n<meta property=\"article:modified_time\" content=\"2026-03-19T21:18:57+00:00\" \/>\n<meta property=\"og:image\" content=\"https:\/\/www.rabaini.it\/wp-content\/uploads\/2026\/03\/18.1-1.jpg\" \/>\n\t<meta property=\"og:image:width\" content=\"1500\" \/>\n\t<meta property=\"og:image:height\" content=\"1500\" \/>\n\t<meta property=\"og:image:type\" content=\"image\/jpeg\" \/>\n<meta name=\"twitter:card\" content=\"summary_large_image\" \/>\n<meta name=\"twitter:label1\" content=\"Gesch\u00e4tzte Lesezeit\" \/>\n\t<meta name=\"twitter:data1\" content=\"1\u00a0Minute\" \/>\n<script type=\"application\/ld+json\" class=\"yoast-schema-graph\">{\"@context\":\"https:\/\/schema.org\",\"@graph\":[{\"@type\":\"WebPage\",\"@id\":\"https:\/\/www.rabaini.it\/de\/le-vrai-4-0-claude-wasserdichte-jacke-royalblau\/\",\"url\":\"https:\/\/www.rabaini.it\/de\/le-vrai-4-0-claude-wasserdichte-jacke-royalblau\/\",\"name\":\"LE VRAI 4.0 CLAUDE WASSERDICHTE JACKE ROYALBLAU - Rabaini\",\"isPartOf\":{\"@id\":\"https:\/\/www.rabaini.it\/de\/#website\"},\"primaryImageOfPage\":{\"@id\":\"https:\/\/www.rabaini.it\/de\/le-vrai-4-0-claude-wasserdichte-jacke-royalblau\/#primaryimage\"},\"image\":{\"@id\":\"https:\/\/www.rabaini.it\/de\/le-vrai-4-0-claude-wasserdichte-jacke-royalblau\/#primaryimage\"},\"thumbnailUrl\":\"https:\/\/www.rabaini.it\/wp-content\/uploads\/2026\/03\/18.1-1.jpg\",\"datePublished\":\"2026-03-19T09:57:29+00:00\",\"dateModified\":\"2026-03-19T21:18:57+00:00\",\"breadcrumb\":{\"@id\":\"https:\/\/www.rabaini.it\/de\/le-vrai-4-0-claude-wasserdichte-jacke-royalblau\/#breadcrumb\"},\"inLanguage\":\"de\",\"potentialAction\":[{\"@type\":\"ReadAction\",\"target\":[\"https:\/\/www.rabaini.it\/de\/le-vrai-4-0-claude-wasserdichte-jacke-royalblau\/\"]}]},{\"@type\":\"ImageObject\",\"inLanguage\":\"de\",\"@id\":\"https:\/\/www.rabaini.it\/de\/le-vrai-4-0-claude-wasserdichte-jacke-royalblau\/#primaryimage\",\"url\":\"https:\/\/www.rabaini.it\/wp-content\/uploads\/2026\/03\/18.1-1.jpg\",\"contentUrl\":\"https:\/\/www.rabaini.it\/wp-content\/uploads\/2026\/03\/18.1-1.jpg\",\"width\":1500,\"height\":1500},{\"@type\":\"BreadcrumbList\",\"@id\":\"https:\/\/www.rabaini.it\/de\/le-vrai-4-0-claude-wasserdichte-jacke-royalblau\/#breadcrumb\",\"itemListElement\":[{\"@type\":\"ListItem\",\"position\":1,\"name\":\"Home\",\"item\":\"https:\/\/www.rabaini.it\/de\/homepage\/\"},{\"@type\":\"ListItem\",\"position\":2,\"name\":\"Gesch\u00e4ft\",\"item\":\"https:\/\/www.rabaini.it\/geschaeft\/\"},{\"@type\":\"ListItem\",\"position\":3,\"name\":\"Herren\",\"item\":\"https:\/\/www.rabaini.it\/de\/herren\/\"},{\"@type\":\"ListItem\",\"position\":4,\"name\":\"LE VRAI 4.0 CLAUDE WASSERDICHTE JACKE ROYALBLAU\"}]},{\"@type\":\"WebSite\",\"@id\":\"https:\/\/www.rabaini.it\/de\/#website\",\"url\":\"https:\/\/www.rabaini.it\/de\/\",\"name\":\"Rabaini\",\"description\":\"\",\"potentialAction\":[{\"@type\":\"SearchAction\",\"target\":{\"@type\":\"EntryPoint\",\"urlTemplate\":\"https:\/\/www.rabaini.it\/de\/?s={search_term_string}\"},\"query-input\":{\"@type\":\"PropertyValueSpecification\",\"valueRequired\":true,\"valueName\":\"search_term_string\"}}],\"inLanguage\":\"de\"}]}<\/script>\n<!-- \/ Yoast SEO plugin. -->","yoast_head_json":{"title":"LE VRAI 4.0 CLAUDE WASSERDICHTE JACKE ROYALBLAU - Rabaini","robots":{"index":"index","follow":"follow","max-snippet":"max-snippet:-1","max-image-preview":"max-image-preview:large","max-video-preview":"max-video-preview:-1"},"canonical":"https:\/\/www.rabaini.it\/de\/le-vrai-4-0-claude-wasserdichte-jacke-royalblau\/","og_locale":"de_DE","og_type":"article","og_title":"LE VRAI 4.0 CLAUDE WASSERDICHTE JACKE ROYALBLAU - Rabaini","og_description":"Artikelcode: K2123ZW 063 Artikelfarbe: Blau Die kurze Claude-Jacke ist ein K-Way-Icon, das den Geist der Marke in jedem Detail widerspiegelt, gefertigt aus innovativem Micro-Ripstop 4.0-Gewebe, 100% recycelt, noch wasserabweisender und atmungsaktiver mit einer Wassers\u00e4ule von 10K und Atmungsaktivit\u00e4t von 10K, mit innen verschwei\u00dften N\u00e4hten f\u00fcr optimalen Schutz vor Witterungseinfl\u00fcssen Das Highlight dieses Unisex-Modells ist das&hellip;","og_url":"https:\/\/www.rabaini.it\/de\/le-vrai-4-0-claude-wasserdichte-jacke-royalblau\/","og_site_name":"Rabaini","article_modified_time":"2026-03-19T21:18:57+00:00","og_image":[{"width":1500,"height":1500,"url":"https:\/\/www.rabaini.it\/wp-content\/uploads\/2026\/03\/18.1-1.jpg","type":"image\/jpeg"}],"twitter_card":"summary_large_image","twitter_misc":{"Gesch\u00e4tzte Lesezeit":"1\u00a0Minute"},"schema":{"@context":"https:\/\/schema.org","@graph":[{"@type":"WebPage","@id":"https:\/\/www.rabaini.it\/de\/le-vrai-4-0-claude-wasserdichte-jacke-royalblau\/","url":"https:\/\/www.rabaini.it\/de\/le-vrai-4-0-claude-wasserdichte-jacke-royalblau\/","name":"LE VRAI 4.0 CLAUDE WASSERDICHTE JACKE ROYALBLAU - Rabaini","isPartOf":{"@id":"https:\/\/www.rabaini.it\/de\/#website"},"primaryImageOfPage":{"@id":"https:\/\/www.rabaini.it\/de\/le-vrai-4-0-claude-wasserdichte-jacke-royalblau\/#primaryimage"},"image":{"@id":"https:\/\/www.rabaini.it\/de\/le-vrai-4-0-claude-wasserdichte-jacke-royalblau\/#primaryimage"},"thumbnailUrl":"https:\/\/www.rabaini.it\/wp-content\/uploads\/2026\/03\/18.1-1.jpg","datePublished":"2026-03-19T09:57:29+00:00","dateModified":"2026-03-19T21:18:57+00:00","breadcrumb":{"@id":"https:\/\/www.rabaini.it\/de\/le-vrai-4-0-claude-wasserdichte-jacke-royalblau\/#breadcrumb"},"inLanguage":"de","potentialAction":[{"@type":"ReadAction","target":["https:\/\/www.rabaini.it\/de\/le-vrai-4-0-claude-wasserdichte-jacke-royalblau\/"]}]},{"@type":"ImageObject","inLanguage":"de","@id":"https:\/\/www.rabaini.it\/de\/le-vrai-4-0-claude-wasserdichte-jacke-royalblau\/#primaryimage","url":"https:\/\/www.rabaini.it\/wp-content\/uploads\/2026\/03\/18.1-1.jpg","contentUrl":"https:\/\/www.rabaini.it\/wp-content\/uploads\/2026\/03\/18.1-1.jpg","width":1500,"height":1500},{"@type":"BreadcrumbList","@id":"https:\/\/www.rabaini.it\/de\/le-vrai-4-0-claude-wasserdichte-jacke-royalblau\/#breadcrumb","itemListElement":[{"@type":"ListItem","position":1,"name":"Home","item":"https:\/\/www.rabaini.it\/de\/homepage\/"},{"@type":"ListItem","position":2,"name":"Gesch\u00e4ft","item":"https:\/\/www.rabaini.it\/geschaeft\/"},{"@type":"ListItem","position":3,"name":"Herren","item":"https:\/\/www.rabaini.it\/de\/herren\/"},{"@type":"ListItem","position":4,"name":"LE VRAI 4.0 CLAUDE WASSERDICHTE JACKE ROYALBLAU"}]},{"@type":"WebSite","@id":"https:\/\/www.rabaini.it\/de\/#website","url":"https:\/\/www.rabaini.it\/de\/","name":"Rabaini","description":"","potentialAction":[{"@type":"SearchAction","target":{"@type":"EntryPoint","urlTemplate":"https:\/\/www.rabaini.it\/de\/?s={search_term_string}"},"query-input":{"@type":"PropertyValueSpecification","valueRequired":true,"valueName":"search_term_string"}}],"inLanguage":"de"}]}},"_links":{"self":[{"href":"https:\/\/www.rabaini.it\/de\/wp-json\/wp\/v2\/product\/149505","targetHints":{"allow":["GET"]}}],"collection":[{"href":"https:\/\/www.rabaini.it\/de\/wp-json\/wp\/v2\/product"}],"about":[{"href":"https:\/\/www.rabaini.it\/de\/wp-json\/wp\/v2\/types\/product"}],"wp:featuredmedia":[{"embeddable":true,"href":"https:\/\/www.rabaini.it\/de\/wp-json\/wp\/v2\/media\/148910"}],"wp:attachment":[{"href":"https:\/\/www.rabaini.it\/de\/wp-json\/wp\/v2\/media?parent=149505"}],"wp:term":[{"taxonomy":"product_brand","embeddable":true,"href":"https:\/\/www.rabaini.it\/de\/wp-json\/wp\/v2\/product_brand?post=149505"},{"taxonomy":"product_cat","embeddable":true,"href":"https:\/\/www.rabaini.it\/de\/wp-json\/wp\/v2\/product_cat?post=149505"},{"taxonomy":"product_tag","embeddable":true,"href":"https:\/\/www.rabaini.it\/de\/wp-json\/wp\/v2\/product_tag?post=149505"}],"curies":[{"name":"wp","href":"https:\/\/api.w.org\/{rel}","templated":true}]}}