{"id":149493,"date":"2026-03-19T10:47:27","date_gmt":"2026-03-19T09:47:27","guid":{"rendered":"https:\/\/www.rabaini.it\/?post_type=product&#038;p=149493"},"modified":"2026-03-19T22:17:54","modified_gmt":"2026-03-19T21:17:54","slug":"jake-double-interlock-wendbare-jacke","status":"publish","type":"product","link":"https:\/\/www.rabaini.it\/de\/jake-double-interlock-wendbare-jacke\/","title":{"rendered":"JAKE DOUBLE INTERLOCK WENDBARE JACKE"},"content":{"rendered":"<ul>\n<li>Artikelcode: K8134TW C8R<\/li>\n<li>Artikelfarbe: Blau und Rot<\/li>\n<li>Jake ist eine kurze Jacke, die f\u00fcr einen dynamischen Lebensstil und wechselhaftes Fr\u00fchlingswetter konzipiert wurde<\/li>\n<li>Das wendbare Design vereint Praktikabilit\u00e4t und sportliche Attit\u00fcde, mit einer Seite aus weichem Scuba-Effekt-Baumwollsweatshirt und der anderen aus wasserabweisendem, atmungsaktivem recyceltem Nylon in kontrastierender Farbe<\/li>\n<li>Das Kleidungsst\u00fcck verf\u00fcgt \u00fcber eine verstellbare Kapuze und Taschen auf beiden Seiten<\/li>\n<li>Wassers\u00e4ule des Innenstoffs: 3000 mm<\/li>\n<li>Wendbares Design<\/li>\n<li>Verschwei\u00dfte N\u00e4hte<\/li>\n<li>Nicht abnehmbare, verstellbare Kapuze mit elastischem Kordelzug<\/li>\n<li>Verstellbarer Saum mit elastischem Kordelzug<\/li>\n<li>Rei\u00dfverschluss<\/li>\n<li>Elastische B\u00fcndchen<\/li>\n<li>1 K\u00e4ngurutasche<\/li>\n<li>2 Taschen mit Druckknopfverschluss<\/li>\n<li>Slim Fit<\/li>\n<li>Wei\u00dfes Silikonlogo<\/li>\n<li>Au\u00dfenmaterial: 85% Baumwolle, 15% Polyester<\/li>\n<li>Futter: 100% recyceltes Polyamid<\/li>\n<\/ul>\n","protected":false},"excerpt":{"rendered":"<p>Artikelcode: K8134TW C8R Artikelfarbe: Blau und Rot Jake ist eine kurze Jacke, die f\u00fcr einen dynamischen Lebensstil und wechselhaftes Fr\u00fchlingswetter konzipiert wurde Das wendbare Design vereint Praktikabilit\u00e4t und sportliche Attit\u00fcde, mit einer Seite aus weichem Scuba-Effekt-Baumwollsweatshirt und der anderen aus wasserabweisendem, atmungsaktivem recyceltem Nylon in kontrastierender Farbe Das Kleidungsst\u00fcck verf\u00fcgt \u00fcber eine verstellbare Kapuze und&hellip;<\/p>\n","protected":false},"featured_media":148898,"template":"","meta":{"_acf_changed":false},"product_brand":[],"product_cat":[1324,1325,1331,1356,1329],"product_tag":[1719],"class_list":{"0":"post-149493","1":"product","2":"type-product","3":"status-publish","4":"has-post-thumbnail","6":"product_cat-herren","7":"product_cat-herrenbekleidung","8":"product_cat-jacken-herren","9":"product_cat-neuheiten-fur-herren","10":"product_cat-oberbekleidung-herren","11":"product_tag-neuheiten","12":"marca-k-way-de","14":"first","15":"instock","16":"shipping-taxable","17":"purchasable","18":"product-type-variable"},"acf":[],"yoast_head":"<!-- This site is optimized with the Yoast SEO plugin v27.2 - https:\/\/yoast.com\/product\/yoast-seo-wordpress\/ -->\n<title>JAKE DOUBLE INTERLOCK WENDBARE JACKE - Rabaini<\/title>\n<meta name=\"robots\" content=\"index, follow, max-snippet:-1, max-image-preview:large, max-video-preview:-1\" \/>\n<link rel=\"canonical\" href=\"https:\/\/www.rabaini.it\/de\/jake-double-interlock-wendbare-jacke\/\" \/>\n<meta property=\"og:locale\" content=\"de_DE\" \/>\n<meta property=\"og:type\" content=\"article\" \/>\n<meta property=\"og:title\" content=\"JAKE DOUBLE INTERLOCK WENDBARE JACKE - Rabaini\" \/>\n<meta property=\"og:description\" content=\"Artikelcode: K8134TW C8R Artikelfarbe: Blau und Rot Jake ist eine kurze Jacke, die f\u00fcr einen dynamischen Lebensstil und wechselhaftes Fr\u00fchlingswetter konzipiert wurde Das wendbare Design vereint Praktikabilit\u00e4t und sportliche Attit\u00fcde, mit einer Seite aus weichem Scuba-Effekt-Baumwollsweatshirt und der anderen aus wasserabweisendem, atmungsaktivem recyceltem Nylon in kontrastierender Farbe Das Kleidungsst\u00fcck verf\u00fcgt \u00fcber eine verstellbare Kapuze und&hellip;\" \/>\n<meta property=\"og:url\" content=\"https:\/\/www.rabaini.it\/de\/jake-double-interlock-wendbare-jacke\/\" \/>\n<meta property=\"og:site_name\" content=\"Rabaini\" \/>\n<meta property=\"article:modified_time\" content=\"2026-03-19T21:17:54+00:00\" \/>\n<meta property=\"og:image\" content=\"https:\/\/www.rabaini.it\/wp-content\/uploads\/2026\/03\/17.1-1.jpg\" \/>\n\t<meta property=\"og:image:width\" content=\"1500\" \/>\n\t<meta property=\"og:image:height\" content=\"1500\" \/>\n\t<meta property=\"og:image:type\" content=\"image\/jpeg\" \/>\n<meta name=\"twitter:card\" content=\"summary_large_image\" \/>\n<meta name=\"twitter:label1\" content=\"Gesch\u00e4tzte Lesezeit\" \/>\n\t<meta name=\"twitter:data1\" content=\"1\u00a0Minute\" \/>\n<script type=\"application\/ld+json\" class=\"yoast-schema-graph\">{\"@context\":\"https:\/\/schema.org\",\"@graph\":[{\"@type\":\"WebPage\",\"@id\":\"https:\/\/www.rabaini.it\/de\/jake-double-interlock-wendbare-jacke\/\",\"url\":\"https:\/\/www.rabaini.it\/de\/jake-double-interlock-wendbare-jacke\/\",\"name\":\"JAKE DOUBLE INTERLOCK WENDBARE JACKE - Rabaini\",\"isPartOf\":{\"@id\":\"https:\/\/www.rabaini.it\/de\/#website\"},\"primaryImageOfPage\":{\"@id\":\"https:\/\/www.rabaini.it\/de\/jake-double-interlock-wendbare-jacke\/#primaryimage\"},\"image\":{\"@id\":\"https:\/\/www.rabaini.it\/de\/jake-double-interlock-wendbare-jacke\/#primaryimage\"},\"thumbnailUrl\":\"https:\/\/www.rabaini.it\/wp-content\/uploads\/2026\/03\/17.1-1.jpg\",\"datePublished\":\"2026-03-19T09:47:27+00:00\",\"dateModified\":\"2026-03-19T21:17:54+00:00\",\"breadcrumb\":{\"@id\":\"https:\/\/www.rabaini.it\/de\/jake-double-interlock-wendbare-jacke\/#breadcrumb\"},\"inLanguage\":\"de\",\"potentialAction\":[{\"@type\":\"ReadAction\",\"target\":[\"https:\/\/www.rabaini.it\/de\/jake-double-interlock-wendbare-jacke\/\"]}]},{\"@type\":\"ImageObject\",\"inLanguage\":\"de\",\"@id\":\"https:\/\/www.rabaini.it\/de\/jake-double-interlock-wendbare-jacke\/#primaryimage\",\"url\":\"https:\/\/www.rabaini.it\/wp-content\/uploads\/2026\/03\/17.1-1.jpg\",\"contentUrl\":\"https:\/\/www.rabaini.it\/wp-content\/uploads\/2026\/03\/17.1-1.jpg\",\"width\":1500,\"height\":1500},{\"@type\":\"BreadcrumbList\",\"@id\":\"https:\/\/www.rabaini.it\/de\/jake-double-interlock-wendbare-jacke\/#breadcrumb\",\"itemListElement\":[{\"@type\":\"ListItem\",\"position\":1,\"name\":\"Home\",\"item\":\"https:\/\/www.rabaini.it\/de\/homepage\/\"},{\"@type\":\"ListItem\",\"position\":2,\"name\":\"Gesch\u00e4ft\",\"item\":\"https:\/\/www.rabaini.it\/geschaeft\/\"},{\"@type\":\"ListItem\",\"position\":3,\"name\":\"Herren\",\"item\":\"https:\/\/www.rabaini.it\/de\/herren\/\"},{\"@type\":\"ListItem\",\"position\":4,\"name\":\"JAKE DOUBLE INTERLOCK WENDBARE JACKE\"}]},{\"@type\":\"WebSite\",\"@id\":\"https:\/\/www.rabaini.it\/de\/#website\",\"url\":\"https:\/\/www.rabaini.it\/de\/\",\"name\":\"Rabaini\",\"description\":\"\",\"potentialAction\":[{\"@type\":\"SearchAction\",\"target\":{\"@type\":\"EntryPoint\",\"urlTemplate\":\"https:\/\/www.rabaini.it\/de\/?s={search_term_string}\"},\"query-input\":{\"@type\":\"PropertyValueSpecification\",\"valueRequired\":true,\"valueName\":\"search_term_string\"}}],\"inLanguage\":\"de\"}]}<\/script>\n<!-- \/ Yoast SEO plugin. -->","yoast_head_json":{"title":"JAKE DOUBLE INTERLOCK WENDBARE JACKE - Rabaini","robots":{"index":"index","follow":"follow","max-snippet":"max-snippet:-1","max-image-preview":"max-image-preview:large","max-video-preview":"max-video-preview:-1"},"canonical":"https:\/\/www.rabaini.it\/de\/jake-double-interlock-wendbare-jacke\/","og_locale":"de_DE","og_type":"article","og_title":"JAKE DOUBLE INTERLOCK WENDBARE JACKE - Rabaini","og_description":"Artikelcode: K8134TW C8R Artikelfarbe: Blau und Rot Jake ist eine kurze Jacke, die f\u00fcr einen dynamischen Lebensstil und wechselhaftes Fr\u00fchlingswetter konzipiert wurde Das wendbare Design vereint Praktikabilit\u00e4t und sportliche Attit\u00fcde, mit einer Seite aus weichem Scuba-Effekt-Baumwollsweatshirt und der anderen aus wasserabweisendem, atmungsaktivem recyceltem Nylon in kontrastierender Farbe Das Kleidungsst\u00fcck verf\u00fcgt \u00fcber eine verstellbare Kapuze und&hellip;","og_url":"https:\/\/www.rabaini.it\/de\/jake-double-interlock-wendbare-jacke\/","og_site_name":"Rabaini","article_modified_time":"2026-03-19T21:17:54+00:00","og_image":[{"width":1500,"height":1500,"url":"https:\/\/www.rabaini.it\/wp-content\/uploads\/2026\/03\/17.1-1.jpg","type":"image\/jpeg"}],"twitter_card":"summary_large_image","twitter_misc":{"Gesch\u00e4tzte Lesezeit":"1\u00a0Minute"},"schema":{"@context":"https:\/\/schema.org","@graph":[{"@type":"WebPage","@id":"https:\/\/www.rabaini.it\/de\/jake-double-interlock-wendbare-jacke\/","url":"https:\/\/www.rabaini.it\/de\/jake-double-interlock-wendbare-jacke\/","name":"JAKE DOUBLE INTERLOCK WENDBARE JACKE - Rabaini","isPartOf":{"@id":"https:\/\/www.rabaini.it\/de\/#website"},"primaryImageOfPage":{"@id":"https:\/\/www.rabaini.it\/de\/jake-double-interlock-wendbare-jacke\/#primaryimage"},"image":{"@id":"https:\/\/www.rabaini.it\/de\/jake-double-interlock-wendbare-jacke\/#primaryimage"},"thumbnailUrl":"https:\/\/www.rabaini.it\/wp-content\/uploads\/2026\/03\/17.1-1.jpg","datePublished":"2026-03-19T09:47:27+00:00","dateModified":"2026-03-19T21:17:54+00:00","breadcrumb":{"@id":"https:\/\/www.rabaini.it\/de\/jake-double-interlock-wendbare-jacke\/#breadcrumb"},"inLanguage":"de","potentialAction":[{"@type":"ReadAction","target":["https:\/\/www.rabaini.it\/de\/jake-double-interlock-wendbare-jacke\/"]}]},{"@type":"ImageObject","inLanguage":"de","@id":"https:\/\/www.rabaini.it\/de\/jake-double-interlock-wendbare-jacke\/#primaryimage","url":"https:\/\/www.rabaini.it\/wp-content\/uploads\/2026\/03\/17.1-1.jpg","contentUrl":"https:\/\/www.rabaini.it\/wp-content\/uploads\/2026\/03\/17.1-1.jpg","width":1500,"height":1500},{"@type":"BreadcrumbList","@id":"https:\/\/www.rabaini.it\/de\/jake-double-interlock-wendbare-jacke\/#breadcrumb","itemListElement":[{"@type":"ListItem","position":1,"name":"Home","item":"https:\/\/www.rabaini.it\/de\/homepage\/"},{"@type":"ListItem","position":2,"name":"Gesch\u00e4ft","item":"https:\/\/www.rabaini.it\/geschaeft\/"},{"@type":"ListItem","position":3,"name":"Herren","item":"https:\/\/www.rabaini.it\/de\/herren\/"},{"@type":"ListItem","position":4,"name":"JAKE DOUBLE INTERLOCK WENDBARE JACKE"}]},{"@type":"WebSite","@id":"https:\/\/www.rabaini.it\/de\/#website","url":"https:\/\/www.rabaini.it\/de\/","name":"Rabaini","description":"","potentialAction":[{"@type":"SearchAction","target":{"@type":"EntryPoint","urlTemplate":"https:\/\/www.rabaini.it\/de\/?s={search_term_string}"},"query-input":{"@type":"PropertyValueSpecification","valueRequired":true,"valueName":"search_term_string"}}],"inLanguage":"de"}]}},"_links":{"self":[{"href":"https:\/\/www.rabaini.it\/de\/wp-json\/wp\/v2\/product\/149493","targetHints":{"allow":["GET"]}}],"collection":[{"href":"https:\/\/www.rabaini.it\/de\/wp-json\/wp\/v2\/product"}],"about":[{"href":"https:\/\/www.rabaini.it\/de\/wp-json\/wp\/v2\/types\/product"}],"wp:featuredmedia":[{"embeddable":true,"href":"https:\/\/www.rabaini.it\/de\/wp-json\/wp\/v2\/media\/148898"}],"wp:attachment":[{"href":"https:\/\/www.rabaini.it\/de\/wp-json\/wp\/v2\/media?parent=149493"}],"wp:term":[{"taxonomy":"product_brand","embeddable":true,"href":"https:\/\/www.rabaini.it\/de\/wp-json\/wp\/v2\/product_brand?post=149493"},{"taxonomy":"product_cat","embeddable":true,"href":"https:\/\/www.rabaini.it\/de\/wp-json\/wp\/v2\/product_cat?post=149493"},{"taxonomy":"product_tag","embeddable":true,"href":"https:\/\/www.rabaini.it\/de\/wp-json\/wp\/v2\/product_tag?post=149493"}],"curies":[{"name":"wp","href":"https:\/\/api.w.org\/{rel}","templated":true}]}}