{"id":149397,"date":"2026-03-18T17:57:26","date_gmt":"2026-03-18T16:57:26","guid":{"rendered":"https:\/\/www.rabaini.it\/?post_type=product&#038;p=149397"},"modified":"2026-03-19T22:07:16","modified_gmt":"2026-03-19T21:07:16","slug":"4-haken-aus-gewaschenem-leinenleinen-fay-archive","status":"publish","type":"product","link":"https:\/\/www.rabaini.it\/de\/4-haken-aus-gewaschenem-leinenleinen-fay-archive\/","title":{"rendered":"4 HAKEN AUS GEWASCHENEM LEINENLEINEN &#8211; FAY ARCHIVE"},"content":{"rendered":"<ul>\n<li>Artikelcode: MAM1352101TZD2U807<\/li>\n<li>Artikelfarbe: Blau<\/li>\n<li>Die ikonischen 4 Haken entwickeln sich st\u00e4ndig weiter, ohne ihr Workwear-DNA zu verlieren, und sind seit den 1980er Jahren ein Kultst\u00fcck<\/li>\n<li>Inspiriert von den Uniformen amerikanischer Feuerwehrleute, zeichnet es sich durch den unverwechselbaren Metallhakenverschluss aus<\/li>\n<li>Diese Version besteht aus gewaschener Leinwand aus Leinen, beschichtet und im Kleidungsst\u00fcck \u00fcberf\u00e4rbt<\/li>\n<li>Mit B\u00fcndchen und kontrastierenden N\u00e4hten sowie Seitentaschen, verf\u00fcgt es \u00fcber einen doppelten Verschluss mit verdeckten Druckkn\u00f6pfen<\/li>\n<li>Fay Archive Etikett innen aufgen\u00e4ht<\/li>\n<li>Comfort Fit<\/li>\n<li>Zusammensetzung: 100% Leinen<\/li>\n<\/ul>\n","protected":false},"excerpt":{"rendered":"<p>Artikelcode: MAM1352101TZD2U807 Artikelfarbe: Blau Die ikonischen 4 Haken entwickeln sich st\u00e4ndig weiter, ohne ihr Workwear-DNA zu verlieren, und sind seit den 1980er Jahren ein Kultst\u00fcck Inspiriert von den Uniformen amerikanischer Feuerwehrleute, zeichnet es sich durch den unverwechselbaren Metallhakenverschluss aus Diese Version besteht aus gewaschener Leinwand aus Leinen, beschichtet und im Kleidungsst\u00fcck \u00fcberf\u00e4rbt Mit B\u00fcndchen und&hellip;<\/p>\n","protected":false},"featured_media":148823,"template":"","meta":{"_acf_changed":false},"product_brand":[],"product_cat":[1324,1325,1331,1356,1329],"product_tag":[1719],"class_list":{"0":"post-149397","1":"product","2":"type-product","3":"status-publish","4":"has-post-thumbnail","6":"product_cat-herren","7":"product_cat-herrenbekleidung","8":"product_cat-jacken-herren","9":"product_cat-neuheiten-fur-herren","10":"product_cat-oberbekleidung-herren","11":"product_tag-neuheiten","12":"marca-fay-de","14":"first","15":"instock","16":"shipping-taxable","17":"purchasable","18":"product-type-variable"},"acf":[],"yoast_head":"<!-- This site is optimized with the Yoast SEO plugin v27.2 - https:\/\/yoast.com\/product\/yoast-seo-wordpress\/ -->\n<title>4 HAKEN AUS GEWASCHENEM LEINENLEINEN - FAY ARCHIVE - Rabaini<\/title>\n<meta name=\"robots\" content=\"index, follow, max-snippet:-1, max-image-preview:large, max-video-preview:-1\" \/>\n<link rel=\"canonical\" href=\"https:\/\/www.rabaini.it\/de\/4-haken-aus-gewaschenem-leinenleinen-fay-archive\/\" \/>\n<meta property=\"og:locale\" content=\"de_DE\" \/>\n<meta property=\"og:type\" content=\"article\" \/>\n<meta property=\"og:title\" content=\"4 HAKEN AUS GEWASCHENEM LEINENLEINEN - FAY ARCHIVE - Rabaini\" \/>\n<meta property=\"og:description\" content=\"Artikelcode: MAM1352101TZD2U807 Artikelfarbe: Blau Die ikonischen 4 Haken entwickeln sich st\u00e4ndig weiter, ohne ihr Workwear-DNA zu verlieren, und sind seit den 1980er Jahren ein Kultst\u00fcck Inspiriert von den Uniformen amerikanischer Feuerwehrleute, zeichnet es sich durch den unverwechselbaren Metallhakenverschluss aus Diese Version besteht aus gewaschener Leinwand aus Leinen, beschichtet und im Kleidungsst\u00fcck \u00fcberf\u00e4rbt Mit B\u00fcndchen und&hellip;\" \/>\n<meta property=\"og:url\" content=\"https:\/\/www.rabaini.it\/de\/4-haken-aus-gewaschenem-leinenleinen-fay-archive\/\" \/>\n<meta property=\"og:site_name\" content=\"Rabaini\" \/>\n<meta property=\"article:modified_time\" content=\"2026-03-19T21:07:16+00:00\" \/>\n<meta property=\"og:image\" content=\"https:\/\/www.rabaini.it\/wp-content\/uploads\/2026\/03\/9.1-1.jpg\" \/>\n\t<meta property=\"og:image:width\" content=\"1500\" \/>\n\t<meta property=\"og:image:height\" content=\"1500\" \/>\n\t<meta property=\"og:image:type\" content=\"image\/jpeg\" \/>\n<meta name=\"twitter:card\" content=\"summary_large_image\" \/>\n<script type=\"application\/ld+json\" class=\"yoast-schema-graph\">{\"@context\":\"https:\/\/schema.org\",\"@graph\":[{\"@type\":\"WebPage\",\"@id\":\"https:\/\/www.rabaini.it\/de\/4-haken-aus-gewaschenem-leinenleinen-fay-archive\/\",\"url\":\"https:\/\/www.rabaini.it\/de\/4-haken-aus-gewaschenem-leinenleinen-fay-archive\/\",\"name\":\"4 HAKEN AUS GEWASCHENEM LEINENLEINEN - FAY ARCHIVE - Rabaini\",\"isPartOf\":{\"@id\":\"https:\/\/www.rabaini.it\/de\/#website\"},\"primaryImageOfPage\":{\"@id\":\"https:\/\/www.rabaini.it\/de\/4-haken-aus-gewaschenem-leinenleinen-fay-archive\/#primaryimage\"},\"image\":{\"@id\":\"https:\/\/www.rabaini.it\/de\/4-haken-aus-gewaschenem-leinenleinen-fay-archive\/#primaryimage\"},\"thumbnailUrl\":\"https:\/\/www.rabaini.it\/wp-content\/uploads\/2026\/03\/9.1-1.jpg\",\"datePublished\":\"2026-03-18T16:57:26+00:00\",\"dateModified\":\"2026-03-19T21:07:16+00:00\",\"breadcrumb\":{\"@id\":\"https:\/\/www.rabaini.it\/de\/4-haken-aus-gewaschenem-leinenleinen-fay-archive\/#breadcrumb\"},\"inLanguage\":\"de\",\"potentialAction\":[{\"@type\":\"ReadAction\",\"target\":[\"https:\/\/www.rabaini.it\/de\/4-haken-aus-gewaschenem-leinenleinen-fay-archive\/\"]}]},{\"@type\":\"ImageObject\",\"inLanguage\":\"de\",\"@id\":\"https:\/\/www.rabaini.it\/de\/4-haken-aus-gewaschenem-leinenleinen-fay-archive\/#primaryimage\",\"url\":\"https:\/\/www.rabaini.it\/wp-content\/uploads\/2026\/03\/9.1-1.jpg\",\"contentUrl\":\"https:\/\/www.rabaini.it\/wp-content\/uploads\/2026\/03\/9.1-1.jpg\",\"width\":1500,\"height\":1500},{\"@type\":\"BreadcrumbList\",\"@id\":\"https:\/\/www.rabaini.it\/de\/4-haken-aus-gewaschenem-leinenleinen-fay-archive\/#breadcrumb\",\"itemListElement\":[{\"@type\":\"ListItem\",\"position\":1,\"name\":\"Home\",\"item\":\"https:\/\/www.rabaini.it\/de\/homepage\/\"},{\"@type\":\"ListItem\",\"position\":2,\"name\":\"Gesch\u00e4ft\",\"item\":\"https:\/\/www.rabaini.it\/geschaeft\/\"},{\"@type\":\"ListItem\",\"position\":3,\"name\":\"Herren\",\"item\":\"https:\/\/www.rabaini.it\/de\/herren\/\"},{\"@type\":\"ListItem\",\"position\":4,\"name\":\"4 HAKEN AUS GEWASCHENEM LEINENLEINEN &#8211; FAY ARCHIVE\"}]},{\"@type\":\"WebSite\",\"@id\":\"https:\/\/www.rabaini.it\/de\/#website\",\"url\":\"https:\/\/www.rabaini.it\/de\/\",\"name\":\"Rabaini\",\"description\":\"\",\"potentialAction\":[{\"@type\":\"SearchAction\",\"target\":{\"@type\":\"EntryPoint\",\"urlTemplate\":\"https:\/\/www.rabaini.it\/de\/?s={search_term_string}\"},\"query-input\":{\"@type\":\"PropertyValueSpecification\",\"valueRequired\":true,\"valueName\":\"search_term_string\"}}],\"inLanguage\":\"de\"}]}<\/script>\n<!-- \/ Yoast SEO plugin. -->","yoast_head_json":{"title":"4 HAKEN AUS GEWASCHENEM LEINENLEINEN - FAY ARCHIVE - Rabaini","robots":{"index":"index","follow":"follow","max-snippet":"max-snippet:-1","max-image-preview":"max-image-preview:large","max-video-preview":"max-video-preview:-1"},"canonical":"https:\/\/www.rabaini.it\/de\/4-haken-aus-gewaschenem-leinenleinen-fay-archive\/","og_locale":"de_DE","og_type":"article","og_title":"4 HAKEN AUS GEWASCHENEM LEINENLEINEN - FAY ARCHIVE - Rabaini","og_description":"Artikelcode: MAM1352101TZD2U807 Artikelfarbe: Blau Die ikonischen 4 Haken entwickeln sich st\u00e4ndig weiter, ohne ihr Workwear-DNA zu verlieren, und sind seit den 1980er Jahren ein Kultst\u00fcck Inspiriert von den Uniformen amerikanischer Feuerwehrleute, zeichnet es sich durch den unverwechselbaren Metallhakenverschluss aus Diese Version besteht aus gewaschener Leinwand aus Leinen, beschichtet und im Kleidungsst\u00fcck \u00fcberf\u00e4rbt Mit B\u00fcndchen und&hellip;","og_url":"https:\/\/www.rabaini.it\/de\/4-haken-aus-gewaschenem-leinenleinen-fay-archive\/","og_site_name":"Rabaini","article_modified_time":"2026-03-19T21:07:16+00:00","og_image":[{"width":1500,"height":1500,"url":"https:\/\/www.rabaini.it\/wp-content\/uploads\/2026\/03\/9.1-1.jpg","type":"image\/jpeg"}],"twitter_card":"summary_large_image","schema":{"@context":"https:\/\/schema.org","@graph":[{"@type":"WebPage","@id":"https:\/\/www.rabaini.it\/de\/4-haken-aus-gewaschenem-leinenleinen-fay-archive\/","url":"https:\/\/www.rabaini.it\/de\/4-haken-aus-gewaschenem-leinenleinen-fay-archive\/","name":"4 HAKEN AUS GEWASCHENEM LEINENLEINEN - FAY ARCHIVE - Rabaini","isPartOf":{"@id":"https:\/\/www.rabaini.it\/de\/#website"},"primaryImageOfPage":{"@id":"https:\/\/www.rabaini.it\/de\/4-haken-aus-gewaschenem-leinenleinen-fay-archive\/#primaryimage"},"image":{"@id":"https:\/\/www.rabaini.it\/de\/4-haken-aus-gewaschenem-leinenleinen-fay-archive\/#primaryimage"},"thumbnailUrl":"https:\/\/www.rabaini.it\/wp-content\/uploads\/2026\/03\/9.1-1.jpg","datePublished":"2026-03-18T16:57:26+00:00","dateModified":"2026-03-19T21:07:16+00:00","breadcrumb":{"@id":"https:\/\/www.rabaini.it\/de\/4-haken-aus-gewaschenem-leinenleinen-fay-archive\/#breadcrumb"},"inLanguage":"de","potentialAction":[{"@type":"ReadAction","target":["https:\/\/www.rabaini.it\/de\/4-haken-aus-gewaschenem-leinenleinen-fay-archive\/"]}]},{"@type":"ImageObject","inLanguage":"de","@id":"https:\/\/www.rabaini.it\/de\/4-haken-aus-gewaschenem-leinenleinen-fay-archive\/#primaryimage","url":"https:\/\/www.rabaini.it\/wp-content\/uploads\/2026\/03\/9.1-1.jpg","contentUrl":"https:\/\/www.rabaini.it\/wp-content\/uploads\/2026\/03\/9.1-1.jpg","width":1500,"height":1500},{"@type":"BreadcrumbList","@id":"https:\/\/www.rabaini.it\/de\/4-haken-aus-gewaschenem-leinenleinen-fay-archive\/#breadcrumb","itemListElement":[{"@type":"ListItem","position":1,"name":"Home","item":"https:\/\/www.rabaini.it\/de\/homepage\/"},{"@type":"ListItem","position":2,"name":"Gesch\u00e4ft","item":"https:\/\/www.rabaini.it\/geschaeft\/"},{"@type":"ListItem","position":3,"name":"Herren","item":"https:\/\/www.rabaini.it\/de\/herren\/"},{"@type":"ListItem","position":4,"name":"4 HAKEN AUS GEWASCHENEM LEINENLEINEN &#8211; FAY ARCHIVE"}]},{"@type":"WebSite","@id":"https:\/\/www.rabaini.it\/de\/#website","url":"https:\/\/www.rabaini.it\/de\/","name":"Rabaini","description":"","potentialAction":[{"@type":"SearchAction","target":{"@type":"EntryPoint","urlTemplate":"https:\/\/www.rabaini.it\/de\/?s={search_term_string}"},"query-input":{"@type":"PropertyValueSpecification","valueRequired":true,"valueName":"search_term_string"}}],"inLanguage":"de"}]}},"_links":{"self":[{"href":"https:\/\/www.rabaini.it\/de\/wp-json\/wp\/v2\/product\/149397","targetHints":{"allow":["GET"]}}],"collection":[{"href":"https:\/\/www.rabaini.it\/de\/wp-json\/wp\/v2\/product"}],"about":[{"href":"https:\/\/www.rabaini.it\/de\/wp-json\/wp\/v2\/types\/product"}],"wp:featuredmedia":[{"embeddable":true,"href":"https:\/\/www.rabaini.it\/de\/wp-json\/wp\/v2\/media\/148823"}],"wp:attachment":[{"href":"https:\/\/www.rabaini.it\/de\/wp-json\/wp\/v2\/media?parent=149397"}],"wp:term":[{"taxonomy":"product_brand","embeddable":true,"href":"https:\/\/www.rabaini.it\/de\/wp-json\/wp\/v2\/product_brand?post=149397"},{"taxonomy":"product_cat","embeddable":true,"href":"https:\/\/www.rabaini.it\/de\/wp-json\/wp\/v2\/product_cat?post=149397"},{"taxonomy":"product_tag","embeddable":true,"href":"https:\/\/www.rabaini.it\/de\/wp-json\/wp\/v2\/product_tag?post=149397"}],"curies":[{"name":"wp","href":"https:\/\/api.w.org\/{rel}","templated":true}]}}