{"id":149349,"date":"2026-03-18T17:28:15","date_gmt":"2026-03-18T16:28:15","guid":{"rendered":"https:\/\/www.rabaini.it\/?post_type=product&#038;p=149349"},"modified":"2026-03-19T22:04:48","modified_gmt":"2026-03-19T21:04:48","slug":"morgenmantel-aus-technischem-popeline-blau","status":"publish","type":"product","link":"https:\/\/www.rabaini.it\/de\/morgenmantel-aus-technischem-popeline-blau\/","title":{"rendered":"MORGENMANTEL AUS TECHNISCHEM POPELINE BLAU"},"content":{"rendered":"<ul>\n<li>Artikelcode: NAM62520030AX2U804<\/li>\n<li>Artikelfarbe: Blau<\/li>\n<li>Made in Italy<\/li>\n<li>Als moderne Interpretation der Alltagskleidung ist der Morning Coat der ikonische Regenmantel mit doppelter Frontkonstruktion, der l\u00e4ssige Eleganz und Vielseitigkeit vereint<\/li>\n<li>Dieses ungef\u00fctterte Modell ist aus wasserabweisendem technischem Popeline gefertigt<\/li>\n<li>Mit Paspeltaschen und \u00c4rmelabschl\u00fcssen mit Riegel und Knopf ausgestattet, verf\u00fcgt er \u00fcber einen Verschluss mit Rei\u00dfverschluss und verdeckten Kn\u00f6pfen, die an die Welt der britischen Regenm\u00e4ntel erinnern<\/li>\n<li>Eine Innentasche rundet das Kleidungsst\u00fcck ab<\/li>\n<li>Zusammensetzung: 100% Polyester<\/li>\n<li>Futter: 100% Polyamid<\/li>\n<\/ul>\n","protected":false},"excerpt":{"rendered":"<p>Artikelcode: NAM62520030AX2U804 Artikelfarbe: Blau Made in Italy Als moderne Interpretation der Alltagskleidung ist der Morning Coat der ikonische Regenmantel mit doppelter Frontkonstruktion, der l\u00e4ssige Eleganz und Vielseitigkeit vereint Dieses ungef\u00fctterte Modell ist aus wasserabweisendem technischem Popeline gefertigt Mit Paspeltaschen und \u00c4rmelabschl\u00fcssen mit Riegel und Knopf ausgestattet, verf\u00fcgt er \u00fcber einen Verschluss mit Rei\u00dfverschluss und verdeckten&hellip;<\/p>\n","protected":false},"featured_media":148787,"template":"","meta":{"_acf_changed":false},"product_brand":[],"product_cat":[1324,1325,1330,1356,1329],"product_tag":[1719],"class_list":{"0":"post-149349","1":"product","2":"type-product","3":"status-publish","4":"has-post-thumbnail","6":"product_cat-herren","7":"product_cat-herrenbekleidung","8":"product_cat-mantel-herren","9":"product_cat-neuheiten-fur-herren","10":"product_cat-oberbekleidung-herren","11":"product_tag-neuheiten","12":"marca-fay-de","14":"first","15":"instock","16":"shipping-taxable","17":"purchasable","18":"product-type-variable"},"acf":[],"yoast_head":"<!-- This site is optimized with the Yoast SEO plugin v27.2 - https:\/\/yoast.com\/product\/yoast-seo-wordpress\/ -->\n<title>MORGENMANTEL AUS TECHNISCHEM POPELINE BLAU - Rabaini<\/title>\n<meta name=\"robots\" content=\"index, follow, max-snippet:-1, max-image-preview:large, max-video-preview:-1\" \/>\n<link rel=\"canonical\" href=\"https:\/\/www.rabaini.it\/de\/morgenmantel-aus-technischem-popeline-blau\/\" \/>\n<meta property=\"og:locale\" content=\"de_DE\" \/>\n<meta property=\"og:type\" content=\"article\" \/>\n<meta property=\"og:title\" content=\"MORGENMANTEL AUS TECHNISCHEM POPELINE BLAU - Rabaini\" \/>\n<meta property=\"og:description\" content=\"Artikelcode: NAM62520030AX2U804 Artikelfarbe: Blau Made in Italy Als moderne Interpretation der Alltagskleidung ist der Morning Coat der ikonische Regenmantel mit doppelter Frontkonstruktion, der l\u00e4ssige Eleganz und Vielseitigkeit vereint Dieses ungef\u00fctterte Modell ist aus wasserabweisendem technischem Popeline gefertigt Mit Paspeltaschen und \u00c4rmelabschl\u00fcssen mit Riegel und Knopf ausgestattet, verf\u00fcgt er \u00fcber einen Verschluss mit Rei\u00dfverschluss und verdeckten&hellip;\" \/>\n<meta property=\"og:url\" content=\"https:\/\/www.rabaini.it\/de\/morgenmantel-aus-technischem-popeline-blau\/\" \/>\n<meta property=\"og:site_name\" content=\"Rabaini\" \/>\n<meta property=\"article:modified_time\" content=\"2026-03-19T21:04:48+00:00\" \/>\n<meta property=\"og:image\" content=\"https:\/\/www.rabaini.it\/wp-content\/uploads\/2026\/03\/5.1-1.jpg\" \/>\n\t<meta property=\"og:image:width\" content=\"1500\" \/>\n\t<meta property=\"og:image:height\" content=\"1500\" \/>\n\t<meta property=\"og:image:type\" content=\"image\/jpeg\" \/>\n<meta name=\"twitter:card\" content=\"summary_large_image\" \/>\n<script type=\"application\/ld+json\" class=\"yoast-schema-graph\">{\"@context\":\"https:\/\/schema.org\",\"@graph\":[{\"@type\":\"WebPage\",\"@id\":\"https:\/\/www.rabaini.it\/de\/morgenmantel-aus-technischem-popeline-blau\/\",\"url\":\"https:\/\/www.rabaini.it\/de\/morgenmantel-aus-technischem-popeline-blau\/\",\"name\":\"MORGENMANTEL AUS TECHNISCHEM POPELINE BLAU - Rabaini\",\"isPartOf\":{\"@id\":\"https:\/\/www.rabaini.it\/de\/#website\"},\"primaryImageOfPage\":{\"@id\":\"https:\/\/www.rabaini.it\/de\/morgenmantel-aus-technischem-popeline-blau\/#primaryimage\"},\"image\":{\"@id\":\"https:\/\/www.rabaini.it\/de\/morgenmantel-aus-technischem-popeline-blau\/#primaryimage\"},\"thumbnailUrl\":\"https:\/\/www.rabaini.it\/wp-content\/uploads\/2026\/03\/5.1-1.jpg\",\"datePublished\":\"2026-03-18T16:28:15+00:00\",\"dateModified\":\"2026-03-19T21:04:48+00:00\",\"breadcrumb\":{\"@id\":\"https:\/\/www.rabaini.it\/de\/morgenmantel-aus-technischem-popeline-blau\/#breadcrumb\"},\"inLanguage\":\"de\",\"potentialAction\":[{\"@type\":\"ReadAction\",\"target\":[\"https:\/\/www.rabaini.it\/de\/morgenmantel-aus-technischem-popeline-blau\/\"]}]},{\"@type\":\"ImageObject\",\"inLanguage\":\"de\",\"@id\":\"https:\/\/www.rabaini.it\/de\/morgenmantel-aus-technischem-popeline-blau\/#primaryimage\",\"url\":\"https:\/\/www.rabaini.it\/wp-content\/uploads\/2026\/03\/5.1-1.jpg\",\"contentUrl\":\"https:\/\/www.rabaini.it\/wp-content\/uploads\/2026\/03\/5.1-1.jpg\",\"width\":1500,\"height\":1500},{\"@type\":\"BreadcrumbList\",\"@id\":\"https:\/\/www.rabaini.it\/de\/morgenmantel-aus-technischem-popeline-blau\/#breadcrumb\",\"itemListElement\":[{\"@type\":\"ListItem\",\"position\":1,\"name\":\"Home\",\"item\":\"https:\/\/www.rabaini.it\/de\/homepage\/\"},{\"@type\":\"ListItem\",\"position\":2,\"name\":\"Gesch\u00e4ft\",\"item\":\"https:\/\/www.rabaini.it\/geschaeft\/\"},{\"@type\":\"ListItem\",\"position\":3,\"name\":\"Herren\",\"item\":\"https:\/\/www.rabaini.it\/de\/herren\/\"},{\"@type\":\"ListItem\",\"position\":4,\"name\":\"MORGENMANTEL AUS TECHNISCHEM POPELINE BLAU\"}]},{\"@type\":\"WebSite\",\"@id\":\"https:\/\/www.rabaini.it\/de\/#website\",\"url\":\"https:\/\/www.rabaini.it\/de\/\",\"name\":\"Rabaini\",\"description\":\"\",\"potentialAction\":[{\"@type\":\"SearchAction\",\"target\":{\"@type\":\"EntryPoint\",\"urlTemplate\":\"https:\/\/www.rabaini.it\/de\/?s={search_term_string}\"},\"query-input\":{\"@type\":\"PropertyValueSpecification\",\"valueRequired\":true,\"valueName\":\"search_term_string\"}}],\"inLanguage\":\"de\"}]}<\/script>\n<!-- \/ Yoast SEO plugin. -->","yoast_head_json":{"title":"MORGENMANTEL AUS TECHNISCHEM POPELINE BLAU - Rabaini","robots":{"index":"index","follow":"follow","max-snippet":"max-snippet:-1","max-image-preview":"max-image-preview:large","max-video-preview":"max-video-preview:-1"},"canonical":"https:\/\/www.rabaini.it\/de\/morgenmantel-aus-technischem-popeline-blau\/","og_locale":"de_DE","og_type":"article","og_title":"MORGENMANTEL AUS TECHNISCHEM POPELINE BLAU - Rabaini","og_description":"Artikelcode: NAM62520030AX2U804 Artikelfarbe: Blau Made in Italy Als moderne Interpretation der Alltagskleidung ist der Morning Coat der ikonische Regenmantel mit doppelter Frontkonstruktion, der l\u00e4ssige Eleganz und Vielseitigkeit vereint Dieses ungef\u00fctterte Modell ist aus wasserabweisendem technischem Popeline gefertigt Mit Paspeltaschen und \u00c4rmelabschl\u00fcssen mit Riegel und Knopf ausgestattet, verf\u00fcgt er \u00fcber einen Verschluss mit Rei\u00dfverschluss und verdeckten&hellip;","og_url":"https:\/\/www.rabaini.it\/de\/morgenmantel-aus-technischem-popeline-blau\/","og_site_name":"Rabaini","article_modified_time":"2026-03-19T21:04:48+00:00","og_image":[{"width":1500,"height":1500,"url":"https:\/\/www.rabaini.it\/wp-content\/uploads\/2026\/03\/5.1-1.jpg","type":"image\/jpeg"}],"twitter_card":"summary_large_image","schema":{"@context":"https:\/\/schema.org","@graph":[{"@type":"WebPage","@id":"https:\/\/www.rabaini.it\/de\/morgenmantel-aus-technischem-popeline-blau\/","url":"https:\/\/www.rabaini.it\/de\/morgenmantel-aus-technischem-popeline-blau\/","name":"MORGENMANTEL AUS TECHNISCHEM POPELINE BLAU - Rabaini","isPartOf":{"@id":"https:\/\/www.rabaini.it\/de\/#website"},"primaryImageOfPage":{"@id":"https:\/\/www.rabaini.it\/de\/morgenmantel-aus-technischem-popeline-blau\/#primaryimage"},"image":{"@id":"https:\/\/www.rabaini.it\/de\/morgenmantel-aus-technischem-popeline-blau\/#primaryimage"},"thumbnailUrl":"https:\/\/www.rabaini.it\/wp-content\/uploads\/2026\/03\/5.1-1.jpg","datePublished":"2026-03-18T16:28:15+00:00","dateModified":"2026-03-19T21:04:48+00:00","breadcrumb":{"@id":"https:\/\/www.rabaini.it\/de\/morgenmantel-aus-technischem-popeline-blau\/#breadcrumb"},"inLanguage":"de","potentialAction":[{"@type":"ReadAction","target":["https:\/\/www.rabaini.it\/de\/morgenmantel-aus-technischem-popeline-blau\/"]}]},{"@type":"ImageObject","inLanguage":"de","@id":"https:\/\/www.rabaini.it\/de\/morgenmantel-aus-technischem-popeline-blau\/#primaryimage","url":"https:\/\/www.rabaini.it\/wp-content\/uploads\/2026\/03\/5.1-1.jpg","contentUrl":"https:\/\/www.rabaini.it\/wp-content\/uploads\/2026\/03\/5.1-1.jpg","width":1500,"height":1500},{"@type":"BreadcrumbList","@id":"https:\/\/www.rabaini.it\/de\/morgenmantel-aus-technischem-popeline-blau\/#breadcrumb","itemListElement":[{"@type":"ListItem","position":1,"name":"Home","item":"https:\/\/www.rabaini.it\/de\/homepage\/"},{"@type":"ListItem","position":2,"name":"Gesch\u00e4ft","item":"https:\/\/www.rabaini.it\/geschaeft\/"},{"@type":"ListItem","position":3,"name":"Herren","item":"https:\/\/www.rabaini.it\/de\/herren\/"},{"@type":"ListItem","position":4,"name":"MORGENMANTEL AUS TECHNISCHEM POPELINE BLAU"}]},{"@type":"WebSite","@id":"https:\/\/www.rabaini.it\/de\/#website","url":"https:\/\/www.rabaini.it\/de\/","name":"Rabaini","description":"","potentialAction":[{"@type":"SearchAction","target":{"@type":"EntryPoint","urlTemplate":"https:\/\/www.rabaini.it\/de\/?s={search_term_string}"},"query-input":{"@type":"PropertyValueSpecification","valueRequired":true,"valueName":"search_term_string"}}],"inLanguage":"de"}]}},"_links":{"self":[{"href":"https:\/\/www.rabaini.it\/de\/wp-json\/wp\/v2\/product\/149349","targetHints":{"allow":["GET"]}}],"collection":[{"href":"https:\/\/www.rabaini.it\/de\/wp-json\/wp\/v2\/product"}],"about":[{"href":"https:\/\/www.rabaini.it\/de\/wp-json\/wp\/v2\/types\/product"}],"wp:featuredmedia":[{"embeddable":true,"href":"https:\/\/www.rabaini.it\/de\/wp-json\/wp\/v2\/media\/148787"}],"wp:attachment":[{"href":"https:\/\/www.rabaini.it\/de\/wp-json\/wp\/v2\/media?parent=149349"}],"wp:term":[{"taxonomy":"product_brand","embeddable":true,"href":"https:\/\/www.rabaini.it\/de\/wp-json\/wp\/v2\/product_brand?post=149349"},{"taxonomy":"product_cat","embeddable":true,"href":"https:\/\/www.rabaini.it\/de\/wp-json\/wp\/v2\/product_cat?post=149349"},{"taxonomy":"product_tag","embeddable":true,"href":"https:\/\/www.rabaini.it\/de\/wp-json\/wp\/v2\/product_tag?post=149349"}],"curies":[{"name":"wp","href":"https:\/\/api.w.org\/{rel}","templated":true}]}}