{"id":149325,"date":"2026-03-18T16:42:56","date_gmt":"2026-03-18T15:42:56","guid":{"rendered":"https:\/\/www.rabaini.it\/?post_type=product&#038;p=149325"},"modified":"2026-03-20T14:26:45","modified_gmt":"2026-03-20T13:26:45","slug":"casual-parka-paul-smith-loves-barbour-militargrun","status":"publish","type":"product","link":"https:\/\/www.rabaini.it\/de\/casual-parka-paul-smith-loves-barbour-militargrun\/","title":{"rendered":"CASUAL PARKA PAUL SMITH LOVES BARBOUR MILIT\u00c4RGR\u00dcN"},"content":{"rendered":"<ul>\n<li>Artikelcode: MCA1127OL52<\/li>\n<li>Artikelfarbe: Milit\u00e4rgr\u00fcn<\/li>\n<li>Bereits in der zweiten Saison bietet die Zusammenarbeit zwischen Barbour und Paul Smith die perfekte Verbindung aus Barbours ikonischem, traditionellem Landhausstil und der unverwechselbaren Unangepasstheit von Paul Smith<\/li>\n<li>Inspiriert von der Exzentrik und dem Charme Gro\u00dfbritanniens vereint diese Zusammenarbeit zum zweiten Mal zwei der beliebtesten Marken der britischen Mode und verk\u00f6rpert voll und ganz den Geist, den Charakter und die Kreativit\u00e4t ihres Herkunftslandes<\/li>\n<li>Gefertigt aus strapazierf\u00e4higem Ripstop-Gewebe interpretiert der Casual-Parka von Paul Smith Loves Barbour ein klassisches Oberbekleidungsst\u00fcck auf neue Weise<\/li>\n<li>Das Modell verf\u00fcgt \u00fcber eine abnehmbare Kapuze, die mit dem unverwechselbaren gestreiften Band von Paul Smith gef\u00fcttert ist und einen dezenten Farbakzent setzt, w\u00e4hrend die Balgtaschen auf der Brust und im unteren Bereich es zu einem praktischen Kleidungsst\u00fcck mit zeitlosem Charme machen<\/li>\n<li>Die Innenseiten der B\u00fcndchen aus weichem Cord sowie der kontrastierende Kragen aus bordeauxfarbenem Cord beleben den Look mit ihrer Struktur und sorgen f\u00fcr unvergleichliche W\u00e4rme<\/li>\n<li>Der Rei\u00dfverschluss mit gestreiftem Band verleiht dem Modell eine l\u00e4ssigere Note, w\u00e4hrend der Kordelzug in der Taille eine bequeme Anpassung der Passform erm\u00f6glicht, um deinen Bed\u00fcrfnissen optimal gerecht zu werden<\/li>\n<li>Abgerundet wird das Kleidungsst\u00fcck durch versteckte gestreifte B\u00e4nder an den seitlichen Schlitzen: Denn f\u00fcr Paul Smith machen auch die kleinsten Details den Unterschied<\/li>\n<li>Au\u00dfen\/Innen: 100% Polyamid<\/li>\n<li>Passe: 100% Baumwolle<\/li>\n<li>Kragen\/Bes\u00e4tze: 100% Baumwolle<\/li>\n<li>Lederdetails: 100% Rindsleder<\/li>\n<\/ul>\n","protected":false},"excerpt":{"rendered":"<p>Artikelcode: MCA1127OL52 Artikelfarbe: Milit\u00e4rgr\u00fcn Bereits in der zweiten Saison bietet die Zusammenarbeit zwischen Barbour und Paul Smith die perfekte Verbindung aus Barbours ikonischem, traditionellem Landhausstil und der unverwechselbaren Unangepasstheit von Paul Smith Inspiriert von der Exzentrik und dem Charme Gro\u00dfbritanniens vereint diese Zusammenarbeit zum zweiten Mal zwei der beliebtesten Marken der britischen Mode und verk\u00f6rpert&hellip;<\/p>\n","protected":false},"featured_media":148769,"template":"","meta":{"_acf_changed":false},"product_brand":[],"product_cat":[1324,1325,1330,1356,1329],"product_tag":[1719],"class_list":{"0":"post-149325","1":"product","2":"type-product","3":"status-publish","4":"has-post-thumbnail","6":"product_cat-herren","7":"product_cat-herrenbekleidung","8":"product_cat-mantel-herren","9":"product_cat-neuheiten-fur-herren","10":"product_cat-oberbekleidung-herren","11":"product_tag-neuheiten","12":"marca-barbour-de","14":"first","15":"instock","16":"shipping-taxable","17":"purchasable","18":"product-type-variable"},"acf":[],"yoast_head":"<!-- This site is optimized with the Yoast SEO plugin v27.2 - https:\/\/yoast.com\/product\/yoast-seo-wordpress\/ -->\n<title>CASUAL PARKA PAUL SMITH LOVES BARBOUR MILIT\u00c4RGR\u00dcN - Rabaini<\/title>\n<meta name=\"robots\" content=\"index, follow, max-snippet:-1, max-image-preview:large, max-video-preview:-1\" \/>\n<link rel=\"canonical\" href=\"https:\/\/www.rabaini.it\/de\/casual-parka-paul-smith-loves-barbour-militargrun\/\" \/>\n<meta property=\"og:locale\" content=\"de_DE\" \/>\n<meta property=\"og:type\" content=\"article\" \/>\n<meta property=\"og:title\" content=\"CASUAL PARKA PAUL SMITH LOVES BARBOUR MILIT\u00c4RGR\u00dcN - Rabaini\" \/>\n<meta property=\"og:description\" content=\"Artikelcode: MCA1127OL52 Artikelfarbe: Milit\u00e4rgr\u00fcn Bereits in der zweiten Saison bietet die Zusammenarbeit zwischen Barbour und Paul Smith die perfekte Verbindung aus Barbours ikonischem, traditionellem Landhausstil und der unverwechselbaren Unangepasstheit von Paul Smith Inspiriert von der Exzentrik und dem Charme Gro\u00dfbritanniens vereint diese Zusammenarbeit zum zweiten Mal zwei der beliebtesten Marken der britischen Mode und verk\u00f6rpert&hellip;\" \/>\n<meta property=\"og:url\" content=\"https:\/\/www.rabaini.it\/de\/casual-parka-paul-smith-loves-barbour-militargrun\/\" \/>\n<meta property=\"og:site_name\" content=\"Rabaini\" \/>\n<meta property=\"article:modified_time\" content=\"2026-03-20T13:26:45+00:00\" \/>\n<meta property=\"og:image\" content=\"https:\/\/www.rabaini.it\/wp-content\/uploads\/2026\/03\/3.1-1.jpg\" \/>\n\t<meta property=\"og:image:width\" content=\"1500\" \/>\n\t<meta property=\"og:image:height\" content=\"1500\" \/>\n\t<meta property=\"og:image:type\" content=\"image\/jpeg\" \/>\n<meta name=\"twitter:card\" content=\"summary_large_image\" \/>\n<meta name=\"twitter:label1\" content=\"Gesch\u00e4tzte Lesezeit\" \/>\n\t<meta name=\"twitter:data1\" content=\"2\u00a0Minuten\" \/>\n<script type=\"application\/ld+json\" class=\"yoast-schema-graph\">{\"@context\":\"https:\/\/schema.org\",\"@graph\":[{\"@type\":\"WebPage\",\"@id\":\"https:\/\/www.rabaini.it\/de\/casual-parka-paul-smith-loves-barbour-militargrun\/\",\"url\":\"https:\/\/www.rabaini.it\/de\/casual-parka-paul-smith-loves-barbour-militargrun\/\",\"name\":\"CASUAL PARKA PAUL SMITH LOVES BARBOUR MILIT\u00c4RGR\u00dcN - Rabaini\",\"isPartOf\":{\"@id\":\"https:\/\/www.rabaini.it\/de\/#website\"},\"primaryImageOfPage\":{\"@id\":\"https:\/\/www.rabaini.it\/de\/casual-parka-paul-smith-loves-barbour-militargrun\/#primaryimage\"},\"image\":{\"@id\":\"https:\/\/www.rabaini.it\/de\/casual-parka-paul-smith-loves-barbour-militargrun\/#primaryimage\"},\"thumbnailUrl\":\"https:\/\/www.rabaini.it\/wp-content\/uploads\/2026\/03\/3.1-1.jpg\",\"datePublished\":\"2026-03-18T15:42:56+00:00\",\"dateModified\":\"2026-03-20T13:26:45+00:00\",\"breadcrumb\":{\"@id\":\"https:\/\/www.rabaini.it\/de\/casual-parka-paul-smith-loves-barbour-militargrun\/#breadcrumb\"},\"inLanguage\":\"de\",\"potentialAction\":[{\"@type\":\"ReadAction\",\"target\":[\"https:\/\/www.rabaini.it\/de\/casual-parka-paul-smith-loves-barbour-militargrun\/\"]}]},{\"@type\":\"ImageObject\",\"inLanguage\":\"de\",\"@id\":\"https:\/\/www.rabaini.it\/de\/casual-parka-paul-smith-loves-barbour-militargrun\/#primaryimage\",\"url\":\"https:\/\/www.rabaini.it\/wp-content\/uploads\/2026\/03\/3.1-1.jpg\",\"contentUrl\":\"https:\/\/www.rabaini.it\/wp-content\/uploads\/2026\/03\/3.1-1.jpg\",\"width\":1500,\"height\":1500},{\"@type\":\"BreadcrumbList\",\"@id\":\"https:\/\/www.rabaini.it\/de\/casual-parka-paul-smith-loves-barbour-militargrun\/#breadcrumb\",\"itemListElement\":[{\"@type\":\"ListItem\",\"position\":1,\"name\":\"Home\",\"item\":\"https:\/\/www.rabaini.it\/de\/homepage\/\"},{\"@type\":\"ListItem\",\"position\":2,\"name\":\"Gesch\u00e4ft\",\"item\":\"https:\/\/www.rabaini.it\/geschaeft\/\"},{\"@type\":\"ListItem\",\"position\":3,\"name\":\"Herren\",\"item\":\"https:\/\/www.rabaini.it\/de\/herren\/\"},{\"@type\":\"ListItem\",\"position\":4,\"name\":\"CASUAL PARKA PAUL SMITH LOVES BARBOUR MILIT\u00c4RGR\u00dcN\"}]},{\"@type\":\"WebSite\",\"@id\":\"https:\/\/www.rabaini.it\/de\/#website\",\"url\":\"https:\/\/www.rabaini.it\/de\/\",\"name\":\"Rabaini\",\"description\":\"\",\"potentialAction\":[{\"@type\":\"SearchAction\",\"target\":{\"@type\":\"EntryPoint\",\"urlTemplate\":\"https:\/\/www.rabaini.it\/de\/?s={search_term_string}\"},\"query-input\":{\"@type\":\"PropertyValueSpecification\",\"valueRequired\":true,\"valueName\":\"search_term_string\"}}],\"inLanguage\":\"de\"}]}<\/script>\n<!-- \/ Yoast SEO plugin. -->","yoast_head_json":{"title":"CASUAL PARKA PAUL SMITH LOVES BARBOUR MILIT\u00c4RGR\u00dcN - Rabaini","robots":{"index":"index","follow":"follow","max-snippet":"max-snippet:-1","max-image-preview":"max-image-preview:large","max-video-preview":"max-video-preview:-1"},"canonical":"https:\/\/www.rabaini.it\/de\/casual-parka-paul-smith-loves-barbour-militargrun\/","og_locale":"de_DE","og_type":"article","og_title":"CASUAL PARKA PAUL SMITH LOVES BARBOUR MILIT\u00c4RGR\u00dcN - Rabaini","og_description":"Artikelcode: MCA1127OL52 Artikelfarbe: Milit\u00e4rgr\u00fcn Bereits in der zweiten Saison bietet die Zusammenarbeit zwischen Barbour und Paul Smith die perfekte Verbindung aus Barbours ikonischem, traditionellem Landhausstil und der unverwechselbaren Unangepasstheit von Paul Smith Inspiriert von der Exzentrik und dem Charme Gro\u00dfbritanniens vereint diese Zusammenarbeit zum zweiten Mal zwei der beliebtesten Marken der britischen Mode und verk\u00f6rpert&hellip;","og_url":"https:\/\/www.rabaini.it\/de\/casual-parka-paul-smith-loves-barbour-militargrun\/","og_site_name":"Rabaini","article_modified_time":"2026-03-20T13:26:45+00:00","og_image":[{"width":1500,"height":1500,"url":"https:\/\/www.rabaini.it\/wp-content\/uploads\/2026\/03\/3.1-1.jpg","type":"image\/jpeg"}],"twitter_card":"summary_large_image","twitter_misc":{"Gesch\u00e4tzte Lesezeit":"2\u00a0Minuten"},"schema":{"@context":"https:\/\/schema.org","@graph":[{"@type":"WebPage","@id":"https:\/\/www.rabaini.it\/de\/casual-parka-paul-smith-loves-barbour-militargrun\/","url":"https:\/\/www.rabaini.it\/de\/casual-parka-paul-smith-loves-barbour-militargrun\/","name":"CASUAL PARKA PAUL SMITH LOVES BARBOUR MILIT\u00c4RGR\u00dcN - Rabaini","isPartOf":{"@id":"https:\/\/www.rabaini.it\/de\/#website"},"primaryImageOfPage":{"@id":"https:\/\/www.rabaini.it\/de\/casual-parka-paul-smith-loves-barbour-militargrun\/#primaryimage"},"image":{"@id":"https:\/\/www.rabaini.it\/de\/casual-parka-paul-smith-loves-barbour-militargrun\/#primaryimage"},"thumbnailUrl":"https:\/\/www.rabaini.it\/wp-content\/uploads\/2026\/03\/3.1-1.jpg","datePublished":"2026-03-18T15:42:56+00:00","dateModified":"2026-03-20T13:26:45+00:00","breadcrumb":{"@id":"https:\/\/www.rabaini.it\/de\/casual-parka-paul-smith-loves-barbour-militargrun\/#breadcrumb"},"inLanguage":"de","potentialAction":[{"@type":"ReadAction","target":["https:\/\/www.rabaini.it\/de\/casual-parka-paul-smith-loves-barbour-militargrun\/"]}]},{"@type":"ImageObject","inLanguage":"de","@id":"https:\/\/www.rabaini.it\/de\/casual-parka-paul-smith-loves-barbour-militargrun\/#primaryimage","url":"https:\/\/www.rabaini.it\/wp-content\/uploads\/2026\/03\/3.1-1.jpg","contentUrl":"https:\/\/www.rabaini.it\/wp-content\/uploads\/2026\/03\/3.1-1.jpg","width":1500,"height":1500},{"@type":"BreadcrumbList","@id":"https:\/\/www.rabaini.it\/de\/casual-parka-paul-smith-loves-barbour-militargrun\/#breadcrumb","itemListElement":[{"@type":"ListItem","position":1,"name":"Home","item":"https:\/\/www.rabaini.it\/de\/homepage\/"},{"@type":"ListItem","position":2,"name":"Gesch\u00e4ft","item":"https:\/\/www.rabaini.it\/geschaeft\/"},{"@type":"ListItem","position":3,"name":"Herren","item":"https:\/\/www.rabaini.it\/de\/herren\/"},{"@type":"ListItem","position":4,"name":"CASUAL PARKA PAUL SMITH LOVES BARBOUR MILIT\u00c4RGR\u00dcN"}]},{"@type":"WebSite","@id":"https:\/\/www.rabaini.it\/de\/#website","url":"https:\/\/www.rabaini.it\/de\/","name":"Rabaini","description":"","potentialAction":[{"@type":"SearchAction","target":{"@type":"EntryPoint","urlTemplate":"https:\/\/www.rabaini.it\/de\/?s={search_term_string}"},"query-input":{"@type":"PropertyValueSpecification","valueRequired":true,"valueName":"search_term_string"}}],"inLanguage":"de"}]}},"_links":{"self":[{"href":"https:\/\/www.rabaini.it\/de\/wp-json\/wp\/v2\/product\/149325","targetHints":{"allow":["GET"]}}],"collection":[{"href":"https:\/\/www.rabaini.it\/de\/wp-json\/wp\/v2\/product"}],"about":[{"href":"https:\/\/www.rabaini.it\/de\/wp-json\/wp\/v2\/types\/product"}],"wp:featuredmedia":[{"embeddable":true,"href":"https:\/\/www.rabaini.it\/de\/wp-json\/wp\/v2\/media\/148769"}],"wp:attachment":[{"href":"https:\/\/www.rabaini.it\/de\/wp-json\/wp\/v2\/media?parent=149325"}],"wp:term":[{"taxonomy":"product_brand","embeddable":true,"href":"https:\/\/www.rabaini.it\/de\/wp-json\/wp\/v2\/product_brand?post=149325"},{"taxonomy":"product_cat","embeddable":true,"href":"https:\/\/www.rabaini.it\/de\/wp-json\/wp\/v2\/product_cat?post=149325"},{"taxonomy":"product_tag","embeddable":true,"href":"https:\/\/www.rabaini.it\/de\/wp-json\/wp\/v2\/product_tag?post=149325"}],"curies":[{"name":"wp","href":"https:\/\/api.w.org\/{rel}","templated":true}]}}