{"id":149301,"date":"2026-03-18T16:00:57","date_gmt":"2026-03-18T15:00:57","guid":{"rendered":"https:\/\/www.rabaini.it\/?post_type=product&#038;p=149301"},"modified":"2026-03-20T14:26:24","modified_gmt":"2026-03-20T13:26:24","slug":"bedale-sugarlump-casual-jacke-paul-smith-loves-barbour-konigsblau","status":"publish","type":"product","link":"https:\/\/www.rabaini.it\/de\/bedale-sugarlump-casual-jacke-paul-smith-loves-barbour-konigsblau\/","title":{"rendered":"BEDALE SUGARLUMP CASUAL JACKE PAUL SMITH LOVES BARBOUR K\u00d6NIGSBLAU"},"content":{"rendered":"<ul>\n<li>Artikelcode: MCA1126BL51<\/li>\n<li>Artikelfarbe: K\u00f6nigsblau<\/li>\n<li>Bereits in der zweiten Saison bietet die Zusammenarbeit zwischen Barbour und Paul Smith die perfekte Verbindung aus Barbours ikonischem, traditionellem Landhausstil und der unverwechselbaren Unangepasstheit von Paul Smith<\/li>\n<li>Inspiriert von der Exzentrik und dem Charme Gro\u00dfbritanniens vereint diese Zusammenarbeit zum zweiten Mal zwei der beliebtesten Marken der britischen Mode und verk\u00f6rpert voll und ganz den Geist, den Charakter und die Kreativit\u00e4t ihres Herkunftslandes<\/li>\n<li>Die Bedale Sugarlump Casual-Jacke von Paul Smith Loves Barbour bietet die perfekte Synthese aus klassischem Design und individuellem Stil<\/li>\n<li>Gefertigt aus einem leichten Hybrid-Aero-Gewebe, verf\u00fcgt das Kleidungsst\u00fcck \u00fcber kontrastierende Details unter den Armen und in den Balgtaschen, die dem Look eine elegante Note verleihen<\/li>\n<li>Die Cord-Umschlagb\u00fcndchen und der passende Kinnriemen verleihen dem Kleidungsst\u00fcck den unwiderstehlichen Charme von Barbour, w\u00e4hrend der hintere Schlitz mit Druckknopf f\u00fcr hohe Atmungsaktivit\u00e4t und Bewegungsfreiheit sorgt<\/li>\n<li>Das Modell ist innen ungef\u00fcttert, wird jedoch durch versteckte Details wie kontrastierende Taschen und das gestreifte Band am Nacken und innerhalb der Knopfleiste veredelt, was ihm die unverwechselbare Handschrift von Paul Smith verleiht<\/li>\n<li>Das Highlight? Die Innenseite der Knopfleiste zeigt Drucke mit Fotografien, die Paul Smith und sein Vater im Laufe der Jahre pers\u00f6nlich aufgenommen haben, und machen diese zeitlose Jacke zu einem echten Fotoalbum zum stilvollen Tragen<\/li>\n<li>Au\u00dfenmaterial: 100% Baumwolle<\/li>\n<li>Oberes Teilfutter: 100% Baumwolle<\/li>\n<li>Kragen\/Bes\u00e4tze: 100% Baumwolle<\/li>\n<\/ul>\n","protected":false},"excerpt":{"rendered":"<p>Artikelcode: MCA1126BL51 Artikelfarbe: K\u00f6nigsblau Bereits in der zweiten Saison bietet die Zusammenarbeit zwischen Barbour und Paul Smith die perfekte Verbindung aus Barbours ikonischem, traditionellem Landhausstil und der unverwechselbaren Unangepasstheit von Paul Smith Inspiriert von der Exzentrik und dem Charme Gro\u00dfbritanniens vereint diese Zusammenarbeit zum zweiten Mal zwei der beliebtesten Marken der britischen Mode und verk\u00f6rpert&hellip;<\/p>\n","protected":false},"featured_media":148751,"template":"","meta":{"_acf_changed":false},"product_brand":[],"product_cat":[1324,1325,1331,1356,1329],"product_tag":[1719],"class_list":{"0":"post-149301","1":"product","2":"type-product","3":"status-publish","4":"has-post-thumbnail","6":"product_cat-herren","7":"product_cat-herrenbekleidung","8":"product_cat-jacken-herren","9":"product_cat-neuheiten-fur-herren","10":"product_cat-oberbekleidung-herren","11":"product_tag-neuheiten","12":"marca-barbour-de","14":"first","15":"instock","16":"shipping-taxable","17":"purchasable","18":"product-type-variable"},"acf":[],"yoast_head":"<!-- This site is optimized with the Yoast SEO plugin v27.2 - https:\/\/yoast.com\/product\/yoast-seo-wordpress\/ -->\n<title>BEDALE SUGARLUMP CASUAL JACKE PAUL SMITH LOVES BARBOUR K\u00d6NIGSBLAU - Rabaini<\/title>\n<meta name=\"robots\" content=\"index, follow, max-snippet:-1, max-image-preview:large, max-video-preview:-1\" \/>\n<link rel=\"canonical\" href=\"https:\/\/www.rabaini.it\/de\/bedale-sugarlump-casual-jacke-paul-smith-loves-barbour-konigsblau\/\" \/>\n<meta property=\"og:locale\" content=\"de_DE\" \/>\n<meta property=\"og:type\" content=\"article\" \/>\n<meta property=\"og:title\" content=\"BEDALE SUGARLUMP CASUAL JACKE PAUL SMITH LOVES BARBOUR K\u00d6NIGSBLAU - Rabaini\" \/>\n<meta property=\"og:description\" content=\"Artikelcode: MCA1126BL51 Artikelfarbe: K\u00f6nigsblau Bereits in der zweiten Saison bietet die Zusammenarbeit zwischen Barbour und Paul Smith die perfekte Verbindung aus Barbours ikonischem, traditionellem Landhausstil und der unverwechselbaren Unangepasstheit von Paul Smith Inspiriert von der Exzentrik und dem Charme Gro\u00dfbritanniens vereint diese Zusammenarbeit zum zweiten Mal zwei der beliebtesten Marken der britischen Mode und verk\u00f6rpert&hellip;\" \/>\n<meta property=\"og:url\" content=\"https:\/\/www.rabaini.it\/de\/bedale-sugarlump-casual-jacke-paul-smith-loves-barbour-konigsblau\/\" \/>\n<meta property=\"og:site_name\" content=\"Rabaini\" \/>\n<meta property=\"article:modified_time\" content=\"2026-03-20T13:26:24+00:00\" \/>\n<meta property=\"og:image\" content=\"https:\/\/www.rabaini.it\/wp-content\/uploads\/2026\/03\/1.1-1.jpg\" \/>\n\t<meta property=\"og:image:width\" content=\"1500\" \/>\n\t<meta property=\"og:image:height\" content=\"1500\" \/>\n\t<meta property=\"og:image:type\" content=\"image\/jpeg\" \/>\n<meta name=\"twitter:card\" content=\"summary_large_image\" \/>\n<meta name=\"twitter:label1\" content=\"Gesch\u00e4tzte Lesezeit\" \/>\n\t<meta name=\"twitter:data1\" content=\"2\u00a0Minuten\" \/>\n<script type=\"application\/ld+json\" class=\"yoast-schema-graph\">{\"@context\":\"https:\/\/schema.org\",\"@graph\":[{\"@type\":\"WebPage\",\"@id\":\"https:\/\/www.rabaini.it\/de\/bedale-sugarlump-casual-jacke-paul-smith-loves-barbour-konigsblau\/\",\"url\":\"https:\/\/www.rabaini.it\/de\/bedale-sugarlump-casual-jacke-paul-smith-loves-barbour-konigsblau\/\",\"name\":\"BEDALE SUGARLUMP CASUAL JACKE PAUL SMITH LOVES BARBOUR K\u00d6NIGSBLAU - Rabaini\",\"isPartOf\":{\"@id\":\"https:\/\/www.rabaini.it\/de\/#website\"},\"primaryImageOfPage\":{\"@id\":\"https:\/\/www.rabaini.it\/de\/bedale-sugarlump-casual-jacke-paul-smith-loves-barbour-konigsblau\/#primaryimage\"},\"image\":{\"@id\":\"https:\/\/www.rabaini.it\/de\/bedale-sugarlump-casual-jacke-paul-smith-loves-barbour-konigsblau\/#primaryimage\"},\"thumbnailUrl\":\"https:\/\/www.rabaini.it\/wp-content\/uploads\/2026\/03\/1.1-1.jpg\",\"datePublished\":\"2026-03-18T15:00:57+00:00\",\"dateModified\":\"2026-03-20T13:26:24+00:00\",\"breadcrumb\":{\"@id\":\"https:\/\/www.rabaini.it\/de\/bedale-sugarlump-casual-jacke-paul-smith-loves-barbour-konigsblau\/#breadcrumb\"},\"inLanguage\":\"de\",\"potentialAction\":[{\"@type\":\"ReadAction\",\"target\":[\"https:\/\/www.rabaini.it\/de\/bedale-sugarlump-casual-jacke-paul-smith-loves-barbour-konigsblau\/\"]}]},{\"@type\":\"ImageObject\",\"inLanguage\":\"de\",\"@id\":\"https:\/\/www.rabaini.it\/de\/bedale-sugarlump-casual-jacke-paul-smith-loves-barbour-konigsblau\/#primaryimage\",\"url\":\"https:\/\/www.rabaini.it\/wp-content\/uploads\/2026\/03\/1.1-1.jpg\",\"contentUrl\":\"https:\/\/www.rabaini.it\/wp-content\/uploads\/2026\/03\/1.1-1.jpg\",\"width\":1500,\"height\":1500},{\"@type\":\"BreadcrumbList\",\"@id\":\"https:\/\/www.rabaini.it\/de\/bedale-sugarlump-casual-jacke-paul-smith-loves-barbour-konigsblau\/#breadcrumb\",\"itemListElement\":[{\"@type\":\"ListItem\",\"position\":1,\"name\":\"Home\",\"item\":\"https:\/\/www.rabaini.it\/de\/homepage\/\"},{\"@type\":\"ListItem\",\"position\":2,\"name\":\"Gesch\u00e4ft\",\"item\":\"https:\/\/www.rabaini.it\/geschaeft\/\"},{\"@type\":\"ListItem\",\"position\":3,\"name\":\"Herren\",\"item\":\"https:\/\/www.rabaini.it\/de\/herren\/\"},{\"@type\":\"ListItem\",\"position\":4,\"name\":\"BEDALE SUGARLUMP CASUAL JACKE PAUL SMITH LOVES BARBOUR K\u00d6NIGSBLAU\"}]},{\"@type\":\"WebSite\",\"@id\":\"https:\/\/www.rabaini.it\/de\/#website\",\"url\":\"https:\/\/www.rabaini.it\/de\/\",\"name\":\"Rabaini\",\"description\":\"\",\"potentialAction\":[{\"@type\":\"SearchAction\",\"target\":{\"@type\":\"EntryPoint\",\"urlTemplate\":\"https:\/\/www.rabaini.it\/de\/?s={search_term_string}\"},\"query-input\":{\"@type\":\"PropertyValueSpecification\",\"valueRequired\":true,\"valueName\":\"search_term_string\"}}],\"inLanguage\":\"de\"}]}<\/script>\n<!-- \/ Yoast SEO plugin. -->","yoast_head_json":{"title":"BEDALE SUGARLUMP CASUAL JACKE PAUL SMITH LOVES BARBOUR K\u00d6NIGSBLAU - Rabaini","robots":{"index":"index","follow":"follow","max-snippet":"max-snippet:-1","max-image-preview":"max-image-preview:large","max-video-preview":"max-video-preview:-1"},"canonical":"https:\/\/www.rabaini.it\/de\/bedale-sugarlump-casual-jacke-paul-smith-loves-barbour-konigsblau\/","og_locale":"de_DE","og_type":"article","og_title":"BEDALE SUGARLUMP CASUAL JACKE PAUL SMITH LOVES BARBOUR K\u00d6NIGSBLAU - Rabaini","og_description":"Artikelcode: MCA1126BL51 Artikelfarbe: K\u00f6nigsblau Bereits in der zweiten Saison bietet die Zusammenarbeit zwischen Barbour und Paul Smith die perfekte Verbindung aus Barbours ikonischem, traditionellem Landhausstil und der unverwechselbaren Unangepasstheit von Paul Smith Inspiriert von der Exzentrik und dem Charme Gro\u00dfbritanniens vereint diese Zusammenarbeit zum zweiten Mal zwei der beliebtesten Marken der britischen Mode und verk\u00f6rpert&hellip;","og_url":"https:\/\/www.rabaini.it\/de\/bedale-sugarlump-casual-jacke-paul-smith-loves-barbour-konigsblau\/","og_site_name":"Rabaini","article_modified_time":"2026-03-20T13:26:24+00:00","og_image":[{"width":1500,"height":1500,"url":"https:\/\/www.rabaini.it\/wp-content\/uploads\/2026\/03\/1.1-1.jpg","type":"image\/jpeg"}],"twitter_card":"summary_large_image","twitter_misc":{"Gesch\u00e4tzte Lesezeit":"2\u00a0Minuten"},"schema":{"@context":"https:\/\/schema.org","@graph":[{"@type":"WebPage","@id":"https:\/\/www.rabaini.it\/de\/bedale-sugarlump-casual-jacke-paul-smith-loves-barbour-konigsblau\/","url":"https:\/\/www.rabaini.it\/de\/bedale-sugarlump-casual-jacke-paul-smith-loves-barbour-konigsblau\/","name":"BEDALE SUGARLUMP CASUAL JACKE PAUL SMITH LOVES BARBOUR K\u00d6NIGSBLAU - Rabaini","isPartOf":{"@id":"https:\/\/www.rabaini.it\/de\/#website"},"primaryImageOfPage":{"@id":"https:\/\/www.rabaini.it\/de\/bedale-sugarlump-casual-jacke-paul-smith-loves-barbour-konigsblau\/#primaryimage"},"image":{"@id":"https:\/\/www.rabaini.it\/de\/bedale-sugarlump-casual-jacke-paul-smith-loves-barbour-konigsblau\/#primaryimage"},"thumbnailUrl":"https:\/\/www.rabaini.it\/wp-content\/uploads\/2026\/03\/1.1-1.jpg","datePublished":"2026-03-18T15:00:57+00:00","dateModified":"2026-03-20T13:26:24+00:00","breadcrumb":{"@id":"https:\/\/www.rabaini.it\/de\/bedale-sugarlump-casual-jacke-paul-smith-loves-barbour-konigsblau\/#breadcrumb"},"inLanguage":"de","potentialAction":[{"@type":"ReadAction","target":["https:\/\/www.rabaini.it\/de\/bedale-sugarlump-casual-jacke-paul-smith-loves-barbour-konigsblau\/"]}]},{"@type":"ImageObject","inLanguage":"de","@id":"https:\/\/www.rabaini.it\/de\/bedale-sugarlump-casual-jacke-paul-smith-loves-barbour-konigsblau\/#primaryimage","url":"https:\/\/www.rabaini.it\/wp-content\/uploads\/2026\/03\/1.1-1.jpg","contentUrl":"https:\/\/www.rabaini.it\/wp-content\/uploads\/2026\/03\/1.1-1.jpg","width":1500,"height":1500},{"@type":"BreadcrumbList","@id":"https:\/\/www.rabaini.it\/de\/bedale-sugarlump-casual-jacke-paul-smith-loves-barbour-konigsblau\/#breadcrumb","itemListElement":[{"@type":"ListItem","position":1,"name":"Home","item":"https:\/\/www.rabaini.it\/de\/homepage\/"},{"@type":"ListItem","position":2,"name":"Gesch\u00e4ft","item":"https:\/\/www.rabaini.it\/geschaeft\/"},{"@type":"ListItem","position":3,"name":"Herren","item":"https:\/\/www.rabaini.it\/de\/herren\/"},{"@type":"ListItem","position":4,"name":"BEDALE SUGARLUMP CASUAL JACKE PAUL SMITH LOVES BARBOUR K\u00d6NIGSBLAU"}]},{"@type":"WebSite","@id":"https:\/\/www.rabaini.it\/de\/#website","url":"https:\/\/www.rabaini.it\/de\/","name":"Rabaini","description":"","potentialAction":[{"@type":"SearchAction","target":{"@type":"EntryPoint","urlTemplate":"https:\/\/www.rabaini.it\/de\/?s={search_term_string}"},"query-input":{"@type":"PropertyValueSpecification","valueRequired":true,"valueName":"search_term_string"}}],"inLanguage":"de"}]}},"_links":{"self":[{"href":"https:\/\/www.rabaini.it\/de\/wp-json\/wp\/v2\/product\/149301","targetHints":{"allow":["GET"]}}],"collection":[{"href":"https:\/\/www.rabaini.it\/de\/wp-json\/wp\/v2\/product"}],"about":[{"href":"https:\/\/www.rabaini.it\/de\/wp-json\/wp\/v2\/types\/product"}],"wp:featuredmedia":[{"embeddable":true,"href":"https:\/\/www.rabaini.it\/de\/wp-json\/wp\/v2\/media\/148751"}],"wp:attachment":[{"href":"https:\/\/www.rabaini.it\/de\/wp-json\/wp\/v2\/media?parent=149301"}],"wp:term":[{"taxonomy":"product_brand","embeddable":true,"href":"https:\/\/www.rabaini.it\/de\/wp-json\/wp\/v2\/product_brand?post=149301"},{"taxonomy":"product_cat","embeddable":true,"href":"https:\/\/www.rabaini.it\/de\/wp-json\/wp\/v2\/product_cat?post=149301"},{"taxonomy":"product_tag","embeddable":true,"href":"https:\/\/www.rabaini.it\/de\/wp-json\/wp\/v2\/product_tag?post=149301"}],"curies":[{"name":"wp","href":"https:\/\/api.w.org\/{rel}","templated":true}]}}