{"id":148722,"date":"2026-03-10T18:08:32","date_gmt":"2026-03-10T17:08:32","guid":{"rendered":"https:\/\/www.rabaini.it\/?post_type=product&#038;p=148722"},"modified":"2026-03-11T19:21:28","modified_gmt":"2026-03-11T18:21:28","slug":"weite-hose-mit-platziertem-flora-und-fauna-print","status":"publish","type":"product","link":"https:\/\/www.rabaini.it\/de\/weite-hose-mit-platziertem-flora-und-fauna-print\/","title":{"rendered":"WEITE HOSE MIT PLATZIERTEM FLORA- UND FAUNA-PRINT"},"content":{"rendered":"<ul>\n<li>Artikelcode: WREA007299SPSI6X0802<\/li>\n<li>Artikelfarbe: Multicolor<\/li>\n<li>Made in Italy<\/li>\n<li>Weite Hose aus flie\u00dfendem Twill-Gewebe<\/li>\n<li>Das Design wird durch ein mehrfarbiges All-over-Motiv inspiriert von Flora und Fauna sowie durch einen platzierten Print mit floralen und geometrischen Elementen am Saum bereichert<\/li>\n<li>Das Modell mit hoher Taille ist mit einem elastischen Bund mit Kordelzug und einer aufgesetzten Ges\u00e4\u00dftasche versehen<\/li>\n<li>Regul\u00e4re Passform<\/li>\n<li>Elastische hohe Taille mit Kordelzug<\/li>\n<li>Seitliche Leistentaschen<\/li>\n<li>Aufgesetzte Ges\u00e4\u00dftasche<\/li>\n<li>Zusammensetzung: 100% Polyester<\/li>\n<\/ul>\n","protected":false},"excerpt":{"rendered":"<p>Artikelcode: WREA007299SPSI6X0802 Artikelfarbe: Multicolor Made in Italy Weite Hose aus flie\u00dfendem Twill-Gewebe Das Design wird durch ein mehrfarbiges All-over-Motiv inspiriert von Flora und Fauna sowie durch einen platzierten Print mit floralen und geometrischen Elementen am Saum bereichert Das Modell mit hoher Taille ist mit einem elastischen Bund mit Kordelzug und einer aufgesetzten Ges\u00e4\u00dftasche versehen Regul\u00e4re&hellip;<\/p>\n","protected":false},"featured_media":148062,"template":"","meta":{"_acf_changed":false},"product_brand":[],"product_cat":[1273,1274,1289,1308],"product_tag":[1719],"class_list":{"0":"post-148722","1":"product","2":"type-product","3":"status-publish","4":"has-post-thumbnail","6":"product_cat-damen","7":"product_cat-damenbekleidung","8":"product_cat-hose-damen","9":"product_cat-neuheiten-fur-damen","10":"product_tag-neuheiten","11":"marca-etro-de","13":"first","14":"instock","15":"shipping-taxable","16":"purchasable","17":"product-type-variable"},"acf":[],"yoast_head":"<!-- This site is optimized with the Yoast SEO plugin v27.2 - https:\/\/yoast.com\/product\/yoast-seo-wordpress\/ -->\n<title>WEITE HOSE MIT PLATZIERTEM FLORA- UND FAUNA-PRINT - Rabaini<\/title>\n<meta name=\"robots\" content=\"index, follow, max-snippet:-1, max-image-preview:large, max-video-preview:-1\" \/>\n<link rel=\"canonical\" href=\"https:\/\/www.rabaini.it\/de\/weite-hose-mit-platziertem-flora-und-fauna-print\/\" \/>\n<meta property=\"og:locale\" content=\"de_DE\" \/>\n<meta property=\"og:type\" content=\"article\" \/>\n<meta property=\"og:title\" content=\"WEITE HOSE MIT PLATZIERTEM FLORA- UND FAUNA-PRINT - Rabaini\" \/>\n<meta property=\"og:description\" content=\"Artikelcode: WREA007299SPSI6X0802 Artikelfarbe: Multicolor Made in Italy Weite Hose aus flie\u00dfendem Twill-Gewebe Das Design wird durch ein mehrfarbiges All-over-Motiv inspiriert von Flora und Fauna sowie durch einen platzierten Print mit floralen und geometrischen Elementen am Saum bereichert Das Modell mit hoher Taille ist mit einem elastischen Bund mit Kordelzug und einer aufgesetzten Ges\u00e4\u00dftasche versehen Regul\u00e4re&hellip;\" \/>\n<meta property=\"og:url\" content=\"https:\/\/www.rabaini.it\/de\/weite-hose-mit-platziertem-flora-und-fauna-print\/\" \/>\n<meta property=\"og:site_name\" content=\"Rabaini\" \/>\n<meta property=\"article:modified_time\" content=\"2026-03-11T18:21:28+00:00\" \/>\n<meta property=\"og:image\" content=\"https:\/\/www.rabaini.it\/wp-content\/uploads\/2026\/03\/35.1.jpg\" \/>\n\t<meta property=\"og:image:width\" content=\"1500\" \/>\n\t<meta property=\"og:image:height\" content=\"1500\" \/>\n\t<meta property=\"og:image:type\" content=\"image\/jpeg\" \/>\n<meta name=\"twitter:card\" content=\"summary_large_image\" \/>\n<script type=\"application\/ld+json\" class=\"yoast-schema-graph\">{\"@context\":\"https:\/\/schema.org\",\"@graph\":[{\"@type\":\"WebPage\",\"@id\":\"https:\/\/www.rabaini.it\/de\/weite-hose-mit-platziertem-flora-und-fauna-print\/\",\"url\":\"https:\/\/www.rabaini.it\/de\/weite-hose-mit-platziertem-flora-und-fauna-print\/\",\"name\":\"WEITE HOSE MIT PLATZIERTEM FLORA- UND FAUNA-PRINT - Rabaini\",\"isPartOf\":{\"@id\":\"https:\/\/www.rabaini.it\/de\/#website\"},\"primaryImageOfPage\":{\"@id\":\"https:\/\/www.rabaini.it\/de\/weite-hose-mit-platziertem-flora-und-fauna-print\/#primaryimage\"},\"image\":{\"@id\":\"https:\/\/www.rabaini.it\/de\/weite-hose-mit-platziertem-flora-und-fauna-print\/#primaryimage\"},\"thumbnailUrl\":\"https:\/\/www.rabaini.it\/wp-content\/uploads\/2026\/03\/35.1.jpg\",\"datePublished\":\"2026-03-10T17:08:32+00:00\",\"dateModified\":\"2026-03-11T18:21:28+00:00\",\"breadcrumb\":{\"@id\":\"https:\/\/www.rabaini.it\/de\/weite-hose-mit-platziertem-flora-und-fauna-print\/#breadcrumb\"},\"inLanguage\":\"de\",\"potentialAction\":[{\"@type\":\"ReadAction\",\"target\":[\"https:\/\/www.rabaini.it\/de\/weite-hose-mit-platziertem-flora-und-fauna-print\/\"]}]},{\"@type\":\"ImageObject\",\"inLanguage\":\"de\",\"@id\":\"https:\/\/www.rabaini.it\/de\/weite-hose-mit-platziertem-flora-und-fauna-print\/#primaryimage\",\"url\":\"https:\/\/www.rabaini.it\/wp-content\/uploads\/2026\/03\/35.1.jpg\",\"contentUrl\":\"https:\/\/www.rabaini.it\/wp-content\/uploads\/2026\/03\/35.1.jpg\",\"width\":1500,\"height\":1500},{\"@type\":\"BreadcrumbList\",\"@id\":\"https:\/\/www.rabaini.it\/de\/weite-hose-mit-platziertem-flora-und-fauna-print\/#breadcrumb\",\"itemListElement\":[{\"@type\":\"ListItem\",\"position\":1,\"name\":\"Home\",\"item\":\"https:\/\/www.rabaini.it\/de\/homepage\/\"},{\"@type\":\"ListItem\",\"position\":2,\"name\":\"Gesch\u00e4ft\",\"item\":\"https:\/\/www.rabaini.it\/geschaeft\/\"},{\"@type\":\"ListItem\",\"position\":3,\"name\":\"Damen\",\"item\":\"https:\/\/www.rabaini.it\/de\/damen\/\"},{\"@type\":\"ListItem\",\"position\":4,\"name\":\"WEITE HOSE MIT PLATZIERTEM FLORA- UND FAUNA-PRINT\"}]},{\"@type\":\"WebSite\",\"@id\":\"https:\/\/www.rabaini.it\/de\/#website\",\"url\":\"https:\/\/www.rabaini.it\/de\/\",\"name\":\"Rabaini\",\"description\":\"\",\"potentialAction\":[{\"@type\":\"SearchAction\",\"target\":{\"@type\":\"EntryPoint\",\"urlTemplate\":\"https:\/\/www.rabaini.it\/de\/?s={search_term_string}\"},\"query-input\":{\"@type\":\"PropertyValueSpecification\",\"valueRequired\":true,\"valueName\":\"search_term_string\"}}],\"inLanguage\":\"de\"}]}<\/script>\n<!-- \/ Yoast SEO plugin. -->","yoast_head_json":{"title":"WEITE HOSE MIT PLATZIERTEM FLORA- UND FAUNA-PRINT - Rabaini","robots":{"index":"index","follow":"follow","max-snippet":"max-snippet:-1","max-image-preview":"max-image-preview:large","max-video-preview":"max-video-preview:-1"},"canonical":"https:\/\/www.rabaini.it\/de\/weite-hose-mit-platziertem-flora-und-fauna-print\/","og_locale":"de_DE","og_type":"article","og_title":"WEITE HOSE MIT PLATZIERTEM FLORA- UND FAUNA-PRINT - Rabaini","og_description":"Artikelcode: WREA007299SPSI6X0802 Artikelfarbe: Multicolor Made in Italy Weite Hose aus flie\u00dfendem Twill-Gewebe Das Design wird durch ein mehrfarbiges All-over-Motiv inspiriert von Flora und Fauna sowie durch einen platzierten Print mit floralen und geometrischen Elementen am Saum bereichert Das Modell mit hoher Taille ist mit einem elastischen Bund mit Kordelzug und einer aufgesetzten Ges\u00e4\u00dftasche versehen Regul\u00e4re&hellip;","og_url":"https:\/\/www.rabaini.it\/de\/weite-hose-mit-platziertem-flora-und-fauna-print\/","og_site_name":"Rabaini","article_modified_time":"2026-03-11T18:21:28+00:00","og_image":[{"width":1500,"height":1500,"url":"https:\/\/www.rabaini.it\/wp-content\/uploads\/2026\/03\/35.1.jpg","type":"image\/jpeg"}],"twitter_card":"summary_large_image","schema":{"@context":"https:\/\/schema.org","@graph":[{"@type":"WebPage","@id":"https:\/\/www.rabaini.it\/de\/weite-hose-mit-platziertem-flora-und-fauna-print\/","url":"https:\/\/www.rabaini.it\/de\/weite-hose-mit-platziertem-flora-und-fauna-print\/","name":"WEITE HOSE MIT PLATZIERTEM FLORA- UND FAUNA-PRINT - Rabaini","isPartOf":{"@id":"https:\/\/www.rabaini.it\/de\/#website"},"primaryImageOfPage":{"@id":"https:\/\/www.rabaini.it\/de\/weite-hose-mit-platziertem-flora-und-fauna-print\/#primaryimage"},"image":{"@id":"https:\/\/www.rabaini.it\/de\/weite-hose-mit-platziertem-flora-und-fauna-print\/#primaryimage"},"thumbnailUrl":"https:\/\/www.rabaini.it\/wp-content\/uploads\/2026\/03\/35.1.jpg","datePublished":"2026-03-10T17:08:32+00:00","dateModified":"2026-03-11T18:21:28+00:00","breadcrumb":{"@id":"https:\/\/www.rabaini.it\/de\/weite-hose-mit-platziertem-flora-und-fauna-print\/#breadcrumb"},"inLanguage":"de","potentialAction":[{"@type":"ReadAction","target":["https:\/\/www.rabaini.it\/de\/weite-hose-mit-platziertem-flora-und-fauna-print\/"]}]},{"@type":"ImageObject","inLanguage":"de","@id":"https:\/\/www.rabaini.it\/de\/weite-hose-mit-platziertem-flora-und-fauna-print\/#primaryimage","url":"https:\/\/www.rabaini.it\/wp-content\/uploads\/2026\/03\/35.1.jpg","contentUrl":"https:\/\/www.rabaini.it\/wp-content\/uploads\/2026\/03\/35.1.jpg","width":1500,"height":1500},{"@type":"BreadcrumbList","@id":"https:\/\/www.rabaini.it\/de\/weite-hose-mit-platziertem-flora-und-fauna-print\/#breadcrumb","itemListElement":[{"@type":"ListItem","position":1,"name":"Home","item":"https:\/\/www.rabaini.it\/de\/homepage\/"},{"@type":"ListItem","position":2,"name":"Gesch\u00e4ft","item":"https:\/\/www.rabaini.it\/geschaeft\/"},{"@type":"ListItem","position":3,"name":"Damen","item":"https:\/\/www.rabaini.it\/de\/damen\/"},{"@type":"ListItem","position":4,"name":"WEITE HOSE MIT PLATZIERTEM FLORA- UND FAUNA-PRINT"}]},{"@type":"WebSite","@id":"https:\/\/www.rabaini.it\/de\/#website","url":"https:\/\/www.rabaini.it\/de\/","name":"Rabaini","description":"","potentialAction":[{"@type":"SearchAction","target":{"@type":"EntryPoint","urlTemplate":"https:\/\/www.rabaini.it\/de\/?s={search_term_string}"},"query-input":{"@type":"PropertyValueSpecification","valueRequired":true,"valueName":"search_term_string"}}],"inLanguage":"de"}]}},"_links":{"self":[{"href":"https:\/\/www.rabaini.it\/de\/wp-json\/wp\/v2\/product\/148722","targetHints":{"allow":["GET"]}}],"collection":[{"href":"https:\/\/www.rabaini.it\/de\/wp-json\/wp\/v2\/product"}],"about":[{"href":"https:\/\/www.rabaini.it\/de\/wp-json\/wp\/v2\/types\/product"}],"wp:featuredmedia":[{"embeddable":true,"href":"https:\/\/www.rabaini.it\/de\/wp-json\/wp\/v2\/media\/148062"}],"wp:attachment":[{"href":"https:\/\/www.rabaini.it\/de\/wp-json\/wp\/v2\/media?parent=148722"}],"wp:term":[{"taxonomy":"product_brand","embeddable":true,"href":"https:\/\/www.rabaini.it\/de\/wp-json\/wp\/v2\/product_brand?post=148722"},{"taxonomy":"product_cat","embeddable":true,"href":"https:\/\/www.rabaini.it\/de\/wp-json\/wp\/v2\/product_cat?post=148722"},{"taxonomy":"product_tag","embeddable":true,"href":"https:\/\/www.rabaini.it\/de\/wp-json\/wp\/v2\/product_tag?post=148722"}],"curies":[{"name":"wp","href":"https:\/\/api.w.org\/{rel}","templated":true}]}}