{"id":148710,"date":"2026-03-10T18:05:18","date_gmt":"2026-03-10T17:05:18","guid":{"rendered":"https:\/\/www.rabaini.it\/?post_type=product&#038;p=148710"},"modified":"2026-03-11T19:21:08","modified_gmt":"2026-03-11T18:21:08","slug":"langer-plissierter-baumwollrock-mit-floralem-muster","status":"publish","type":"product","link":"https:\/\/www.rabaini.it\/de\/langer-plissierter-baumwollrock-mit-floralem-muster\/","title":{"rendered":"LANGER PLISSIERTER BAUMWOLLR\u00d6CK MIT FLORALEM MUSTER"},"content":{"rendered":"<ul>\n<li>Artikelcode: WRFA018999SA5R9X0803<\/li>\n<li>Artikelfarbe: Multicolor<\/li>\n<li>Made in Italy<\/li>\n<li>Langer Rock aus reinem Baumwoll-Popeline, gepr\u00e4gt von einem eleganten, mehrfarbigen Muster<\/li>\n<li>Das Modell mit hoher Taille ist vorne und hinten plissiert und verf\u00fcgt \u00fcber seitliche Leistentaschen<\/li>\n<li>Regul\u00e4re Passform<\/li>\n<li>Hohe Taille<\/li>\n<li>Seitliche Leistentaschen<\/li>\n<li>Rei\u00dfverschluss am R\u00fccken<\/li>\n<li>Zusammensetzung: 100% Baumwolle<\/li>\n<\/ul>\n","protected":false},"excerpt":{"rendered":"<p>Artikelcode: WRFA018999SA5R9X0803 Artikelfarbe: Multicolor Made in Italy Langer Rock aus reinem Baumwoll-Popeline, gepr\u00e4gt von einem eleganten, mehrfarbigen Muster Das Modell mit hoher Taille ist vorne und hinten plissiert und verf\u00fcgt \u00fcber seitliche Leistentaschen Regul\u00e4re Passform Hohe Taille Seitliche Leistentaschen Rei\u00dfverschluss am R\u00fccken Zusammensetzung: 100% Baumwolle<\/p>\n","protected":false},"featured_media":148053,"template":"","meta":{"_acf_changed":false},"product_brand":[],"product_cat":[1273,1274,1308,1286],"product_tag":[1719],"class_list":{"0":"post-148710","1":"product","2":"type-product","3":"status-publish","4":"has-post-thumbnail","6":"product_cat-damen","7":"product_cat-damenbekleidung","8":"product_cat-neuheiten-fur-damen","9":"product_cat-rocke-damen","10":"product_tag-neuheiten","11":"marca-etro-de","13":"first","14":"instock","15":"shipping-taxable","16":"purchasable","17":"product-type-variable"},"acf":[],"yoast_head":"<!-- This site is optimized with the Yoast SEO plugin v27.2 - https:\/\/yoast.com\/product\/yoast-seo-wordpress\/ -->\n<title>LANGER PLISSIERTER BAUMWOLLR\u00d6CK MIT FLORALEM MUSTER - Rabaini<\/title>\n<meta name=\"robots\" content=\"index, follow, max-snippet:-1, max-image-preview:large, max-video-preview:-1\" \/>\n<link rel=\"canonical\" href=\"https:\/\/www.rabaini.it\/de\/langer-plissierter-baumwollrock-mit-floralem-muster\/\" \/>\n<meta property=\"og:locale\" content=\"de_DE\" \/>\n<meta property=\"og:type\" content=\"article\" \/>\n<meta property=\"og:title\" content=\"LANGER PLISSIERTER BAUMWOLLR\u00d6CK MIT FLORALEM MUSTER - Rabaini\" \/>\n<meta property=\"og:description\" content=\"Artikelcode: WRFA018999SA5R9X0803 Artikelfarbe: Multicolor Made in Italy Langer Rock aus reinem Baumwoll-Popeline, gepr\u00e4gt von einem eleganten, mehrfarbigen Muster Das Modell mit hoher Taille ist vorne und hinten plissiert und verf\u00fcgt \u00fcber seitliche Leistentaschen Regul\u00e4re Passform Hohe Taille Seitliche Leistentaschen Rei\u00dfverschluss am R\u00fccken Zusammensetzung: 100% Baumwolle\" \/>\n<meta property=\"og:url\" content=\"https:\/\/www.rabaini.it\/de\/langer-plissierter-baumwollrock-mit-floralem-muster\/\" \/>\n<meta property=\"og:site_name\" content=\"Rabaini\" \/>\n<meta property=\"article:modified_time\" content=\"2026-03-11T18:21:08+00:00\" \/>\n<meta property=\"og:image\" content=\"https:\/\/www.rabaini.it\/wp-content\/uploads\/2026\/03\/34.1.jpg\" \/>\n\t<meta property=\"og:image:width\" content=\"1500\" \/>\n\t<meta property=\"og:image:height\" content=\"1500\" \/>\n\t<meta property=\"og:image:type\" content=\"image\/jpeg\" \/>\n<meta name=\"twitter:card\" content=\"summary_large_image\" \/>\n<script type=\"application\/ld+json\" class=\"yoast-schema-graph\">{\"@context\":\"https:\/\/schema.org\",\"@graph\":[{\"@type\":\"WebPage\",\"@id\":\"https:\/\/www.rabaini.it\/de\/langer-plissierter-baumwollrock-mit-floralem-muster\/\",\"url\":\"https:\/\/www.rabaini.it\/de\/langer-plissierter-baumwollrock-mit-floralem-muster\/\",\"name\":\"LANGER PLISSIERTER BAUMWOLLR\u00d6CK MIT FLORALEM MUSTER - Rabaini\",\"isPartOf\":{\"@id\":\"https:\/\/www.rabaini.it\/de\/#website\"},\"primaryImageOfPage\":{\"@id\":\"https:\/\/www.rabaini.it\/de\/langer-plissierter-baumwollrock-mit-floralem-muster\/#primaryimage\"},\"image\":{\"@id\":\"https:\/\/www.rabaini.it\/de\/langer-plissierter-baumwollrock-mit-floralem-muster\/#primaryimage\"},\"thumbnailUrl\":\"https:\/\/www.rabaini.it\/wp-content\/uploads\/2026\/03\/34.1.jpg\",\"datePublished\":\"2026-03-10T17:05:18+00:00\",\"dateModified\":\"2026-03-11T18:21:08+00:00\",\"breadcrumb\":{\"@id\":\"https:\/\/www.rabaini.it\/de\/langer-plissierter-baumwollrock-mit-floralem-muster\/#breadcrumb\"},\"inLanguage\":\"de\",\"potentialAction\":[{\"@type\":\"ReadAction\",\"target\":[\"https:\/\/www.rabaini.it\/de\/langer-plissierter-baumwollrock-mit-floralem-muster\/\"]}]},{\"@type\":\"ImageObject\",\"inLanguage\":\"de\",\"@id\":\"https:\/\/www.rabaini.it\/de\/langer-plissierter-baumwollrock-mit-floralem-muster\/#primaryimage\",\"url\":\"https:\/\/www.rabaini.it\/wp-content\/uploads\/2026\/03\/34.1.jpg\",\"contentUrl\":\"https:\/\/www.rabaini.it\/wp-content\/uploads\/2026\/03\/34.1.jpg\",\"width\":1500,\"height\":1500},{\"@type\":\"BreadcrumbList\",\"@id\":\"https:\/\/www.rabaini.it\/de\/langer-plissierter-baumwollrock-mit-floralem-muster\/#breadcrumb\",\"itemListElement\":[{\"@type\":\"ListItem\",\"position\":1,\"name\":\"Home\",\"item\":\"https:\/\/www.rabaini.it\/de\/homepage\/\"},{\"@type\":\"ListItem\",\"position\":2,\"name\":\"Gesch\u00e4ft\",\"item\":\"https:\/\/www.rabaini.it\/geschaeft\/\"},{\"@type\":\"ListItem\",\"position\":3,\"name\":\"Damen\",\"item\":\"https:\/\/www.rabaini.it\/de\/damen\/\"},{\"@type\":\"ListItem\",\"position\":4,\"name\":\"LANGER PLISSIERTER BAUMWOLLR\u00d6CK MIT FLORALEM MUSTER\"}]},{\"@type\":\"WebSite\",\"@id\":\"https:\/\/www.rabaini.it\/de\/#website\",\"url\":\"https:\/\/www.rabaini.it\/de\/\",\"name\":\"Rabaini\",\"description\":\"\",\"potentialAction\":[{\"@type\":\"SearchAction\",\"target\":{\"@type\":\"EntryPoint\",\"urlTemplate\":\"https:\/\/www.rabaini.it\/de\/?s={search_term_string}\"},\"query-input\":{\"@type\":\"PropertyValueSpecification\",\"valueRequired\":true,\"valueName\":\"search_term_string\"}}],\"inLanguage\":\"de\"}]}<\/script>\n<!-- \/ Yoast SEO plugin. -->","yoast_head_json":{"title":"LANGER PLISSIERTER BAUMWOLLR\u00d6CK MIT FLORALEM MUSTER - Rabaini","robots":{"index":"index","follow":"follow","max-snippet":"max-snippet:-1","max-image-preview":"max-image-preview:large","max-video-preview":"max-video-preview:-1"},"canonical":"https:\/\/www.rabaini.it\/de\/langer-plissierter-baumwollrock-mit-floralem-muster\/","og_locale":"de_DE","og_type":"article","og_title":"LANGER PLISSIERTER BAUMWOLLR\u00d6CK MIT FLORALEM MUSTER - Rabaini","og_description":"Artikelcode: WRFA018999SA5R9X0803 Artikelfarbe: Multicolor Made in Italy Langer Rock aus reinem Baumwoll-Popeline, gepr\u00e4gt von einem eleganten, mehrfarbigen Muster Das Modell mit hoher Taille ist vorne und hinten plissiert und verf\u00fcgt \u00fcber seitliche Leistentaschen Regul\u00e4re Passform Hohe Taille Seitliche Leistentaschen Rei\u00dfverschluss am R\u00fccken Zusammensetzung: 100% Baumwolle","og_url":"https:\/\/www.rabaini.it\/de\/langer-plissierter-baumwollrock-mit-floralem-muster\/","og_site_name":"Rabaini","article_modified_time":"2026-03-11T18:21:08+00:00","og_image":[{"width":1500,"height":1500,"url":"https:\/\/www.rabaini.it\/wp-content\/uploads\/2026\/03\/34.1.jpg","type":"image\/jpeg"}],"twitter_card":"summary_large_image","schema":{"@context":"https:\/\/schema.org","@graph":[{"@type":"WebPage","@id":"https:\/\/www.rabaini.it\/de\/langer-plissierter-baumwollrock-mit-floralem-muster\/","url":"https:\/\/www.rabaini.it\/de\/langer-plissierter-baumwollrock-mit-floralem-muster\/","name":"LANGER PLISSIERTER BAUMWOLLR\u00d6CK MIT FLORALEM MUSTER - Rabaini","isPartOf":{"@id":"https:\/\/www.rabaini.it\/de\/#website"},"primaryImageOfPage":{"@id":"https:\/\/www.rabaini.it\/de\/langer-plissierter-baumwollrock-mit-floralem-muster\/#primaryimage"},"image":{"@id":"https:\/\/www.rabaini.it\/de\/langer-plissierter-baumwollrock-mit-floralem-muster\/#primaryimage"},"thumbnailUrl":"https:\/\/www.rabaini.it\/wp-content\/uploads\/2026\/03\/34.1.jpg","datePublished":"2026-03-10T17:05:18+00:00","dateModified":"2026-03-11T18:21:08+00:00","breadcrumb":{"@id":"https:\/\/www.rabaini.it\/de\/langer-plissierter-baumwollrock-mit-floralem-muster\/#breadcrumb"},"inLanguage":"de","potentialAction":[{"@type":"ReadAction","target":["https:\/\/www.rabaini.it\/de\/langer-plissierter-baumwollrock-mit-floralem-muster\/"]}]},{"@type":"ImageObject","inLanguage":"de","@id":"https:\/\/www.rabaini.it\/de\/langer-plissierter-baumwollrock-mit-floralem-muster\/#primaryimage","url":"https:\/\/www.rabaini.it\/wp-content\/uploads\/2026\/03\/34.1.jpg","contentUrl":"https:\/\/www.rabaini.it\/wp-content\/uploads\/2026\/03\/34.1.jpg","width":1500,"height":1500},{"@type":"BreadcrumbList","@id":"https:\/\/www.rabaini.it\/de\/langer-plissierter-baumwollrock-mit-floralem-muster\/#breadcrumb","itemListElement":[{"@type":"ListItem","position":1,"name":"Home","item":"https:\/\/www.rabaini.it\/de\/homepage\/"},{"@type":"ListItem","position":2,"name":"Gesch\u00e4ft","item":"https:\/\/www.rabaini.it\/geschaeft\/"},{"@type":"ListItem","position":3,"name":"Damen","item":"https:\/\/www.rabaini.it\/de\/damen\/"},{"@type":"ListItem","position":4,"name":"LANGER PLISSIERTER BAUMWOLLR\u00d6CK MIT FLORALEM MUSTER"}]},{"@type":"WebSite","@id":"https:\/\/www.rabaini.it\/de\/#website","url":"https:\/\/www.rabaini.it\/de\/","name":"Rabaini","description":"","potentialAction":[{"@type":"SearchAction","target":{"@type":"EntryPoint","urlTemplate":"https:\/\/www.rabaini.it\/de\/?s={search_term_string}"},"query-input":{"@type":"PropertyValueSpecification","valueRequired":true,"valueName":"search_term_string"}}],"inLanguage":"de"}]}},"_links":{"self":[{"href":"https:\/\/www.rabaini.it\/de\/wp-json\/wp\/v2\/product\/148710","targetHints":{"allow":["GET"]}}],"collection":[{"href":"https:\/\/www.rabaini.it\/de\/wp-json\/wp\/v2\/product"}],"about":[{"href":"https:\/\/www.rabaini.it\/de\/wp-json\/wp\/v2\/types\/product"}],"wp:featuredmedia":[{"embeddable":true,"href":"https:\/\/www.rabaini.it\/de\/wp-json\/wp\/v2\/media\/148053"}],"wp:attachment":[{"href":"https:\/\/www.rabaini.it\/de\/wp-json\/wp\/v2\/media?parent=148710"}],"wp:term":[{"taxonomy":"product_brand","embeddable":true,"href":"https:\/\/www.rabaini.it\/de\/wp-json\/wp\/v2\/product_brand?post=148710"},{"taxonomy":"product_cat","embeddable":true,"href":"https:\/\/www.rabaini.it\/de\/wp-json\/wp\/v2\/product_cat?post=148710"},{"taxonomy":"product_tag","embeddable":true,"href":"https:\/\/www.rabaini.it\/de\/wp-json\/wp\/v2\/product_tag?post=148710"}],"curies":[{"name":"wp","href":"https:\/\/api.w.org\/{rel}","templated":true}]}}