{"id":148553,"date":"2026-03-10T15:53:13","date_gmt":"2026-03-10T14:53:13","guid":{"rendered":"https:\/\/www.rabaini.it\/?post_type=product&#038;p=148553"},"modified":"2026-03-11T19:15:29","modified_gmt":"2026-03-11T18:15:29","slug":"leinenhemd-mit-floralprint","status":"publish","type":"product","link":"https:\/\/www.rabaini.it\/de\/leinenhemd-mit-floralprint\/","title":{"rendered":"LEINENHEMD MIT FLORALPRINT"},"content":{"rendered":"<ul>\n<li>Artikelcode: U A0223 1652 2888<\/li>\n<li>Artikelfarbe: Elfenbein<\/li>\n<li>Leicht und nat\u00fcrlich, aus reinem Leinen gefertigt, ist dieses Kurzarmhemd mit einem botanischen Druck inspiriert von mittelalterlichen Herbariumbl\u00e4ttern versehen<\/li>\n<li>Ein raffiniertes Teil, perfekt um den Look mit dem passenden Rock zu vervollst\u00e4ndigen oder dem Sommeroutfit einen poetischen Akzent zu verleihen<\/li>\n<li>Kurz\u00e4rmel<\/li>\n<li>Vordere Knopfleiste<\/li>\n<li>Floralprint<\/li>\n<li>Zusammensetzung: 100% Leinen<\/li>\n<\/ul>\n","protected":false},"excerpt":{"rendered":"<p>Artikelcode: U A0223 1652 2888 Artikelfarbe: Elfenbein Leicht und nat\u00fcrlich, aus reinem Leinen gefertigt, ist dieses Kurzarmhemd mit einem botanischen Druck inspiriert von mittelalterlichen Herbariumbl\u00e4ttern versehen Ein raffiniertes Teil, perfekt um den Look mit dem passenden Rock zu vervollst\u00e4ndigen oder dem Sommeroutfit einen poetischen Akzent zu verleihen Kurz\u00e4rmel Vordere Knopfleiste Floralprint Zusammensetzung: 100% Leinen<\/p>\n","protected":false},"featured_media":147936,"template":"","meta":{"_acf_changed":false},"product_brand":[],"product_cat":[1273,1274,1276,1308],"product_tag":[1719],"class_list":{"0":"post-148553","1":"product","2":"type-product","3":"status-publish","4":"has-post-thumbnail","6":"product_cat-damen","7":"product_cat-damenbekleidung","8":"product_cat-hemden-damen","9":"product_cat-neuheiten-fur-damen","10":"product_tag-neuheiten","11":"marca-alberta-ferretti-de","13":"first","14":"instock","15":"shipping-taxable","16":"purchasable","17":"product-type-variable"},"acf":[],"yoast_head":"<!-- This site is optimized with the Yoast SEO plugin v27.2 - https:\/\/yoast.com\/product\/yoast-seo-wordpress\/ -->\n<title>LEINENHEMD MIT FLORALPRINT - Rabaini<\/title>\n<meta name=\"robots\" content=\"index, follow, max-snippet:-1, max-image-preview:large, max-video-preview:-1\" \/>\n<link rel=\"canonical\" href=\"https:\/\/www.rabaini.it\/de\/leinenhemd-mit-floralprint\/\" \/>\n<meta property=\"og:locale\" content=\"de_DE\" \/>\n<meta property=\"og:type\" content=\"article\" \/>\n<meta property=\"og:title\" content=\"LEINENHEMD MIT FLORALPRINT - Rabaini\" \/>\n<meta property=\"og:description\" content=\"Artikelcode: U A0223 1652 2888 Artikelfarbe: Elfenbein Leicht und nat\u00fcrlich, aus reinem Leinen gefertigt, ist dieses Kurzarmhemd mit einem botanischen Druck inspiriert von mittelalterlichen Herbariumbl\u00e4ttern versehen Ein raffiniertes Teil, perfekt um den Look mit dem passenden Rock zu vervollst\u00e4ndigen oder dem Sommeroutfit einen poetischen Akzent zu verleihen Kurz\u00e4rmel Vordere Knopfleiste Floralprint Zusammensetzung: 100% Leinen\" \/>\n<meta property=\"og:url\" content=\"https:\/\/www.rabaini.it\/de\/leinenhemd-mit-floralprint\/\" \/>\n<meta property=\"og:site_name\" content=\"Rabaini\" \/>\n<meta property=\"article:modified_time\" content=\"2026-03-11T18:15:29+00:00\" \/>\n<meta property=\"og:image\" content=\"https:\/\/www.rabaini.it\/wp-content\/uploads\/2026\/03\/21.1.jpg\" \/>\n\t<meta property=\"og:image:width\" content=\"1500\" \/>\n\t<meta property=\"og:image:height\" content=\"1500\" \/>\n\t<meta property=\"og:image:type\" content=\"image\/jpeg\" \/>\n<meta name=\"twitter:card\" content=\"summary_large_image\" \/>\n<script type=\"application\/ld+json\" class=\"yoast-schema-graph\">{\"@context\":\"https:\/\/schema.org\",\"@graph\":[{\"@type\":\"WebPage\",\"@id\":\"https:\/\/www.rabaini.it\/de\/leinenhemd-mit-floralprint\/\",\"url\":\"https:\/\/www.rabaini.it\/de\/leinenhemd-mit-floralprint\/\",\"name\":\"LEINENHEMD MIT FLORALPRINT - Rabaini\",\"isPartOf\":{\"@id\":\"https:\/\/www.rabaini.it\/de\/#website\"},\"primaryImageOfPage\":{\"@id\":\"https:\/\/www.rabaini.it\/de\/leinenhemd-mit-floralprint\/#primaryimage\"},\"image\":{\"@id\":\"https:\/\/www.rabaini.it\/de\/leinenhemd-mit-floralprint\/#primaryimage\"},\"thumbnailUrl\":\"https:\/\/www.rabaini.it\/wp-content\/uploads\/2026\/03\/21.1.jpg\",\"datePublished\":\"2026-03-10T14:53:13+00:00\",\"dateModified\":\"2026-03-11T18:15:29+00:00\",\"breadcrumb\":{\"@id\":\"https:\/\/www.rabaini.it\/de\/leinenhemd-mit-floralprint\/#breadcrumb\"},\"inLanguage\":\"de\",\"potentialAction\":[{\"@type\":\"ReadAction\",\"target\":[\"https:\/\/www.rabaini.it\/de\/leinenhemd-mit-floralprint\/\"]}]},{\"@type\":\"ImageObject\",\"inLanguage\":\"de\",\"@id\":\"https:\/\/www.rabaini.it\/de\/leinenhemd-mit-floralprint\/#primaryimage\",\"url\":\"https:\/\/www.rabaini.it\/wp-content\/uploads\/2026\/03\/21.1.jpg\",\"contentUrl\":\"https:\/\/www.rabaini.it\/wp-content\/uploads\/2026\/03\/21.1.jpg\",\"width\":1500,\"height\":1500},{\"@type\":\"BreadcrumbList\",\"@id\":\"https:\/\/www.rabaini.it\/de\/leinenhemd-mit-floralprint\/#breadcrumb\",\"itemListElement\":[{\"@type\":\"ListItem\",\"position\":1,\"name\":\"Home\",\"item\":\"https:\/\/www.rabaini.it\/de\/homepage\/\"},{\"@type\":\"ListItem\",\"position\":2,\"name\":\"Gesch\u00e4ft\",\"item\":\"https:\/\/www.rabaini.it\/geschaeft\/\"},{\"@type\":\"ListItem\",\"position\":3,\"name\":\"Damen\",\"item\":\"https:\/\/www.rabaini.it\/de\/damen\/\"},{\"@type\":\"ListItem\",\"position\":4,\"name\":\"LEINENHEMD MIT FLORALPRINT\"}]},{\"@type\":\"WebSite\",\"@id\":\"https:\/\/www.rabaini.it\/de\/#website\",\"url\":\"https:\/\/www.rabaini.it\/de\/\",\"name\":\"Rabaini\",\"description\":\"\",\"potentialAction\":[{\"@type\":\"SearchAction\",\"target\":{\"@type\":\"EntryPoint\",\"urlTemplate\":\"https:\/\/www.rabaini.it\/de\/?s={search_term_string}\"},\"query-input\":{\"@type\":\"PropertyValueSpecification\",\"valueRequired\":true,\"valueName\":\"search_term_string\"}}],\"inLanguage\":\"de\"}]}<\/script>\n<!-- \/ Yoast SEO plugin. -->","yoast_head_json":{"title":"LEINENHEMD MIT FLORALPRINT - Rabaini","robots":{"index":"index","follow":"follow","max-snippet":"max-snippet:-1","max-image-preview":"max-image-preview:large","max-video-preview":"max-video-preview:-1"},"canonical":"https:\/\/www.rabaini.it\/de\/leinenhemd-mit-floralprint\/","og_locale":"de_DE","og_type":"article","og_title":"LEINENHEMD MIT FLORALPRINT - Rabaini","og_description":"Artikelcode: U A0223 1652 2888 Artikelfarbe: Elfenbein Leicht und nat\u00fcrlich, aus reinem Leinen gefertigt, ist dieses Kurzarmhemd mit einem botanischen Druck inspiriert von mittelalterlichen Herbariumbl\u00e4ttern versehen Ein raffiniertes Teil, perfekt um den Look mit dem passenden Rock zu vervollst\u00e4ndigen oder dem Sommeroutfit einen poetischen Akzent zu verleihen Kurz\u00e4rmel Vordere Knopfleiste Floralprint Zusammensetzung: 100% Leinen","og_url":"https:\/\/www.rabaini.it\/de\/leinenhemd-mit-floralprint\/","og_site_name":"Rabaini","article_modified_time":"2026-03-11T18:15:29+00:00","og_image":[{"width":1500,"height":1500,"url":"https:\/\/www.rabaini.it\/wp-content\/uploads\/2026\/03\/21.1.jpg","type":"image\/jpeg"}],"twitter_card":"summary_large_image","schema":{"@context":"https:\/\/schema.org","@graph":[{"@type":"WebPage","@id":"https:\/\/www.rabaini.it\/de\/leinenhemd-mit-floralprint\/","url":"https:\/\/www.rabaini.it\/de\/leinenhemd-mit-floralprint\/","name":"LEINENHEMD MIT FLORALPRINT - Rabaini","isPartOf":{"@id":"https:\/\/www.rabaini.it\/de\/#website"},"primaryImageOfPage":{"@id":"https:\/\/www.rabaini.it\/de\/leinenhemd-mit-floralprint\/#primaryimage"},"image":{"@id":"https:\/\/www.rabaini.it\/de\/leinenhemd-mit-floralprint\/#primaryimage"},"thumbnailUrl":"https:\/\/www.rabaini.it\/wp-content\/uploads\/2026\/03\/21.1.jpg","datePublished":"2026-03-10T14:53:13+00:00","dateModified":"2026-03-11T18:15:29+00:00","breadcrumb":{"@id":"https:\/\/www.rabaini.it\/de\/leinenhemd-mit-floralprint\/#breadcrumb"},"inLanguage":"de","potentialAction":[{"@type":"ReadAction","target":["https:\/\/www.rabaini.it\/de\/leinenhemd-mit-floralprint\/"]}]},{"@type":"ImageObject","inLanguage":"de","@id":"https:\/\/www.rabaini.it\/de\/leinenhemd-mit-floralprint\/#primaryimage","url":"https:\/\/www.rabaini.it\/wp-content\/uploads\/2026\/03\/21.1.jpg","contentUrl":"https:\/\/www.rabaini.it\/wp-content\/uploads\/2026\/03\/21.1.jpg","width":1500,"height":1500},{"@type":"BreadcrumbList","@id":"https:\/\/www.rabaini.it\/de\/leinenhemd-mit-floralprint\/#breadcrumb","itemListElement":[{"@type":"ListItem","position":1,"name":"Home","item":"https:\/\/www.rabaini.it\/de\/homepage\/"},{"@type":"ListItem","position":2,"name":"Gesch\u00e4ft","item":"https:\/\/www.rabaini.it\/geschaeft\/"},{"@type":"ListItem","position":3,"name":"Damen","item":"https:\/\/www.rabaini.it\/de\/damen\/"},{"@type":"ListItem","position":4,"name":"LEINENHEMD MIT FLORALPRINT"}]},{"@type":"WebSite","@id":"https:\/\/www.rabaini.it\/de\/#website","url":"https:\/\/www.rabaini.it\/de\/","name":"Rabaini","description":"","potentialAction":[{"@type":"SearchAction","target":{"@type":"EntryPoint","urlTemplate":"https:\/\/www.rabaini.it\/de\/?s={search_term_string}"},"query-input":{"@type":"PropertyValueSpecification","valueRequired":true,"valueName":"search_term_string"}}],"inLanguage":"de"}]}},"_links":{"self":[{"href":"https:\/\/www.rabaini.it\/de\/wp-json\/wp\/v2\/product\/148553","targetHints":{"allow":["GET"]}}],"collection":[{"href":"https:\/\/www.rabaini.it\/de\/wp-json\/wp\/v2\/product"}],"about":[{"href":"https:\/\/www.rabaini.it\/de\/wp-json\/wp\/v2\/types\/product"}],"wp:featuredmedia":[{"embeddable":true,"href":"https:\/\/www.rabaini.it\/de\/wp-json\/wp\/v2\/media\/147936"}],"wp:attachment":[{"href":"https:\/\/www.rabaini.it\/de\/wp-json\/wp\/v2\/media?parent=148553"}],"wp:term":[{"taxonomy":"product_brand","embeddable":true,"href":"https:\/\/www.rabaini.it\/de\/wp-json\/wp\/v2\/product_brand?post=148553"},{"taxonomy":"product_cat","embeddable":true,"href":"https:\/\/www.rabaini.it\/de\/wp-json\/wp\/v2\/product_cat?post=148553"},{"taxonomy":"product_tag","embeddable":true,"href":"https:\/\/www.rabaini.it\/de\/wp-json\/wp\/v2\/product_tag?post=148553"}],"curies":[{"name":"wp","href":"https:\/\/api.w.org\/{rel}","templated":true}]}}