{"id":148517,"date":"2026-03-10T15:35:48","date_gmt":"2026-03-10T14:35:48","guid":{"rendered":"https:\/\/www.rabaini.it\/?post_type=product&#038;p=148517"},"modified":"2026-03-11T19:14:17","modified_gmt":"2026-03-11T18:14:17","slug":"sommerrock-aus-bedruckter-baumwolle","status":"publish","type":"product","link":"https:\/\/www.rabaini.it\/de\/sommerrock-aus-bedruckter-baumwolle\/","title":{"rendered":"SOMMERROCK AUS BEDRUCKTER BAUMWOLLE"},"content":{"rendered":"<ul>\n<li>Artikelcode: GN000109D 13320 9999<\/li>\n<li>Artikelfarbe: Multicolor<\/li>\n<li>Made in Italy<\/li>\n<li>Rock aus 100% leichter Baumwolle, veredelt mit einem platzierten Druck mit abstrakten Motiven<\/li>\n<li>Das Modell verleiht Alltagslooks eine anspruchsvolle grafische Note und zeichnet sich durch einen Bundkordelzug aus, der sich elegant der gew\u00fcnschten Passform anpasst<\/li>\n<li>Regul\u00e4re Passform<\/li>\n<li>Elastischer Bund mit Kordelzug<\/li>\n<li>Ungef\u00fcttert<\/li>\n<li>Zusammensetzung: 100% Baumwolle<\/li>\n<li>Verzierung: 55% Baumwolle, 45% Polyester<\/li>\n<\/ul>\n","protected":false},"excerpt":{"rendered":"<p>Artikelcode: GN000109D 13320 9999 Artikelfarbe: Multicolor Made in Italy Rock aus 100% leichter Baumwolle, veredelt mit einem platzierten Druck mit abstrakten Motiven Das Modell verleiht Alltagslooks eine anspruchsvolle grafische Note und zeichnet sich durch einen Bundkordelzug aus, der sich elegant der gew\u00fcnschten Passform anpasst Regul\u00e4re Passform Elastischer Bund mit Kordelzug Ungef\u00fcttert Zusammensetzung: 100% Baumwolle Verzierung:&hellip;<\/p>\n","protected":false},"featured_media":147909,"template":"","meta":{"_acf_changed":false},"product_brand":[],"product_cat":[1273,1274,1308,1286],"product_tag":[1719],"class_list":{"0":"post-148517","1":"product","2":"type-product","3":"status-publish","4":"has-post-thumbnail","6":"product_cat-damen","7":"product_cat-damenbekleidung","8":"product_cat-neuheiten-fur-damen","9":"product_cat-rocke-damen","10":"product_tag-neuheiten","11":"marca-herno-de","13":"first","14":"instock","15":"shipping-taxable","16":"purchasable","17":"product-type-variable"},"acf":[],"yoast_head":"<!-- This site is optimized with the Yoast SEO plugin v27.2 - https:\/\/yoast.com\/product\/yoast-seo-wordpress\/ -->\n<title>SOMMERROCK AUS BEDRUCKTER BAUMWOLLE - Rabaini<\/title>\n<meta name=\"robots\" content=\"index, follow, max-snippet:-1, max-image-preview:large, max-video-preview:-1\" \/>\n<link rel=\"canonical\" href=\"https:\/\/www.rabaini.it\/de\/sommerrock-aus-bedruckter-baumwolle\/\" \/>\n<meta property=\"og:locale\" content=\"de_DE\" \/>\n<meta property=\"og:type\" content=\"article\" \/>\n<meta property=\"og:title\" content=\"SOMMERROCK AUS BEDRUCKTER BAUMWOLLE - Rabaini\" \/>\n<meta property=\"og:description\" content=\"Artikelcode: GN000109D 13320 9999 Artikelfarbe: Multicolor Made in Italy Rock aus 100% leichter Baumwolle, veredelt mit einem platzierten Druck mit abstrakten Motiven Das Modell verleiht Alltagslooks eine anspruchsvolle grafische Note und zeichnet sich durch einen Bundkordelzug aus, der sich elegant der gew\u00fcnschten Passform anpasst Regul\u00e4re Passform Elastischer Bund mit Kordelzug Ungef\u00fcttert Zusammensetzung: 100% Baumwolle Verzierung:&hellip;\" \/>\n<meta property=\"og:url\" content=\"https:\/\/www.rabaini.it\/de\/sommerrock-aus-bedruckter-baumwolle\/\" \/>\n<meta property=\"og:site_name\" content=\"Rabaini\" \/>\n<meta property=\"article:modified_time\" content=\"2026-03-11T18:14:17+00:00\" \/>\n<meta property=\"og:image\" content=\"https:\/\/www.rabaini.it\/wp-content\/uploads\/2026\/03\/18.1.jpg\" \/>\n\t<meta property=\"og:image:width\" content=\"1500\" \/>\n\t<meta property=\"og:image:height\" content=\"1500\" \/>\n\t<meta property=\"og:image:type\" content=\"image\/jpeg\" \/>\n<meta name=\"twitter:card\" content=\"summary_large_image\" \/>\n<script type=\"application\/ld+json\" class=\"yoast-schema-graph\">{\"@context\":\"https:\/\/schema.org\",\"@graph\":[{\"@type\":\"WebPage\",\"@id\":\"https:\/\/www.rabaini.it\/de\/sommerrock-aus-bedruckter-baumwolle\/\",\"url\":\"https:\/\/www.rabaini.it\/de\/sommerrock-aus-bedruckter-baumwolle\/\",\"name\":\"SOMMERROCK AUS BEDRUCKTER BAUMWOLLE - Rabaini\",\"isPartOf\":{\"@id\":\"https:\/\/www.rabaini.it\/de\/#website\"},\"primaryImageOfPage\":{\"@id\":\"https:\/\/www.rabaini.it\/de\/sommerrock-aus-bedruckter-baumwolle\/#primaryimage\"},\"image\":{\"@id\":\"https:\/\/www.rabaini.it\/de\/sommerrock-aus-bedruckter-baumwolle\/#primaryimage\"},\"thumbnailUrl\":\"https:\/\/www.rabaini.it\/wp-content\/uploads\/2026\/03\/18.1.jpg\",\"datePublished\":\"2026-03-10T14:35:48+00:00\",\"dateModified\":\"2026-03-11T18:14:17+00:00\",\"breadcrumb\":{\"@id\":\"https:\/\/www.rabaini.it\/de\/sommerrock-aus-bedruckter-baumwolle\/#breadcrumb\"},\"inLanguage\":\"de\",\"potentialAction\":[{\"@type\":\"ReadAction\",\"target\":[\"https:\/\/www.rabaini.it\/de\/sommerrock-aus-bedruckter-baumwolle\/\"]}]},{\"@type\":\"ImageObject\",\"inLanguage\":\"de\",\"@id\":\"https:\/\/www.rabaini.it\/de\/sommerrock-aus-bedruckter-baumwolle\/#primaryimage\",\"url\":\"https:\/\/www.rabaini.it\/wp-content\/uploads\/2026\/03\/18.1.jpg\",\"contentUrl\":\"https:\/\/www.rabaini.it\/wp-content\/uploads\/2026\/03\/18.1.jpg\",\"width\":1500,\"height\":1500},{\"@type\":\"BreadcrumbList\",\"@id\":\"https:\/\/www.rabaini.it\/de\/sommerrock-aus-bedruckter-baumwolle\/#breadcrumb\",\"itemListElement\":[{\"@type\":\"ListItem\",\"position\":1,\"name\":\"Home\",\"item\":\"https:\/\/www.rabaini.it\/de\/homepage\/\"},{\"@type\":\"ListItem\",\"position\":2,\"name\":\"Gesch\u00e4ft\",\"item\":\"https:\/\/www.rabaini.it\/geschaeft\/\"},{\"@type\":\"ListItem\",\"position\":3,\"name\":\"Damen\",\"item\":\"https:\/\/www.rabaini.it\/de\/damen\/\"},{\"@type\":\"ListItem\",\"position\":4,\"name\":\"SOMMERROCK AUS BEDRUCKTER BAUMWOLLE\"}]},{\"@type\":\"WebSite\",\"@id\":\"https:\/\/www.rabaini.it\/de\/#website\",\"url\":\"https:\/\/www.rabaini.it\/de\/\",\"name\":\"Rabaini\",\"description\":\"\",\"potentialAction\":[{\"@type\":\"SearchAction\",\"target\":{\"@type\":\"EntryPoint\",\"urlTemplate\":\"https:\/\/www.rabaini.it\/de\/?s={search_term_string}\"},\"query-input\":{\"@type\":\"PropertyValueSpecification\",\"valueRequired\":true,\"valueName\":\"search_term_string\"}}],\"inLanguage\":\"de\"}]}<\/script>\n<!-- \/ Yoast SEO plugin. -->","yoast_head_json":{"title":"SOMMERROCK AUS BEDRUCKTER BAUMWOLLE - Rabaini","robots":{"index":"index","follow":"follow","max-snippet":"max-snippet:-1","max-image-preview":"max-image-preview:large","max-video-preview":"max-video-preview:-1"},"canonical":"https:\/\/www.rabaini.it\/de\/sommerrock-aus-bedruckter-baumwolle\/","og_locale":"de_DE","og_type":"article","og_title":"SOMMERROCK AUS BEDRUCKTER BAUMWOLLE - Rabaini","og_description":"Artikelcode: GN000109D 13320 9999 Artikelfarbe: Multicolor Made in Italy Rock aus 100% leichter Baumwolle, veredelt mit einem platzierten Druck mit abstrakten Motiven Das Modell verleiht Alltagslooks eine anspruchsvolle grafische Note und zeichnet sich durch einen Bundkordelzug aus, der sich elegant der gew\u00fcnschten Passform anpasst Regul\u00e4re Passform Elastischer Bund mit Kordelzug Ungef\u00fcttert Zusammensetzung: 100% Baumwolle Verzierung:&hellip;","og_url":"https:\/\/www.rabaini.it\/de\/sommerrock-aus-bedruckter-baumwolle\/","og_site_name":"Rabaini","article_modified_time":"2026-03-11T18:14:17+00:00","og_image":[{"width":1500,"height":1500,"url":"https:\/\/www.rabaini.it\/wp-content\/uploads\/2026\/03\/18.1.jpg","type":"image\/jpeg"}],"twitter_card":"summary_large_image","schema":{"@context":"https:\/\/schema.org","@graph":[{"@type":"WebPage","@id":"https:\/\/www.rabaini.it\/de\/sommerrock-aus-bedruckter-baumwolle\/","url":"https:\/\/www.rabaini.it\/de\/sommerrock-aus-bedruckter-baumwolle\/","name":"SOMMERROCK AUS BEDRUCKTER BAUMWOLLE - Rabaini","isPartOf":{"@id":"https:\/\/www.rabaini.it\/de\/#website"},"primaryImageOfPage":{"@id":"https:\/\/www.rabaini.it\/de\/sommerrock-aus-bedruckter-baumwolle\/#primaryimage"},"image":{"@id":"https:\/\/www.rabaini.it\/de\/sommerrock-aus-bedruckter-baumwolle\/#primaryimage"},"thumbnailUrl":"https:\/\/www.rabaini.it\/wp-content\/uploads\/2026\/03\/18.1.jpg","datePublished":"2026-03-10T14:35:48+00:00","dateModified":"2026-03-11T18:14:17+00:00","breadcrumb":{"@id":"https:\/\/www.rabaini.it\/de\/sommerrock-aus-bedruckter-baumwolle\/#breadcrumb"},"inLanguage":"de","potentialAction":[{"@type":"ReadAction","target":["https:\/\/www.rabaini.it\/de\/sommerrock-aus-bedruckter-baumwolle\/"]}]},{"@type":"ImageObject","inLanguage":"de","@id":"https:\/\/www.rabaini.it\/de\/sommerrock-aus-bedruckter-baumwolle\/#primaryimage","url":"https:\/\/www.rabaini.it\/wp-content\/uploads\/2026\/03\/18.1.jpg","contentUrl":"https:\/\/www.rabaini.it\/wp-content\/uploads\/2026\/03\/18.1.jpg","width":1500,"height":1500},{"@type":"BreadcrumbList","@id":"https:\/\/www.rabaini.it\/de\/sommerrock-aus-bedruckter-baumwolle\/#breadcrumb","itemListElement":[{"@type":"ListItem","position":1,"name":"Home","item":"https:\/\/www.rabaini.it\/de\/homepage\/"},{"@type":"ListItem","position":2,"name":"Gesch\u00e4ft","item":"https:\/\/www.rabaini.it\/geschaeft\/"},{"@type":"ListItem","position":3,"name":"Damen","item":"https:\/\/www.rabaini.it\/de\/damen\/"},{"@type":"ListItem","position":4,"name":"SOMMERROCK AUS BEDRUCKTER BAUMWOLLE"}]},{"@type":"WebSite","@id":"https:\/\/www.rabaini.it\/de\/#website","url":"https:\/\/www.rabaini.it\/de\/","name":"Rabaini","description":"","potentialAction":[{"@type":"SearchAction","target":{"@type":"EntryPoint","urlTemplate":"https:\/\/www.rabaini.it\/de\/?s={search_term_string}"},"query-input":{"@type":"PropertyValueSpecification","valueRequired":true,"valueName":"search_term_string"}}],"inLanguage":"de"}]}},"_links":{"self":[{"href":"https:\/\/www.rabaini.it\/de\/wp-json\/wp\/v2\/product\/148517","targetHints":{"allow":["GET"]}}],"collection":[{"href":"https:\/\/www.rabaini.it\/de\/wp-json\/wp\/v2\/product"}],"about":[{"href":"https:\/\/www.rabaini.it\/de\/wp-json\/wp\/v2\/types\/product"}],"wp:featuredmedia":[{"embeddable":true,"href":"https:\/\/www.rabaini.it\/de\/wp-json\/wp\/v2\/media\/147909"}],"wp:attachment":[{"href":"https:\/\/www.rabaini.it\/de\/wp-json\/wp\/v2\/media?parent=148517"}],"wp:term":[{"taxonomy":"product_brand","embeddable":true,"href":"https:\/\/www.rabaini.it\/de\/wp-json\/wp\/v2\/product_brand?post=148517"},{"taxonomy":"product_cat","embeddable":true,"href":"https:\/\/www.rabaini.it\/de\/wp-json\/wp\/v2\/product_cat?post=148517"},{"taxonomy":"product_tag","embeddable":true,"href":"https:\/\/www.rabaini.it\/de\/wp-json\/wp\/v2\/product_tag?post=148517"}],"curies":[{"name":"wp","href":"https:\/\/api.w.org\/{rel}","templated":true}]}}