{"id":148505,"date":"2026-03-10T15:27:50","date_gmt":"2026-03-10T14:27:50","guid":{"rendered":"https:\/\/www.rabaini.it\/?post_type=product&#038;p=148505"},"modified":"2026-03-11T19:13:57","modified_gmt":"2026-03-11T18:13:57","slug":"leichter-nylon-stretch-rock-in-braun","status":"publish","type":"product","link":"https:\/\/www.rabaini.it\/de\/leichter-nylon-stretch-rock-in-braun\/","title":{"rendered":"LEICHTER NYLON-STRETCH-ROCK IN BRAUN"},"content":{"rendered":"<ul>\n<li>Artikelcode: GN000007D 12431SZ 2244<\/li>\n<li>Artikelfarbe: Braun<\/li>\n<li>Made in Italy<\/li>\n<li>Langer Rock aus 20-Denier-Nylon im Kettgewebe mit 20-Denier-Stretch f\u00fcr einen leichten, matten Stoff<\/li>\n<li>Das Modell hat eine weiche, flie\u00dfende Passform mit elastischem Bund, der die Bewegungen sanft mitf\u00fchrt, und Kordelzug aus Ripsband mit metallenen Logospitzen<\/li>\n<li>Regul\u00e4re Passform<\/li>\n<li>Elastikeinsatz am Bund<\/li>\n<li>Paspeltaschen<\/li>\n<li>Kordelzug aus Ripsband<\/li>\n<li>Zusammensetzung: 86% Polyamid, 14% Elastan<\/li>\n<li>Verzierung: 55% Baumwolle, 45% Polyester<\/li>\n<\/ul>\n","protected":false},"excerpt":{"rendered":"<p>Artikelcode: GN000007D 12431SZ 2244 Artikelfarbe: Braun Made in Italy Langer Rock aus 20-Denier-Nylon im Kettgewebe mit 20-Denier-Stretch f\u00fcr einen leichten, matten Stoff Das Modell hat eine weiche, flie\u00dfende Passform mit elastischem Bund, der die Bewegungen sanft mitf\u00fchrt, und Kordelzug aus Ripsband mit metallenen Logospitzen Regul\u00e4re Passform Elastikeinsatz am Bund Paspeltaschen Kordelzug aus Ripsband Zusammensetzung: 86%&hellip;<\/p>\n","protected":false},"featured_media":147900,"template":"","meta":{"_acf_changed":false},"product_brand":[],"product_cat":[1273,1274,1308,1286],"product_tag":[1719],"class_list":{"0":"post-148505","1":"product","2":"type-product","3":"status-publish","4":"has-post-thumbnail","6":"product_cat-damen","7":"product_cat-damenbekleidung","8":"product_cat-neuheiten-fur-damen","9":"product_cat-rocke-damen","10":"product_tag-neuheiten","11":"marca-herno-de","13":"first","14":"instock","15":"shipping-taxable","16":"purchasable","17":"product-type-variable"},"acf":[],"yoast_head":"<!-- This site is optimized with the Yoast SEO plugin v27.2 - https:\/\/yoast.com\/product\/yoast-seo-wordpress\/ -->\n<title>LEICHTER NYLON-STRETCH-ROCK IN BRAUN - Rabaini<\/title>\n<meta name=\"robots\" content=\"index, follow, max-snippet:-1, max-image-preview:large, max-video-preview:-1\" \/>\n<link rel=\"canonical\" href=\"https:\/\/www.rabaini.it\/de\/leichter-nylon-stretch-rock-in-braun\/\" \/>\n<meta property=\"og:locale\" content=\"de_DE\" \/>\n<meta property=\"og:type\" content=\"article\" \/>\n<meta property=\"og:title\" content=\"LEICHTER NYLON-STRETCH-ROCK IN BRAUN - Rabaini\" \/>\n<meta property=\"og:description\" content=\"Artikelcode: GN000007D 12431SZ 2244 Artikelfarbe: Braun Made in Italy Langer Rock aus 20-Denier-Nylon im Kettgewebe mit 20-Denier-Stretch f\u00fcr einen leichten, matten Stoff Das Modell hat eine weiche, flie\u00dfende Passform mit elastischem Bund, der die Bewegungen sanft mitf\u00fchrt, und Kordelzug aus Ripsband mit metallenen Logospitzen Regul\u00e4re Passform Elastikeinsatz am Bund Paspeltaschen Kordelzug aus Ripsband Zusammensetzung: 86%&hellip;\" \/>\n<meta property=\"og:url\" content=\"https:\/\/www.rabaini.it\/de\/leichter-nylon-stretch-rock-in-braun\/\" \/>\n<meta property=\"og:site_name\" content=\"Rabaini\" \/>\n<meta property=\"article:modified_time\" content=\"2026-03-11T18:13:57+00:00\" \/>\n<meta property=\"og:image\" content=\"https:\/\/www.rabaini.it\/wp-content\/uploads\/2026\/03\/17.1.jpg\" \/>\n\t<meta property=\"og:image:width\" content=\"1500\" \/>\n\t<meta property=\"og:image:height\" content=\"1500\" \/>\n\t<meta property=\"og:image:type\" content=\"image\/jpeg\" \/>\n<meta name=\"twitter:card\" content=\"summary_large_image\" \/>\n<script type=\"application\/ld+json\" class=\"yoast-schema-graph\">{\"@context\":\"https:\/\/schema.org\",\"@graph\":[{\"@type\":\"WebPage\",\"@id\":\"https:\/\/www.rabaini.it\/de\/leichter-nylon-stretch-rock-in-braun\/\",\"url\":\"https:\/\/www.rabaini.it\/de\/leichter-nylon-stretch-rock-in-braun\/\",\"name\":\"LEICHTER NYLON-STRETCH-ROCK IN BRAUN - Rabaini\",\"isPartOf\":{\"@id\":\"https:\/\/www.rabaini.it\/de\/#website\"},\"primaryImageOfPage\":{\"@id\":\"https:\/\/www.rabaini.it\/de\/leichter-nylon-stretch-rock-in-braun\/#primaryimage\"},\"image\":{\"@id\":\"https:\/\/www.rabaini.it\/de\/leichter-nylon-stretch-rock-in-braun\/#primaryimage\"},\"thumbnailUrl\":\"https:\/\/www.rabaini.it\/wp-content\/uploads\/2026\/03\/17.1.jpg\",\"datePublished\":\"2026-03-10T14:27:50+00:00\",\"dateModified\":\"2026-03-11T18:13:57+00:00\",\"breadcrumb\":{\"@id\":\"https:\/\/www.rabaini.it\/de\/leichter-nylon-stretch-rock-in-braun\/#breadcrumb\"},\"inLanguage\":\"de\",\"potentialAction\":[{\"@type\":\"ReadAction\",\"target\":[\"https:\/\/www.rabaini.it\/de\/leichter-nylon-stretch-rock-in-braun\/\"]}]},{\"@type\":\"ImageObject\",\"inLanguage\":\"de\",\"@id\":\"https:\/\/www.rabaini.it\/de\/leichter-nylon-stretch-rock-in-braun\/#primaryimage\",\"url\":\"https:\/\/www.rabaini.it\/wp-content\/uploads\/2026\/03\/17.1.jpg\",\"contentUrl\":\"https:\/\/www.rabaini.it\/wp-content\/uploads\/2026\/03\/17.1.jpg\",\"width\":1500,\"height\":1500},{\"@type\":\"BreadcrumbList\",\"@id\":\"https:\/\/www.rabaini.it\/de\/leichter-nylon-stretch-rock-in-braun\/#breadcrumb\",\"itemListElement\":[{\"@type\":\"ListItem\",\"position\":1,\"name\":\"Home\",\"item\":\"https:\/\/www.rabaini.it\/de\/homepage\/\"},{\"@type\":\"ListItem\",\"position\":2,\"name\":\"Gesch\u00e4ft\",\"item\":\"https:\/\/www.rabaini.it\/geschaeft\/\"},{\"@type\":\"ListItem\",\"position\":3,\"name\":\"Damen\",\"item\":\"https:\/\/www.rabaini.it\/de\/damen\/\"},{\"@type\":\"ListItem\",\"position\":4,\"name\":\"LEICHTER NYLON-STRETCH-ROCK IN BRAUN\"}]},{\"@type\":\"WebSite\",\"@id\":\"https:\/\/www.rabaini.it\/de\/#website\",\"url\":\"https:\/\/www.rabaini.it\/de\/\",\"name\":\"Rabaini\",\"description\":\"\",\"potentialAction\":[{\"@type\":\"SearchAction\",\"target\":{\"@type\":\"EntryPoint\",\"urlTemplate\":\"https:\/\/www.rabaini.it\/de\/?s={search_term_string}\"},\"query-input\":{\"@type\":\"PropertyValueSpecification\",\"valueRequired\":true,\"valueName\":\"search_term_string\"}}],\"inLanguage\":\"de\"}]}<\/script>\n<!-- \/ Yoast SEO plugin. -->","yoast_head_json":{"title":"LEICHTER NYLON-STRETCH-ROCK IN BRAUN - Rabaini","robots":{"index":"index","follow":"follow","max-snippet":"max-snippet:-1","max-image-preview":"max-image-preview:large","max-video-preview":"max-video-preview:-1"},"canonical":"https:\/\/www.rabaini.it\/de\/leichter-nylon-stretch-rock-in-braun\/","og_locale":"de_DE","og_type":"article","og_title":"LEICHTER NYLON-STRETCH-ROCK IN BRAUN - Rabaini","og_description":"Artikelcode: GN000007D 12431SZ 2244 Artikelfarbe: Braun Made in Italy Langer Rock aus 20-Denier-Nylon im Kettgewebe mit 20-Denier-Stretch f\u00fcr einen leichten, matten Stoff Das Modell hat eine weiche, flie\u00dfende Passform mit elastischem Bund, der die Bewegungen sanft mitf\u00fchrt, und Kordelzug aus Ripsband mit metallenen Logospitzen Regul\u00e4re Passform Elastikeinsatz am Bund Paspeltaschen Kordelzug aus Ripsband Zusammensetzung: 86%&hellip;","og_url":"https:\/\/www.rabaini.it\/de\/leichter-nylon-stretch-rock-in-braun\/","og_site_name":"Rabaini","article_modified_time":"2026-03-11T18:13:57+00:00","og_image":[{"width":1500,"height":1500,"url":"https:\/\/www.rabaini.it\/wp-content\/uploads\/2026\/03\/17.1.jpg","type":"image\/jpeg"}],"twitter_card":"summary_large_image","schema":{"@context":"https:\/\/schema.org","@graph":[{"@type":"WebPage","@id":"https:\/\/www.rabaini.it\/de\/leichter-nylon-stretch-rock-in-braun\/","url":"https:\/\/www.rabaini.it\/de\/leichter-nylon-stretch-rock-in-braun\/","name":"LEICHTER NYLON-STRETCH-ROCK IN BRAUN - Rabaini","isPartOf":{"@id":"https:\/\/www.rabaini.it\/de\/#website"},"primaryImageOfPage":{"@id":"https:\/\/www.rabaini.it\/de\/leichter-nylon-stretch-rock-in-braun\/#primaryimage"},"image":{"@id":"https:\/\/www.rabaini.it\/de\/leichter-nylon-stretch-rock-in-braun\/#primaryimage"},"thumbnailUrl":"https:\/\/www.rabaini.it\/wp-content\/uploads\/2026\/03\/17.1.jpg","datePublished":"2026-03-10T14:27:50+00:00","dateModified":"2026-03-11T18:13:57+00:00","breadcrumb":{"@id":"https:\/\/www.rabaini.it\/de\/leichter-nylon-stretch-rock-in-braun\/#breadcrumb"},"inLanguage":"de","potentialAction":[{"@type":"ReadAction","target":["https:\/\/www.rabaini.it\/de\/leichter-nylon-stretch-rock-in-braun\/"]}]},{"@type":"ImageObject","inLanguage":"de","@id":"https:\/\/www.rabaini.it\/de\/leichter-nylon-stretch-rock-in-braun\/#primaryimage","url":"https:\/\/www.rabaini.it\/wp-content\/uploads\/2026\/03\/17.1.jpg","contentUrl":"https:\/\/www.rabaini.it\/wp-content\/uploads\/2026\/03\/17.1.jpg","width":1500,"height":1500},{"@type":"BreadcrumbList","@id":"https:\/\/www.rabaini.it\/de\/leichter-nylon-stretch-rock-in-braun\/#breadcrumb","itemListElement":[{"@type":"ListItem","position":1,"name":"Home","item":"https:\/\/www.rabaini.it\/de\/homepage\/"},{"@type":"ListItem","position":2,"name":"Gesch\u00e4ft","item":"https:\/\/www.rabaini.it\/geschaeft\/"},{"@type":"ListItem","position":3,"name":"Damen","item":"https:\/\/www.rabaini.it\/de\/damen\/"},{"@type":"ListItem","position":4,"name":"LEICHTER NYLON-STRETCH-ROCK IN BRAUN"}]},{"@type":"WebSite","@id":"https:\/\/www.rabaini.it\/de\/#website","url":"https:\/\/www.rabaini.it\/de\/","name":"Rabaini","description":"","potentialAction":[{"@type":"SearchAction","target":{"@type":"EntryPoint","urlTemplate":"https:\/\/www.rabaini.it\/de\/?s={search_term_string}"},"query-input":{"@type":"PropertyValueSpecification","valueRequired":true,"valueName":"search_term_string"}}],"inLanguage":"de"}]}},"_links":{"self":[{"href":"https:\/\/www.rabaini.it\/de\/wp-json\/wp\/v2\/product\/148505","targetHints":{"allow":["GET"]}}],"collection":[{"href":"https:\/\/www.rabaini.it\/de\/wp-json\/wp\/v2\/product"}],"about":[{"href":"https:\/\/www.rabaini.it\/de\/wp-json\/wp\/v2\/types\/product"}],"wp:featuredmedia":[{"embeddable":true,"href":"https:\/\/www.rabaini.it\/de\/wp-json\/wp\/v2\/media\/147900"}],"wp:attachment":[{"href":"https:\/\/www.rabaini.it\/de\/wp-json\/wp\/v2\/media?parent=148505"}],"wp:term":[{"taxonomy":"product_brand","embeddable":true,"href":"https:\/\/www.rabaini.it\/de\/wp-json\/wp\/v2\/product_brand?post=148505"},{"taxonomy":"product_cat","embeddable":true,"href":"https:\/\/www.rabaini.it\/de\/wp-json\/wp\/v2\/product_cat?post=148505"},{"taxonomy":"product_tag","embeddable":true,"href":"https:\/\/www.rabaini.it\/de\/wp-json\/wp\/v2\/product_tag?post=148505"}],"curies":[{"name":"wp","href":"https:\/\/api.w.org\/{rel}","templated":true}]}}