{"id":148445,"date":"2026-03-10T11:40:44","date_gmt":"2026-03-10T10:40:44","guid":{"rendered":"https:\/\/www.rabaini.it\/?post_type=product&#038;p=148445"},"modified":"2026-03-11T19:11:32","modified_gmt":"2026-03-11T18:11:32","slug":"kurze-jacke-aus-wolle-in-blau","status":"publish","type":"product","link":"https:\/\/www.rabaini.it\/de\/kurze-jacke-aus-wolle-in-blau\/","title":{"rendered":"KURZE JACKE AUS WOLLE IN BLAU"},"content":{"rendered":"<ul>\n<li>Artikelcode: SMMSIMONA<\/li>\n<li>Artikelfarbe: Blau<\/li>\n<li>Kurze Jacke mit aufgesetzten Brusttaschen mit Klappen<\/li>\n<li>Jacke aus doppelt gewebtem reiner Wolle, handgen\u00e4ht<\/li>\n<li>Gerade Silhouette mit seitlichen Schlitzen<\/li>\n<li>Kleiner Reverskragen<\/li>\n<li>\u00c4rmel mit eingesetzter Schulter und Manschette mit seitlichem Knopf<\/li>\n<li>Einreihiger Verschluss mit sichtbaren Hornkn\u00f6pfen<\/li>\n<li>Zusammensetzung: 100% Schurwolle<\/li>\n<\/ul>\n","protected":false},"excerpt":{"rendered":"<p>Artikelcode: SMMSIMONA Artikelfarbe: Blau Kurze Jacke mit aufgesetzten Brusttaschen mit Klappen Jacke aus doppelt gewebtem reiner Wolle, handgen\u00e4ht Gerade Silhouette mit seitlichen Schlitzen Kleiner Reverskragen \u00c4rmel mit eingesetzter Schulter und Manschette mit seitlichem Knopf Einreihiger Verschluss mit sichtbaren Hornkn\u00f6pfen Zusammensetzung: 100% Schurwolle<\/p>\n","protected":false},"featured_media":147855,"template":"","meta":{"_acf_changed":false},"product_brand":[],"product_cat":[1273,1274,1279,1308,1277],"product_tag":[1719],"class_list":{"0":"post-148445","1":"product","2":"type-product","3":"status-publish","4":"has-post-thumbnail","6":"product_cat-damen","7":"product_cat-damenbekleidung","8":"product_cat-jacken-damen","9":"product_cat-neuheiten-fur-damen","10":"product_cat-oberbekleidung-damen","11":"product_tag-neuheiten","12":"marca-max-mara-de","14":"first","15":"instock","16":"shipping-taxable","17":"purchasable","18":"product-type-variable"},"acf":[],"yoast_head":"<!-- This site is optimized with the Yoast SEO plugin v27.2 - https:\/\/yoast.com\/product\/yoast-seo-wordpress\/ -->\n<title>KURZE JACKE AUS WOLLE IN BLAU - Rabaini<\/title>\n<meta name=\"robots\" content=\"index, follow, max-snippet:-1, max-image-preview:large, max-video-preview:-1\" \/>\n<link rel=\"canonical\" href=\"https:\/\/www.rabaini.it\/de\/kurze-jacke-aus-wolle-in-blau\/\" \/>\n<meta property=\"og:locale\" content=\"de_DE\" \/>\n<meta property=\"og:type\" content=\"article\" \/>\n<meta property=\"og:title\" content=\"KURZE JACKE AUS WOLLE IN BLAU - Rabaini\" \/>\n<meta property=\"og:description\" content=\"Artikelcode: SMMSIMONA Artikelfarbe: Blau Kurze Jacke mit aufgesetzten Brusttaschen mit Klappen Jacke aus doppelt gewebtem reiner Wolle, handgen\u00e4ht Gerade Silhouette mit seitlichen Schlitzen Kleiner Reverskragen \u00c4rmel mit eingesetzter Schulter und Manschette mit seitlichem Knopf Einreihiger Verschluss mit sichtbaren Hornkn\u00f6pfen Zusammensetzung: 100% Schurwolle\" \/>\n<meta property=\"og:url\" content=\"https:\/\/www.rabaini.it\/de\/kurze-jacke-aus-wolle-in-blau\/\" \/>\n<meta property=\"og:site_name\" content=\"Rabaini\" \/>\n<meta property=\"article:modified_time\" content=\"2026-03-11T18:11:32+00:00\" \/>\n<meta property=\"og:image\" content=\"https:\/\/www.rabaini.it\/wp-content\/uploads\/2026\/03\/12.1.jpg\" \/>\n\t<meta property=\"og:image:width\" content=\"1500\" \/>\n\t<meta property=\"og:image:height\" content=\"1500\" \/>\n\t<meta property=\"og:image:type\" content=\"image\/jpeg\" \/>\n<meta name=\"twitter:card\" content=\"summary_large_image\" \/>\n<script type=\"application\/ld+json\" class=\"yoast-schema-graph\">{\"@context\":\"https:\/\/schema.org\",\"@graph\":[{\"@type\":\"WebPage\",\"@id\":\"https:\/\/www.rabaini.it\/de\/kurze-jacke-aus-wolle-in-blau\/\",\"url\":\"https:\/\/www.rabaini.it\/de\/kurze-jacke-aus-wolle-in-blau\/\",\"name\":\"KURZE JACKE AUS WOLLE IN BLAU - Rabaini\",\"isPartOf\":{\"@id\":\"https:\/\/www.rabaini.it\/de\/#website\"},\"primaryImageOfPage\":{\"@id\":\"https:\/\/www.rabaini.it\/de\/kurze-jacke-aus-wolle-in-blau\/#primaryimage\"},\"image\":{\"@id\":\"https:\/\/www.rabaini.it\/de\/kurze-jacke-aus-wolle-in-blau\/#primaryimage\"},\"thumbnailUrl\":\"https:\/\/www.rabaini.it\/wp-content\/uploads\/2026\/03\/12.1.jpg\",\"datePublished\":\"2026-03-10T10:40:44+00:00\",\"dateModified\":\"2026-03-11T18:11:32+00:00\",\"breadcrumb\":{\"@id\":\"https:\/\/www.rabaini.it\/de\/kurze-jacke-aus-wolle-in-blau\/#breadcrumb\"},\"inLanguage\":\"de\",\"potentialAction\":[{\"@type\":\"ReadAction\",\"target\":[\"https:\/\/www.rabaini.it\/de\/kurze-jacke-aus-wolle-in-blau\/\"]}]},{\"@type\":\"ImageObject\",\"inLanguage\":\"de\",\"@id\":\"https:\/\/www.rabaini.it\/de\/kurze-jacke-aus-wolle-in-blau\/#primaryimage\",\"url\":\"https:\/\/www.rabaini.it\/wp-content\/uploads\/2026\/03\/12.1.jpg\",\"contentUrl\":\"https:\/\/www.rabaini.it\/wp-content\/uploads\/2026\/03\/12.1.jpg\",\"width\":1500,\"height\":1500},{\"@type\":\"BreadcrumbList\",\"@id\":\"https:\/\/www.rabaini.it\/de\/kurze-jacke-aus-wolle-in-blau\/#breadcrumb\",\"itemListElement\":[{\"@type\":\"ListItem\",\"position\":1,\"name\":\"Home\",\"item\":\"https:\/\/www.rabaini.it\/de\/homepage\/\"},{\"@type\":\"ListItem\",\"position\":2,\"name\":\"Gesch\u00e4ft\",\"item\":\"https:\/\/www.rabaini.it\/geschaeft\/\"},{\"@type\":\"ListItem\",\"position\":3,\"name\":\"Damen\",\"item\":\"https:\/\/www.rabaini.it\/de\/damen\/\"},{\"@type\":\"ListItem\",\"position\":4,\"name\":\"KURZE JACKE AUS WOLLE IN BLAU\"}]},{\"@type\":\"WebSite\",\"@id\":\"https:\/\/www.rabaini.it\/de\/#website\",\"url\":\"https:\/\/www.rabaini.it\/de\/\",\"name\":\"Rabaini\",\"description\":\"\",\"potentialAction\":[{\"@type\":\"SearchAction\",\"target\":{\"@type\":\"EntryPoint\",\"urlTemplate\":\"https:\/\/www.rabaini.it\/de\/?s={search_term_string}\"},\"query-input\":{\"@type\":\"PropertyValueSpecification\",\"valueRequired\":true,\"valueName\":\"search_term_string\"}}],\"inLanguage\":\"de\"}]}<\/script>\n<!-- \/ Yoast SEO plugin. -->","yoast_head_json":{"title":"KURZE JACKE AUS WOLLE IN BLAU - Rabaini","robots":{"index":"index","follow":"follow","max-snippet":"max-snippet:-1","max-image-preview":"max-image-preview:large","max-video-preview":"max-video-preview:-1"},"canonical":"https:\/\/www.rabaini.it\/de\/kurze-jacke-aus-wolle-in-blau\/","og_locale":"de_DE","og_type":"article","og_title":"KURZE JACKE AUS WOLLE IN BLAU - Rabaini","og_description":"Artikelcode: SMMSIMONA Artikelfarbe: Blau Kurze Jacke mit aufgesetzten Brusttaschen mit Klappen Jacke aus doppelt gewebtem reiner Wolle, handgen\u00e4ht Gerade Silhouette mit seitlichen Schlitzen Kleiner Reverskragen \u00c4rmel mit eingesetzter Schulter und Manschette mit seitlichem Knopf Einreihiger Verschluss mit sichtbaren Hornkn\u00f6pfen Zusammensetzung: 100% Schurwolle","og_url":"https:\/\/www.rabaini.it\/de\/kurze-jacke-aus-wolle-in-blau\/","og_site_name":"Rabaini","article_modified_time":"2026-03-11T18:11:32+00:00","og_image":[{"width":1500,"height":1500,"url":"https:\/\/www.rabaini.it\/wp-content\/uploads\/2026\/03\/12.1.jpg","type":"image\/jpeg"}],"twitter_card":"summary_large_image","schema":{"@context":"https:\/\/schema.org","@graph":[{"@type":"WebPage","@id":"https:\/\/www.rabaini.it\/de\/kurze-jacke-aus-wolle-in-blau\/","url":"https:\/\/www.rabaini.it\/de\/kurze-jacke-aus-wolle-in-blau\/","name":"KURZE JACKE AUS WOLLE IN BLAU - Rabaini","isPartOf":{"@id":"https:\/\/www.rabaini.it\/de\/#website"},"primaryImageOfPage":{"@id":"https:\/\/www.rabaini.it\/de\/kurze-jacke-aus-wolle-in-blau\/#primaryimage"},"image":{"@id":"https:\/\/www.rabaini.it\/de\/kurze-jacke-aus-wolle-in-blau\/#primaryimage"},"thumbnailUrl":"https:\/\/www.rabaini.it\/wp-content\/uploads\/2026\/03\/12.1.jpg","datePublished":"2026-03-10T10:40:44+00:00","dateModified":"2026-03-11T18:11:32+00:00","breadcrumb":{"@id":"https:\/\/www.rabaini.it\/de\/kurze-jacke-aus-wolle-in-blau\/#breadcrumb"},"inLanguage":"de","potentialAction":[{"@type":"ReadAction","target":["https:\/\/www.rabaini.it\/de\/kurze-jacke-aus-wolle-in-blau\/"]}]},{"@type":"ImageObject","inLanguage":"de","@id":"https:\/\/www.rabaini.it\/de\/kurze-jacke-aus-wolle-in-blau\/#primaryimage","url":"https:\/\/www.rabaini.it\/wp-content\/uploads\/2026\/03\/12.1.jpg","contentUrl":"https:\/\/www.rabaini.it\/wp-content\/uploads\/2026\/03\/12.1.jpg","width":1500,"height":1500},{"@type":"BreadcrumbList","@id":"https:\/\/www.rabaini.it\/de\/kurze-jacke-aus-wolle-in-blau\/#breadcrumb","itemListElement":[{"@type":"ListItem","position":1,"name":"Home","item":"https:\/\/www.rabaini.it\/de\/homepage\/"},{"@type":"ListItem","position":2,"name":"Gesch\u00e4ft","item":"https:\/\/www.rabaini.it\/geschaeft\/"},{"@type":"ListItem","position":3,"name":"Damen","item":"https:\/\/www.rabaini.it\/de\/damen\/"},{"@type":"ListItem","position":4,"name":"KURZE JACKE AUS WOLLE IN BLAU"}]},{"@type":"WebSite","@id":"https:\/\/www.rabaini.it\/de\/#website","url":"https:\/\/www.rabaini.it\/de\/","name":"Rabaini","description":"","potentialAction":[{"@type":"SearchAction","target":{"@type":"EntryPoint","urlTemplate":"https:\/\/www.rabaini.it\/de\/?s={search_term_string}"},"query-input":{"@type":"PropertyValueSpecification","valueRequired":true,"valueName":"search_term_string"}}],"inLanguage":"de"}]}},"_links":{"self":[{"href":"https:\/\/www.rabaini.it\/de\/wp-json\/wp\/v2\/product\/148445","targetHints":{"allow":["GET"]}}],"collection":[{"href":"https:\/\/www.rabaini.it\/de\/wp-json\/wp\/v2\/product"}],"about":[{"href":"https:\/\/www.rabaini.it\/de\/wp-json\/wp\/v2\/types\/product"}],"wp:featuredmedia":[{"embeddable":true,"href":"https:\/\/www.rabaini.it\/de\/wp-json\/wp\/v2\/media\/147855"}],"wp:attachment":[{"href":"https:\/\/www.rabaini.it\/de\/wp-json\/wp\/v2\/media?parent=148445"}],"wp:term":[{"taxonomy":"product_brand","embeddable":true,"href":"https:\/\/www.rabaini.it\/de\/wp-json\/wp\/v2\/product_brand?post=148445"},{"taxonomy":"product_cat","embeddable":true,"href":"https:\/\/www.rabaini.it\/de\/wp-json\/wp\/v2\/product_cat?post=148445"},{"taxonomy":"product_tag","embeddable":true,"href":"https:\/\/www.rabaini.it\/de\/wp-json\/wp\/v2\/product_tag?post=148445"}],"curies":[{"name":"wp","href":"https:\/\/api.w.org\/{rel}","templated":true}]}}