{"id":148325,"date":"2026-03-10T09:39:56","date_gmt":"2026-03-10T08:39:56","guid":{"rendered":"https:\/\/www.rabaini.it\/?post_type=product&#038;p=148325"},"modified":"2026-03-11T19:05:06","modified_gmt":"2026-03-11T18:05:06","slug":"weite-hose-aus-baumwolle-und-leinen-in-weiss","status":"publish","type":"product","link":"https:\/\/www.rabaini.it\/de\/weite-hose-aus-baumwolle-und-leinen-in-weiss\/","title":{"rendered":"WEITE HOSE AUS BAUMWOLLE UND LEINEN IN WEISS"},"content":{"rendered":"<ul>\n<li>Artikelcode: SMMALOA<\/li>\n<li>Artikelfarbe: Wei\u00df<\/li>\n<li>Weite Hose mit horizontalen Schnittdetails auf der R\u00fcckseite auf Knieh\u00f6he<\/li>\n<li>Hose aus st\u00fcckgef\u00e4rbtem Baumwoll- und Leinen-Drill<\/li>\n<li>Weites Bein mit Falten auf der Vorderseite<\/li>\n<li>Verschluss mit hohem Bund, Rei\u00dfverschluss mit Patte und Haken<\/li>\n<li>Franz\u00f6sische Taschen an den Seiten<\/li>\n<li>Aufgesetzte Taschen hinten<\/li>\n<li>G\u00fcrtelschlaufen am Bund<\/li>\n<li>Individuelles Label am hinteren Bund<\/li>\n<li>Zusammensetzung: 59% Baumwolle, 41% Leinen<\/li>\n<\/ul>\n","protected":false},"excerpt":{"rendered":"<p>Artikelcode: SMMALOA Artikelfarbe: Wei\u00df Weite Hose mit horizontalen Schnittdetails auf der R\u00fcckseite auf Knieh\u00f6he Hose aus st\u00fcckgef\u00e4rbtem Baumwoll- und Leinen-Drill Weites Bein mit Falten auf der Vorderseite Verschluss mit hohem Bund, Rei\u00dfverschluss mit Patte und Haken Franz\u00f6sische Taschen an den Seiten Aufgesetzte Taschen hinten G\u00fcrtelschlaufen am Bund Individuelles Label am hinteren Bund Zusammensetzung: 59% Baumwolle,&hellip;<\/p>\n","protected":false},"featured_media":147765,"template":"","meta":{"_acf_changed":false},"product_brand":[],"product_cat":[1273,1274,1289,1308],"product_tag":[1719],"class_list":{"0":"post-148325","1":"product","2":"type-product","3":"status-publish","4":"has-post-thumbnail","6":"product_cat-damen","7":"product_cat-damenbekleidung","8":"product_cat-hose-damen","9":"product_cat-neuheiten-fur-damen","10":"product_tag-neuheiten","11":"marca-max-mara-de","13":"first","14":"instock","15":"shipping-taxable","16":"purchasable","17":"product-type-variable"},"acf":[],"yoast_head":"<!-- This site is optimized with the Yoast SEO plugin v27.2 - https:\/\/yoast.com\/product\/yoast-seo-wordpress\/ -->\n<title>WEITE HOSE AUS BAUMWOLLE UND LEINEN IN WEISS - Rabaini<\/title>\n<meta name=\"robots\" content=\"index, follow, max-snippet:-1, max-image-preview:large, max-video-preview:-1\" \/>\n<link rel=\"canonical\" href=\"https:\/\/www.rabaini.it\/de\/weite-hose-aus-baumwolle-und-leinen-in-weiss\/\" \/>\n<meta property=\"og:locale\" content=\"de_DE\" \/>\n<meta property=\"og:type\" content=\"article\" \/>\n<meta property=\"og:title\" content=\"WEITE HOSE AUS BAUMWOLLE UND LEINEN IN WEISS - Rabaini\" \/>\n<meta property=\"og:description\" content=\"Artikelcode: SMMALOA Artikelfarbe: Wei\u00df Weite Hose mit horizontalen Schnittdetails auf der R\u00fcckseite auf Knieh\u00f6he Hose aus st\u00fcckgef\u00e4rbtem Baumwoll- und Leinen-Drill Weites Bein mit Falten auf der Vorderseite Verschluss mit hohem Bund, Rei\u00dfverschluss mit Patte und Haken Franz\u00f6sische Taschen an den Seiten Aufgesetzte Taschen hinten G\u00fcrtelschlaufen am Bund Individuelles Label am hinteren Bund Zusammensetzung: 59% Baumwolle,&hellip;\" \/>\n<meta property=\"og:url\" content=\"https:\/\/www.rabaini.it\/de\/weite-hose-aus-baumwolle-und-leinen-in-weiss\/\" \/>\n<meta property=\"og:site_name\" content=\"Rabaini\" \/>\n<meta property=\"article:modified_time\" content=\"2026-03-11T18:05:06+00:00\" \/>\n<meta property=\"og:image\" content=\"https:\/\/www.rabaini.it\/wp-content\/uploads\/2026\/03\/2.1.jpg\" \/>\n\t<meta property=\"og:image:width\" content=\"1500\" \/>\n\t<meta property=\"og:image:height\" content=\"1500\" \/>\n\t<meta property=\"og:image:type\" content=\"image\/jpeg\" \/>\n<meta name=\"twitter:card\" content=\"summary_large_image\" \/>\n<script type=\"application\/ld+json\" class=\"yoast-schema-graph\">{\"@context\":\"https:\/\/schema.org\",\"@graph\":[{\"@type\":\"WebPage\",\"@id\":\"https:\/\/www.rabaini.it\/de\/weite-hose-aus-baumwolle-und-leinen-in-weiss\/\",\"url\":\"https:\/\/www.rabaini.it\/de\/weite-hose-aus-baumwolle-und-leinen-in-weiss\/\",\"name\":\"WEITE HOSE AUS BAUMWOLLE UND LEINEN IN WEISS - Rabaini\",\"isPartOf\":{\"@id\":\"https:\/\/www.rabaini.it\/de\/#website\"},\"primaryImageOfPage\":{\"@id\":\"https:\/\/www.rabaini.it\/de\/weite-hose-aus-baumwolle-und-leinen-in-weiss\/#primaryimage\"},\"image\":{\"@id\":\"https:\/\/www.rabaini.it\/de\/weite-hose-aus-baumwolle-und-leinen-in-weiss\/#primaryimage\"},\"thumbnailUrl\":\"https:\/\/www.rabaini.it\/wp-content\/uploads\/2026\/03\/2.1.jpg\",\"datePublished\":\"2026-03-10T08:39:56+00:00\",\"dateModified\":\"2026-03-11T18:05:06+00:00\",\"breadcrumb\":{\"@id\":\"https:\/\/www.rabaini.it\/de\/weite-hose-aus-baumwolle-und-leinen-in-weiss\/#breadcrumb\"},\"inLanguage\":\"de\",\"potentialAction\":[{\"@type\":\"ReadAction\",\"target\":[\"https:\/\/www.rabaini.it\/de\/weite-hose-aus-baumwolle-und-leinen-in-weiss\/\"]}]},{\"@type\":\"ImageObject\",\"inLanguage\":\"de\",\"@id\":\"https:\/\/www.rabaini.it\/de\/weite-hose-aus-baumwolle-und-leinen-in-weiss\/#primaryimage\",\"url\":\"https:\/\/www.rabaini.it\/wp-content\/uploads\/2026\/03\/2.1.jpg\",\"contentUrl\":\"https:\/\/www.rabaini.it\/wp-content\/uploads\/2026\/03\/2.1.jpg\",\"width\":1500,\"height\":1500},{\"@type\":\"BreadcrumbList\",\"@id\":\"https:\/\/www.rabaini.it\/de\/weite-hose-aus-baumwolle-und-leinen-in-weiss\/#breadcrumb\",\"itemListElement\":[{\"@type\":\"ListItem\",\"position\":1,\"name\":\"Home\",\"item\":\"https:\/\/www.rabaini.it\/de\/homepage\/\"},{\"@type\":\"ListItem\",\"position\":2,\"name\":\"Gesch\u00e4ft\",\"item\":\"https:\/\/www.rabaini.it\/geschaeft\/\"},{\"@type\":\"ListItem\",\"position\":3,\"name\":\"Damen\",\"item\":\"https:\/\/www.rabaini.it\/de\/damen\/\"},{\"@type\":\"ListItem\",\"position\":4,\"name\":\"WEITE HOSE AUS BAUMWOLLE UND LEINEN IN WEISS\"}]},{\"@type\":\"WebSite\",\"@id\":\"https:\/\/www.rabaini.it\/de\/#website\",\"url\":\"https:\/\/www.rabaini.it\/de\/\",\"name\":\"Rabaini\",\"description\":\"\",\"potentialAction\":[{\"@type\":\"SearchAction\",\"target\":{\"@type\":\"EntryPoint\",\"urlTemplate\":\"https:\/\/www.rabaini.it\/de\/?s={search_term_string}\"},\"query-input\":{\"@type\":\"PropertyValueSpecification\",\"valueRequired\":true,\"valueName\":\"search_term_string\"}}],\"inLanguage\":\"de\"}]}<\/script>\n<!-- \/ Yoast SEO plugin. -->","yoast_head_json":{"title":"WEITE HOSE AUS BAUMWOLLE UND LEINEN IN WEISS - Rabaini","robots":{"index":"index","follow":"follow","max-snippet":"max-snippet:-1","max-image-preview":"max-image-preview:large","max-video-preview":"max-video-preview:-1"},"canonical":"https:\/\/www.rabaini.it\/de\/weite-hose-aus-baumwolle-und-leinen-in-weiss\/","og_locale":"de_DE","og_type":"article","og_title":"WEITE HOSE AUS BAUMWOLLE UND LEINEN IN WEISS - Rabaini","og_description":"Artikelcode: SMMALOA Artikelfarbe: Wei\u00df Weite Hose mit horizontalen Schnittdetails auf der R\u00fcckseite auf Knieh\u00f6he Hose aus st\u00fcckgef\u00e4rbtem Baumwoll- und Leinen-Drill Weites Bein mit Falten auf der Vorderseite Verschluss mit hohem Bund, Rei\u00dfverschluss mit Patte und Haken Franz\u00f6sische Taschen an den Seiten Aufgesetzte Taschen hinten G\u00fcrtelschlaufen am Bund Individuelles Label am hinteren Bund Zusammensetzung: 59% Baumwolle,&hellip;","og_url":"https:\/\/www.rabaini.it\/de\/weite-hose-aus-baumwolle-und-leinen-in-weiss\/","og_site_name":"Rabaini","article_modified_time":"2026-03-11T18:05:06+00:00","og_image":[{"width":1500,"height":1500,"url":"https:\/\/www.rabaini.it\/wp-content\/uploads\/2026\/03\/2.1.jpg","type":"image\/jpeg"}],"twitter_card":"summary_large_image","schema":{"@context":"https:\/\/schema.org","@graph":[{"@type":"WebPage","@id":"https:\/\/www.rabaini.it\/de\/weite-hose-aus-baumwolle-und-leinen-in-weiss\/","url":"https:\/\/www.rabaini.it\/de\/weite-hose-aus-baumwolle-und-leinen-in-weiss\/","name":"WEITE HOSE AUS BAUMWOLLE UND LEINEN IN WEISS - Rabaini","isPartOf":{"@id":"https:\/\/www.rabaini.it\/de\/#website"},"primaryImageOfPage":{"@id":"https:\/\/www.rabaini.it\/de\/weite-hose-aus-baumwolle-und-leinen-in-weiss\/#primaryimage"},"image":{"@id":"https:\/\/www.rabaini.it\/de\/weite-hose-aus-baumwolle-und-leinen-in-weiss\/#primaryimage"},"thumbnailUrl":"https:\/\/www.rabaini.it\/wp-content\/uploads\/2026\/03\/2.1.jpg","datePublished":"2026-03-10T08:39:56+00:00","dateModified":"2026-03-11T18:05:06+00:00","breadcrumb":{"@id":"https:\/\/www.rabaini.it\/de\/weite-hose-aus-baumwolle-und-leinen-in-weiss\/#breadcrumb"},"inLanguage":"de","potentialAction":[{"@type":"ReadAction","target":["https:\/\/www.rabaini.it\/de\/weite-hose-aus-baumwolle-und-leinen-in-weiss\/"]}]},{"@type":"ImageObject","inLanguage":"de","@id":"https:\/\/www.rabaini.it\/de\/weite-hose-aus-baumwolle-und-leinen-in-weiss\/#primaryimage","url":"https:\/\/www.rabaini.it\/wp-content\/uploads\/2026\/03\/2.1.jpg","contentUrl":"https:\/\/www.rabaini.it\/wp-content\/uploads\/2026\/03\/2.1.jpg","width":1500,"height":1500},{"@type":"BreadcrumbList","@id":"https:\/\/www.rabaini.it\/de\/weite-hose-aus-baumwolle-und-leinen-in-weiss\/#breadcrumb","itemListElement":[{"@type":"ListItem","position":1,"name":"Home","item":"https:\/\/www.rabaini.it\/de\/homepage\/"},{"@type":"ListItem","position":2,"name":"Gesch\u00e4ft","item":"https:\/\/www.rabaini.it\/geschaeft\/"},{"@type":"ListItem","position":3,"name":"Damen","item":"https:\/\/www.rabaini.it\/de\/damen\/"},{"@type":"ListItem","position":4,"name":"WEITE HOSE AUS BAUMWOLLE UND LEINEN IN WEISS"}]},{"@type":"WebSite","@id":"https:\/\/www.rabaini.it\/de\/#website","url":"https:\/\/www.rabaini.it\/de\/","name":"Rabaini","description":"","potentialAction":[{"@type":"SearchAction","target":{"@type":"EntryPoint","urlTemplate":"https:\/\/www.rabaini.it\/de\/?s={search_term_string}"},"query-input":{"@type":"PropertyValueSpecification","valueRequired":true,"valueName":"search_term_string"}}],"inLanguage":"de"}]}},"_links":{"self":[{"href":"https:\/\/www.rabaini.it\/de\/wp-json\/wp\/v2\/product\/148325","targetHints":{"allow":["GET"]}}],"collection":[{"href":"https:\/\/www.rabaini.it\/de\/wp-json\/wp\/v2\/product"}],"about":[{"href":"https:\/\/www.rabaini.it\/de\/wp-json\/wp\/v2\/types\/product"}],"wp:featuredmedia":[{"embeddable":true,"href":"https:\/\/www.rabaini.it\/de\/wp-json\/wp\/v2\/media\/147765"}],"wp:attachment":[{"href":"https:\/\/www.rabaini.it\/de\/wp-json\/wp\/v2\/media?parent=148325"}],"wp:term":[{"taxonomy":"product_brand","embeddable":true,"href":"https:\/\/www.rabaini.it\/de\/wp-json\/wp\/v2\/product_brand?post=148325"},{"taxonomy":"product_cat","embeddable":true,"href":"https:\/\/www.rabaini.it\/de\/wp-json\/wp\/v2\/product_cat?post=148325"},{"taxonomy":"product_tag","embeddable":true,"href":"https:\/\/www.rabaini.it\/de\/wp-json\/wp\/v2\/product_tag?post=148325"}],"curies":[{"name":"wp","href":"https:\/\/api.w.org\/{rel}","templated":true}]}}