{"id":147482,"date":"2026-02-24T19:07:14","date_gmt":"2026-02-24T18:07:14","guid":{"rendered":"https:\/\/www.rabaini.it\/?post_type=product&#038;p=147482"},"modified":"2026-02-27T17:50:58","modified_gmt":"2026-02-27T16:50:58","slug":"sneakers-hyperway-aus-weiss-silber-und-space-aus-synthetikleder-und-mesh","status":"publish","type":"product","link":"https:\/\/www.rabaini.it\/de\/sneakers-hyperway-aus-weiss-silber-und-space-aus-synthetikleder-und-mesh\/","title":{"rendered":"SNEAKERS HYPERWAY AUS WEISS, SILBER UND SPACE AUS SYNTHETIKLEDER UND MESH"},"content":{"rendered":"<ul>\n<li>Artikelcode: HYLM MV04<\/li>\n<li>Artikel Farbe: Wei\u00df, Silber und Blau<\/li>\n<li>Hyperway: der Autry Sneaker, inspiriert von der Zukunft<\/li>\n<li>Laufstil und urbaner Einfluss treffen auf die neue Action Cush-Technologie f\u00fcr maximalen Komfort<\/li>\n<li>Das Obermaterial besticht durch die Kombination aus leichtem, atmungsaktivem Mesh f\u00fcr Komfort, w\u00e4hrend silberne Eins\u00e4tze ein modernes Stildetail setzen<\/li>\n<li>Dieses Modell ist mit blauen Details veredelt, die einen Farbakzent setzen<\/li>\n<li>Die Sohle verf\u00fcgt \u00fcber die &#8218;Action Cush&#8216;-Technologie f\u00fcr verbesserte D\u00e4mpfung und optimalen Komfort und sorgt f\u00fcr ein einzigartiges und \u00e4u\u00dferst angenehmes Laufgef\u00fchl<\/li>\n<li>Der strategisch platzierte TPR-Stabilisator bietet Unterst\u00fctzung und Stabilit\u00e4t<\/li>\n<li>Die Nylon-Zunge sorgt f\u00fcr ein funktionales und edles Design, der gepr\u00e4gte Leder-Fersenbereich, das Label auf der Zunge und das seitliche Jacquard-Logo verleihen zus\u00e4tzlichen Authentizit\u00e4tstouch<\/li>\n<li>Obermaterial aus PU-Leder, Leder und Mesh<\/li>\n<li>Zehenbereich aus Mesh<\/li>\n<li>Flache Baumwollschn\u00fcrsenkel<\/li>\n<li>Logo-Label auf der Zunge aufgen\u00e4ht<\/li>\n<li>Gepolsterter Mesh-Kragen<\/li>\n<li>Futter aus Baumwollfrottee<\/li>\n<li>Mesh-gef\u00fctterte Innensohle, 1,5 mm erh\u00f6ht<\/li>\n<li>PI-Sohle<\/li>\n<li>Sohlenh\u00f6he: 3,5 cm<\/li>\n<li>Obermaterial: 45% Synthetikmaterial (100% PU), 40% Mesh, 5% Leder, 10% Nylon<\/li>\n<li>Futter: 50% Baumwollfrottee, 10% Nylon, 10% Leder, 30% Mesh<\/li>\n<li>Sohle: 40% Phylon, 40% Gummi, 20% TPU<\/li>\n<\/ul>\n","protected":false},"excerpt":{"rendered":"<p>Artikelcode: HYLM MV04 Artikel Farbe: Wei\u00df, Silber und Blau Hyperway: der Autry Sneaker, inspiriert von der Zukunft Laufstil und urbaner Einfluss treffen auf die neue Action Cush-Technologie f\u00fcr maximalen Komfort Das Obermaterial besticht durch die Kombination aus leichtem, atmungsaktivem Mesh f\u00fcr Komfort, w\u00e4hrend silberne Eins\u00e4tze ein modernes Stildetail setzen Dieses Modell ist mit blauen Details&hellip;<\/p>\n","protected":false},"featured_media":145690,"template":"","meta":{"_acf_changed":false},"product_brand":[],"product_cat":[1324,1358,1356,1361],"product_tag":[],"class_list":{"0":"post-147482","1":"product","2":"type-product","3":"status-publish","4":"has-post-thumbnail","6":"product_cat-herren","7":"product_cat-herrenschuhe","8":"product_cat-neuheiten-fur-herren","9":"product_cat-turnschuhe-herren","10":"marca-autry-de","12":"first","13":"instock","14":"shipping-taxable","15":"purchasable","16":"product-type-variable"},"acf":[],"yoast_head":"<!-- This site is optimized with the Yoast SEO plugin v27.2 - https:\/\/yoast.com\/product\/yoast-seo-wordpress\/ -->\n<title>SNEAKERS HYPERWAY AUS WEISS, SILBER UND SPACE AUS SYNTHETIKLEDER UND MESH - Rabaini<\/title>\n<meta name=\"robots\" content=\"index, follow, max-snippet:-1, max-image-preview:large, max-video-preview:-1\" \/>\n<link rel=\"canonical\" href=\"https:\/\/www.rabaini.it\/de\/sneakers-hyperway-aus-weiss-silber-und-space-aus-synthetikleder-und-mesh\/\" \/>\n<meta property=\"og:locale\" content=\"de_DE\" \/>\n<meta property=\"og:type\" content=\"article\" \/>\n<meta property=\"og:title\" content=\"SNEAKERS HYPERWAY AUS WEISS, SILBER UND SPACE AUS SYNTHETIKLEDER UND MESH - Rabaini\" \/>\n<meta property=\"og:description\" content=\"Artikelcode: HYLM MV04 Artikel Farbe: Wei\u00df, Silber und Blau Hyperway: der Autry Sneaker, inspiriert von der Zukunft Laufstil und urbaner Einfluss treffen auf die neue Action Cush-Technologie f\u00fcr maximalen Komfort Das Obermaterial besticht durch die Kombination aus leichtem, atmungsaktivem Mesh f\u00fcr Komfort, w\u00e4hrend silberne Eins\u00e4tze ein modernes Stildetail setzen Dieses Modell ist mit blauen Details&hellip;\" \/>\n<meta property=\"og:url\" content=\"https:\/\/www.rabaini.it\/de\/sneakers-hyperway-aus-weiss-silber-und-space-aus-synthetikleder-und-mesh\/\" \/>\n<meta property=\"og:site_name\" content=\"Rabaini\" \/>\n<meta property=\"article:modified_time\" content=\"2026-02-27T16:50:58+00:00\" \/>\n<meta property=\"og:image\" content=\"https:\/\/www.rabaini.it\/wp-content\/uploads\/2026\/02\/DSC_1240.jpg\" \/>\n\t<meta property=\"og:image:width\" content=\"1500\" \/>\n\t<meta property=\"og:image:height\" content=\"1500\" \/>\n\t<meta property=\"og:image:type\" content=\"image\/jpeg\" \/>\n<meta name=\"twitter:card\" content=\"summary_large_image\" \/>\n<meta name=\"twitter:label1\" content=\"Gesch\u00e4tzte Lesezeit\" \/>\n\t<meta name=\"twitter:data1\" content=\"1\u00a0Minute\" \/>\n<script type=\"application\/ld+json\" class=\"yoast-schema-graph\">{\"@context\":\"https:\/\/schema.org\",\"@graph\":[{\"@type\":\"WebPage\",\"@id\":\"https:\/\/www.rabaini.it\/de\/sneakers-hyperway-aus-weiss-silber-und-space-aus-synthetikleder-und-mesh\/\",\"url\":\"https:\/\/www.rabaini.it\/de\/sneakers-hyperway-aus-weiss-silber-und-space-aus-synthetikleder-und-mesh\/\",\"name\":\"SNEAKERS HYPERWAY AUS WEISS, SILBER UND SPACE AUS SYNTHETIKLEDER UND MESH - Rabaini\",\"isPartOf\":{\"@id\":\"https:\/\/www.rabaini.it\/de\/#website\"},\"primaryImageOfPage\":{\"@id\":\"https:\/\/www.rabaini.it\/de\/sneakers-hyperway-aus-weiss-silber-und-space-aus-synthetikleder-und-mesh\/#primaryimage\"},\"image\":{\"@id\":\"https:\/\/www.rabaini.it\/de\/sneakers-hyperway-aus-weiss-silber-und-space-aus-synthetikleder-und-mesh\/#primaryimage\"},\"thumbnailUrl\":\"https:\/\/www.rabaini.it\/wp-content\/uploads\/2026\/02\/DSC_1240.jpg\",\"datePublished\":\"2026-02-24T18:07:14+00:00\",\"dateModified\":\"2026-02-27T16:50:58+00:00\",\"breadcrumb\":{\"@id\":\"https:\/\/www.rabaini.it\/de\/sneakers-hyperway-aus-weiss-silber-und-space-aus-synthetikleder-und-mesh\/#breadcrumb\"},\"inLanguage\":\"de\",\"potentialAction\":[{\"@type\":\"ReadAction\",\"target\":[\"https:\/\/www.rabaini.it\/de\/sneakers-hyperway-aus-weiss-silber-und-space-aus-synthetikleder-und-mesh\/\"]}]},{\"@type\":\"ImageObject\",\"inLanguage\":\"de\",\"@id\":\"https:\/\/www.rabaini.it\/de\/sneakers-hyperway-aus-weiss-silber-und-space-aus-synthetikleder-und-mesh\/#primaryimage\",\"url\":\"https:\/\/www.rabaini.it\/wp-content\/uploads\/2026\/02\/DSC_1240.jpg\",\"contentUrl\":\"https:\/\/www.rabaini.it\/wp-content\/uploads\/2026\/02\/DSC_1240.jpg\",\"width\":1500,\"height\":1500},{\"@type\":\"BreadcrumbList\",\"@id\":\"https:\/\/www.rabaini.it\/de\/sneakers-hyperway-aus-weiss-silber-und-space-aus-synthetikleder-und-mesh\/#breadcrumb\",\"itemListElement\":[{\"@type\":\"ListItem\",\"position\":1,\"name\":\"Home\",\"item\":\"https:\/\/www.rabaini.it\/de\/homepage\/\"},{\"@type\":\"ListItem\",\"position\":2,\"name\":\"Gesch\u00e4ft\",\"item\":\"https:\/\/www.rabaini.it\/geschaeft\/\"},{\"@type\":\"ListItem\",\"position\":3,\"name\":\"Herren\",\"item\":\"https:\/\/www.rabaini.it\/de\/herren\/\"},{\"@type\":\"ListItem\",\"position\":4,\"name\":\"SNEAKERS HYPERWAY AUS WEISS, SILBER UND SPACE AUS SYNTHETIKLEDER UND MESH\"}]},{\"@type\":\"WebSite\",\"@id\":\"https:\/\/www.rabaini.it\/de\/#website\",\"url\":\"https:\/\/www.rabaini.it\/de\/\",\"name\":\"Rabaini\",\"description\":\"\",\"potentialAction\":[{\"@type\":\"SearchAction\",\"target\":{\"@type\":\"EntryPoint\",\"urlTemplate\":\"https:\/\/www.rabaini.it\/de\/?s={search_term_string}\"},\"query-input\":{\"@type\":\"PropertyValueSpecification\",\"valueRequired\":true,\"valueName\":\"search_term_string\"}}],\"inLanguage\":\"de\"}]}<\/script>\n<!-- \/ Yoast SEO plugin. -->","yoast_head_json":{"title":"SNEAKERS HYPERWAY AUS WEISS, SILBER UND SPACE AUS SYNTHETIKLEDER UND MESH - Rabaini","robots":{"index":"index","follow":"follow","max-snippet":"max-snippet:-1","max-image-preview":"max-image-preview:large","max-video-preview":"max-video-preview:-1"},"canonical":"https:\/\/www.rabaini.it\/de\/sneakers-hyperway-aus-weiss-silber-und-space-aus-synthetikleder-und-mesh\/","og_locale":"de_DE","og_type":"article","og_title":"SNEAKERS HYPERWAY AUS WEISS, SILBER UND SPACE AUS SYNTHETIKLEDER UND MESH - Rabaini","og_description":"Artikelcode: HYLM MV04 Artikel Farbe: Wei\u00df, Silber und Blau Hyperway: der Autry Sneaker, inspiriert von der Zukunft Laufstil und urbaner Einfluss treffen auf die neue Action Cush-Technologie f\u00fcr maximalen Komfort Das Obermaterial besticht durch die Kombination aus leichtem, atmungsaktivem Mesh f\u00fcr Komfort, w\u00e4hrend silberne Eins\u00e4tze ein modernes Stildetail setzen Dieses Modell ist mit blauen Details&hellip;","og_url":"https:\/\/www.rabaini.it\/de\/sneakers-hyperway-aus-weiss-silber-und-space-aus-synthetikleder-und-mesh\/","og_site_name":"Rabaini","article_modified_time":"2026-02-27T16:50:58+00:00","og_image":[{"width":1500,"height":1500,"url":"https:\/\/www.rabaini.it\/wp-content\/uploads\/2026\/02\/DSC_1240.jpg","type":"image\/jpeg"}],"twitter_card":"summary_large_image","twitter_misc":{"Gesch\u00e4tzte Lesezeit":"1\u00a0Minute"},"schema":{"@context":"https:\/\/schema.org","@graph":[{"@type":"WebPage","@id":"https:\/\/www.rabaini.it\/de\/sneakers-hyperway-aus-weiss-silber-und-space-aus-synthetikleder-und-mesh\/","url":"https:\/\/www.rabaini.it\/de\/sneakers-hyperway-aus-weiss-silber-und-space-aus-synthetikleder-und-mesh\/","name":"SNEAKERS HYPERWAY AUS WEISS, SILBER UND SPACE AUS SYNTHETIKLEDER UND MESH - Rabaini","isPartOf":{"@id":"https:\/\/www.rabaini.it\/de\/#website"},"primaryImageOfPage":{"@id":"https:\/\/www.rabaini.it\/de\/sneakers-hyperway-aus-weiss-silber-und-space-aus-synthetikleder-und-mesh\/#primaryimage"},"image":{"@id":"https:\/\/www.rabaini.it\/de\/sneakers-hyperway-aus-weiss-silber-und-space-aus-synthetikleder-und-mesh\/#primaryimage"},"thumbnailUrl":"https:\/\/www.rabaini.it\/wp-content\/uploads\/2026\/02\/DSC_1240.jpg","datePublished":"2026-02-24T18:07:14+00:00","dateModified":"2026-02-27T16:50:58+00:00","breadcrumb":{"@id":"https:\/\/www.rabaini.it\/de\/sneakers-hyperway-aus-weiss-silber-und-space-aus-synthetikleder-und-mesh\/#breadcrumb"},"inLanguage":"de","potentialAction":[{"@type":"ReadAction","target":["https:\/\/www.rabaini.it\/de\/sneakers-hyperway-aus-weiss-silber-und-space-aus-synthetikleder-und-mesh\/"]}]},{"@type":"ImageObject","inLanguage":"de","@id":"https:\/\/www.rabaini.it\/de\/sneakers-hyperway-aus-weiss-silber-und-space-aus-synthetikleder-und-mesh\/#primaryimage","url":"https:\/\/www.rabaini.it\/wp-content\/uploads\/2026\/02\/DSC_1240.jpg","contentUrl":"https:\/\/www.rabaini.it\/wp-content\/uploads\/2026\/02\/DSC_1240.jpg","width":1500,"height":1500},{"@type":"BreadcrumbList","@id":"https:\/\/www.rabaini.it\/de\/sneakers-hyperway-aus-weiss-silber-und-space-aus-synthetikleder-und-mesh\/#breadcrumb","itemListElement":[{"@type":"ListItem","position":1,"name":"Home","item":"https:\/\/www.rabaini.it\/de\/homepage\/"},{"@type":"ListItem","position":2,"name":"Gesch\u00e4ft","item":"https:\/\/www.rabaini.it\/geschaeft\/"},{"@type":"ListItem","position":3,"name":"Herren","item":"https:\/\/www.rabaini.it\/de\/herren\/"},{"@type":"ListItem","position":4,"name":"SNEAKERS HYPERWAY AUS WEISS, SILBER UND SPACE AUS SYNTHETIKLEDER UND MESH"}]},{"@type":"WebSite","@id":"https:\/\/www.rabaini.it\/de\/#website","url":"https:\/\/www.rabaini.it\/de\/","name":"Rabaini","description":"","potentialAction":[{"@type":"SearchAction","target":{"@type":"EntryPoint","urlTemplate":"https:\/\/www.rabaini.it\/de\/?s={search_term_string}"},"query-input":{"@type":"PropertyValueSpecification","valueRequired":true,"valueName":"search_term_string"}}],"inLanguage":"de"}]}},"_links":{"self":[{"href":"https:\/\/www.rabaini.it\/de\/wp-json\/wp\/v2\/product\/147482","targetHints":{"allow":["GET"]}}],"collection":[{"href":"https:\/\/www.rabaini.it\/de\/wp-json\/wp\/v2\/product"}],"about":[{"href":"https:\/\/www.rabaini.it\/de\/wp-json\/wp\/v2\/types\/product"}],"wp:featuredmedia":[{"embeddable":true,"href":"https:\/\/www.rabaini.it\/de\/wp-json\/wp\/v2\/media\/145690"}],"wp:attachment":[{"href":"https:\/\/www.rabaini.it\/de\/wp-json\/wp\/v2\/media?parent=147482"}],"wp:term":[{"taxonomy":"product_brand","embeddable":true,"href":"https:\/\/www.rabaini.it\/de\/wp-json\/wp\/v2\/product_brand?post=147482"},{"taxonomy":"product_cat","embeddable":true,"href":"https:\/\/www.rabaini.it\/de\/wp-json\/wp\/v2\/product_cat?post=147482"},{"taxonomy":"product_tag","embeddable":true,"href":"https:\/\/www.rabaini.it\/de\/wp-json\/wp\/v2\/product_tag?post=147482"}],"curies":[{"name":"wp","href":"https:\/\/api.w.org\/{rel}","templated":true}]}}