{"id":147354,"date":"2026-02-24T18:20:44","date_gmt":"2026-02-24T17:20:44","guid":{"rendered":"https:\/\/www.rabaini.it\/?post_type=product&#038;p=147354"},"modified":"2026-02-27T17:50:34","modified_gmt":"2026-02-27T16:50:34","slug":"sneakers-medalist-low-aus-ensign-blauem-und-periscope-leder","status":"publish","type":"product","link":"https:\/\/www.rabaini.it\/de\/sneakers-medalist-low-aus-ensign-blauem-und-periscope-leder\/","title":{"rendered":"SNEAKERS MEDALIST LOW AUS ENSIGN-BLAUEM UND PERISCOPE-LEDER"},"content":{"rendered":"<ul>\n<li>Artikelcode: AULM NE13<\/li>\n<li>Artikel Farbe: Wei\u00df und Blau<\/li>\n<li>Der Autry Medalist interpretiert den Tennisstil der 1980er Jahre neu und verbindet Heritage-Vibes mit einer zeitgem\u00e4\u00dfen \u00c4sthetik<\/li>\n<li>Mit seinem essenziellen Design ist er der perfekte Alltags-Sneaker dank seines zeitlosen und vielseitigen Charakters und bietet t\u00e4glichen Komfort, indem er klassischen Stil und Funktionalit\u00e4t vereint<\/li>\n<li>Diese Variante vereint eine Mischung unerwarteter Texturen mit einer ikonischen Form<\/li>\n<li>Dieser Herren-Sneaker ist aus nat\u00fcrlich genarbtem Leder gefertigt, das einen einzigartigen Look und au\u00dfergew\u00f6hnliche Weichheit bietet, mit kleinen seitlichen Suede-Details und Perforationen an der Spitze f\u00fcr hervorragende Atmungsaktivit\u00e4t<\/li>\n<li>Das blaue Nubuk-Logo am Fersen, das seitliche Jacquard-Logo und die leicht dunklere Sohle personalisieren den Look<\/li>\n<li>Obermaterial aus Leder und Nubuk<\/li>\n<li>Perforierte Spitze<\/li>\n<li>Flache Baumwollschn\u00fcrsenkel<\/li>\n<li>Besticktes Label auf der Zunge aufgen\u00e4ht<\/li>\n<li>Gepolsterter Kragen<\/li>\n<li>Futter aus Leder und Baumwollfrottee<\/li>\n<li>2 cm erh\u00f6hte Lederinnensohle<\/li>\n<li>Gummisohle<\/li>\n<li>Sohlenh\u00f6he: 2,5\u20133,5 cm<\/li>\n<li>Obermaterial: 85% Leder, 5% Nubuk, 10% Suede<\/li>\n<li>Futter: 40% Leder, 50% Baumwollfrottee, 10% Nylon<\/li>\n<li>Sohle: 100% Gummi<\/li>\n<\/ul>\n","protected":false},"excerpt":{"rendered":"<p>Artikelcode: AULM NE13 Artikel Farbe: Wei\u00df und Blau Der Autry Medalist interpretiert den Tennisstil der 1980er Jahre neu und verbindet Heritage-Vibes mit einer zeitgem\u00e4\u00dfen \u00c4sthetik Mit seinem essenziellen Design ist er der perfekte Alltags-Sneaker dank seines zeitlosen und vielseitigen Charakters und bietet t\u00e4glichen Komfort, indem er klassischen Stil und Funktionalit\u00e4t vereint Diese Variante vereint eine&hellip;<\/p>\n","protected":false},"featured_media":145612,"template":"","meta":{"_acf_changed":false},"product_brand":[],"product_cat":[1324,1358,1356,1361],"product_tag":[],"class_list":{"0":"post-147354","1":"product","2":"type-product","3":"status-publish","4":"has-post-thumbnail","6":"product_cat-herren","7":"product_cat-herrenschuhe","8":"product_cat-neuheiten-fur-herren","9":"product_cat-turnschuhe-herren","10":"marca-autry-de","12":"first","13":"instock","14":"shipping-taxable","15":"purchasable","16":"product-type-variable"},"acf":[],"yoast_head":"<!-- This site is optimized with the Yoast SEO plugin v27.2 - https:\/\/yoast.com\/product\/yoast-seo-wordpress\/ -->\n<title>SNEAKERS MEDALIST LOW AUS ENSIGN-BLAUEM UND PERISCOPE-LEDER - Rabaini<\/title>\n<meta name=\"robots\" content=\"index, follow, max-snippet:-1, max-image-preview:large, max-video-preview:-1\" \/>\n<link rel=\"canonical\" href=\"https:\/\/www.rabaini.it\/de\/sneakers-medalist-low-aus-ensign-blauem-und-periscope-leder\/\" \/>\n<meta property=\"og:locale\" content=\"de_DE\" \/>\n<meta property=\"og:type\" content=\"article\" \/>\n<meta property=\"og:title\" content=\"SNEAKERS MEDALIST LOW AUS ENSIGN-BLAUEM UND PERISCOPE-LEDER - Rabaini\" \/>\n<meta property=\"og:description\" content=\"Artikelcode: AULM NE13 Artikel Farbe: Wei\u00df und Blau Der Autry Medalist interpretiert den Tennisstil der 1980er Jahre neu und verbindet Heritage-Vibes mit einer zeitgem\u00e4\u00dfen \u00c4sthetik Mit seinem essenziellen Design ist er der perfekte Alltags-Sneaker dank seines zeitlosen und vielseitigen Charakters und bietet t\u00e4glichen Komfort, indem er klassischen Stil und Funktionalit\u00e4t vereint Diese Variante vereint eine&hellip;\" \/>\n<meta property=\"og:url\" content=\"https:\/\/www.rabaini.it\/de\/sneakers-medalist-low-aus-ensign-blauem-und-periscope-leder\/\" \/>\n<meta property=\"og:site_name\" content=\"Rabaini\" \/>\n<meta property=\"article:modified_time\" content=\"2026-02-27T16:50:34+00:00\" \/>\n<meta property=\"og:image\" content=\"https:\/\/www.rabaini.it\/wp-content\/uploads\/2026\/02\/DSC_1126.jpg\" \/>\n\t<meta property=\"og:image:width\" content=\"1500\" \/>\n\t<meta property=\"og:image:height\" content=\"1500\" \/>\n\t<meta property=\"og:image:type\" content=\"image\/jpeg\" \/>\n<meta name=\"twitter:card\" content=\"summary_large_image\" \/>\n<meta name=\"twitter:label1\" content=\"Gesch\u00e4tzte Lesezeit\" \/>\n\t<meta name=\"twitter:data1\" content=\"1\u00a0Minute\" \/>\n<script type=\"application\/ld+json\" class=\"yoast-schema-graph\">{\"@context\":\"https:\/\/schema.org\",\"@graph\":[{\"@type\":\"WebPage\",\"@id\":\"https:\/\/www.rabaini.it\/de\/sneakers-medalist-low-aus-ensign-blauem-und-periscope-leder\/\",\"url\":\"https:\/\/www.rabaini.it\/de\/sneakers-medalist-low-aus-ensign-blauem-und-periscope-leder\/\",\"name\":\"SNEAKERS MEDALIST LOW AUS ENSIGN-BLAUEM UND PERISCOPE-LEDER - Rabaini\",\"isPartOf\":{\"@id\":\"https:\/\/www.rabaini.it\/de\/#website\"},\"primaryImageOfPage\":{\"@id\":\"https:\/\/www.rabaini.it\/de\/sneakers-medalist-low-aus-ensign-blauem-und-periscope-leder\/#primaryimage\"},\"image\":{\"@id\":\"https:\/\/www.rabaini.it\/de\/sneakers-medalist-low-aus-ensign-blauem-und-periscope-leder\/#primaryimage\"},\"thumbnailUrl\":\"https:\/\/www.rabaini.it\/wp-content\/uploads\/2026\/02\/DSC_1126.jpg\",\"datePublished\":\"2026-02-24T17:20:44+00:00\",\"dateModified\":\"2026-02-27T16:50:34+00:00\",\"breadcrumb\":{\"@id\":\"https:\/\/www.rabaini.it\/de\/sneakers-medalist-low-aus-ensign-blauem-und-periscope-leder\/#breadcrumb\"},\"inLanguage\":\"de\",\"potentialAction\":[{\"@type\":\"ReadAction\",\"target\":[\"https:\/\/www.rabaini.it\/de\/sneakers-medalist-low-aus-ensign-blauem-und-periscope-leder\/\"]}]},{\"@type\":\"ImageObject\",\"inLanguage\":\"de\",\"@id\":\"https:\/\/www.rabaini.it\/de\/sneakers-medalist-low-aus-ensign-blauem-und-periscope-leder\/#primaryimage\",\"url\":\"https:\/\/www.rabaini.it\/wp-content\/uploads\/2026\/02\/DSC_1126.jpg\",\"contentUrl\":\"https:\/\/www.rabaini.it\/wp-content\/uploads\/2026\/02\/DSC_1126.jpg\",\"width\":1500,\"height\":1500},{\"@type\":\"BreadcrumbList\",\"@id\":\"https:\/\/www.rabaini.it\/de\/sneakers-medalist-low-aus-ensign-blauem-und-periscope-leder\/#breadcrumb\",\"itemListElement\":[{\"@type\":\"ListItem\",\"position\":1,\"name\":\"Home\",\"item\":\"https:\/\/www.rabaini.it\/de\/homepage\/\"},{\"@type\":\"ListItem\",\"position\":2,\"name\":\"Gesch\u00e4ft\",\"item\":\"https:\/\/www.rabaini.it\/geschaeft\/\"},{\"@type\":\"ListItem\",\"position\":3,\"name\":\"Herren\",\"item\":\"https:\/\/www.rabaini.it\/de\/herren\/\"},{\"@type\":\"ListItem\",\"position\":4,\"name\":\"SNEAKERS MEDALIST LOW AUS ENSIGN-BLAUEM UND PERISCOPE-LEDER\"}]},{\"@type\":\"WebSite\",\"@id\":\"https:\/\/www.rabaini.it\/de\/#website\",\"url\":\"https:\/\/www.rabaini.it\/de\/\",\"name\":\"Rabaini\",\"description\":\"\",\"potentialAction\":[{\"@type\":\"SearchAction\",\"target\":{\"@type\":\"EntryPoint\",\"urlTemplate\":\"https:\/\/www.rabaini.it\/de\/?s={search_term_string}\"},\"query-input\":{\"@type\":\"PropertyValueSpecification\",\"valueRequired\":true,\"valueName\":\"search_term_string\"}}],\"inLanguage\":\"de\"}]}<\/script>\n<!-- \/ Yoast SEO plugin. -->","yoast_head_json":{"title":"SNEAKERS MEDALIST LOW AUS ENSIGN-BLAUEM UND PERISCOPE-LEDER - Rabaini","robots":{"index":"index","follow":"follow","max-snippet":"max-snippet:-1","max-image-preview":"max-image-preview:large","max-video-preview":"max-video-preview:-1"},"canonical":"https:\/\/www.rabaini.it\/de\/sneakers-medalist-low-aus-ensign-blauem-und-periscope-leder\/","og_locale":"de_DE","og_type":"article","og_title":"SNEAKERS MEDALIST LOW AUS ENSIGN-BLAUEM UND PERISCOPE-LEDER - Rabaini","og_description":"Artikelcode: AULM NE13 Artikel Farbe: Wei\u00df und Blau Der Autry Medalist interpretiert den Tennisstil der 1980er Jahre neu und verbindet Heritage-Vibes mit einer zeitgem\u00e4\u00dfen \u00c4sthetik Mit seinem essenziellen Design ist er der perfekte Alltags-Sneaker dank seines zeitlosen und vielseitigen Charakters und bietet t\u00e4glichen Komfort, indem er klassischen Stil und Funktionalit\u00e4t vereint Diese Variante vereint eine&hellip;","og_url":"https:\/\/www.rabaini.it\/de\/sneakers-medalist-low-aus-ensign-blauem-und-periscope-leder\/","og_site_name":"Rabaini","article_modified_time":"2026-02-27T16:50:34+00:00","og_image":[{"width":1500,"height":1500,"url":"https:\/\/www.rabaini.it\/wp-content\/uploads\/2026\/02\/DSC_1126.jpg","type":"image\/jpeg"}],"twitter_card":"summary_large_image","twitter_misc":{"Gesch\u00e4tzte Lesezeit":"1\u00a0Minute"},"schema":{"@context":"https:\/\/schema.org","@graph":[{"@type":"WebPage","@id":"https:\/\/www.rabaini.it\/de\/sneakers-medalist-low-aus-ensign-blauem-und-periscope-leder\/","url":"https:\/\/www.rabaini.it\/de\/sneakers-medalist-low-aus-ensign-blauem-und-periscope-leder\/","name":"SNEAKERS MEDALIST LOW AUS ENSIGN-BLAUEM UND PERISCOPE-LEDER - Rabaini","isPartOf":{"@id":"https:\/\/www.rabaini.it\/de\/#website"},"primaryImageOfPage":{"@id":"https:\/\/www.rabaini.it\/de\/sneakers-medalist-low-aus-ensign-blauem-und-periscope-leder\/#primaryimage"},"image":{"@id":"https:\/\/www.rabaini.it\/de\/sneakers-medalist-low-aus-ensign-blauem-und-periscope-leder\/#primaryimage"},"thumbnailUrl":"https:\/\/www.rabaini.it\/wp-content\/uploads\/2026\/02\/DSC_1126.jpg","datePublished":"2026-02-24T17:20:44+00:00","dateModified":"2026-02-27T16:50:34+00:00","breadcrumb":{"@id":"https:\/\/www.rabaini.it\/de\/sneakers-medalist-low-aus-ensign-blauem-und-periscope-leder\/#breadcrumb"},"inLanguage":"de","potentialAction":[{"@type":"ReadAction","target":["https:\/\/www.rabaini.it\/de\/sneakers-medalist-low-aus-ensign-blauem-und-periscope-leder\/"]}]},{"@type":"ImageObject","inLanguage":"de","@id":"https:\/\/www.rabaini.it\/de\/sneakers-medalist-low-aus-ensign-blauem-und-periscope-leder\/#primaryimage","url":"https:\/\/www.rabaini.it\/wp-content\/uploads\/2026\/02\/DSC_1126.jpg","contentUrl":"https:\/\/www.rabaini.it\/wp-content\/uploads\/2026\/02\/DSC_1126.jpg","width":1500,"height":1500},{"@type":"BreadcrumbList","@id":"https:\/\/www.rabaini.it\/de\/sneakers-medalist-low-aus-ensign-blauem-und-periscope-leder\/#breadcrumb","itemListElement":[{"@type":"ListItem","position":1,"name":"Home","item":"https:\/\/www.rabaini.it\/de\/homepage\/"},{"@type":"ListItem","position":2,"name":"Gesch\u00e4ft","item":"https:\/\/www.rabaini.it\/geschaeft\/"},{"@type":"ListItem","position":3,"name":"Herren","item":"https:\/\/www.rabaini.it\/de\/herren\/"},{"@type":"ListItem","position":4,"name":"SNEAKERS MEDALIST LOW AUS ENSIGN-BLAUEM UND PERISCOPE-LEDER"}]},{"@type":"WebSite","@id":"https:\/\/www.rabaini.it\/de\/#website","url":"https:\/\/www.rabaini.it\/de\/","name":"Rabaini","description":"","potentialAction":[{"@type":"SearchAction","target":{"@type":"EntryPoint","urlTemplate":"https:\/\/www.rabaini.it\/de\/?s={search_term_string}"},"query-input":{"@type":"PropertyValueSpecification","valueRequired":true,"valueName":"search_term_string"}}],"inLanguage":"de"}]}},"_links":{"self":[{"href":"https:\/\/www.rabaini.it\/de\/wp-json\/wp\/v2\/product\/147354","targetHints":{"allow":["GET"]}}],"collection":[{"href":"https:\/\/www.rabaini.it\/de\/wp-json\/wp\/v2\/product"}],"about":[{"href":"https:\/\/www.rabaini.it\/de\/wp-json\/wp\/v2\/types\/product"}],"wp:featuredmedia":[{"embeddable":true,"href":"https:\/\/www.rabaini.it\/de\/wp-json\/wp\/v2\/media\/145612"}],"wp:attachment":[{"href":"https:\/\/www.rabaini.it\/de\/wp-json\/wp\/v2\/media?parent=147354"}],"wp:term":[{"taxonomy":"product_brand","embeddable":true,"href":"https:\/\/www.rabaini.it\/de\/wp-json\/wp\/v2\/product_brand?post=147354"},{"taxonomy":"product_cat","embeddable":true,"href":"https:\/\/www.rabaini.it\/de\/wp-json\/wp\/v2\/product_cat?post=147354"},{"taxonomy":"product_tag","embeddable":true,"href":"https:\/\/www.rabaini.it\/de\/wp-json\/wp\/v2\/product_tag?post=147354"}],"curies":[{"name":"wp","href":"https:\/\/api.w.org\/{rel}","templated":true}]}}