{"id":147290,"date":"2026-02-24T18:05:09","date_gmt":"2026-02-24T17:05:09","guid":{"rendered":"https:\/\/www.rabaini.it\/?post_type=product&#038;p=147290"},"modified":"2026-02-27T17:50:22","modified_gmt":"2026-02-27T16:50:22","slug":"sneakers-medalist-low-tricolor-aus-suede-in-weiss-cigar-und-vapor","status":"publish","type":"product","link":"https:\/\/www.rabaini.it\/de\/sneakers-medalist-low-tricolor-aus-suede-in-weiss-cigar-und-vapor\/","title":{"rendered":"SNEAKERS MEDALIST LOW TRICOLOR AUS SUEDE IN WEISS, CIGAR UND VAPOR"},"content":{"rendered":"<ul>\n<li>Artikelcode: AULM TS27<\/li>\n<li>Artikel Farbe: Wei\u00df, Grau und Braun<\/li>\n<li>Der Autry Medalist interpretiert den Tennisstil der 1980er Jahre neu und verbindet Heritage-Vibes mit einer zeitgem\u00e4\u00dfen \u00c4sthetik<\/li>\n<li>Mit seinem essenziellen Design ist er der perfekte Alltags-Sneaker dank seines zeitlosen und vielseitigen Charakters und bietet t\u00e4glichen Komfort, indem er klassischen Stil und Funktionalit\u00e4t vereint<\/li>\n<li>Diese Variante bietet die perfekte Mischung aus Color-Block-Suede-Nuancen<\/li>\n<li>Dieser Damen-Sneaker ist aus weichem, hochwertigem Suede in einer dreifarbigen Color-Block-Kombination aus Wei\u00df, Grau und Braun gefertigt und \u00fcberzeugt mit authentischer Optik und starker Pers\u00f6nlichkeit<\/li>\n<li>Die perforierte Spitze sorgt f\u00fcr hervorragende Atmungsaktivit\u00e4t<\/li>\n<li>Die Details an Zunge, Au\u00dfenseite und Ferse sind mit dem Autry-Logo personalisiert und verleihen eine authentische Note f\u00fcr eine moderne Alltags\u00e4sthetik<\/li>\n<li>Obermaterial aus Suede<\/li>\n<li>Perforierte Spitze<\/li>\n<li>Flache Baumwollschn\u00fcrsenkel<\/li>\n<li>Besticktes Label auf der Zunge aufgen\u00e4ht<\/li>\n<li>Gepolsterter Kragen<\/li>\n<li>Futter aus Leder und Baumwollfrottee<\/li>\n<li>2 cm erh\u00f6hte Lederinnensohle<\/li>\n<li>Gummisohle<\/li>\n<li>Sohlenh\u00f6he: 2,5\u20133,5 cm<\/li>\n<li>Obermaterial: 100% Suede<\/li>\n<li>Futter: 40% Leder, 50% Baumwollfrottee, 10% Nylon<\/li>\n<li>Sohle: 100% Gummi<\/li>\n<\/ul>\n","protected":false},"excerpt":{"rendered":"<p>Artikelcode: AULM TS27 Artikel Farbe: Wei\u00df, Grau und Braun Der Autry Medalist interpretiert den Tennisstil der 1980er Jahre neu und verbindet Heritage-Vibes mit einer zeitgem\u00e4\u00dfen \u00c4sthetik Mit seinem essenziellen Design ist er der perfekte Alltags-Sneaker dank seines zeitlosen und vielseitigen Charakters und bietet t\u00e4glichen Komfort, indem er klassischen Stil und Funktionalit\u00e4t vereint Diese Variante bietet&hellip;<\/p>\n","protected":false},"featured_media":145573,"template":"","meta":{"_acf_changed":false},"product_brand":[],"product_cat":[1324,1358,1356,1361],"product_tag":[],"class_list":{"0":"post-147290","1":"product","2":"type-product","3":"status-publish","4":"has-post-thumbnail","6":"product_cat-herren","7":"product_cat-herrenschuhe","8":"product_cat-neuheiten-fur-herren","9":"product_cat-turnschuhe-herren","10":"marca-autry-de","12":"first","13":"instock","14":"shipping-taxable","15":"purchasable","16":"product-type-variable"},"acf":[],"yoast_head":"<!-- This site is optimized with the Yoast SEO plugin v27.2 - https:\/\/yoast.com\/product\/yoast-seo-wordpress\/ -->\n<title>SNEAKERS MEDALIST LOW TRICOLOR AUS SUEDE IN WEISS, CIGAR UND VAPOR - Rabaini<\/title>\n<meta name=\"robots\" content=\"index, follow, max-snippet:-1, max-image-preview:large, max-video-preview:-1\" \/>\n<link rel=\"canonical\" href=\"https:\/\/www.rabaini.it\/de\/sneakers-medalist-low-tricolor-aus-suede-in-weiss-cigar-und-vapor\/\" \/>\n<meta property=\"og:locale\" content=\"de_DE\" \/>\n<meta property=\"og:type\" content=\"article\" \/>\n<meta property=\"og:title\" content=\"SNEAKERS MEDALIST LOW TRICOLOR AUS SUEDE IN WEISS, CIGAR UND VAPOR - Rabaini\" \/>\n<meta property=\"og:description\" content=\"Artikelcode: AULM TS27 Artikel Farbe: Wei\u00df, Grau und Braun Der Autry Medalist interpretiert den Tennisstil der 1980er Jahre neu und verbindet Heritage-Vibes mit einer zeitgem\u00e4\u00dfen \u00c4sthetik Mit seinem essenziellen Design ist er der perfekte Alltags-Sneaker dank seines zeitlosen und vielseitigen Charakters und bietet t\u00e4glichen Komfort, indem er klassischen Stil und Funktionalit\u00e4t vereint Diese Variante bietet&hellip;\" \/>\n<meta property=\"og:url\" content=\"https:\/\/www.rabaini.it\/de\/sneakers-medalist-low-tricolor-aus-suede-in-weiss-cigar-und-vapor\/\" \/>\n<meta property=\"og:site_name\" content=\"Rabaini\" \/>\n<meta property=\"article:modified_time\" content=\"2026-02-27T16:50:22+00:00\" \/>\n<meta property=\"og:image\" content=\"https:\/\/www.rabaini.it\/wp-content\/uploads\/2026\/02\/DSC_1113.jpg\" \/>\n\t<meta property=\"og:image:width\" content=\"1500\" \/>\n\t<meta property=\"og:image:height\" content=\"1500\" \/>\n\t<meta property=\"og:image:type\" content=\"image\/jpeg\" \/>\n<meta name=\"twitter:card\" content=\"summary_large_image\" \/>\n<meta name=\"twitter:label1\" content=\"Gesch\u00e4tzte Lesezeit\" \/>\n\t<meta name=\"twitter:data1\" content=\"1\u00a0Minute\" \/>\n<script type=\"application\/ld+json\" class=\"yoast-schema-graph\">{\"@context\":\"https:\/\/schema.org\",\"@graph\":[{\"@type\":\"WebPage\",\"@id\":\"https:\/\/www.rabaini.it\/de\/sneakers-medalist-low-tricolor-aus-suede-in-weiss-cigar-und-vapor\/\",\"url\":\"https:\/\/www.rabaini.it\/de\/sneakers-medalist-low-tricolor-aus-suede-in-weiss-cigar-und-vapor\/\",\"name\":\"SNEAKERS MEDALIST LOW TRICOLOR AUS SUEDE IN WEISS, CIGAR UND VAPOR - Rabaini\",\"isPartOf\":{\"@id\":\"https:\/\/www.rabaini.it\/de\/#website\"},\"primaryImageOfPage\":{\"@id\":\"https:\/\/www.rabaini.it\/de\/sneakers-medalist-low-tricolor-aus-suede-in-weiss-cigar-und-vapor\/#primaryimage\"},\"image\":{\"@id\":\"https:\/\/www.rabaini.it\/de\/sneakers-medalist-low-tricolor-aus-suede-in-weiss-cigar-und-vapor\/#primaryimage\"},\"thumbnailUrl\":\"https:\/\/www.rabaini.it\/wp-content\/uploads\/2026\/02\/DSC_1113.jpg\",\"datePublished\":\"2026-02-24T17:05:09+00:00\",\"dateModified\":\"2026-02-27T16:50:22+00:00\",\"breadcrumb\":{\"@id\":\"https:\/\/www.rabaini.it\/de\/sneakers-medalist-low-tricolor-aus-suede-in-weiss-cigar-und-vapor\/#breadcrumb\"},\"inLanguage\":\"de\",\"potentialAction\":[{\"@type\":\"ReadAction\",\"target\":[\"https:\/\/www.rabaini.it\/de\/sneakers-medalist-low-tricolor-aus-suede-in-weiss-cigar-und-vapor\/\"]}]},{\"@type\":\"ImageObject\",\"inLanguage\":\"de\",\"@id\":\"https:\/\/www.rabaini.it\/de\/sneakers-medalist-low-tricolor-aus-suede-in-weiss-cigar-und-vapor\/#primaryimage\",\"url\":\"https:\/\/www.rabaini.it\/wp-content\/uploads\/2026\/02\/DSC_1113.jpg\",\"contentUrl\":\"https:\/\/www.rabaini.it\/wp-content\/uploads\/2026\/02\/DSC_1113.jpg\",\"width\":1500,\"height\":1500},{\"@type\":\"BreadcrumbList\",\"@id\":\"https:\/\/www.rabaini.it\/de\/sneakers-medalist-low-tricolor-aus-suede-in-weiss-cigar-und-vapor\/#breadcrumb\",\"itemListElement\":[{\"@type\":\"ListItem\",\"position\":1,\"name\":\"Home\",\"item\":\"https:\/\/www.rabaini.it\/de\/homepage\/\"},{\"@type\":\"ListItem\",\"position\":2,\"name\":\"Gesch\u00e4ft\",\"item\":\"https:\/\/www.rabaini.it\/geschaeft\/\"},{\"@type\":\"ListItem\",\"position\":3,\"name\":\"Herren\",\"item\":\"https:\/\/www.rabaini.it\/de\/herren\/\"},{\"@type\":\"ListItem\",\"position\":4,\"name\":\"SNEAKERS MEDALIST LOW TRICOLOR AUS SUEDE IN WEISS, CIGAR UND VAPOR\"}]},{\"@type\":\"WebSite\",\"@id\":\"https:\/\/www.rabaini.it\/de\/#website\",\"url\":\"https:\/\/www.rabaini.it\/de\/\",\"name\":\"Rabaini\",\"description\":\"\",\"potentialAction\":[{\"@type\":\"SearchAction\",\"target\":{\"@type\":\"EntryPoint\",\"urlTemplate\":\"https:\/\/www.rabaini.it\/de\/?s={search_term_string}\"},\"query-input\":{\"@type\":\"PropertyValueSpecification\",\"valueRequired\":true,\"valueName\":\"search_term_string\"}}],\"inLanguage\":\"de\"}]}<\/script>\n<!-- \/ Yoast SEO plugin. -->","yoast_head_json":{"title":"SNEAKERS MEDALIST LOW TRICOLOR AUS SUEDE IN WEISS, CIGAR UND VAPOR - Rabaini","robots":{"index":"index","follow":"follow","max-snippet":"max-snippet:-1","max-image-preview":"max-image-preview:large","max-video-preview":"max-video-preview:-1"},"canonical":"https:\/\/www.rabaini.it\/de\/sneakers-medalist-low-tricolor-aus-suede-in-weiss-cigar-und-vapor\/","og_locale":"de_DE","og_type":"article","og_title":"SNEAKERS MEDALIST LOW TRICOLOR AUS SUEDE IN WEISS, CIGAR UND VAPOR - Rabaini","og_description":"Artikelcode: AULM TS27 Artikel Farbe: Wei\u00df, Grau und Braun Der Autry Medalist interpretiert den Tennisstil der 1980er Jahre neu und verbindet Heritage-Vibes mit einer zeitgem\u00e4\u00dfen \u00c4sthetik Mit seinem essenziellen Design ist er der perfekte Alltags-Sneaker dank seines zeitlosen und vielseitigen Charakters und bietet t\u00e4glichen Komfort, indem er klassischen Stil und Funktionalit\u00e4t vereint Diese Variante bietet&hellip;","og_url":"https:\/\/www.rabaini.it\/de\/sneakers-medalist-low-tricolor-aus-suede-in-weiss-cigar-und-vapor\/","og_site_name":"Rabaini","article_modified_time":"2026-02-27T16:50:22+00:00","og_image":[{"width":1500,"height":1500,"url":"https:\/\/www.rabaini.it\/wp-content\/uploads\/2026\/02\/DSC_1113.jpg","type":"image\/jpeg"}],"twitter_card":"summary_large_image","twitter_misc":{"Gesch\u00e4tzte Lesezeit":"1\u00a0Minute"},"schema":{"@context":"https:\/\/schema.org","@graph":[{"@type":"WebPage","@id":"https:\/\/www.rabaini.it\/de\/sneakers-medalist-low-tricolor-aus-suede-in-weiss-cigar-und-vapor\/","url":"https:\/\/www.rabaini.it\/de\/sneakers-medalist-low-tricolor-aus-suede-in-weiss-cigar-und-vapor\/","name":"SNEAKERS MEDALIST LOW TRICOLOR AUS SUEDE IN WEISS, CIGAR UND VAPOR - Rabaini","isPartOf":{"@id":"https:\/\/www.rabaini.it\/de\/#website"},"primaryImageOfPage":{"@id":"https:\/\/www.rabaini.it\/de\/sneakers-medalist-low-tricolor-aus-suede-in-weiss-cigar-und-vapor\/#primaryimage"},"image":{"@id":"https:\/\/www.rabaini.it\/de\/sneakers-medalist-low-tricolor-aus-suede-in-weiss-cigar-und-vapor\/#primaryimage"},"thumbnailUrl":"https:\/\/www.rabaini.it\/wp-content\/uploads\/2026\/02\/DSC_1113.jpg","datePublished":"2026-02-24T17:05:09+00:00","dateModified":"2026-02-27T16:50:22+00:00","breadcrumb":{"@id":"https:\/\/www.rabaini.it\/de\/sneakers-medalist-low-tricolor-aus-suede-in-weiss-cigar-und-vapor\/#breadcrumb"},"inLanguage":"de","potentialAction":[{"@type":"ReadAction","target":["https:\/\/www.rabaini.it\/de\/sneakers-medalist-low-tricolor-aus-suede-in-weiss-cigar-und-vapor\/"]}]},{"@type":"ImageObject","inLanguage":"de","@id":"https:\/\/www.rabaini.it\/de\/sneakers-medalist-low-tricolor-aus-suede-in-weiss-cigar-und-vapor\/#primaryimage","url":"https:\/\/www.rabaini.it\/wp-content\/uploads\/2026\/02\/DSC_1113.jpg","contentUrl":"https:\/\/www.rabaini.it\/wp-content\/uploads\/2026\/02\/DSC_1113.jpg","width":1500,"height":1500},{"@type":"BreadcrumbList","@id":"https:\/\/www.rabaini.it\/de\/sneakers-medalist-low-tricolor-aus-suede-in-weiss-cigar-und-vapor\/#breadcrumb","itemListElement":[{"@type":"ListItem","position":1,"name":"Home","item":"https:\/\/www.rabaini.it\/de\/homepage\/"},{"@type":"ListItem","position":2,"name":"Gesch\u00e4ft","item":"https:\/\/www.rabaini.it\/geschaeft\/"},{"@type":"ListItem","position":3,"name":"Herren","item":"https:\/\/www.rabaini.it\/de\/herren\/"},{"@type":"ListItem","position":4,"name":"SNEAKERS MEDALIST LOW TRICOLOR AUS SUEDE IN WEISS, CIGAR UND VAPOR"}]},{"@type":"WebSite","@id":"https:\/\/www.rabaini.it\/de\/#website","url":"https:\/\/www.rabaini.it\/de\/","name":"Rabaini","description":"","potentialAction":[{"@type":"SearchAction","target":{"@type":"EntryPoint","urlTemplate":"https:\/\/www.rabaini.it\/de\/?s={search_term_string}"},"query-input":{"@type":"PropertyValueSpecification","valueRequired":true,"valueName":"search_term_string"}}],"inLanguage":"de"}]}},"_links":{"self":[{"href":"https:\/\/www.rabaini.it\/de\/wp-json\/wp\/v2\/product\/147290","targetHints":{"allow":["GET"]}}],"collection":[{"href":"https:\/\/www.rabaini.it\/de\/wp-json\/wp\/v2\/product"}],"about":[{"href":"https:\/\/www.rabaini.it\/de\/wp-json\/wp\/v2\/types\/product"}],"wp:featuredmedia":[{"embeddable":true,"href":"https:\/\/www.rabaini.it\/de\/wp-json\/wp\/v2\/media\/145573"}],"wp:attachment":[{"href":"https:\/\/www.rabaini.it\/de\/wp-json\/wp\/v2\/media?parent=147290"}],"wp:term":[{"taxonomy":"product_brand","embeddable":true,"href":"https:\/\/www.rabaini.it\/de\/wp-json\/wp\/v2\/product_brand?post=147290"},{"taxonomy":"product_cat","embeddable":true,"href":"https:\/\/www.rabaini.it\/de\/wp-json\/wp\/v2\/product_cat?post=147290"},{"taxonomy":"product_tag","embeddable":true,"href":"https:\/\/www.rabaini.it\/de\/wp-json\/wp\/v2\/product_tag?post=147290"}],"curies":[{"name":"wp","href":"https:\/\/api.w.org\/{rel}","templated":true}]}}