{"id":147210,"date":"2026-02-24T17:39:14","date_gmt":"2026-02-24T16:39:14","guid":{"rendered":"https:\/\/www.rabaini.it\/?post_type=product&#038;p=147210"},"modified":"2026-02-27T17:48:37","modified_gmt":"2026-02-27T16:48:37","slug":"sneakers-windspin-aus-suede-und-leder-in-bluette-und-rutabaga","status":"publish","type":"product","link":"https:\/\/www.rabaini.it\/de\/sneakers-windspin-aus-suede-und-leder-in-bluette-und-rutabaga\/","title":{"rendered":"SNEAKERS WINDSPIN AUS SUEDE UND LEDER IN BLUETTE UND RUTABAGA"},"content":{"rendered":"<ul>\n<li>Artikelcode: WSLW UB28<\/li>\n<li>Artikel Farbe: Bluette<\/li>\n<li>Der Autry Windspin ist das neue Icon von Autry und vereint den Geist des amerikanischen Traums mit einem italienischen Touch<\/li>\n<li>Inspiriert vom Lifestyle des Amerikas der 1960er Jahre, w\u00fcrdigt der Windspin eine Epoche gepr\u00e4gt von Freiheit und Abenteuer<\/li>\n<li>Hergestellt aus weichem \u201eUsed-Effekt\u201c Suede mit Lederdetails an den Seiten und der Ferse, pr\u00e4sentiert der Windspin eine schlanke Silhouette<\/li>\n<li>Sein flaches, dynamisches Profil verk\u00f6rpert Autrys charakteristische Mischung aus Vintage-Charme und Moderne<\/li>\n<li>Die ultra-flache Gummisohle sorgt f\u00fcr hervorragenden Grip auf allen st\u00e4dtischen Oberfl\u00e4chen<\/li>\n<li>Obermaterial aus geschorenem Suede und Leder<\/li>\n<li>Perforierte Spitze<\/li>\n<li>Flache Baumwollschn\u00fcrsenkel<\/li>\n<li>Leicht gepolsterte Nylon-Zunge mit Jacquard-Logo-Label<\/li>\n<li>Gepolsterter Kragen<\/li>\n<li>Futter aus Leder und Baumwollfrottee<\/li>\n<li>Mit Mesh-Gewebe bezogene Innensohle, 8 mm erh\u00f6ht<\/li>\n<li>Gummisohle<\/li>\n<li>Sohlenh\u00f6he: 1\u20131,7 cm<\/li>\n<li>Obermaterial: 75% Suede, 10% Nylon, 15% Leder<\/li>\n<li>Futter: 40% Leder, 50% Baumwollfrottee, 10% Nylon<\/li>\n<li>Sohle: 100% Gummi<\/li>\n<\/ul>\n","protected":false},"excerpt":{"rendered":"<p>Artikelcode: WSLW UB28 Artikel Farbe: Bluette Der Autry Windspin ist das neue Icon von Autry und vereint den Geist des amerikanischen Traums mit einem italienischen Touch Inspiriert vom Lifestyle des Amerikas der 1960er Jahre, w\u00fcrdigt der Windspin eine Epoche gepr\u00e4gt von Freiheit und Abenteuer Hergestellt aus weichem \u201eUsed-Effekt\u201c Suede mit Lederdetails an den Seiten und&hellip;<\/p>\n","protected":false},"featured_media":145255,"template":"","meta":{"_acf_changed":false},"product_brand":[],"product_cat":[1273,1310,1308,1318],"product_tag":[],"class_list":{"0":"post-147210","1":"product","2":"type-product","3":"status-publish","4":"has-post-thumbnail","6":"product_cat-damen","7":"product_cat-damenschuhe","8":"product_cat-neuheiten-fur-damen","9":"product_cat-turnschuhe-damen","10":"marca-autry-de","12":"first","13":"instock","14":"shipping-taxable","15":"purchasable","16":"product-type-variable"},"acf":[],"yoast_head":"<!-- This site is optimized with the Yoast SEO plugin v27.2 - https:\/\/yoast.com\/product\/yoast-seo-wordpress\/ -->\n<title>SNEAKERS WINDSPIN AUS SUEDE UND LEDER IN BLUETTE UND RUTABAGA - Rabaini<\/title>\n<meta name=\"robots\" content=\"index, follow, max-snippet:-1, max-image-preview:large, max-video-preview:-1\" \/>\n<link rel=\"canonical\" href=\"https:\/\/www.rabaini.it\/de\/sneakers-windspin-aus-suede-und-leder-in-bluette-und-rutabaga\/\" \/>\n<meta property=\"og:locale\" content=\"de_DE\" \/>\n<meta property=\"og:type\" content=\"article\" \/>\n<meta property=\"og:title\" content=\"SNEAKERS WINDSPIN AUS SUEDE UND LEDER IN BLUETTE UND RUTABAGA - Rabaini\" \/>\n<meta property=\"og:description\" content=\"Artikelcode: WSLW UB28 Artikel Farbe: Bluette Der Autry Windspin ist das neue Icon von Autry und vereint den Geist des amerikanischen Traums mit einem italienischen Touch Inspiriert vom Lifestyle des Amerikas der 1960er Jahre, w\u00fcrdigt der Windspin eine Epoche gepr\u00e4gt von Freiheit und Abenteuer Hergestellt aus weichem \u201eUsed-Effekt\u201c Suede mit Lederdetails an den Seiten und&hellip;\" \/>\n<meta property=\"og:url\" content=\"https:\/\/www.rabaini.it\/de\/sneakers-windspin-aus-suede-und-leder-in-bluette-und-rutabaga\/\" \/>\n<meta property=\"og:site_name\" content=\"Rabaini\" \/>\n<meta property=\"article:modified_time\" content=\"2026-02-27T16:48:37+00:00\" \/>\n<meta property=\"og:image\" content=\"https:\/\/www.rabaini.it\/wp-content\/uploads\/2026\/02\/DSC_1296.jpg\" \/>\n\t<meta property=\"og:image:width\" content=\"1500\" \/>\n\t<meta property=\"og:image:height\" content=\"1500\" \/>\n\t<meta property=\"og:image:type\" content=\"image\/jpeg\" \/>\n<meta name=\"twitter:card\" content=\"summary_large_image\" \/>\n<meta name=\"twitter:label1\" content=\"Gesch\u00e4tzte Lesezeit\" \/>\n\t<meta name=\"twitter:data1\" content=\"1\u00a0Minute\" \/>\n<script type=\"application\/ld+json\" class=\"yoast-schema-graph\">{\"@context\":\"https:\/\/schema.org\",\"@graph\":[{\"@type\":\"WebPage\",\"@id\":\"https:\/\/www.rabaini.it\/de\/sneakers-windspin-aus-suede-und-leder-in-bluette-und-rutabaga\/\",\"url\":\"https:\/\/www.rabaini.it\/de\/sneakers-windspin-aus-suede-und-leder-in-bluette-und-rutabaga\/\",\"name\":\"SNEAKERS WINDSPIN AUS SUEDE UND LEDER IN BLUETTE UND RUTABAGA - Rabaini\",\"isPartOf\":{\"@id\":\"https:\/\/www.rabaini.it\/de\/#website\"},\"primaryImageOfPage\":{\"@id\":\"https:\/\/www.rabaini.it\/de\/sneakers-windspin-aus-suede-und-leder-in-bluette-und-rutabaga\/#primaryimage\"},\"image\":{\"@id\":\"https:\/\/www.rabaini.it\/de\/sneakers-windspin-aus-suede-und-leder-in-bluette-und-rutabaga\/#primaryimage\"},\"thumbnailUrl\":\"https:\/\/www.rabaini.it\/wp-content\/uploads\/2026\/02\/DSC_1296.jpg\",\"datePublished\":\"2026-02-24T16:39:14+00:00\",\"dateModified\":\"2026-02-27T16:48:37+00:00\",\"breadcrumb\":{\"@id\":\"https:\/\/www.rabaini.it\/de\/sneakers-windspin-aus-suede-und-leder-in-bluette-und-rutabaga\/#breadcrumb\"},\"inLanguage\":\"de\",\"potentialAction\":[{\"@type\":\"ReadAction\",\"target\":[\"https:\/\/www.rabaini.it\/de\/sneakers-windspin-aus-suede-und-leder-in-bluette-und-rutabaga\/\"]}]},{\"@type\":\"ImageObject\",\"inLanguage\":\"de\",\"@id\":\"https:\/\/www.rabaini.it\/de\/sneakers-windspin-aus-suede-und-leder-in-bluette-und-rutabaga\/#primaryimage\",\"url\":\"https:\/\/www.rabaini.it\/wp-content\/uploads\/2026\/02\/DSC_1296.jpg\",\"contentUrl\":\"https:\/\/www.rabaini.it\/wp-content\/uploads\/2026\/02\/DSC_1296.jpg\",\"width\":1500,\"height\":1500},{\"@type\":\"BreadcrumbList\",\"@id\":\"https:\/\/www.rabaini.it\/de\/sneakers-windspin-aus-suede-und-leder-in-bluette-und-rutabaga\/#breadcrumb\",\"itemListElement\":[{\"@type\":\"ListItem\",\"position\":1,\"name\":\"Home\",\"item\":\"https:\/\/www.rabaini.it\/de\/homepage\/\"},{\"@type\":\"ListItem\",\"position\":2,\"name\":\"Gesch\u00e4ft\",\"item\":\"https:\/\/www.rabaini.it\/geschaeft\/\"},{\"@type\":\"ListItem\",\"position\":3,\"name\":\"Damen\",\"item\":\"https:\/\/www.rabaini.it\/de\/damen\/\"},{\"@type\":\"ListItem\",\"position\":4,\"name\":\"SNEAKERS WINDSPIN AUS SUEDE UND LEDER IN BLUETTE UND RUTABAGA\"}]},{\"@type\":\"WebSite\",\"@id\":\"https:\/\/www.rabaini.it\/de\/#website\",\"url\":\"https:\/\/www.rabaini.it\/de\/\",\"name\":\"Rabaini\",\"description\":\"\",\"potentialAction\":[{\"@type\":\"SearchAction\",\"target\":{\"@type\":\"EntryPoint\",\"urlTemplate\":\"https:\/\/www.rabaini.it\/de\/?s={search_term_string}\"},\"query-input\":{\"@type\":\"PropertyValueSpecification\",\"valueRequired\":true,\"valueName\":\"search_term_string\"}}],\"inLanguage\":\"de\"}]}<\/script>\n<!-- \/ Yoast SEO plugin. -->","yoast_head_json":{"title":"SNEAKERS WINDSPIN AUS SUEDE UND LEDER IN BLUETTE UND RUTABAGA - Rabaini","robots":{"index":"index","follow":"follow","max-snippet":"max-snippet:-1","max-image-preview":"max-image-preview:large","max-video-preview":"max-video-preview:-1"},"canonical":"https:\/\/www.rabaini.it\/de\/sneakers-windspin-aus-suede-und-leder-in-bluette-und-rutabaga\/","og_locale":"de_DE","og_type":"article","og_title":"SNEAKERS WINDSPIN AUS SUEDE UND LEDER IN BLUETTE UND RUTABAGA - Rabaini","og_description":"Artikelcode: WSLW UB28 Artikel Farbe: Bluette Der Autry Windspin ist das neue Icon von Autry und vereint den Geist des amerikanischen Traums mit einem italienischen Touch Inspiriert vom Lifestyle des Amerikas der 1960er Jahre, w\u00fcrdigt der Windspin eine Epoche gepr\u00e4gt von Freiheit und Abenteuer Hergestellt aus weichem \u201eUsed-Effekt\u201c Suede mit Lederdetails an den Seiten und&hellip;","og_url":"https:\/\/www.rabaini.it\/de\/sneakers-windspin-aus-suede-und-leder-in-bluette-und-rutabaga\/","og_site_name":"Rabaini","article_modified_time":"2026-02-27T16:48:37+00:00","og_image":[{"width":1500,"height":1500,"url":"https:\/\/www.rabaini.it\/wp-content\/uploads\/2026\/02\/DSC_1296.jpg","type":"image\/jpeg"}],"twitter_card":"summary_large_image","twitter_misc":{"Gesch\u00e4tzte Lesezeit":"1\u00a0Minute"},"schema":{"@context":"https:\/\/schema.org","@graph":[{"@type":"WebPage","@id":"https:\/\/www.rabaini.it\/de\/sneakers-windspin-aus-suede-und-leder-in-bluette-und-rutabaga\/","url":"https:\/\/www.rabaini.it\/de\/sneakers-windspin-aus-suede-und-leder-in-bluette-und-rutabaga\/","name":"SNEAKERS WINDSPIN AUS SUEDE UND LEDER IN BLUETTE UND RUTABAGA - Rabaini","isPartOf":{"@id":"https:\/\/www.rabaini.it\/de\/#website"},"primaryImageOfPage":{"@id":"https:\/\/www.rabaini.it\/de\/sneakers-windspin-aus-suede-und-leder-in-bluette-und-rutabaga\/#primaryimage"},"image":{"@id":"https:\/\/www.rabaini.it\/de\/sneakers-windspin-aus-suede-und-leder-in-bluette-und-rutabaga\/#primaryimage"},"thumbnailUrl":"https:\/\/www.rabaini.it\/wp-content\/uploads\/2026\/02\/DSC_1296.jpg","datePublished":"2026-02-24T16:39:14+00:00","dateModified":"2026-02-27T16:48:37+00:00","breadcrumb":{"@id":"https:\/\/www.rabaini.it\/de\/sneakers-windspin-aus-suede-und-leder-in-bluette-und-rutabaga\/#breadcrumb"},"inLanguage":"de","potentialAction":[{"@type":"ReadAction","target":["https:\/\/www.rabaini.it\/de\/sneakers-windspin-aus-suede-und-leder-in-bluette-und-rutabaga\/"]}]},{"@type":"ImageObject","inLanguage":"de","@id":"https:\/\/www.rabaini.it\/de\/sneakers-windspin-aus-suede-und-leder-in-bluette-und-rutabaga\/#primaryimage","url":"https:\/\/www.rabaini.it\/wp-content\/uploads\/2026\/02\/DSC_1296.jpg","contentUrl":"https:\/\/www.rabaini.it\/wp-content\/uploads\/2026\/02\/DSC_1296.jpg","width":1500,"height":1500},{"@type":"BreadcrumbList","@id":"https:\/\/www.rabaini.it\/de\/sneakers-windspin-aus-suede-und-leder-in-bluette-und-rutabaga\/#breadcrumb","itemListElement":[{"@type":"ListItem","position":1,"name":"Home","item":"https:\/\/www.rabaini.it\/de\/homepage\/"},{"@type":"ListItem","position":2,"name":"Gesch\u00e4ft","item":"https:\/\/www.rabaini.it\/geschaeft\/"},{"@type":"ListItem","position":3,"name":"Damen","item":"https:\/\/www.rabaini.it\/de\/damen\/"},{"@type":"ListItem","position":4,"name":"SNEAKERS WINDSPIN AUS SUEDE UND LEDER IN BLUETTE UND RUTABAGA"}]},{"@type":"WebSite","@id":"https:\/\/www.rabaini.it\/de\/#website","url":"https:\/\/www.rabaini.it\/de\/","name":"Rabaini","description":"","potentialAction":[{"@type":"SearchAction","target":{"@type":"EntryPoint","urlTemplate":"https:\/\/www.rabaini.it\/de\/?s={search_term_string}"},"query-input":{"@type":"PropertyValueSpecification","valueRequired":true,"valueName":"search_term_string"}}],"inLanguage":"de"}]}},"_links":{"self":[{"href":"https:\/\/www.rabaini.it\/de\/wp-json\/wp\/v2\/product\/147210","targetHints":{"allow":["GET"]}}],"collection":[{"href":"https:\/\/www.rabaini.it\/de\/wp-json\/wp\/v2\/product"}],"about":[{"href":"https:\/\/www.rabaini.it\/de\/wp-json\/wp\/v2\/types\/product"}],"wp:featuredmedia":[{"embeddable":true,"href":"https:\/\/www.rabaini.it\/de\/wp-json\/wp\/v2\/media\/145255"}],"wp:attachment":[{"href":"https:\/\/www.rabaini.it\/de\/wp-json\/wp\/v2\/media?parent=147210"}],"wp:term":[{"taxonomy":"product_brand","embeddable":true,"href":"https:\/\/www.rabaini.it\/de\/wp-json\/wp\/v2\/product_brand?post=147210"},{"taxonomy":"product_cat","embeddable":true,"href":"https:\/\/www.rabaini.it\/de\/wp-json\/wp\/v2\/product_cat?post=147210"},{"taxonomy":"product_tag","embeddable":true,"href":"https:\/\/www.rabaini.it\/de\/wp-json\/wp\/v2\/product_tag?post=147210"}],"curies":[{"name":"wp","href":"https:\/\/api.w.org\/{rel}","templated":true}]}}