{"id":147178,"date":"2026-02-24T17:30:37","date_gmt":"2026-02-24T16:30:37","guid":{"rendered":"https:\/\/www.rabaini.it\/?post_type=product&#038;p=147178"},"modified":"2026-02-27T17:48:30","modified_gmt":"2026-02-27T16:48:30","slug":"sneakers-reelwind-super-vintage-aus-rosa-nylon-und-suede","status":"publish","type":"product","link":"https:\/\/www.rabaini.it\/de\/sneakers-reelwind-super-vintage-aus-rosa-nylon-und-suede\/","title":{"rendered":"SNEAKERS REELWIND SUPER VINTAGE AUS ROSA NYLON UND SUEDE"},"content":{"rendered":"<ul>\n<li>Artikelcode: WVLW YS02<\/li>\n<li>Artikel Farbe: Rosa<\/li>\n<li>Der Autry Super Vintage verk\u00f6rpert die authentische Essenz der Markenphilosophie und verbindet Design inspiriert von den 80ern mit einzigartiger handwerklicher Verarbeitung<\/li>\n<li>Jeder Sneaker wird durch spezielle handgefertigte Details in Italien von erfahrenen Handwerkern individualisiert, wodurch ein abgenutzter und authentisch-vintage Look entsteht<\/li>\n<li>Das Ergebnis ist ein exklusiver Reelwind mit einem gelebten, einzigartigen Look, der Autrys Heritage-Geist mit einer zeitlosen \u00c4sthetik feiert<\/li>\n<li>Dieses Modell besteht aus einer Mischung aus rosa Suede und Nylon mit Charms<\/li>\n<li>F\u00fcr einen dynamischen Lifestyle konzipiert, zeichnet es sich durch eine schlanke Silhouette und eine Performance-Konstruktion aus, die maximale Bewegungsfreiheit erm\u00f6glicht<\/li>\n<li>Die Gummisohle mit reliefartigem Profil ist mit dem Sternenmuster und dem A-Arrow personalisiert, das Logo in grafischem, modernem Stil interpretiert<\/li>\n<li>Der doppelte Schn\u00fcrverschluss in verschiedenen Farben sorgt f\u00fcr Originalit\u00e4t<\/li>\n<li>Die exklusive Behandlung, die den Vintage-Look erzeugt, ist vollst\u00e4ndig Made in Italy<\/li>\n<li>Obermaterial aus Nylon, Suede und Leder<\/li>\n<li>Flache Baumwoll-Schn\u00fcrsenkel<\/li>\n<li>Label auf der Zunge aufgen\u00e4ht<\/li>\n<li>Gepolsterter Schaft<\/li>\n<li>Innenfutter aus Leder, Nylon und Baumwollfrottee<\/li>\n<li>Ledersohle, 2 cm erh\u00f6ht<\/li>\n<li>Laufsohle aus Gummi mit eingepr\u00e4gtem Logo<\/li>\n<li>Sohlenh\u00f6he: 2,5-3,5 cm<\/li>\n<li>Obermaterial: 60% Nylon, 40% Leder<\/li>\n<li>Innenfutter: 40% Leder, 50% Baumwollfrottee, 10% Nylon<\/li>\n<li>Sohle: 60% Phylon, 40% Gummi<\/li>\n<\/ul>\n","protected":false},"excerpt":{"rendered":"<p>Artikelcode: WVLW YS02 Artikel Farbe: Rosa Der Autry Super Vintage verk\u00f6rpert die authentische Essenz der Markenphilosophie und verbindet Design inspiriert von den 80ern mit einzigartiger handwerklicher Verarbeitung Jeder Sneaker wird durch spezielle handgefertigte Details in Italien von erfahrenen Handwerkern individualisiert, wodurch ein abgenutzter und authentisch-vintage Look entsteht Das Ergebnis ist ein exklusiver Reelwind mit einem&hellip;<\/p>\n","protected":false},"featured_media":145237,"template":"","meta":{"_acf_changed":false},"product_brand":[],"product_cat":[1273,1310,1308,1318],"product_tag":[],"class_list":{"0":"post-147178","1":"product","2":"type-product","3":"status-publish","4":"has-post-thumbnail","6":"product_cat-damen","7":"product_cat-damenschuhe","8":"product_cat-neuheiten-fur-damen","9":"product_cat-turnschuhe-damen","10":"marca-autry-de","12":"first","13":"instock","14":"shipping-taxable","15":"purchasable","16":"product-type-variable"},"acf":[],"yoast_head":"<!-- This site is optimized with the Yoast SEO plugin v27.2 - https:\/\/yoast.com\/product\/yoast-seo-wordpress\/ -->\n<title>SNEAKERS REELWIND SUPER VINTAGE AUS ROSA NYLON UND SUEDE - Rabaini<\/title>\n<meta name=\"robots\" content=\"index, follow, max-snippet:-1, max-image-preview:large, max-video-preview:-1\" \/>\n<link rel=\"canonical\" href=\"https:\/\/www.rabaini.it\/de\/sneakers-reelwind-super-vintage-aus-rosa-nylon-und-suede\/\" \/>\n<meta property=\"og:locale\" content=\"de_DE\" \/>\n<meta property=\"og:type\" content=\"article\" \/>\n<meta property=\"og:title\" content=\"SNEAKERS REELWIND SUPER VINTAGE AUS ROSA NYLON UND SUEDE - Rabaini\" \/>\n<meta property=\"og:description\" content=\"Artikelcode: WVLW YS02 Artikel Farbe: Rosa Der Autry Super Vintage verk\u00f6rpert die authentische Essenz der Markenphilosophie und verbindet Design inspiriert von den 80ern mit einzigartiger handwerklicher Verarbeitung Jeder Sneaker wird durch spezielle handgefertigte Details in Italien von erfahrenen Handwerkern individualisiert, wodurch ein abgenutzter und authentisch-vintage Look entsteht Das Ergebnis ist ein exklusiver Reelwind mit einem&hellip;\" \/>\n<meta property=\"og:url\" content=\"https:\/\/www.rabaini.it\/de\/sneakers-reelwind-super-vintage-aus-rosa-nylon-und-suede\/\" \/>\n<meta property=\"og:site_name\" content=\"Rabaini\" \/>\n<meta property=\"article:modified_time\" content=\"2026-02-27T16:48:30+00:00\" \/>\n<meta property=\"og:image\" content=\"https:\/\/www.rabaini.it\/wp-content\/uploads\/2026\/02\/DSC_1290.jpg\" \/>\n\t<meta property=\"og:image:width\" content=\"1500\" \/>\n\t<meta property=\"og:image:height\" content=\"1500\" \/>\n\t<meta property=\"og:image:type\" content=\"image\/jpeg\" \/>\n<meta name=\"twitter:card\" content=\"summary_large_image\" \/>\n<meta name=\"twitter:label1\" content=\"Gesch\u00e4tzte Lesezeit\" \/>\n\t<meta name=\"twitter:data1\" content=\"1\u00a0Minute\" \/>\n<script type=\"application\/ld+json\" class=\"yoast-schema-graph\">{\"@context\":\"https:\/\/schema.org\",\"@graph\":[{\"@type\":\"WebPage\",\"@id\":\"https:\/\/www.rabaini.it\/de\/sneakers-reelwind-super-vintage-aus-rosa-nylon-und-suede\/\",\"url\":\"https:\/\/www.rabaini.it\/de\/sneakers-reelwind-super-vintage-aus-rosa-nylon-und-suede\/\",\"name\":\"SNEAKERS REELWIND SUPER VINTAGE AUS ROSA NYLON UND SUEDE - Rabaini\",\"isPartOf\":{\"@id\":\"https:\/\/www.rabaini.it\/de\/#website\"},\"primaryImageOfPage\":{\"@id\":\"https:\/\/www.rabaini.it\/de\/sneakers-reelwind-super-vintage-aus-rosa-nylon-und-suede\/#primaryimage\"},\"image\":{\"@id\":\"https:\/\/www.rabaini.it\/de\/sneakers-reelwind-super-vintage-aus-rosa-nylon-und-suede\/#primaryimage\"},\"thumbnailUrl\":\"https:\/\/www.rabaini.it\/wp-content\/uploads\/2026\/02\/DSC_1290.jpg\",\"datePublished\":\"2026-02-24T16:30:37+00:00\",\"dateModified\":\"2026-02-27T16:48:30+00:00\",\"breadcrumb\":{\"@id\":\"https:\/\/www.rabaini.it\/de\/sneakers-reelwind-super-vintage-aus-rosa-nylon-und-suede\/#breadcrumb\"},\"inLanguage\":\"de\",\"potentialAction\":[{\"@type\":\"ReadAction\",\"target\":[\"https:\/\/www.rabaini.it\/de\/sneakers-reelwind-super-vintage-aus-rosa-nylon-und-suede\/\"]}]},{\"@type\":\"ImageObject\",\"inLanguage\":\"de\",\"@id\":\"https:\/\/www.rabaini.it\/de\/sneakers-reelwind-super-vintage-aus-rosa-nylon-und-suede\/#primaryimage\",\"url\":\"https:\/\/www.rabaini.it\/wp-content\/uploads\/2026\/02\/DSC_1290.jpg\",\"contentUrl\":\"https:\/\/www.rabaini.it\/wp-content\/uploads\/2026\/02\/DSC_1290.jpg\",\"width\":1500,\"height\":1500},{\"@type\":\"BreadcrumbList\",\"@id\":\"https:\/\/www.rabaini.it\/de\/sneakers-reelwind-super-vintage-aus-rosa-nylon-und-suede\/#breadcrumb\",\"itemListElement\":[{\"@type\":\"ListItem\",\"position\":1,\"name\":\"Home\",\"item\":\"https:\/\/www.rabaini.it\/de\/homepage\/\"},{\"@type\":\"ListItem\",\"position\":2,\"name\":\"Gesch\u00e4ft\",\"item\":\"https:\/\/www.rabaini.it\/geschaeft\/\"},{\"@type\":\"ListItem\",\"position\":3,\"name\":\"Damen\",\"item\":\"https:\/\/www.rabaini.it\/de\/damen\/\"},{\"@type\":\"ListItem\",\"position\":4,\"name\":\"SNEAKERS REELWIND SUPER VINTAGE AUS ROSA NYLON UND SUEDE\"}]},{\"@type\":\"WebSite\",\"@id\":\"https:\/\/www.rabaini.it\/de\/#website\",\"url\":\"https:\/\/www.rabaini.it\/de\/\",\"name\":\"Rabaini\",\"description\":\"\",\"potentialAction\":[{\"@type\":\"SearchAction\",\"target\":{\"@type\":\"EntryPoint\",\"urlTemplate\":\"https:\/\/www.rabaini.it\/de\/?s={search_term_string}\"},\"query-input\":{\"@type\":\"PropertyValueSpecification\",\"valueRequired\":true,\"valueName\":\"search_term_string\"}}],\"inLanguage\":\"de\"}]}<\/script>\n<!-- \/ Yoast SEO plugin. -->","yoast_head_json":{"title":"SNEAKERS REELWIND SUPER VINTAGE AUS ROSA NYLON UND SUEDE - Rabaini","robots":{"index":"index","follow":"follow","max-snippet":"max-snippet:-1","max-image-preview":"max-image-preview:large","max-video-preview":"max-video-preview:-1"},"canonical":"https:\/\/www.rabaini.it\/de\/sneakers-reelwind-super-vintage-aus-rosa-nylon-und-suede\/","og_locale":"de_DE","og_type":"article","og_title":"SNEAKERS REELWIND SUPER VINTAGE AUS ROSA NYLON UND SUEDE - Rabaini","og_description":"Artikelcode: WVLW YS02 Artikel Farbe: Rosa Der Autry Super Vintage verk\u00f6rpert die authentische Essenz der Markenphilosophie und verbindet Design inspiriert von den 80ern mit einzigartiger handwerklicher Verarbeitung Jeder Sneaker wird durch spezielle handgefertigte Details in Italien von erfahrenen Handwerkern individualisiert, wodurch ein abgenutzter und authentisch-vintage Look entsteht Das Ergebnis ist ein exklusiver Reelwind mit einem&hellip;","og_url":"https:\/\/www.rabaini.it\/de\/sneakers-reelwind-super-vintage-aus-rosa-nylon-und-suede\/","og_site_name":"Rabaini","article_modified_time":"2026-02-27T16:48:30+00:00","og_image":[{"width":1500,"height":1500,"url":"https:\/\/www.rabaini.it\/wp-content\/uploads\/2026\/02\/DSC_1290.jpg","type":"image\/jpeg"}],"twitter_card":"summary_large_image","twitter_misc":{"Gesch\u00e4tzte Lesezeit":"1\u00a0Minute"},"schema":{"@context":"https:\/\/schema.org","@graph":[{"@type":"WebPage","@id":"https:\/\/www.rabaini.it\/de\/sneakers-reelwind-super-vintage-aus-rosa-nylon-und-suede\/","url":"https:\/\/www.rabaini.it\/de\/sneakers-reelwind-super-vintage-aus-rosa-nylon-und-suede\/","name":"SNEAKERS REELWIND SUPER VINTAGE AUS ROSA NYLON UND SUEDE - Rabaini","isPartOf":{"@id":"https:\/\/www.rabaini.it\/de\/#website"},"primaryImageOfPage":{"@id":"https:\/\/www.rabaini.it\/de\/sneakers-reelwind-super-vintage-aus-rosa-nylon-und-suede\/#primaryimage"},"image":{"@id":"https:\/\/www.rabaini.it\/de\/sneakers-reelwind-super-vintage-aus-rosa-nylon-und-suede\/#primaryimage"},"thumbnailUrl":"https:\/\/www.rabaini.it\/wp-content\/uploads\/2026\/02\/DSC_1290.jpg","datePublished":"2026-02-24T16:30:37+00:00","dateModified":"2026-02-27T16:48:30+00:00","breadcrumb":{"@id":"https:\/\/www.rabaini.it\/de\/sneakers-reelwind-super-vintage-aus-rosa-nylon-und-suede\/#breadcrumb"},"inLanguage":"de","potentialAction":[{"@type":"ReadAction","target":["https:\/\/www.rabaini.it\/de\/sneakers-reelwind-super-vintage-aus-rosa-nylon-und-suede\/"]}]},{"@type":"ImageObject","inLanguage":"de","@id":"https:\/\/www.rabaini.it\/de\/sneakers-reelwind-super-vintage-aus-rosa-nylon-und-suede\/#primaryimage","url":"https:\/\/www.rabaini.it\/wp-content\/uploads\/2026\/02\/DSC_1290.jpg","contentUrl":"https:\/\/www.rabaini.it\/wp-content\/uploads\/2026\/02\/DSC_1290.jpg","width":1500,"height":1500},{"@type":"BreadcrumbList","@id":"https:\/\/www.rabaini.it\/de\/sneakers-reelwind-super-vintage-aus-rosa-nylon-und-suede\/#breadcrumb","itemListElement":[{"@type":"ListItem","position":1,"name":"Home","item":"https:\/\/www.rabaini.it\/de\/homepage\/"},{"@type":"ListItem","position":2,"name":"Gesch\u00e4ft","item":"https:\/\/www.rabaini.it\/geschaeft\/"},{"@type":"ListItem","position":3,"name":"Damen","item":"https:\/\/www.rabaini.it\/de\/damen\/"},{"@type":"ListItem","position":4,"name":"SNEAKERS REELWIND SUPER VINTAGE AUS ROSA NYLON UND SUEDE"}]},{"@type":"WebSite","@id":"https:\/\/www.rabaini.it\/de\/#website","url":"https:\/\/www.rabaini.it\/de\/","name":"Rabaini","description":"","potentialAction":[{"@type":"SearchAction","target":{"@type":"EntryPoint","urlTemplate":"https:\/\/www.rabaini.it\/de\/?s={search_term_string}"},"query-input":{"@type":"PropertyValueSpecification","valueRequired":true,"valueName":"search_term_string"}}],"inLanguage":"de"}]}},"_links":{"self":[{"href":"https:\/\/www.rabaini.it\/de\/wp-json\/wp\/v2\/product\/147178","targetHints":{"allow":["GET"]}}],"collection":[{"href":"https:\/\/www.rabaini.it\/de\/wp-json\/wp\/v2\/product"}],"about":[{"href":"https:\/\/www.rabaini.it\/de\/wp-json\/wp\/v2\/types\/product"}],"wp:featuredmedia":[{"embeddable":true,"href":"https:\/\/www.rabaini.it\/de\/wp-json\/wp\/v2\/media\/145237"}],"wp:attachment":[{"href":"https:\/\/www.rabaini.it\/de\/wp-json\/wp\/v2\/media?parent=147178"}],"wp:term":[{"taxonomy":"product_brand","embeddable":true,"href":"https:\/\/www.rabaini.it\/de\/wp-json\/wp\/v2\/product_brand?post=147178"},{"taxonomy":"product_cat","embeddable":true,"href":"https:\/\/www.rabaini.it\/de\/wp-json\/wp\/v2\/product_cat?post=147178"},{"taxonomy":"product_tag","embeddable":true,"href":"https:\/\/www.rabaini.it\/de\/wp-json\/wp\/v2\/product_tag?post=147178"}],"curies":[{"name":"wp","href":"https:\/\/api.w.org\/{rel}","templated":true}]}}