{"id":147098,"date":"2026-02-24T16:10:25","date_gmt":"2026-02-24T15:10:25","guid":{"rendered":"https:\/\/www.rabaini.it\/?post_type=product&#038;p=147098"},"modified":"2026-02-27T17:48:14","modified_gmt":"2026-02-27T16:48:14","slug":"sneakers-hyperway-aus-mesh-und-suede-in-sand-und-silber","status":"publish","type":"product","link":"https:\/\/www.rabaini.it\/de\/sneakers-hyperway-aus-mesh-und-suede-in-sand-und-silber\/","title":{"rendered":"SNEAKERS HYPERWAY AUS MESH UND SUEDE IN SAND UND SILBER"},"content":{"rendered":"<ul>\n<li>Artikelcode: HYLW UM19<\/li>\n<li>Artikel Farbe: Beige und Silber<\/li>\n<li>Hyperway: der Autry-Sneaker inspiriert von der Zukunft<\/li>\n<li>Running-Stil und urbanes Design treffen auf die neue Action-Cush-Technologie f\u00fcr maximalen Komfort<\/li>\n<li>Das Obermaterial zeichnet sich durch die Kombination von zwei Materialien aus. Leichtes, atmungsaktives Mesh sorgt f\u00fcr Komfort, w\u00e4hrend Suede das Design mit einem raffinierten Finish abrundet und einen Vintage-Look erzeugt<\/li>\n<li>Die Sohle ist mit der &#8218;Action Cush&#8216;-Technologie ausgestattet, die eine verbesserte D\u00e4mpfung und optimalen Komfort bietet und ein einzigartiges, \u00e4u\u00dferst angenehmes Bewegungserlebnis liefert<\/li>\n<li>Der strategisch platzierte TPR-Stabilisator bietet Unterst\u00fctzung und Stabilit\u00e4t<\/li>\n<li>Besondere Details sind die Nylon-Zunge f\u00fcr ein funktionales, elegantes Design, der gepr\u00e4gte Leder-Backcounter sowie Jacquard-Etiketten auf Zunge und Seite, die zus\u00e4tzlichen Authentizit\u00e4t verleihen<\/li>\n<li>Obermaterial aus Suede und Mesh<\/li>\n<li>Mesh-Spitze<\/li>\n<li>Flache Baumwoll-Schn\u00fcrsenkel<\/li>\n<li>Jacquard-Logoetikett<\/li>\n<li>Gepolsterter Mesh-Kragen<\/li>\n<li>Innenfutter aus Baumwollfrottee<\/li>\n<li>Mit Mesh gef\u00fctterte Innensohle, 1,5 mm erh\u00f6ht<\/li>\n<li>PI-Sohle<\/li>\n<li>Sohlenh\u00f6he: 3,5 cm<\/li>\n<li>Obermaterial: 70% Suede, 15% Mesh, 10% Nylon, 5% Synthetisches Material (100% PU)<\/li>\n<li>Innenfutter: 50% Baumwollfrottee, 10% Nylon, 20% Leder, 20% Mesh (100% PL)<\/li>\n<li>Sohle: 40% Phylon, 40% Gummi, 20% TPU<\/li>\n<\/ul>\n","protected":false},"excerpt":{"rendered":"<p>Artikelcode: HYLW UM19 Artikel Farbe: Beige und Silber Hyperway: der Autry-Sneaker inspiriert von der Zukunft Running-Stil und urbanes Design treffen auf die neue Action-Cush-Technologie f\u00fcr maximalen Komfort Das Obermaterial zeichnet sich durch die Kombination von zwei Materialien aus. Leichtes, atmungsaktives Mesh sorgt f\u00fcr Komfort, w\u00e4hrend Suede das Design mit einem raffinierten Finish abrundet und einen&hellip;<\/p>\n","protected":false},"featured_media":145192,"template":"","meta":{"_acf_changed":false},"product_brand":[],"product_cat":[1273,1310,1308,1318],"product_tag":[],"class_list":{"0":"post-147098","1":"product","2":"type-product","3":"status-publish","4":"has-post-thumbnail","6":"product_cat-damen","7":"product_cat-damenschuhe","8":"product_cat-neuheiten-fur-damen","9":"product_cat-turnschuhe-damen","10":"marca-autry-de","12":"first","13":"instock","14":"shipping-taxable","15":"purchasable","16":"product-type-variable"},"acf":[],"yoast_head":"<!-- This site is optimized with the Yoast SEO plugin v27.2 - https:\/\/yoast.com\/product\/yoast-seo-wordpress\/ -->\n<title>SNEAKERS HYPERWAY AUS MESH UND SUEDE IN SAND UND SILBER - Rabaini<\/title>\n<meta name=\"robots\" content=\"index, follow, max-snippet:-1, max-image-preview:large, max-video-preview:-1\" \/>\n<link rel=\"canonical\" href=\"https:\/\/www.rabaini.it\/de\/sneakers-hyperway-aus-mesh-und-suede-in-sand-und-silber\/\" \/>\n<meta property=\"og:locale\" content=\"de_DE\" \/>\n<meta property=\"og:type\" content=\"article\" \/>\n<meta property=\"og:title\" content=\"SNEAKERS HYPERWAY AUS MESH UND SUEDE IN SAND UND SILBER - Rabaini\" \/>\n<meta property=\"og:description\" content=\"Artikelcode: HYLW UM19 Artikel Farbe: Beige und Silber Hyperway: der Autry-Sneaker inspiriert von der Zukunft Running-Stil und urbanes Design treffen auf die neue Action-Cush-Technologie f\u00fcr maximalen Komfort Das Obermaterial zeichnet sich durch die Kombination von zwei Materialien aus. Leichtes, atmungsaktives Mesh sorgt f\u00fcr Komfort, w\u00e4hrend Suede das Design mit einem raffinierten Finish abrundet und einen&hellip;\" \/>\n<meta property=\"og:url\" content=\"https:\/\/www.rabaini.it\/de\/sneakers-hyperway-aus-mesh-und-suede-in-sand-und-silber\/\" \/>\n<meta property=\"og:site_name\" content=\"Rabaini\" \/>\n<meta property=\"article:modified_time\" content=\"2026-02-27T16:48:14+00:00\" \/>\n<meta property=\"og:image\" content=\"https:\/\/www.rabaini.it\/wp-content\/uploads\/2026\/02\/DSC_1202.jpg\" \/>\n\t<meta property=\"og:image:width\" content=\"1500\" \/>\n\t<meta property=\"og:image:height\" content=\"1500\" \/>\n\t<meta property=\"og:image:type\" content=\"image\/jpeg\" \/>\n<meta name=\"twitter:card\" content=\"summary_large_image\" \/>\n<meta name=\"twitter:label1\" content=\"Gesch\u00e4tzte Lesezeit\" \/>\n\t<meta name=\"twitter:data1\" content=\"1\u00a0Minute\" \/>\n<script type=\"application\/ld+json\" class=\"yoast-schema-graph\">{\"@context\":\"https:\/\/schema.org\",\"@graph\":[{\"@type\":\"WebPage\",\"@id\":\"https:\/\/www.rabaini.it\/de\/sneakers-hyperway-aus-mesh-und-suede-in-sand-und-silber\/\",\"url\":\"https:\/\/www.rabaini.it\/de\/sneakers-hyperway-aus-mesh-und-suede-in-sand-und-silber\/\",\"name\":\"SNEAKERS HYPERWAY AUS MESH UND SUEDE IN SAND UND SILBER - Rabaini\",\"isPartOf\":{\"@id\":\"https:\/\/www.rabaini.it\/de\/#website\"},\"primaryImageOfPage\":{\"@id\":\"https:\/\/www.rabaini.it\/de\/sneakers-hyperway-aus-mesh-und-suede-in-sand-und-silber\/#primaryimage\"},\"image\":{\"@id\":\"https:\/\/www.rabaini.it\/de\/sneakers-hyperway-aus-mesh-und-suede-in-sand-und-silber\/#primaryimage\"},\"thumbnailUrl\":\"https:\/\/www.rabaini.it\/wp-content\/uploads\/2026\/02\/DSC_1202.jpg\",\"datePublished\":\"2026-02-24T15:10:25+00:00\",\"dateModified\":\"2026-02-27T16:48:14+00:00\",\"breadcrumb\":{\"@id\":\"https:\/\/www.rabaini.it\/de\/sneakers-hyperway-aus-mesh-und-suede-in-sand-und-silber\/#breadcrumb\"},\"inLanguage\":\"de\",\"potentialAction\":[{\"@type\":\"ReadAction\",\"target\":[\"https:\/\/www.rabaini.it\/de\/sneakers-hyperway-aus-mesh-und-suede-in-sand-und-silber\/\"]}]},{\"@type\":\"ImageObject\",\"inLanguage\":\"de\",\"@id\":\"https:\/\/www.rabaini.it\/de\/sneakers-hyperway-aus-mesh-und-suede-in-sand-und-silber\/#primaryimage\",\"url\":\"https:\/\/www.rabaini.it\/wp-content\/uploads\/2026\/02\/DSC_1202.jpg\",\"contentUrl\":\"https:\/\/www.rabaini.it\/wp-content\/uploads\/2026\/02\/DSC_1202.jpg\",\"width\":1500,\"height\":1500},{\"@type\":\"BreadcrumbList\",\"@id\":\"https:\/\/www.rabaini.it\/de\/sneakers-hyperway-aus-mesh-und-suede-in-sand-und-silber\/#breadcrumb\",\"itemListElement\":[{\"@type\":\"ListItem\",\"position\":1,\"name\":\"Home\",\"item\":\"https:\/\/www.rabaini.it\/de\/homepage\/\"},{\"@type\":\"ListItem\",\"position\":2,\"name\":\"Gesch\u00e4ft\",\"item\":\"https:\/\/www.rabaini.it\/geschaeft\/\"},{\"@type\":\"ListItem\",\"position\":3,\"name\":\"Damen\",\"item\":\"https:\/\/www.rabaini.it\/de\/damen\/\"},{\"@type\":\"ListItem\",\"position\":4,\"name\":\"SNEAKERS HYPERWAY AUS MESH UND SUEDE IN SAND UND SILBER\"}]},{\"@type\":\"WebSite\",\"@id\":\"https:\/\/www.rabaini.it\/de\/#website\",\"url\":\"https:\/\/www.rabaini.it\/de\/\",\"name\":\"Rabaini\",\"description\":\"\",\"potentialAction\":[{\"@type\":\"SearchAction\",\"target\":{\"@type\":\"EntryPoint\",\"urlTemplate\":\"https:\/\/www.rabaini.it\/de\/?s={search_term_string}\"},\"query-input\":{\"@type\":\"PropertyValueSpecification\",\"valueRequired\":true,\"valueName\":\"search_term_string\"}}],\"inLanguage\":\"de\"}]}<\/script>\n<!-- \/ Yoast SEO plugin. -->","yoast_head_json":{"title":"SNEAKERS HYPERWAY AUS MESH UND SUEDE IN SAND UND SILBER - Rabaini","robots":{"index":"index","follow":"follow","max-snippet":"max-snippet:-1","max-image-preview":"max-image-preview:large","max-video-preview":"max-video-preview:-1"},"canonical":"https:\/\/www.rabaini.it\/de\/sneakers-hyperway-aus-mesh-und-suede-in-sand-und-silber\/","og_locale":"de_DE","og_type":"article","og_title":"SNEAKERS HYPERWAY AUS MESH UND SUEDE IN SAND UND SILBER - Rabaini","og_description":"Artikelcode: HYLW UM19 Artikel Farbe: Beige und Silber Hyperway: der Autry-Sneaker inspiriert von der Zukunft Running-Stil und urbanes Design treffen auf die neue Action-Cush-Technologie f\u00fcr maximalen Komfort Das Obermaterial zeichnet sich durch die Kombination von zwei Materialien aus. Leichtes, atmungsaktives Mesh sorgt f\u00fcr Komfort, w\u00e4hrend Suede das Design mit einem raffinierten Finish abrundet und einen&hellip;","og_url":"https:\/\/www.rabaini.it\/de\/sneakers-hyperway-aus-mesh-und-suede-in-sand-und-silber\/","og_site_name":"Rabaini","article_modified_time":"2026-02-27T16:48:14+00:00","og_image":[{"width":1500,"height":1500,"url":"https:\/\/www.rabaini.it\/wp-content\/uploads\/2026\/02\/DSC_1202.jpg","type":"image\/jpeg"}],"twitter_card":"summary_large_image","twitter_misc":{"Gesch\u00e4tzte Lesezeit":"1\u00a0Minute"},"schema":{"@context":"https:\/\/schema.org","@graph":[{"@type":"WebPage","@id":"https:\/\/www.rabaini.it\/de\/sneakers-hyperway-aus-mesh-und-suede-in-sand-und-silber\/","url":"https:\/\/www.rabaini.it\/de\/sneakers-hyperway-aus-mesh-und-suede-in-sand-und-silber\/","name":"SNEAKERS HYPERWAY AUS MESH UND SUEDE IN SAND UND SILBER - Rabaini","isPartOf":{"@id":"https:\/\/www.rabaini.it\/de\/#website"},"primaryImageOfPage":{"@id":"https:\/\/www.rabaini.it\/de\/sneakers-hyperway-aus-mesh-und-suede-in-sand-und-silber\/#primaryimage"},"image":{"@id":"https:\/\/www.rabaini.it\/de\/sneakers-hyperway-aus-mesh-und-suede-in-sand-und-silber\/#primaryimage"},"thumbnailUrl":"https:\/\/www.rabaini.it\/wp-content\/uploads\/2026\/02\/DSC_1202.jpg","datePublished":"2026-02-24T15:10:25+00:00","dateModified":"2026-02-27T16:48:14+00:00","breadcrumb":{"@id":"https:\/\/www.rabaini.it\/de\/sneakers-hyperway-aus-mesh-und-suede-in-sand-und-silber\/#breadcrumb"},"inLanguage":"de","potentialAction":[{"@type":"ReadAction","target":["https:\/\/www.rabaini.it\/de\/sneakers-hyperway-aus-mesh-und-suede-in-sand-und-silber\/"]}]},{"@type":"ImageObject","inLanguage":"de","@id":"https:\/\/www.rabaini.it\/de\/sneakers-hyperway-aus-mesh-und-suede-in-sand-und-silber\/#primaryimage","url":"https:\/\/www.rabaini.it\/wp-content\/uploads\/2026\/02\/DSC_1202.jpg","contentUrl":"https:\/\/www.rabaini.it\/wp-content\/uploads\/2026\/02\/DSC_1202.jpg","width":1500,"height":1500},{"@type":"BreadcrumbList","@id":"https:\/\/www.rabaini.it\/de\/sneakers-hyperway-aus-mesh-und-suede-in-sand-und-silber\/#breadcrumb","itemListElement":[{"@type":"ListItem","position":1,"name":"Home","item":"https:\/\/www.rabaini.it\/de\/homepage\/"},{"@type":"ListItem","position":2,"name":"Gesch\u00e4ft","item":"https:\/\/www.rabaini.it\/geschaeft\/"},{"@type":"ListItem","position":3,"name":"Damen","item":"https:\/\/www.rabaini.it\/de\/damen\/"},{"@type":"ListItem","position":4,"name":"SNEAKERS HYPERWAY AUS MESH UND SUEDE IN SAND UND SILBER"}]},{"@type":"WebSite","@id":"https:\/\/www.rabaini.it\/de\/#website","url":"https:\/\/www.rabaini.it\/de\/","name":"Rabaini","description":"","potentialAction":[{"@type":"SearchAction","target":{"@type":"EntryPoint","urlTemplate":"https:\/\/www.rabaini.it\/de\/?s={search_term_string}"},"query-input":{"@type":"PropertyValueSpecification","valueRequired":true,"valueName":"search_term_string"}}],"inLanguage":"de"}]}},"_links":{"self":[{"href":"https:\/\/www.rabaini.it\/de\/wp-json\/wp\/v2\/product\/147098","targetHints":{"allow":["GET"]}}],"collection":[{"href":"https:\/\/www.rabaini.it\/de\/wp-json\/wp\/v2\/product"}],"about":[{"href":"https:\/\/www.rabaini.it\/de\/wp-json\/wp\/v2\/types\/product"}],"wp:featuredmedia":[{"embeddable":true,"href":"https:\/\/www.rabaini.it\/de\/wp-json\/wp\/v2\/media\/145192"}],"wp:attachment":[{"href":"https:\/\/www.rabaini.it\/de\/wp-json\/wp\/v2\/media?parent=147098"}],"wp:term":[{"taxonomy":"product_brand","embeddable":true,"href":"https:\/\/www.rabaini.it\/de\/wp-json\/wp\/v2\/product_brand?post=147098"},{"taxonomy":"product_cat","embeddable":true,"href":"https:\/\/www.rabaini.it\/de\/wp-json\/wp\/v2\/product_cat?post=147098"},{"taxonomy":"product_tag","embeddable":true,"href":"https:\/\/www.rabaini.it\/de\/wp-json\/wp\/v2\/product_tag?post=147098"}],"curies":[{"name":"wp","href":"https:\/\/api.w.org\/{rel}","templated":true}]}}