{"id":146954,"date":"2026-02-24T11:48:21","date_gmt":"2026-02-24T10:48:21","guid":{"rendered":"https:\/\/www.rabaini.it\/?post_type=product&#038;p=146954"},"modified":"2026-02-27T17:47:45","modified_gmt":"2026-02-27T16:47:45","slug":"sneakers-medalist-low-aus-weisem-leder-mit-off-black-sternen","status":"publish","type":"product","link":"https:\/\/www.rabaini.it\/de\/sneakers-medalist-low-aus-weisem-leder-mit-off-black-sternen\/","title":{"rendered":"SNEAKERS MEDALIST LOW AUS WEI\u00dfEM LEDER MIT OFF-BLACK-STERNEN"},"content":{"rendered":"<ul>\n<li>Artikelcode: AULW PK03<\/li>\n<li>Artikel Farbe: Wei\u00df und Off-Black-Sterne<\/li>\n<li>Der Autry Medalist interpretiert den Tennisstil der 1980er neu und verbindet Heritage-Vibes mit einem zeitgen\u00f6ssischen Look<\/li>\n<li>Mit minimalistischem Design ist er der perfekte Alltagssneaker dank seines zeitlosen und vielseitigen Moods, bietet t\u00e4glichen Komfort und vereint langlebigen Stil mit Funktionalit\u00e4t<\/li>\n<li>Dieser Damensneaker besteht aus weichem wei\u00dfen Leder mit authentischem Look und ist mit originalen Glitzer-Suede-Verst\u00e4rkungen f\u00fcr einen edlen Schimmer versehen<\/li>\n<li>Ein neu interpretierter Sneaker mit zeitgen\u00f6ssischem und einzigartigem Appeal, perfektes Gleichgewicht zwischen Innovation und Tradition, w\u00e4hrend die Logos auf Zunge, Ferse und Au\u00dfenseite authentische Details bieten<\/li>\n<li>Obermaterial aus Leder<\/li>\n<li>Perforierte Spitze<\/li>\n<li>Flache Baumwoll-Schn\u00fcrsenkel<\/li>\n<li>Gesticktes Label auf der Zunge<\/li>\n<li>Gepolsterter Kragen<\/li>\n<li>Innenfutter aus Leder und Baumwollfrottee<\/li>\n<li>2 cm erh\u00f6hte Leder-Innensohle<\/li>\n<li>Gummisohle<\/li>\n<li>Sohlenh\u00f6he: 2,5-3,5 cm<\/li>\n<li>Obermaterial: 100% Leder<\/li>\n<li>Innenfutter: 40% Leder, 50% Baumwollfrottee, 10% Nylon<\/li>\n<li>Sohle: 100% Gummi<\/li>\n<\/ul>\n","protected":false},"excerpt":{"rendered":"<p>Artikelcode: AULW PK03 Artikel Farbe: Wei\u00df und Off-Black-Sterne Der Autry Medalist interpretiert den Tennisstil der 1980er neu und verbindet Heritage-Vibes mit einem zeitgen\u00f6ssischen Look Mit minimalistischem Design ist er der perfekte Alltagssneaker dank seines zeitlosen und vielseitigen Moods, bietet t\u00e4glichen Komfort und vereint langlebigen Stil mit Funktionalit\u00e4t Dieser Damensneaker besteht aus weichem wei\u00dfen Leder mit&hellip;<\/p>\n","protected":false},"featured_media":145111,"template":"","meta":{"_acf_changed":false},"product_brand":[],"product_cat":[1273,1310,1308,1318],"product_tag":[],"class_list":{"0":"post-146954","1":"product","2":"type-product","3":"status-publish","4":"has-post-thumbnail","6":"product_cat-damen","7":"product_cat-damenschuhe","8":"product_cat-neuheiten-fur-damen","9":"product_cat-turnschuhe-damen","10":"marca-autry-de","12":"first","13":"instock","14":"shipping-taxable","15":"purchasable","16":"product-type-variable"},"acf":[],"yoast_head":"<!-- This site is optimized with the Yoast SEO plugin v27.2 - https:\/\/yoast.com\/product\/yoast-seo-wordpress\/ -->\n<title>SNEAKERS MEDALIST LOW AUS WEI\u00dfEM LEDER MIT OFF-BLACK-STERNEN - Rabaini<\/title>\n<meta name=\"robots\" content=\"index, follow, max-snippet:-1, max-image-preview:large, max-video-preview:-1\" \/>\n<link rel=\"canonical\" href=\"https:\/\/www.rabaini.it\/de\/sneakers-medalist-low-aus-weisem-leder-mit-off-black-sternen\/\" \/>\n<meta property=\"og:locale\" content=\"de_DE\" \/>\n<meta property=\"og:type\" content=\"article\" \/>\n<meta property=\"og:title\" content=\"SNEAKERS MEDALIST LOW AUS WEI\u00dfEM LEDER MIT OFF-BLACK-STERNEN - Rabaini\" \/>\n<meta property=\"og:description\" content=\"Artikelcode: AULW PK03 Artikel Farbe: Wei\u00df und Off-Black-Sterne Der Autry Medalist interpretiert den Tennisstil der 1980er neu und verbindet Heritage-Vibes mit einem zeitgen\u00f6ssischen Look Mit minimalistischem Design ist er der perfekte Alltagssneaker dank seines zeitlosen und vielseitigen Moods, bietet t\u00e4glichen Komfort und vereint langlebigen Stil mit Funktionalit\u00e4t Dieser Damensneaker besteht aus weichem wei\u00dfen Leder mit&hellip;\" \/>\n<meta property=\"og:url\" content=\"https:\/\/www.rabaini.it\/de\/sneakers-medalist-low-aus-weisem-leder-mit-off-black-sternen\/\" \/>\n<meta property=\"og:site_name\" content=\"Rabaini\" \/>\n<meta property=\"article:modified_time\" content=\"2026-02-27T16:47:45+00:00\" \/>\n<meta property=\"og:image\" content=\"https:\/\/www.rabaini.it\/wp-content\/uploads\/2026\/02\/DSC_1177.jpg\" \/>\n\t<meta property=\"og:image:width\" content=\"1500\" \/>\n\t<meta property=\"og:image:height\" content=\"1500\" \/>\n\t<meta property=\"og:image:type\" content=\"image\/jpeg\" \/>\n<meta name=\"twitter:card\" content=\"summary_large_image\" \/>\n<meta name=\"twitter:label1\" content=\"Gesch\u00e4tzte Lesezeit\" \/>\n\t<meta name=\"twitter:data1\" content=\"1\u00a0Minute\" \/>\n<script type=\"application\/ld+json\" class=\"yoast-schema-graph\">{\"@context\":\"https:\/\/schema.org\",\"@graph\":[{\"@type\":\"WebPage\",\"@id\":\"https:\/\/www.rabaini.it\/de\/sneakers-medalist-low-aus-weisem-leder-mit-off-black-sternen\/\",\"url\":\"https:\/\/www.rabaini.it\/de\/sneakers-medalist-low-aus-weisem-leder-mit-off-black-sternen\/\",\"name\":\"SNEAKERS MEDALIST LOW AUS WEI\u00dfEM LEDER MIT OFF-BLACK-STERNEN - Rabaini\",\"isPartOf\":{\"@id\":\"https:\/\/www.rabaini.it\/de\/#website\"},\"primaryImageOfPage\":{\"@id\":\"https:\/\/www.rabaini.it\/de\/sneakers-medalist-low-aus-weisem-leder-mit-off-black-sternen\/#primaryimage\"},\"image\":{\"@id\":\"https:\/\/www.rabaini.it\/de\/sneakers-medalist-low-aus-weisem-leder-mit-off-black-sternen\/#primaryimage\"},\"thumbnailUrl\":\"https:\/\/www.rabaini.it\/wp-content\/uploads\/2026\/02\/DSC_1177.jpg\",\"datePublished\":\"2026-02-24T10:48:21+00:00\",\"dateModified\":\"2026-02-27T16:47:45+00:00\",\"breadcrumb\":{\"@id\":\"https:\/\/www.rabaini.it\/de\/sneakers-medalist-low-aus-weisem-leder-mit-off-black-sternen\/#breadcrumb\"},\"inLanguage\":\"de\",\"potentialAction\":[{\"@type\":\"ReadAction\",\"target\":[\"https:\/\/www.rabaini.it\/de\/sneakers-medalist-low-aus-weisem-leder-mit-off-black-sternen\/\"]}]},{\"@type\":\"ImageObject\",\"inLanguage\":\"de\",\"@id\":\"https:\/\/www.rabaini.it\/de\/sneakers-medalist-low-aus-weisem-leder-mit-off-black-sternen\/#primaryimage\",\"url\":\"https:\/\/www.rabaini.it\/wp-content\/uploads\/2026\/02\/DSC_1177.jpg\",\"contentUrl\":\"https:\/\/www.rabaini.it\/wp-content\/uploads\/2026\/02\/DSC_1177.jpg\",\"width\":1500,\"height\":1500},{\"@type\":\"BreadcrumbList\",\"@id\":\"https:\/\/www.rabaini.it\/de\/sneakers-medalist-low-aus-weisem-leder-mit-off-black-sternen\/#breadcrumb\",\"itemListElement\":[{\"@type\":\"ListItem\",\"position\":1,\"name\":\"Home\",\"item\":\"https:\/\/www.rabaini.it\/de\/homepage\/\"},{\"@type\":\"ListItem\",\"position\":2,\"name\":\"Gesch\u00e4ft\",\"item\":\"https:\/\/www.rabaini.it\/geschaeft\/\"},{\"@type\":\"ListItem\",\"position\":3,\"name\":\"Damen\",\"item\":\"https:\/\/www.rabaini.it\/de\/damen\/\"},{\"@type\":\"ListItem\",\"position\":4,\"name\":\"SNEAKERS MEDALIST LOW AUS WEI\u00dfEM LEDER MIT OFF-BLACK-STERNEN\"}]},{\"@type\":\"WebSite\",\"@id\":\"https:\/\/www.rabaini.it\/de\/#website\",\"url\":\"https:\/\/www.rabaini.it\/de\/\",\"name\":\"Rabaini\",\"description\":\"\",\"potentialAction\":[{\"@type\":\"SearchAction\",\"target\":{\"@type\":\"EntryPoint\",\"urlTemplate\":\"https:\/\/www.rabaini.it\/de\/?s={search_term_string}\"},\"query-input\":{\"@type\":\"PropertyValueSpecification\",\"valueRequired\":true,\"valueName\":\"search_term_string\"}}],\"inLanguage\":\"de\"}]}<\/script>\n<!-- \/ Yoast SEO plugin. -->","yoast_head_json":{"title":"SNEAKERS MEDALIST LOW AUS WEI\u00dfEM LEDER MIT OFF-BLACK-STERNEN - Rabaini","robots":{"index":"index","follow":"follow","max-snippet":"max-snippet:-1","max-image-preview":"max-image-preview:large","max-video-preview":"max-video-preview:-1"},"canonical":"https:\/\/www.rabaini.it\/de\/sneakers-medalist-low-aus-weisem-leder-mit-off-black-sternen\/","og_locale":"de_DE","og_type":"article","og_title":"SNEAKERS MEDALIST LOW AUS WEI\u00dfEM LEDER MIT OFF-BLACK-STERNEN - Rabaini","og_description":"Artikelcode: AULW PK03 Artikel Farbe: Wei\u00df und Off-Black-Sterne Der Autry Medalist interpretiert den Tennisstil der 1980er neu und verbindet Heritage-Vibes mit einem zeitgen\u00f6ssischen Look Mit minimalistischem Design ist er der perfekte Alltagssneaker dank seines zeitlosen und vielseitigen Moods, bietet t\u00e4glichen Komfort und vereint langlebigen Stil mit Funktionalit\u00e4t Dieser Damensneaker besteht aus weichem wei\u00dfen Leder mit&hellip;","og_url":"https:\/\/www.rabaini.it\/de\/sneakers-medalist-low-aus-weisem-leder-mit-off-black-sternen\/","og_site_name":"Rabaini","article_modified_time":"2026-02-27T16:47:45+00:00","og_image":[{"width":1500,"height":1500,"url":"https:\/\/www.rabaini.it\/wp-content\/uploads\/2026\/02\/DSC_1177.jpg","type":"image\/jpeg"}],"twitter_card":"summary_large_image","twitter_misc":{"Gesch\u00e4tzte Lesezeit":"1\u00a0Minute"},"schema":{"@context":"https:\/\/schema.org","@graph":[{"@type":"WebPage","@id":"https:\/\/www.rabaini.it\/de\/sneakers-medalist-low-aus-weisem-leder-mit-off-black-sternen\/","url":"https:\/\/www.rabaini.it\/de\/sneakers-medalist-low-aus-weisem-leder-mit-off-black-sternen\/","name":"SNEAKERS MEDALIST LOW AUS WEI\u00dfEM LEDER MIT OFF-BLACK-STERNEN - Rabaini","isPartOf":{"@id":"https:\/\/www.rabaini.it\/de\/#website"},"primaryImageOfPage":{"@id":"https:\/\/www.rabaini.it\/de\/sneakers-medalist-low-aus-weisem-leder-mit-off-black-sternen\/#primaryimage"},"image":{"@id":"https:\/\/www.rabaini.it\/de\/sneakers-medalist-low-aus-weisem-leder-mit-off-black-sternen\/#primaryimage"},"thumbnailUrl":"https:\/\/www.rabaini.it\/wp-content\/uploads\/2026\/02\/DSC_1177.jpg","datePublished":"2026-02-24T10:48:21+00:00","dateModified":"2026-02-27T16:47:45+00:00","breadcrumb":{"@id":"https:\/\/www.rabaini.it\/de\/sneakers-medalist-low-aus-weisem-leder-mit-off-black-sternen\/#breadcrumb"},"inLanguage":"de","potentialAction":[{"@type":"ReadAction","target":["https:\/\/www.rabaini.it\/de\/sneakers-medalist-low-aus-weisem-leder-mit-off-black-sternen\/"]}]},{"@type":"ImageObject","inLanguage":"de","@id":"https:\/\/www.rabaini.it\/de\/sneakers-medalist-low-aus-weisem-leder-mit-off-black-sternen\/#primaryimage","url":"https:\/\/www.rabaini.it\/wp-content\/uploads\/2026\/02\/DSC_1177.jpg","contentUrl":"https:\/\/www.rabaini.it\/wp-content\/uploads\/2026\/02\/DSC_1177.jpg","width":1500,"height":1500},{"@type":"BreadcrumbList","@id":"https:\/\/www.rabaini.it\/de\/sneakers-medalist-low-aus-weisem-leder-mit-off-black-sternen\/#breadcrumb","itemListElement":[{"@type":"ListItem","position":1,"name":"Home","item":"https:\/\/www.rabaini.it\/de\/homepage\/"},{"@type":"ListItem","position":2,"name":"Gesch\u00e4ft","item":"https:\/\/www.rabaini.it\/geschaeft\/"},{"@type":"ListItem","position":3,"name":"Damen","item":"https:\/\/www.rabaini.it\/de\/damen\/"},{"@type":"ListItem","position":4,"name":"SNEAKERS MEDALIST LOW AUS WEI\u00dfEM LEDER MIT OFF-BLACK-STERNEN"}]},{"@type":"WebSite","@id":"https:\/\/www.rabaini.it\/de\/#website","url":"https:\/\/www.rabaini.it\/de\/","name":"Rabaini","description":"","potentialAction":[{"@type":"SearchAction","target":{"@type":"EntryPoint","urlTemplate":"https:\/\/www.rabaini.it\/de\/?s={search_term_string}"},"query-input":{"@type":"PropertyValueSpecification","valueRequired":true,"valueName":"search_term_string"}}],"inLanguage":"de"}]}},"_links":{"self":[{"href":"https:\/\/www.rabaini.it\/de\/wp-json\/wp\/v2\/product\/146954","targetHints":{"allow":["GET"]}}],"collection":[{"href":"https:\/\/www.rabaini.it\/de\/wp-json\/wp\/v2\/product"}],"about":[{"href":"https:\/\/www.rabaini.it\/de\/wp-json\/wp\/v2\/types\/product"}],"wp:featuredmedia":[{"embeddable":true,"href":"https:\/\/www.rabaini.it\/de\/wp-json\/wp\/v2\/media\/145111"}],"wp:attachment":[{"href":"https:\/\/www.rabaini.it\/de\/wp-json\/wp\/v2\/media?parent=146954"}],"wp:term":[{"taxonomy":"product_brand","embeddable":true,"href":"https:\/\/www.rabaini.it\/de\/wp-json\/wp\/v2\/product_brand?post=146954"},{"taxonomy":"product_cat","embeddable":true,"href":"https:\/\/www.rabaini.it\/de\/wp-json\/wp\/v2\/product_cat?post=146954"},{"taxonomy":"product_tag","embeddable":true,"href":"https:\/\/www.rabaini.it\/de\/wp-json\/wp\/v2\/product_tag?post=146954"}],"curies":[{"name":"wp","href":"https:\/\/api.w.org\/{rel}","templated":true}]}}