{"id":146762,"date":"2026-02-24T09:40:07","date_gmt":"2026-02-24T08:40:07","guid":{"rendered":"https:\/\/www.rabaini.it\/?post_type=product&#038;p=146762"},"modified":"2026-02-27T17:47:08","modified_gmt":"2026-02-27T16:47:08","slug":"sneakers-medalist-low-aus-leder-weiss-mit-silbernen-lurex-details","status":"publish","type":"product","link":"https:\/\/www.rabaini.it\/de\/sneakers-medalist-low-aus-leder-weiss-mit-silbernen-lurex-details\/","title":{"rendered":"SNEAKERS MEDALIST LOW AUS LEDER WEISS MIT SILBERNEN LUREX-DETAILS"},"content":{"rendered":"<ul>\n<li>Artikelcode: AULW SW02<\/li>\n<li>Artikelfarbe: Wei\u00df<\/li>\n<li>Der Autry Medalist interpretiert den Tennisstil der 1980er Jahre neu und verbindet Heritage-Vibes mit einer zeitgen\u00f6ssischen \u00c4sthetik<\/li>\n<li>Mit einem schlichten Design ist er der perfekte Alltagssneaker dank seines zeitlosen und vielseitigen Looks, der t\u00e4glichen Komfort bietet und klassischen Stil mit Funktionalit\u00e4t verbindet<\/li>\n<li>In dieser Variante verleihen \u00fcbergro\u00dfe, laminierte Puffy-Schn\u00fcrsenkel und goldene Logos dem perfekten wei\u00dfen Sneaker einen gl\u00e4nzenden Touch<\/li>\n<li>Dieser Damensneaker besteht aus weichem, authentisch wirkendem wei\u00dfen Leder und ist mit originellen Details wie den Schn\u00fcrsenkeln und dem seitlichen Logo im Lurex-Effekt veredelt<\/li>\n<li>Das beige Wildlederdetail am Fersenbereich ist mit dem gestickten Autry-Logo personalisiert<\/li>\n<li>Obermaterial aus Leder<\/li>\n<li>Spitze mit Mikroperforationen<\/li>\n<li>Runde Lurex-Schn\u00fcrsenkel<\/li>\n<li>Gesticktes Label auf der Zunge<\/li>\n<li>Gepolsterter Schaft<\/li>\n<li>Futter aus Leder und Baumwoll-Frottee<\/li>\n<li>Lederinnensohle mit 2 cm Erh\u00f6hung<\/li>\n<li>Gummisohle<\/li>\n<li>Sohlenh\u00f6he: 2,5\u20133,5 cm<\/li>\n<li>Obermaterial: 95% Leder; 5% Wildleder<\/li>\n<li>Futter: 10% Leder, 30% Mesh, 50% Baumwoll-Frottee, 10% Nylon<\/li>\n<li>Sohle: 100% Gummi<\/li>\n<\/ul>\n","protected":false},"excerpt":{"rendered":"<p>Artikelcode: AULW SW02 Artikelfarbe: Wei\u00df Der Autry Medalist interpretiert den Tennisstil der 1980er Jahre neu und verbindet Heritage-Vibes mit einer zeitgen\u00f6ssischen \u00c4sthetik Mit einem schlichten Design ist er der perfekte Alltagssneaker dank seines zeitlosen und vielseitigen Looks, der t\u00e4glichen Komfort bietet und klassischen Stil mit Funktionalit\u00e4t verbindet In dieser Variante verleihen \u00fcbergro\u00dfe, laminierte Puffy-Schn\u00fcrsenkel und&hellip;<\/p>\n","protected":false},"featured_media":144991,"template":"","meta":{"_acf_changed":false},"product_brand":[],"product_cat":[1273,1310,1308,1318],"product_tag":[],"class_list":{"0":"post-146762","1":"product","2":"type-product","3":"status-publish","4":"has-post-thumbnail","6":"product_cat-damen","7":"product_cat-damenschuhe","8":"product_cat-neuheiten-fur-damen","9":"product_cat-turnschuhe-damen","10":"marca-autry-de","12":"first","13":"instock","14":"shipping-taxable","15":"purchasable","16":"product-type-variable"},"acf":[],"yoast_head":"<!-- This site is optimized with the Yoast SEO plugin v27.2 - https:\/\/yoast.com\/product\/yoast-seo-wordpress\/ -->\n<title>SNEAKERS MEDALIST LOW AUS LEDER WEISS MIT SILBERNEN LUREX-DETAILS - Rabaini<\/title>\n<meta name=\"robots\" content=\"index, follow, max-snippet:-1, max-image-preview:large, max-video-preview:-1\" \/>\n<link rel=\"canonical\" href=\"https:\/\/www.rabaini.it\/de\/sneakers-medalist-low-aus-leder-weiss-mit-silbernen-lurex-details\/\" \/>\n<meta property=\"og:locale\" content=\"de_DE\" \/>\n<meta property=\"og:type\" content=\"article\" \/>\n<meta property=\"og:title\" content=\"SNEAKERS MEDALIST LOW AUS LEDER WEISS MIT SILBERNEN LUREX-DETAILS - Rabaini\" \/>\n<meta property=\"og:description\" content=\"Artikelcode: AULW SW02 Artikelfarbe: Wei\u00df Der Autry Medalist interpretiert den Tennisstil der 1980er Jahre neu und verbindet Heritage-Vibes mit einer zeitgen\u00f6ssischen \u00c4sthetik Mit einem schlichten Design ist er der perfekte Alltagssneaker dank seines zeitlosen und vielseitigen Looks, der t\u00e4glichen Komfort bietet und klassischen Stil mit Funktionalit\u00e4t verbindet In dieser Variante verleihen \u00fcbergro\u00dfe, laminierte Puffy-Schn\u00fcrsenkel und&hellip;\" \/>\n<meta property=\"og:url\" content=\"https:\/\/www.rabaini.it\/de\/sneakers-medalist-low-aus-leder-weiss-mit-silbernen-lurex-details\/\" \/>\n<meta property=\"og:site_name\" content=\"Rabaini\" \/>\n<meta property=\"article:modified_time\" content=\"2026-02-27T16:47:08+00:00\" \/>\n<meta property=\"og:image\" content=\"https:\/\/www.rabaini.it\/wp-content\/uploads\/2026\/02\/DSC_1067.jpg\" \/>\n\t<meta property=\"og:image:width\" content=\"1500\" \/>\n\t<meta property=\"og:image:height\" content=\"1500\" \/>\n\t<meta property=\"og:image:type\" content=\"image\/jpeg\" \/>\n<meta name=\"twitter:card\" content=\"summary_large_image\" \/>\n<meta name=\"twitter:label1\" content=\"Gesch\u00e4tzte Lesezeit\" \/>\n\t<meta name=\"twitter:data1\" content=\"1\u00a0Minute\" \/>\n<script type=\"application\/ld+json\" class=\"yoast-schema-graph\">{\"@context\":\"https:\/\/schema.org\",\"@graph\":[{\"@type\":\"WebPage\",\"@id\":\"https:\/\/www.rabaini.it\/de\/sneakers-medalist-low-aus-leder-weiss-mit-silbernen-lurex-details\/\",\"url\":\"https:\/\/www.rabaini.it\/de\/sneakers-medalist-low-aus-leder-weiss-mit-silbernen-lurex-details\/\",\"name\":\"SNEAKERS MEDALIST LOW AUS LEDER WEISS MIT SILBERNEN LUREX-DETAILS - Rabaini\",\"isPartOf\":{\"@id\":\"https:\/\/www.rabaini.it\/de\/#website\"},\"primaryImageOfPage\":{\"@id\":\"https:\/\/www.rabaini.it\/de\/sneakers-medalist-low-aus-leder-weiss-mit-silbernen-lurex-details\/#primaryimage\"},\"image\":{\"@id\":\"https:\/\/www.rabaini.it\/de\/sneakers-medalist-low-aus-leder-weiss-mit-silbernen-lurex-details\/#primaryimage\"},\"thumbnailUrl\":\"https:\/\/www.rabaini.it\/wp-content\/uploads\/2026\/02\/DSC_1067.jpg\",\"datePublished\":\"2026-02-24T08:40:07+00:00\",\"dateModified\":\"2026-02-27T16:47:08+00:00\",\"breadcrumb\":{\"@id\":\"https:\/\/www.rabaini.it\/de\/sneakers-medalist-low-aus-leder-weiss-mit-silbernen-lurex-details\/#breadcrumb\"},\"inLanguage\":\"de\",\"potentialAction\":[{\"@type\":\"ReadAction\",\"target\":[\"https:\/\/www.rabaini.it\/de\/sneakers-medalist-low-aus-leder-weiss-mit-silbernen-lurex-details\/\"]}]},{\"@type\":\"ImageObject\",\"inLanguage\":\"de\",\"@id\":\"https:\/\/www.rabaini.it\/de\/sneakers-medalist-low-aus-leder-weiss-mit-silbernen-lurex-details\/#primaryimage\",\"url\":\"https:\/\/www.rabaini.it\/wp-content\/uploads\/2026\/02\/DSC_1067.jpg\",\"contentUrl\":\"https:\/\/www.rabaini.it\/wp-content\/uploads\/2026\/02\/DSC_1067.jpg\",\"width\":1500,\"height\":1500},{\"@type\":\"BreadcrumbList\",\"@id\":\"https:\/\/www.rabaini.it\/de\/sneakers-medalist-low-aus-leder-weiss-mit-silbernen-lurex-details\/#breadcrumb\",\"itemListElement\":[{\"@type\":\"ListItem\",\"position\":1,\"name\":\"Home\",\"item\":\"https:\/\/www.rabaini.it\/de\/homepage\/\"},{\"@type\":\"ListItem\",\"position\":2,\"name\":\"Gesch\u00e4ft\",\"item\":\"https:\/\/www.rabaini.it\/geschaeft\/\"},{\"@type\":\"ListItem\",\"position\":3,\"name\":\"Damen\",\"item\":\"https:\/\/www.rabaini.it\/de\/damen\/\"},{\"@type\":\"ListItem\",\"position\":4,\"name\":\"SNEAKERS MEDALIST LOW AUS LEDER WEISS MIT SILBERNEN LUREX-DETAILS\"}]},{\"@type\":\"WebSite\",\"@id\":\"https:\/\/www.rabaini.it\/de\/#website\",\"url\":\"https:\/\/www.rabaini.it\/de\/\",\"name\":\"Rabaini\",\"description\":\"\",\"potentialAction\":[{\"@type\":\"SearchAction\",\"target\":{\"@type\":\"EntryPoint\",\"urlTemplate\":\"https:\/\/www.rabaini.it\/de\/?s={search_term_string}\"},\"query-input\":{\"@type\":\"PropertyValueSpecification\",\"valueRequired\":true,\"valueName\":\"search_term_string\"}}],\"inLanguage\":\"de\"}]}<\/script>\n<!-- \/ Yoast SEO plugin. -->","yoast_head_json":{"title":"SNEAKERS MEDALIST LOW AUS LEDER WEISS MIT SILBERNEN LUREX-DETAILS - Rabaini","robots":{"index":"index","follow":"follow","max-snippet":"max-snippet:-1","max-image-preview":"max-image-preview:large","max-video-preview":"max-video-preview:-1"},"canonical":"https:\/\/www.rabaini.it\/de\/sneakers-medalist-low-aus-leder-weiss-mit-silbernen-lurex-details\/","og_locale":"de_DE","og_type":"article","og_title":"SNEAKERS MEDALIST LOW AUS LEDER WEISS MIT SILBERNEN LUREX-DETAILS - Rabaini","og_description":"Artikelcode: AULW SW02 Artikelfarbe: Wei\u00df Der Autry Medalist interpretiert den Tennisstil der 1980er Jahre neu und verbindet Heritage-Vibes mit einer zeitgen\u00f6ssischen \u00c4sthetik Mit einem schlichten Design ist er der perfekte Alltagssneaker dank seines zeitlosen und vielseitigen Looks, der t\u00e4glichen Komfort bietet und klassischen Stil mit Funktionalit\u00e4t verbindet In dieser Variante verleihen \u00fcbergro\u00dfe, laminierte Puffy-Schn\u00fcrsenkel und&hellip;","og_url":"https:\/\/www.rabaini.it\/de\/sneakers-medalist-low-aus-leder-weiss-mit-silbernen-lurex-details\/","og_site_name":"Rabaini","article_modified_time":"2026-02-27T16:47:08+00:00","og_image":[{"width":1500,"height":1500,"url":"https:\/\/www.rabaini.it\/wp-content\/uploads\/2026\/02\/DSC_1067.jpg","type":"image\/jpeg"}],"twitter_card":"summary_large_image","twitter_misc":{"Gesch\u00e4tzte Lesezeit":"1\u00a0Minute"},"schema":{"@context":"https:\/\/schema.org","@graph":[{"@type":"WebPage","@id":"https:\/\/www.rabaini.it\/de\/sneakers-medalist-low-aus-leder-weiss-mit-silbernen-lurex-details\/","url":"https:\/\/www.rabaini.it\/de\/sneakers-medalist-low-aus-leder-weiss-mit-silbernen-lurex-details\/","name":"SNEAKERS MEDALIST LOW AUS LEDER WEISS MIT SILBERNEN LUREX-DETAILS - Rabaini","isPartOf":{"@id":"https:\/\/www.rabaini.it\/de\/#website"},"primaryImageOfPage":{"@id":"https:\/\/www.rabaini.it\/de\/sneakers-medalist-low-aus-leder-weiss-mit-silbernen-lurex-details\/#primaryimage"},"image":{"@id":"https:\/\/www.rabaini.it\/de\/sneakers-medalist-low-aus-leder-weiss-mit-silbernen-lurex-details\/#primaryimage"},"thumbnailUrl":"https:\/\/www.rabaini.it\/wp-content\/uploads\/2026\/02\/DSC_1067.jpg","datePublished":"2026-02-24T08:40:07+00:00","dateModified":"2026-02-27T16:47:08+00:00","breadcrumb":{"@id":"https:\/\/www.rabaini.it\/de\/sneakers-medalist-low-aus-leder-weiss-mit-silbernen-lurex-details\/#breadcrumb"},"inLanguage":"de","potentialAction":[{"@type":"ReadAction","target":["https:\/\/www.rabaini.it\/de\/sneakers-medalist-low-aus-leder-weiss-mit-silbernen-lurex-details\/"]}]},{"@type":"ImageObject","inLanguage":"de","@id":"https:\/\/www.rabaini.it\/de\/sneakers-medalist-low-aus-leder-weiss-mit-silbernen-lurex-details\/#primaryimage","url":"https:\/\/www.rabaini.it\/wp-content\/uploads\/2026\/02\/DSC_1067.jpg","contentUrl":"https:\/\/www.rabaini.it\/wp-content\/uploads\/2026\/02\/DSC_1067.jpg","width":1500,"height":1500},{"@type":"BreadcrumbList","@id":"https:\/\/www.rabaini.it\/de\/sneakers-medalist-low-aus-leder-weiss-mit-silbernen-lurex-details\/#breadcrumb","itemListElement":[{"@type":"ListItem","position":1,"name":"Home","item":"https:\/\/www.rabaini.it\/de\/homepage\/"},{"@type":"ListItem","position":2,"name":"Gesch\u00e4ft","item":"https:\/\/www.rabaini.it\/geschaeft\/"},{"@type":"ListItem","position":3,"name":"Damen","item":"https:\/\/www.rabaini.it\/de\/damen\/"},{"@type":"ListItem","position":4,"name":"SNEAKERS MEDALIST LOW AUS LEDER WEISS MIT SILBERNEN LUREX-DETAILS"}]},{"@type":"WebSite","@id":"https:\/\/www.rabaini.it\/de\/#website","url":"https:\/\/www.rabaini.it\/de\/","name":"Rabaini","description":"","potentialAction":[{"@type":"SearchAction","target":{"@type":"EntryPoint","urlTemplate":"https:\/\/www.rabaini.it\/de\/?s={search_term_string}"},"query-input":{"@type":"PropertyValueSpecification","valueRequired":true,"valueName":"search_term_string"}}],"inLanguage":"de"}]}},"_links":{"self":[{"href":"https:\/\/www.rabaini.it\/de\/wp-json\/wp\/v2\/product\/146762","targetHints":{"allow":["GET"]}}],"collection":[{"href":"https:\/\/www.rabaini.it\/de\/wp-json\/wp\/v2\/product"}],"about":[{"href":"https:\/\/www.rabaini.it\/de\/wp-json\/wp\/v2\/types\/product"}],"wp:featuredmedia":[{"embeddable":true,"href":"https:\/\/www.rabaini.it\/de\/wp-json\/wp\/v2\/media\/144991"}],"wp:attachment":[{"href":"https:\/\/www.rabaini.it\/de\/wp-json\/wp\/v2\/media?parent=146762"}],"wp:term":[{"taxonomy":"product_brand","embeddable":true,"href":"https:\/\/www.rabaini.it\/de\/wp-json\/wp\/v2\/product_brand?post=146762"},{"taxonomy":"product_cat","embeddable":true,"href":"https:\/\/www.rabaini.it\/de\/wp-json\/wp\/v2\/product_cat?post=146762"},{"taxonomy":"product_tag","embeddable":true,"href":"https:\/\/www.rabaini.it\/de\/wp-json\/wp\/v2\/product_tag?post=146762"}],"curies":[{"name":"wp","href":"https:\/\/api.w.org\/{rel}","templated":true}]}}