{"id":146730,"date":"2026-02-24T09:30:10","date_gmt":"2026-02-24T08:30:10","guid":{"rendered":"https:\/\/www.rabaini.it\/?post_type=product&#038;p=146730"},"modified":"2026-02-27T17:47:01","modified_gmt":"2026-02-27T16:47:01","slug":"sneakers-medalist-low-tricolor-aus-wildleder-weiss-sand-und-gelb","status":"publish","type":"product","link":"https:\/\/www.rabaini.it\/de\/sneakers-medalist-low-tricolor-aus-wildleder-weiss-sand-und-gelb\/","title":{"rendered":"SNEAKERS MEDALIST LOW TRICOLOR AUS WILDLEDER WEISS, SAND UND GELB"},"content":{"rendered":"<ul>\n<li>Artikelcode: AULW TS30<\/li>\n<li>Artikelfarbe: Wei\u00df, Sand und Gelb<\/li>\n<li>Der Autry Medalist interpretiert den Tennisstil der 1980er Jahre neu und verbindet Heritage-Vibes mit einer zeitgen\u00f6ssischen \u00c4sthetik<\/li>\n<li>Mit einem schlichten Design ist er der perfekte Alltagssneaker dank seines zeitlosen und vielseitigen Looks, der t\u00e4glichen Komfort bietet und klassischen Stil mit Funktionalit\u00e4t verbindet<\/li>\n<li>Diese Variante bietet die perfekte Mischung aus Color-Block-T\u00f6nen in Wildleder<\/li>\n<li>Dieser Damensneaker besteht aus weichem, hochwertigem Wildleder in einer tricolor Color-Block-Kombination aus Wei\u00df, Beige und Orange f\u00fcr einen authentischen und markanten Look<\/li>\n<li>Die Mikroperforation an der Spitze sorgt f\u00fcr hervorragende Atmungsaktivit\u00e4t<\/li>\n<li>Details auf Zunge, Au\u00dfenseite und Ferse sind mit dem Autry-Logo versehen und verleihen dem Sneaker eine authentische Note f\u00fcr eine zeitgem\u00e4\u00dfe Alltags\u00e4sthetik<\/li>\n<li>Obermaterial aus Wildleder<\/li>\n<li>Spitze mit Mikroperforationen<\/li>\n<li>Flache Baumwollsenkel<\/li>\n<li>Gesticktes Label auf der Zunge<\/li>\n<li>Gepolsterter Schaft<\/li>\n<li>Futter aus Leder und Baumwoll-Frottee<\/li>\n<li>Lederinnensohle mit 2 cm Erh\u00f6hung<\/li>\n<li>Gummisohle<\/li>\n<li>Sohlenh\u00f6he: 2,5\u20133,5 cm<\/li>\n<li>Obermaterial: 100% Wildleder<\/li>\n<li>Futter: 40% Leder, 50% Baumwoll-Frottee, 10% Nylon<\/li>\n<li>Sohle: 100% Gummi<\/li>\n<\/ul>\n","protected":false},"excerpt":{"rendered":"<p>Artikelcode: AULW TS30 Artikelfarbe: Wei\u00df, Sand und Gelb Der Autry Medalist interpretiert den Tennisstil der 1980er Jahre neu und verbindet Heritage-Vibes mit einer zeitgen\u00f6ssischen \u00c4sthetik Mit einem schlichten Design ist er der perfekte Alltagssneaker dank seines zeitlosen und vielseitigen Looks, der t\u00e4glichen Komfort bietet und klassischen Stil mit Funktionalit\u00e4t verbindet Diese Variante bietet die perfekte&hellip;<\/p>\n","protected":false},"featured_media":144970,"template":"","meta":{"_acf_changed":false},"product_brand":[],"product_cat":[1273,1310,1308,1318],"product_tag":[],"class_list":{"0":"post-146730","1":"product","2":"type-product","3":"status-publish","4":"has-post-thumbnail","6":"product_cat-damen","7":"product_cat-damenschuhe","8":"product_cat-neuheiten-fur-damen","9":"product_cat-turnschuhe-damen","10":"marca-autry-de","12":"first","13":"instock","14":"shipping-taxable","15":"purchasable","16":"product-type-variable"},"acf":[],"yoast_head":"<!-- This site is optimized with the Yoast SEO plugin v27.2 - https:\/\/yoast.com\/product\/yoast-seo-wordpress\/ -->\n<title>SNEAKERS MEDALIST LOW TRICOLOR AUS WILDLEDER WEISS, SAND UND GELB - Rabaini<\/title>\n<meta name=\"robots\" content=\"index, follow, max-snippet:-1, max-image-preview:large, max-video-preview:-1\" \/>\n<link rel=\"canonical\" href=\"https:\/\/www.rabaini.it\/de\/sneakers-medalist-low-tricolor-aus-wildleder-weiss-sand-und-gelb\/\" \/>\n<meta property=\"og:locale\" content=\"de_DE\" \/>\n<meta property=\"og:type\" content=\"article\" \/>\n<meta property=\"og:title\" content=\"SNEAKERS MEDALIST LOW TRICOLOR AUS WILDLEDER WEISS, SAND UND GELB - Rabaini\" \/>\n<meta property=\"og:description\" content=\"Artikelcode: AULW TS30 Artikelfarbe: Wei\u00df, Sand und Gelb Der Autry Medalist interpretiert den Tennisstil der 1980er Jahre neu und verbindet Heritage-Vibes mit einer zeitgen\u00f6ssischen \u00c4sthetik Mit einem schlichten Design ist er der perfekte Alltagssneaker dank seines zeitlosen und vielseitigen Looks, der t\u00e4glichen Komfort bietet und klassischen Stil mit Funktionalit\u00e4t verbindet Diese Variante bietet die perfekte&hellip;\" \/>\n<meta property=\"og:url\" content=\"https:\/\/www.rabaini.it\/de\/sneakers-medalist-low-tricolor-aus-wildleder-weiss-sand-und-gelb\/\" \/>\n<meta property=\"og:site_name\" content=\"Rabaini\" \/>\n<meta property=\"article:modified_time\" content=\"2026-02-27T16:47:01+00:00\" \/>\n<meta property=\"og:image\" content=\"https:\/\/www.rabaini.it\/wp-content\/uploads\/2026\/02\/DSC_1059.jpg\" \/>\n\t<meta property=\"og:image:width\" content=\"1500\" \/>\n\t<meta property=\"og:image:height\" content=\"1500\" \/>\n\t<meta property=\"og:image:type\" content=\"image\/jpeg\" \/>\n<meta name=\"twitter:card\" content=\"summary_large_image\" \/>\n<meta name=\"twitter:label1\" content=\"Gesch\u00e4tzte Lesezeit\" \/>\n\t<meta name=\"twitter:data1\" content=\"1\u00a0Minute\" \/>\n<script type=\"application\/ld+json\" class=\"yoast-schema-graph\">{\"@context\":\"https:\/\/schema.org\",\"@graph\":[{\"@type\":\"WebPage\",\"@id\":\"https:\/\/www.rabaini.it\/de\/sneakers-medalist-low-tricolor-aus-wildleder-weiss-sand-und-gelb\/\",\"url\":\"https:\/\/www.rabaini.it\/de\/sneakers-medalist-low-tricolor-aus-wildleder-weiss-sand-und-gelb\/\",\"name\":\"SNEAKERS MEDALIST LOW TRICOLOR AUS WILDLEDER WEISS, SAND UND GELB - Rabaini\",\"isPartOf\":{\"@id\":\"https:\/\/www.rabaini.it\/de\/#website\"},\"primaryImageOfPage\":{\"@id\":\"https:\/\/www.rabaini.it\/de\/sneakers-medalist-low-tricolor-aus-wildleder-weiss-sand-und-gelb\/#primaryimage\"},\"image\":{\"@id\":\"https:\/\/www.rabaini.it\/de\/sneakers-medalist-low-tricolor-aus-wildleder-weiss-sand-und-gelb\/#primaryimage\"},\"thumbnailUrl\":\"https:\/\/www.rabaini.it\/wp-content\/uploads\/2026\/02\/DSC_1059.jpg\",\"datePublished\":\"2026-02-24T08:30:10+00:00\",\"dateModified\":\"2026-02-27T16:47:01+00:00\",\"breadcrumb\":{\"@id\":\"https:\/\/www.rabaini.it\/de\/sneakers-medalist-low-tricolor-aus-wildleder-weiss-sand-und-gelb\/#breadcrumb\"},\"inLanguage\":\"de\",\"potentialAction\":[{\"@type\":\"ReadAction\",\"target\":[\"https:\/\/www.rabaini.it\/de\/sneakers-medalist-low-tricolor-aus-wildleder-weiss-sand-und-gelb\/\"]}]},{\"@type\":\"ImageObject\",\"inLanguage\":\"de\",\"@id\":\"https:\/\/www.rabaini.it\/de\/sneakers-medalist-low-tricolor-aus-wildleder-weiss-sand-und-gelb\/#primaryimage\",\"url\":\"https:\/\/www.rabaini.it\/wp-content\/uploads\/2026\/02\/DSC_1059.jpg\",\"contentUrl\":\"https:\/\/www.rabaini.it\/wp-content\/uploads\/2026\/02\/DSC_1059.jpg\",\"width\":1500,\"height\":1500},{\"@type\":\"BreadcrumbList\",\"@id\":\"https:\/\/www.rabaini.it\/de\/sneakers-medalist-low-tricolor-aus-wildleder-weiss-sand-und-gelb\/#breadcrumb\",\"itemListElement\":[{\"@type\":\"ListItem\",\"position\":1,\"name\":\"Home\",\"item\":\"https:\/\/www.rabaini.it\/de\/homepage\/\"},{\"@type\":\"ListItem\",\"position\":2,\"name\":\"Gesch\u00e4ft\",\"item\":\"https:\/\/www.rabaini.it\/geschaeft\/\"},{\"@type\":\"ListItem\",\"position\":3,\"name\":\"Damen\",\"item\":\"https:\/\/www.rabaini.it\/de\/damen\/\"},{\"@type\":\"ListItem\",\"position\":4,\"name\":\"SNEAKERS MEDALIST LOW TRICOLOR AUS WILDLEDER WEISS, SAND UND GELB\"}]},{\"@type\":\"WebSite\",\"@id\":\"https:\/\/www.rabaini.it\/de\/#website\",\"url\":\"https:\/\/www.rabaini.it\/de\/\",\"name\":\"Rabaini\",\"description\":\"\",\"potentialAction\":[{\"@type\":\"SearchAction\",\"target\":{\"@type\":\"EntryPoint\",\"urlTemplate\":\"https:\/\/www.rabaini.it\/de\/?s={search_term_string}\"},\"query-input\":{\"@type\":\"PropertyValueSpecification\",\"valueRequired\":true,\"valueName\":\"search_term_string\"}}],\"inLanguage\":\"de\"}]}<\/script>\n<!-- \/ Yoast SEO plugin. -->","yoast_head_json":{"title":"SNEAKERS MEDALIST LOW TRICOLOR AUS WILDLEDER WEISS, SAND UND GELB - Rabaini","robots":{"index":"index","follow":"follow","max-snippet":"max-snippet:-1","max-image-preview":"max-image-preview:large","max-video-preview":"max-video-preview:-1"},"canonical":"https:\/\/www.rabaini.it\/de\/sneakers-medalist-low-tricolor-aus-wildleder-weiss-sand-und-gelb\/","og_locale":"de_DE","og_type":"article","og_title":"SNEAKERS MEDALIST LOW TRICOLOR AUS WILDLEDER WEISS, SAND UND GELB - Rabaini","og_description":"Artikelcode: AULW TS30 Artikelfarbe: Wei\u00df, Sand und Gelb Der Autry Medalist interpretiert den Tennisstil der 1980er Jahre neu und verbindet Heritage-Vibes mit einer zeitgen\u00f6ssischen \u00c4sthetik Mit einem schlichten Design ist er der perfekte Alltagssneaker dank seines zeitlosen und vielseitigen Looks, der t\u00e4glichen Komfort bietet und klassischen Stil mit Funktionalit\u00e4t verbindet Diese Variante bietet die perfekte&hellip;","og_url":"https:\/\/www.rabaini.it\/de\/sneakers-medalist-low-tricolor-aus-wildleder-weiss-sand-und-gelb\/","og_site_name":"Rabaini","article_modified_time":"2026-02-27T16:47:01+00:00","og_image":[{"width":1500,"height":1500,"url":"https:\/\/www.rabaini.it\/wp-content\/uploads\/2026\/02\/DSC_1059.jpg","type":"image\/jpeg"}],"twitter_card":"summary_large_image","twitter_misc":{"Gesch\u00e4tzte Lesezeit":"1\u00a0Minute"},"schema":{"@context":"https:\/\/schema.org","@graph":[{"@type":"WebPage","@id":"https:\/\/www.rabaini.it\/de\/sneakers-medalist-low-tricolor-aus-wildleder-weiss-sand-und-gelb\/","url":"https:\/\/www.rabaini.it\/de\/sneakers-medalist-low-tricolor-aus-wildleder-weiss-sand-und-gelb\/","name":"SNEAKERS MEDALIST LOW TRICOLOR AUS WILDLEDER WEISS, SAND UND GELB - Rabaini","isPartOf":{"@id":"https:\/\/www.rabaini.it\/de\/#website"},"primaryImageOfPage":{"@id":"https:\/\/www.rabaini.it\/de\/sneakers-medalist-low-tricolor-aus-wildleder-weiss-sand-und-gelb\/#primaryimage"},"image":{"@id":"https:\/\/www.rabaini.it\/de\/sneakers-medalist-low-tricolor-aus-wildleder-weiss-sand-und-gelb\/#primaryimage"},"thumbnailUrl":"https:\/\/www.rabaini.it\/wp-content\/uploads\/2026\/02\/DSC_1059.jpg","datePublished":"2026-02-24T08:30:10+00:00","dateModified":"2026-02-27T16:47:01+00:00","breadcrumb":{"@id":"https:\/\/www.rabaini.it\/de\/sneakers-medalist-low-tricolor-aus-wildleder-weiss-sand-und-gelb\/#breadcrumb"},"inLanguage":"de","potentialAction":[{"@type":"ReadAction","target":["https:\/\/www.rabaini.it\/de\/sneakers-medalist-low-tricolor-aus-wildleder-weiss-sand-und-gelb\/"]}]},{"@type":"ImageObject","inLanguage":"de","@id":"https:\/\/www.rabaini.it\/de\/sneakers-medalist-low-tricolor-aus-wildleder-weiss-sand-und-gelb\/#primaryimage","url":"https:\/\/www.rabaini.it\/wp-content\/uploads\/2026\/02\/DSC_1059.jpg","contentUrl":"https:\/\/www.rabaini.it\/wp-content\/uploads\/2026\/02\/DSC_1059.jpg","width":1500,"height":1500},{"@type":"BreadcrumbList","@id":"https:\/\/www.rabaini.it\/de\/sneakers-medalist-low-tricolor-aus-wildleder-weiss-sand-und-gelb\/#breadcrumb","itemListElement":[{"@type":"ListItem","position":1,"name":"Home","item":"https:\/\/www.rabaini.it\/de\/homepage\/"},{"@type":"ListItem","position":2,"name":"Gesch\u00e4ft","item":"https:\/\/www.rabaini.it\/geschaeft\/"},{"@type":"ListItem","position":3,"name":"Damen","item":"https:\/\/www.rabaini.it\/de\/damen\/"},{"@type":"ListItem","position":4,"name":"SNEAKERS MEDALIST LOW TRICOLOR AUS WILDLEDER WEISS, SAND UND GELB"}]},{"@type":"WebSite","@id":"https:\/\/www.rabaini.it\/de\/#website","url":"https:\/\/www.rabaini.it\/de\/","name":"Rabaini","description":"","potentialAction":[{"@type":"SearchAction","target":{"@type":"EntryPoint","urlTemplate":"https:\/\/www.rabaini.it\/de\/?s={search_term_string}"},"query-input":{"@type":"PropertyValueSpecification","valueRequired":true,"valueName":"search_term_string"}}],"inLanguage":"de"}]}},"_links":{"self":[{"href":"https:\/\/www.rabaini.it\/de\/wp-json\/wp\/v2\/product\/146730","targetHints":{"allow":["GET"]}}],"collection":[{"href":"https:\/\/www.rabaini.it\/de\/wp-json\/wp\/v2\/product"}],"about":[{"href":"https:\/\/www.rabaini.it\/de\/wp-json\/wp\/v2\/types\/product"}],"wp:featuredmedia":[{"embeddable":true,"href":"https:\/\/www.rabaini.it\/de\/wp-json\/wp\/v2\/media\/144970"}],"wp:attachment":[{"href":"https:\/\/www.rabaini.it\/de\/wp-json\/wp\/v2\/media?parent=146730"}],"wp:term":[{"taxonomy":"product_brand","embeddable":true,"href":"https:\/\/www.rabaini.it\/de\/wp-json\/wp\/v2\/product_brand?post=146730"},{"taxonomy":"product_cat","embeddable":true,"href":"https:\/\/www.rabaini.it\/de\/wp-json\/wp\/v2\/product_cat?post=146730"},{"taxonomy":"product_tag","embeddable":true,"href":"https:\/\/www.rabaini.it\/de\/wp-json\/wp\/v2\/product_tag?post=146730"}],"curies":[{"name":"wp","href":"https:\/\/api.w.org\/{rel}","templated":true}]}}