{"id":146580,"date":"2026-02-23T16:54:36","date_gmt":"2026-02-23T15:54:36","guid":{"rendered":"https:\/\/www.rabaini.it\/?post_type=product&#038;p=146580"},"modified":"2026-02-27T17:40:12","modified_gmt":"2026-02-27T16:40:12","slug":"sneakers-cool-in-grun","status":"publish","type":"product","link":"https:\/\/www.rabaini.it\/de\/sneakers-cool-in-grun\/","title":{"rendered":"SNEAKERS COOL IN GR\u00dcN"},"content":{"rendered":"<ul>\n<li>Artikelcode: HXM6470FB60UWX419L<\/li>\n<li>Artikelfarbe: Gr\u00fcn<\/li>\n<li>Eine perfekte Mischung aus Retro-Elementen und zeitgen\u00f6ssischen Linien, die Hogan Cool Sneakers zeichnen sich durch einen schlichten und raffinierten Look aus<\/li>\n<li>Mit gepolsterter Zunge ist das Obermaterial aus Veloursleder gefertigt, mit einem gezackten seitlichen H aus Nappaleder<\/li>\n<li>Eine Neuinterpretation des historischen H327-Modells, die bernsteinfarbene Sohle spiegelt das schr\u00e4ge Monogramm auf der Laufsohle wider. Die Memory-Foam-Innensohle sorgt f\u00fcr ged\u00e4mpften Komfort<\/li>\n<li>Hogan Cool Herren-Sneakers<\/li>\n<li>Obermaterial aus Veloursleder<\/li>\n<li>Seitliches H aus Nappaleder<\/li>\n<li>Details aus glattem Leder<\/li>\n<li>Memory-Foam-Innensohle 16 mm<\/li>\n<li>Gummikassetten-Sohle (TPU)<\/li>\n<li>Gesamth\u00f6he 2,8 cm<\/li>\n<\/ul>\n","protected":false},"excerpt":{"rendered":"<p>Artikelcode: HXM6470FB60UWX419L Artikelfarbe: Gr\u00fcn Eine perfekte Mischung aus Retro-Elementen und zeitgen\u00f6ssischen Linien, die Hogan Cool Sneakers zeichnen sich durch einen schlichten und raffinierten Look aus Mit gepolsterter Zunge ist das Obermaterial aus Veloursleder gefertigt, mit einem gezackten seitlichen H aus Nappaleder Eine Neuinterpretation des historischen H327-Modells, die bernsteinfarbene Sohle spiegelt das schr\u00e4ge Monogramm auf der&hellip;<\/p>\n","protected":false},"featured_media":144648,"template":"","meta":{"_acf_changed":false},"product_brand":[],"product_cat":[1324,1358,1356,1361],"product_tag":[],"class_list":{"0":"post-146580","1":"product","2":"type-product","3":"status-publish","4":"has-post-thumbnail","6":"product_cat-herren","7":"product_cat-herrenschuhe","8":"product_cat-neuheiten-fur-herren","9":"product_cat-turnschuhe-herren","10":"marca-hogan-de","12":"first","13":"instock","14":"shipping-taxable","15":"purchasable","16":"product-type-variable"},"acf":[],"yoast_head":"<!-- This site is optimized with the Yoast SEO plugin v27.2 - https:\/\/yoast.com\/product\/yoast-seo-wordpress\/ -->\n<title>SNEAKERS COOL IN GR\u00dcN - Rabaini<\/title>\n<meta name=\"robots\" content=\"index, follow, max-snippet:-1, max-image-preview:large, max-video-preview:-1\" \/>\n<link rel=\"canonical\" href=\"https:\/\/www.rabaini.it\/de\/sneakers-cool-in-grun\/\" \/>\n<meta property=\"og:locale\" content=\"de_DE\" \/>\n<meta property=\"og:type\" content=\"article\" \/>\n<meta property=\"og:title\" content=\"SNEAKERS COOL IN GR\u00dcN - Rabaini\" \/>\n<meta property=\"og:description\" content=\"Artikelcode: HXM6470FB60UWX419L Artikelfarbe: Gr\u00fcn Eine perfekte Mischung aus Retro-Elementen und zeitgen\u00f6ssischen Linien, die Hogan Cool Sneakers zeichnen sich durch einen schlichten und raffinierten Look aus Mit gepolsterter Zunge ist das Obermaterial aus Veloursleder gefertigt, mit einem gezackten seitlichen H aus Nappaleder Eine Neuinterpretation des historischen H327-Modells, die bernsteinfarbene Sohle spiegelt das schr\u00e4ge Monogramm auf der&hellip;\" \/>\n<meta property=\"og:url\" content=\"https:\/\/www.rabaini.it\/de\/sneakers-cool-in-grun\/\" \/>\n<meta property=\"og:site_name\" content=\"Rabaini\" \/>\n<meta property=\"article:modified_time\" content=\"2026-02-27T16:40:12+00:00\" \/>\n<meta property=\"og:image\" content=\"https:\/\/www.rabaini.it\/wp-content\/uploads\/2026\/02\/DSC_1217.jpg\" \/>\n\t<meta property=\"og:image:width\" content=\"1500\" \/>\n\t<meta property=\"og:image:height\" content=\"1500\" \/>\n\t<meta property=\"og:image:type\" content=\"image\/jpeg\" \/>\n<meta name=\"twitter:card\" content=\"summary_large_image\" \/>\n<script type=\"application\/ld+json\" class=\"yoast-schema-graph\">{\"@context\":\"https:\/\/schema.org\",\"@graph\":[{\"@type\":\"WebPage\",\"@id\":\"https:\/\/www.rabaini.it\/de\/sneakers-cool-in-grun\/\",\"url\":\"https:\/\/www.rabaini.it\/de\/sneakers-cool-in-grun\/\",\"name\":\"SNEAKERS COOL IN GR\u00dcN - Rabaini\",\"isPartOf\":{\"@id\":\"https:\/\/www.rabaini.it\/de\/#website\"},\"primaryImageOfPage\":{\"@id\":\"https:\/\/www.rabaini.it\/de\/sneakers-cool-in-grun\/#primaryimage\"},\"image\":{\"@id\":\"https:\/\/www.rabaini.it\/de\/sneakers-cool-in-grun\/#primaryimage\"},\"thumbnailUrl\":\"https:\/\/www.rabaini.it\/wp-content\/uploads\/2026\/02\/DSC_1217.jpg\",\"datePublished\":\"2026-02-23T15:54:36+00:00\",\"dateModified\":\"2026-02-27T16:40:12+00:00\",\"breadcrumb\":{\"@id\":\"https:\/\/www.rabaini.it\/de\/sneakers-cool-in-grun\/#breadcrumb\"},\"inLanguage\":\"de\",\"potentialAction\":[{\"@type\":\"ReadAction\",\"target\":[\"https:\/\/www.rabaini.it\/de\/sneakers-cool-in-grun\/\"]}]},{\"@type\":\"ImageObject\",\"inLanguage\":\"de\",\"@id\":\"https:\/\/www.rabaini.it\/de\/sneakers-cool-in-grun\/#primaryimage\",\"url\":\"https:\/\/www.rabaini.it\/wp-content\/uploads\/2026\/02\/DSC_1217.jpg\",\"contentUrl\":\"https:\/\/www.rabaini.it\/wp-content\/uploads\/2026\/02\/DSC_1217.jpg\",\"width\":1500,\"height\":1500},{\"@type\":\"BreadcrumbList\",\"@id\":\"https:\/\/www.rabaini.it\/de\/sneakers-cool-in-grun\/#breadcrumb\",\"itemListElement\":[{\"@type\":\"ListItem\",\"position\":1,\"name\":\"Home\",\"item\":\"https:\/\/www.rabaini.it\/de\/homepage\/\"},{\"@type\":\"ListItem\",\"position\":2,\"name\":\"Gesch\u00e4ft\",\"item\":\"https:\/\/www.rabaini.it\/geschaeft\/\"},{\"@type\":\"ListItem\",\"position\":3,\"name\":\"Herren\",\"item\":\"https:\/\/www.rabaini.it\/de\/herren\/\"},{\"@type\":\"ListItem\",\"position\":4,\"name\":\"SNEAKERS COOL IN GR\u00dcN\"}]},{\"@type\":\"WebSite\",\"@id\":\"https:\/\/www.rabaini.it\/de\/#website\",\"url\":\"https:\/\/www.rabaini.it\/de\/\",\"name\":\"Rabaini\",\"description\":\"\",\"potentialAction\":[{\"@type\":\"SearchAction\",\"target\":{\"@type\":\"EntryPoint\",\"urlTemplate\":\"https:\/\/www.rabaini.it\/de\/?s={search_term_string}\"},\"query-input\":{\"@type\":\"PropertyValueSpecification\",\"valueRequired\":true,\"valueName\":\"search_term_string\"}}],\"inLanguage\":\"de\"}]}<\/script>\n<!-- \/ Yoast SEO plugin. -->","yoast_head_json":{"title":"SNEAKERS COOL IN GR\u00dcN - Rabaini","robots":{"index":"index","follow":"follow","max-snippet":"max-snippet:-1","max-image-preview":"max-image-preview:large","max-video-preview":"max-video-preview:-1"},"canonical":"https:\/\/www.rabaini.it\/de\/sneakers-cool-in-grun\/","og_locale":"de_DE","og_type":"article","og_title":"SNEAKERS COOL IN GR\u00dcN - Rabaini","og_description":"Artikelcode: HXM6470FB60UWX419L Artikelfarbe: Gr\u00fcn Eine perfekte Mischung aus Retro-Elementen und zeitgen\u00f6ssischen Linien, die Hogan Cool Sneakers zeichnen sich durch einen schlichten und raffinierten Look aus Mit gepolsterter Zunge ist das Obermaterial aus Veloursleder gefertigt, mit einem gezackten seitlichen H aus Nappaleder Eine Neuinterpretation des historischen H327-Modells, die bernsteinfarbene Sohle spiegelt das schr\u00e4ge Monogramm auf der&hellip;","og_url":"https:\/\/www.rabaini.it\/de\/sneakers-cool-in-grun\/","og_site_name":"Rabaini","article_modified_time":"2026-02-27T16:40:12+00:00","og_image":[{"width":1500,"height":1500,"url":"https:\/\/www.rabaini.it\/wp-content\/uploads\/2026\/02\/DSC_1217.jpg","type":"image\/jpeg"}],"twitter_card":"summary_large_image","schema":{"@context":"https:\/\/schema.org","@graph":[{"@type":"WebPage","@id":"https:\/\/www.rabaini.it\/de\/sneakers-cool-in-grun\/","url":"https:\/\/www.rabaini.it\/de\/sneakers-cool-in-grun\/","name":"SNEAKERS COOL IN GR\u00dcN - Rabaini","isPartOf":{"@id":"https:\/\/www.rabaini.it\/de\/#website"},"primaryImageOfPage":{"@id":"https:\/\/www.rabaini.it\/de\/sneakers-cool-in-grun\/#primaryimage"},"image":{"@id":"https:\/\/www.rabaini.it\/de\/sneakers-cool-in-grun\/#primaryimage"},"thumbnailUrl":"https:\/\/www.rabaini.it\/wp-content\/uploads\/2026\/02\/DSC_1217.jpg","datePublished":"2026-02-23T15:54:36+00:00","dateModified":"2026-02-27T16:40:12+00:00","breadcrumb":{"@id":"https:\/\/www.rabaini.it\/de\/sneakers-cool-in-grun\/#breadcrumb"},"inLanguage":"de","potentialAction":[{"@type":"ReadAction","target":["https:\/\/www.rabaini.it\/de\/sneakers-cool-in-grun\/"]}]},{"@type":"ImageObject","inLanguage":"de","@id":"https:\/\/www.rabaini.it\/de\/sneakers-cool-in-grun\/#primaryimage","url":"https:\/\/www.rabaini.it\/wp-content\/uploads\/2026\/02\/DSC_1217.jpg","contentUrl":"https:\/\/www.rabaini.it\/wp-content\/uploads\/2026\/02\/DSC_1217.jpg","width":1500,"height":1500},{"@type":"BreadcrumbList","@id":"https:\/\/www.rabaini.it\/de\/sneakers-cool-in-grun\/#breadcrumb","itemListElement":[{"@type":"ListItem","position":1,"name":"Home","item":"https:\/\/www.rabaini.it\/de\/homepage\/"},{"@type":"ListItem","position":2,"name":"Gesch\u00e4ft","item":"https:\/\/www.rabaini.it\/geschaeft\/"},{"@type":"ListItem","position":3,"name":"Herren","item":"https:\/\/www.rabaini.it\/de\/herren\/"},{"@type":"ListItem","position":4,"name":"SNEAKERS COOL IN GR\u00dcN"}]},{"@type":"WebSite","@id":"https:\/\/www.rabaini.it\/de\/#website","url":"https:\/\/www.rabaini.it\/de\/","name":"Rabaini","description":"","potentialAction":[{"@type":"SearchAction","target":{"@type":"EntryPoint","urlTemplate":"https:\/\/www.rabaini.it\/de\/?s={search_term_string}"},"query-input":{"@type":"PropertyValueSpecification","valueRequired":true,"valueName":"search_term_string"}}],"inLanguage":"de"}]}},"_links":{"self":[{"href":"https:\/\/www.rabaini.it\/de\/wp-json\/wp\/v2\/product\/146580","targetHints":{"allow":["GET"]}}],"collection":[{"href":"https:\/\/www.rabaini.it\/de\/wp-json\/wp\/v2\/product"}],"about":[{"href":"https:\/\/www.rabaini.it\/de\/wp-json\/wp\/v2\/types\/product"}],"wp:featuredmedia":[{"embeddable":true,"href":"https:\/\/www.rabaini.it\/de\/wp-json\/wp\/v2\/media\/144648"}],"wp:attachment":[{"href":"https:\/\/www.rabaini.it\/de\/wp-json\/wp\/v2\/media?parent=146580"}],"wp:term":[{"taxonomy":"product_brand","embeddable":true,"href":"https:\/\/www.rabaini.it\/de\/wp-json\/wp\/v2\/product_brand?post=146580"},{"taxonomy":"product_cat","embeddable":true,"href":"https:\/\/www.rabaini.it\/de\/wp-json\/wp\/v2\/product_cat?post=146580"},{"taxonomy":"product_tag","embeddable":true,"href":"https:\/\/www.rabaini.it\/de\/wp-json\/wp\/v2\/product_tag?post=146580"}],"curies":[{"name":"wp","href":"https:\/\/api.w.org\/{rel}","templated":true}]}}