{"id":146495,"date":"2026-02-23T16:41:15","date_gmt":"2026-02-23T15:41:15","guid":{"rendered":"https:\/\/www.rabaini.it\/?post_type=product&#038;p=146495"},"modified":"2026-02-27T17:38:26","modified_gmt":"2026-02-27T16:38:26","slug":"sneakers-interactive-in-grau","status":"publish","type":"product","link":"https:\/\/www.rabaini.it\/de\/sneakers-interactive-in-grau\/","title":{"rendered":"SNEAKERS INTERACTIVE IN GRAU"},"content":{"rendered":"<ul>\n<li>Artikelcode: HXM7130GC80V4R0RWM<\/li>\n<li>Artikelfarbe: Grau<\/li>\n<li>Hogan Interactive ist eine zeitlose Ikone, seit 1997 ein Symbol f\u00fcr funktionalen und zeitgem\u00e4\u00dfen Luxus<\/li>\n<li>Mit elegantem Design und leichter Sohle, die H\u00f6he und Dynamik verleiht, bestehen diese Sneakers aus Veloursleder und Stoff und haben ein seitliches H aus glattem Leder<\/li>\n<li>Perfekt f\u00fcr einen sporty-chicen Look, erg\u00e4nzt durch eine Memory-Foam-Innensohle<\/li>\n<li>Hogan Interactive Herren-Sneakers<\/li>\n<li>Obermaterial aus Veloursleder<\/li>\n<li>Stoffeins\u00e4tze<\/li>\n<li>Seitliches H aus glattem Leder<\/li>\n<li>Memory-Foam-Innensohle 8 mm<\/li>\n<li>Gummisohle<\/li>\n<li>Gesamth\u00f6he 5,7 cm<\/li>\n<\/ul>\n","protected":false},"excerpt":{"rendered":"<p>Artikelcode: HXM7130GC80V4R0RWM Artikelfarbe: Grau Hogan Interactive ist eine zeitlose Ikone, seit 1997 ein Symbol f\u00fcr funktionalen und zeitgem\u00e4\u00dfen Luxus Mit elegantem Design und leichter Sohle, die H\u00f6he und Dynamik verleiht, bestehen diese Sneakers aus Veloursleder und Stoff und haben ein seitliches H aus glattem Leder Perfekt f\u00fcr einen sporty-chicen Look, erg\u00e4nzt durch eine Memory-Foam-Innensohle Hogan&hellip;<\/p>\n","protected":false},"featured_media":144621,"template":"","meta":{"_acf_changed":false},"product_brand":[],"product_cat":[1324,1358,1356,1361],"product_tag":[],"class_list":{"0":"post-146495","1":"product","2":"type-product","3":"status-publish","4":"has-post-thumbnail","6":"product_cat-herren","7":"product_cat-herrenschuhe","8":"product_cat-neuheiten-fur-herren","9":"product_cat-turnschuhe-herren","10":"marca-hogan-de","12":"first","13":"instock","14":"shipping-taxable","15":"purchasable","16":"product-type-variable"},"acf":[],"yoast_head":"<!-- This site is optimized with the Yoast SEO plugin v27.2 - https:\/\/yoast.com\/product\/yoast-seo-wordpress\/ -->\n<title>SNEAKERS INTERACTIVE IN GRAU - Rabaini<\/title>\n<meta name=\"robots\" content=\"index, follow, max-snippet:-1, max-image-preview:large, max-video-preview:-1\" \/>\n<link rel=\"canonical\" href=\"https:\/\/www.rabaini.it\/de\/sneakers-interactive-in-grau\/\" \/>\n<meta property=\"og:locale\" content=\"de_DE\" \/>\n<meta property=\"og:type\" content=\"article\" \/>\n<meta property=\"og:title\" content=\"SNEAKERS INTERACTIVE IN GRAU - Rabaini\" \/>\n<meta property=\"og:description\" content=\"Artikelcode: HXM7130GC80V4R0RWM Artikelfarbe: Grau Hogan Interactive ist eine zeitlose Ikone, seit 1997 ein Symbol f\u00fcr funktionalen und zeitgem\u00e4\u00dfen Luxus Mit elegantem Design und leichter Sohle, die H\u00f6he und Dynamik verleiht, bestehen diese Sneakers aus Veloursleder und Stoff und haben ein seitliches H aus glattem Leder Perfekt f\u00fcr einen sporty-chicen Look, erg\u00e4nzt durch eine Memory-Foam-Innensohle Hogan&hellip;\" \/>\n<meta property=\"og:url\" content=\"https:\/\/www.rabaini.it\/de\/sneakers-interactive-in-grau\/\" \/>\n<meta property=\"og:site_name\" content=\"Rabaini\" \/>\n<meta property=\"article:modified_time\" content=\"2026-02-27T16:38:26+00:00\" \/>\n<meta property=\"og:image\" content=\"https:\/\/www.rabaini.it\/wp-content\/uploads\/2026\/02\/DSC_1208.jpg\" \/>\n\t<meta property=\"og:image:width\" content=\"1500\" \/>\n\t<meta property=\"og:image:height\" content=\"1500\" \/>\n\t<meta property=\"og:image:type\" content=\"image\/jpeg\" \/>\n<meta name=\"twitter:card\" content=\"summary_large_image\" \/>\n<script type=\"application\/ld+json\" class=\"yoast-schema-graph\">{\"@context\":\"https:\/\/schema.org\",\"@graph\":[{\"@type\":\"WebPage\",\"@id\":\"https:\/\/www.rabaini.it\/de\/sneakers-interactive-in-grau\/\",\"url\":\"https:\/\/www.rabaini.it\/de\/sneakers-interactive-in-grau\/\",\"name\":\"SNEAKERS INTERACTIVE IN GRAU - Rabaini\",\"isPartOf\":{\"@id\":\"https:\/\/www.rabaini.it\/de\/#website\"},\"primaryImageOfPage\":{\"@id\":\"https:\/\/www.rabaini.it\/de\/sneakers-interactive-in-grau\/#primaryimage\"},\"image\":{\"@id\":\"https:\/\/www.rabaini.it\/de\/sneakers-interactive-in-grau\/#primaryimage\"},\"thumbnailUrl\":\"https:\/\/www.rabaini.it\/wp-content\/uploads\/2026\/02\/DSC_1208.jpg\",\"datePublished\":\"2026-02-23T15:41:15+00:00\",\"dateModified\":\"2026-02-27T16:38:26+00:00\",\"breadcrumb\":{\"@id\":\"https:\/\/www.rabaini.it\/de\/sneakers-interactive-in-grau\/#breadcrumb\"},\"inLanguage\":\"de\",\"potentialAction\":[{\"@type\":\"ReadAction\",\"target\":[\"https:\/\/www.rabaini.it\/de\/sneakers-interactive-in-grau\/\"]}]},{\"@type\":\"ImageObject\",\"inLanguage\":\"de\",\"@id\":\"https:\/\/www.rabaini.it\/de\/sneakers-interactive-in-grau\/#primaryimage\",\"url\":\"https:\/\/www.rabaini.it\/wp-content\/uploads\/2026\/02\/DSC_1208.jpg\",\"contentUrl\":\"https:\/\/www.rabaini.it\/wp-content\/uploads\/2026\/02\/DSC_1208.jpg\",\"width\":1500,\"height\":1500},{\"@type\":\"BreadcrumbList\",\"@id\":\"https:\/\/www.rabaini.it\/de\/sneakers-interactive-in-grau\/#breadcrumb\",\"itemListElement\":[{\"@type\":\"ListItem\",\"position\":1,\"name\":\"Home\",\"item\":\"https:\/\/www.rabaini.it\/de\/homepage\/\"},{\"@type\":\"ListItem\",\"position\":2,\"name\":\"Gesch\u00e4ft\",\"item\":\"https:\/\/www.rabaini.it\/geschaeft\/\"},{\"@type\":\"ListItem\",\"position\":3,\"name\":\"Herren\",\"item\":\"https:\/\/www.rabaini.it\/de\/herren\/\"},{\"@type\":\"ListItem\",\"position\":4,\"name\":\"SNEAKERS INTERACTIVE IN GRAU\"}]},{\"@type\":\"WebSite\",\"@id\":\"https:\/\/www.rabaini.it\/de\/#website\",\"url\":\"https:\/\/www.rabaini.it\/de\/\",\"name\":\"Rabaini\",\"description\":\"\",\"potentialAction\":[{\"@type\":\"SearchAction\",\"target\":{\"@type\":\"EntryPoint\",\"urlTemplate\":\"https:\/\/www.rabaini.it\/de\/?s={search_term_string}\"},\"query-input\":{\"@type\":\"PropertyValueSpecification\",\"valueRequired\":true,\"valueName\":\"search_term_string\"}}],\"inLanguage\":\"de\"}]}<\/script>\n<!-- \/ Yoast SEO plugin. -->","yoast_head_json":{"title":"SNEAKERS INTERACTIVE IN GRAU - Rabaini","robots":{"index":"index","follow":"follow","max-snippet":"max-snippet:-1","max-image-preview":"max-image-preview:large","max-video-preview":"max-video-preview:-1"},"canonical":"https:\/\/www.rabaini.it\/de\/sneakers-interactive-in-grau\/","og_locale":"de_DE","og_type":"article","og_title":"SNEAKERS INTERACTIVE IN GRAU - Rabaini","og_description":"Artikelcode: HXM7130GC80V4R0RWM Artikelfarbe: Grau Hogan Interactive ist eine zeitlose Ikone, seit 1997 ein Symbol f\u00fcr funktionalen und zeitgem\u00e4\u00dfen Luxus Mit elegantem Design und leichter Sohle, die H\u00f6he und Dynamik verleiht, bestehen diese Sneakers aus Veloursleder und Stoff und haben ein seitliches H aus glattem Leder Perfekt f\u00fcr einen sporty-chicen Look, erg\u00e4nzt durch eine Memory-Foam-Innensohle Hogan&hellip;","og_url":"https:\/\/www.rabaini.it\/de\/sneakers-interactive-in-grau\/","og_site_name":"Rabaini","article_modified_time":"2026-02-27T16:38:26+00:00","og_image":[{"width":1500,"height":1500,"url":"https:\/\/www.rabaini.it\/wp-content\/uploads\/2026\/02\/DSC_1208.jpg","type":"image\/jpeg"}],"twitter_card":"summary_large_image","schema":{"@context":"https:\/\/schema.org","@graph":[{"@type":"WebPage","@id":"https:\/\/www.rabaini.it\/de\/sneakers-interactive-in-grau\/","url":"https:\/\/www.rabaini.it\/de\/sneakers-interactive-in-grau\/","name":"SNEAKERS INTERACTIVE IN GRAU - Rabaini","isPartOf":{"@id":"https:\/\/www.rabaini.it\/de\/#website"},"primaryImageOfPage":{"@id":"https:\/\/www.rabaini.it\/de\/sneakers-interactive-in-grau\/#primaryimage"},"image":{"@id":"https:\/\/www.rabaini.it\/de\/sneakers-interactive-in-grau\/#primaryimage"},"thumbnailUrl":"https:\/\/www.rabaini.it\/wp-content\/uploads\/2026\/02\/DSC_1208.jpg","datePublished":"2026-02-23T15:41:15+00:00","dateModified":"2026-02-27T16:38:26+00:00","breadcrumb":{"@id":"https:\/\/www.rabaini.it\/de\/sneakers-interactive-in-grau\/#breadcrumb"},"inLanguage":"de","potentialAction":[{"@type":"ReadAction","target":["https:\/\/www.rabaini.it\/de\/sneakers-interactive-in-grau\/"]}]},{"@type":"ImageObject","inLanguage":"de","@id":"https:\/\/www.rabaini.it\/de\/sneakers-interactive-in-grau\/#primaryimage","url":"https:\/\/www.rabaini.it\/wp-content\/uploads\/2026\/02\/DSC_1208.jpg","contentUrl":"https:\/\/www.rabaini.it\/wp-content\/uploads\/2026\/02\/DSC_1208.jpg","width":1500,"height":1500},{"@type":"BreadcrumbList","@id":"https:\/\/www.rabaini.it\/de\/sneakers-interactive-in-grau\/#breadcrumb","itemListElement":[{"@type":"ListItem","position":1,"name":"Home","item":"https:\/\/www.rabaini.it\/de\/homepage\/"},{"@type":"ListItem","position":2,"name":"Gesch\u00e4ft","item":"https:\/\/www.rabaini.it\/geschaeft\/"},{"@type":"ListItem","position":3,"name":"Herren","item":"https:\/\/www.rabaini.it\/de\/herren\/"},{"@type":"ListItem","position":4,"name":"SNEAKERS INTERACTIVE IN GRAU"}]},{"@type":"WebSite","@id":"https:\/\/www.rabaini.it\/de\/#website","url":"https:\/\/www.rabaini.it\/de\/","name":"Rabaini","description":"","potentialAction":[{"@type":"SearchAction","target":{"@type":"EntryPoint","urlTemplate":"https:\/\/www.rabaini.it\/de\/?s={search_term_string}"},"query-input":{"@type":"PropertyValueSpecification","valueRequired":true,"valueName":"search_term_string"}}],"inLanguage":"de"}]}},"_links":{"self":[{"href":"https:\/\/www.rabaini.it\/de\/wp-json\/wp\/v2\/product\/146495","targetHints":{"allow":["GET"]}}],"collection":[{"href":"https:\/\/www.rabaini.it\/de\/wp-json\/wp\/v2\/product"}],"about":[{"href":"https:\/\/www.rabaini.it\/de\/wp-json\/wp\/v2\/types\/product"}],"wp:featuredmedia":[{"embeddable":true,"href":"https:\/\/www.rabaini.it\/de\/wp-json\/wp\/v2\/media\/144621"}],"wp:attachment":[{"href":"https:\/\/www.rabaini.it\/de\/wp-json\/wp\/v2\/media?parent=146495"}],"wp:term":[{"taxonomy":"product_brand","embeddable":true,"href":"https:\/\/www.rabaini.it\/de\/wp-json\/wp\/v2\/product_brand?post=146495"},{"taxonomy":"product_cat","embeddable":true,"href":"https:\/\/www.rabaini.it\/de\/wp-json\/wp\/v2\/product_cat?post=146495"},{"taxonomy":"product_tag","embeddable":true,"href":"https:\/\/www.rabaini.it\/de\/wp-json\/wp\/v2\/product_tag?post=146495"}],"curies":[{"name":"wp","href":"https:\/\/api.w.org\/{rel}","templated":true}]}}