{"id":146103,"date":"2026-02-23T11:41:17","date_gmt":"2026-02-23T10:41:17","guid":{"rendered":"https:\/\/www.rabaini.it\/?post_type=product&#038;p=146103"},"modified":"2026-02-27T17:44:16","modified_gmt":"2026-02-27T16:44:16","slug":"sneakers-crosswind-in-elfenbein","status":"publish","type":"product","link":"https:\/\/www.rabaini.it\/de\/sneakers-crosswind-in-elfenbein\/","title":{"rendered":"SNEAKERS CROSSWIND IN ELFENBEIN"},"content":{"rendered":"<ul>\n<li>Artikelcode: HXW7050GB00V1N0FR7<\/li>\n<li>Artikelfarbe: Elfenbein<\/li>\n<li>Made in Italy<\/li>\n<li>Ein Damenmodell im Skating-Stil, mit einer chunky Sohle im Kontrast zu einem schicken und entspannten Obermaterial<\/li>\n<li>Mit einem H auf der Vorderseite des Obermaterials sind diese Sneakers aus glattem und Veloursleder gefertigt<\/li>\n<li>Ein raffiniertes Erkennungsmerkmal: Das Mikro-H-Muster definiert die Textur der Gummisohle und der Laufsohle<\/li>\n<li>Die Memory-Foam-Innensohle sorgt f\u00fcr zus\u00e4tzlichen Komfort und D\u00e4mpfung<\/li>\n<li>Hogan Crosswind Damen-Sneakers<\/li>\n<li>Obermaterial aus Nappa- und Veloursleder<\/li>\n<li>Details aus glattem und gummiertem Leder<\/li>\n<li>Seitliches H<\/li>\n<li>Memory-Foam-Innensohle 8 mm<\/li>\n<li>Gummisohle<\/li>\n<li>Gesamth\u00f6he 5,6 cm<\/li>\n<\/ul>\n","protected":false},"excerpt":{"rendered":"<p>Artikelcode: HXW7050GB00V1N0FR7 Artikelfarbe: Elfenbein Made in Italy Ein Damenmodell im Skating-Stil, mit einer chunky Sohle im Kontrast zu einem schicken und entspannten Obermaterial Mit einem H auf der Vorderseite des Obermaterials sind diese Sneakers aus glattem und Veloursleder gefertigt Ein raffiniertes Erkennungsmerkmal: Das Mikro-H-Muster definiert die Textur der Gummisohle und der Laufsohle Die Memory-Foam-Innensohle sorgt&hellip;<\/p>\n","protected":false},"featured_media":144411,"template":"","meta":{"_acf_changed":false},"product_brand":[],"product_cat":[1273,1310,1308,1318],"product_tag":[],"class_list":{"0":"post-146103","1":"product","2":"type-product","3":"status-publish","4":"has-post-thumbnail","6":"product_cat-damen","7":"product_cat-damenschuhe","8":"product_cat-neuheiten-fur-damen","9":"product_cat-turnschuhe-damen","10":"marca-hogan-de","12":"first","13":"instock","14":"shipping-taxable","15":"purchasable","16":"product-type-variable"},"acf":[],"yoast_head":"<!-- This site is optimized with the Yoast SEO plugin v27.2 - https:\/\/yoast.com\/product\/yoast-seo-wordpress\/ -->\n<title>SNEAKERS CROSSWIND IN ELFENBEIN - Rabaini<\/title>\n<meta name=\"robots\" content=\"index, follow, max-snippet:-1, max-image-preview:large, max-video-preview:-1\" \/>\n<link rel=\"canonical\" href=\"https:\/\/www.rabaini.it\/de\/sneakers-crosswind-in-elfenbein\/\" \/>\n<meta property=\"og:locale\" content=\"de_DE\" \/>\n<meta property=\"og:type\" content=\"article\" \/>\n<meta property=\"og:title\" content=\"SNEAKERS CROSSWIND IN ELFENBEIN - Rabaini\" \/>\n<meta property=\"og:description\" content=\"Artikelcode: HXW7050GB00V1N0FR7 Artikelfarbe: Elfenbein Made in Italy Ein Damenmodell im Skating-Stil, mit einer chunky Sohle im Kontrast zu einem schicken und entspannten Obermaterial Mit einem H auf der Vorderseite des Obermaterials sind diese Sneakers aus glattem und Veloursleder gefertigt Ein raffiniertes Erkennungsmerkmal: Das Mikro-H-Muster definiert die Textur der Gummisohle und der Laufsohle Die Memory-Foam-Innensohle sorgt&hellip;\" \/>\n<meta property=\"og:url\" content=\"https:\/\/www.rabaini.it\/de\/sneakers-crosswind-in-elfenbein\/\" \/>\n<meta property=\"og:site_name\" content=\"Rabaini\" \/>\n<meta property=\"article:modified_time\" content=\"2026-02-27T16:44:16+00:00\" \/>\n<meta property=\"og:image\" content=\"https:\/\/www.rabaini.it\/wp-content\/uploads\/2026\/02\/DSC_1165.jpg\" \/>\n\t<meta property=\"og:image:width\" content=\"1500\" \/>\n\t<meta property=\"og:image:height\" content=\"1500\" \/>\n\t<meta property=\"og:image:type\" content=\"image\/jpeg\" \/>\n<meta name=\"twitter:card\" content=\"summary_large_image\" \/>\n<script type=\"application\/ld+json\" class=\"yoast-schema-graph\">{\"@context\":\"https:\/\/schema.org\",\"@graph\":[{\"@type\":\"WebPage\",\"@id\":\"https:\/\/www.rabaini.it\/de\/sneakers-crosswind-in-elfenbein\/\",\"url\":\"https:\/\/www.rabaini.it\/de\/sneakers-crosswind-in-elfenbein\/\",\"name\":\"SNEAKERS CROSSWIND IN ELFENBEIN - Rabaini\",\"isPartOf\":{\"@id\":\"https:\/\/www.rabaini.it\/de\/#website\"},\"primaryImageOfPage\":{\"@id\":\"https:\/\/www.rabaini.it\/de\/sneakers-crosswind-in-elfenbein\/#primaryimage\"},\"image\":{\"@id\":\"https:\/\/www.rabaini.it\/de\/sneakers-crosswind-in-elfenbein\/#primaryimage\"},\"thumbnailUrl\":\"https:\/\/www.rabaini.it\/wp-content\/uploads\/2026\/02\/DSC_1165.jpg\",\"datePublished\":\"2026-02-23T10:41:17+00:00\",\"dateModified\":\"2026-02-27T16:44:16+00:00\",\"breadcrumb\":{\"@id\":\"https:\/\/www.rabaini.it\/de\/sneakers-crosswind-in-elfenbein\/#breadcrumb\"},\"inLanguage\":\"de\",\"potentialAction\":[{\"@type\":\"ReadAction\",\"target\":[\"https:\/\/www.rabaini.it\/de\/sneakers-crosswind-in-elfenbein\/\"]}]},{\"@type\":\"ImageObject\",\"inLanguage\":\"de\",\"@id\":\"https:\/\/www.rabaini.it\/de\/sneakers-crosswind-in-elfenbein\/#primaryimage\",\"url\":\"https:\/\/www.rabaini.it\/wp-content\/uploads\/2026\/02\/DSC_1165.jpg\",\"contentUrl\":\"https:\/\/www.rabaini.it\/wp-content\/uploads\/2026\/02\/DSC_1165.jpg\",\"width\":1500,\"height\":1500},{\"@type\":\"BreadcrumbList\",\"@id\":\"https:\/\/www.rabaini.it\/de\/sneakers-crosswind-in-elfenbein\/#breadcrumb\",\"itemListElement\":[{\"@type\":\"ListItem\",\"position\":1,\"name\":\"Home\",\"item\":\"https:\/\/www.rabaini.it\/de\/homepage\/\"},{\"@type\":\"ListItem\",\"position\":2,\"name\":\"Gesch\u00e4ft\",\"item\":\"https:\/\/www.rabaini.it\/geschaeft\/\"},{\"@type\":\"ListItem\",\"position\":3,\"name\":\"Damen\",\"item\":\"https:\/\/www.rabaini.it\/de\/damen\/\"},{\"@type\":\"ListItem\",\"position\":4,\"name\":\"SNEAKERS CROSSWIND IN ELFENBEIN\"}]},{\"@type\":\"WebSite\",\"@id\":\"https:\/\/www.rabaini.it\/de\/#website\",\"url\":\"https:\/\/www.rabaini.it\/de\/\",\"name\":\"Rabaini\",\"description\":\"\",\"potentialAction\":[{\"@type\":\"SearchAction\",\"target\":{\"@type\":\"EntryPoint\",\"urlTemplate\":\"https:\/\/www.rabaini.it\/de\/?s={search_term_string}\"},\"query-input\":{\"@type\":\"PropertyValueSpecification\",\"valueRequired\":true,\"valueName\":\"search_term_string\"}}],\"inLanguage\":\"de\"}]}<\/script>\n<!-- \/ Yoast SEO plugin. -->","yoast_head_json":{"title":"SNEAKERS CROSSWIND IN ELFENBEIN - Rabaini","robots":{"index":"index","follow":"follow","max-snippet":"max-snippet:-1","max-image-preview":"max-image-preview:large","max-video-preview":"max-video-preview:-1"},"canonical":"https:\/\/www.rabaini.it\/de\/sneakers-crosswind-in-elfenbein\/","og_locale":"de_DE","og_type":"article","og_title":"SNEAKERS CROSSWIND IN ELFENBEIN - Rabaini","og_description":"Artikelcode: HXW7050GB00V1N0FR7 Artikelfarbe: Elfenbein Made in Italy Ein Damenmodell im Skating-Stil, mit einer chunky Sohle im Kontrast zu einem schicken und entspannten Obermaterial Mit einem H auf der Vorderseite des Obermaterials sind diese Sneakers aus glattem und Veloursleder gefertigt Ein raffiniertes Erkennungsmerkmal: Das Mikro-H-Muster definiert die Textur der Gummisohle und der Laufsohle Die Memory-Foam-Innensohle sorgt&hellip;","og_url":"https:\/\/www.rabaini.it\/de\/sneakers-crosswind-in-elfenbein\/","og_site_name":"Rabaini","article_modified_time":"2026-02-27T16:44:16+00:00","og_image":[{"width":1500,"height":1500,"url":"https:\/\/www.rabaini.it\/wp-content\/uploads\/2026\/02\/DSC_1165.jpg","type":"image\/jpeg"}],"twitter_card":"summary_large_image","schema":{"@context":"https:\/\/schema.org","@graph":[{"@type":"WebPage","@id":"https:\/\/www.rabaini.it\/de\/sneakers-crosswind-in-elfenbein\/","url":"https:\/\/www.rabaini.it\/de\/sneakers-crosswind-in-elfenbein\/","name":"SNEAKERS CROSSWIND IN ELFENBEIN - Rabaini","isPartOf":{"@id":"https:\/\/www.rabaini.it\/de\/#website"},"primaryImageOfPage":{"@id":"https:\/\/www.rabaini.it\/de\/sneakers-crosswind-in-elfenbein\/#primaryimage"},"image":{"@id":"https:\/\/www.rabaini.it\/de\/sneakers-crosswind-in-elfenbein\/#primaryimage"},"thumbnailUrl":"https:\/\/www.rabaini.it\/wp-content\/uploads\/2026\/02\/DSC_1165.jpg","datePublished":"2026-02-23T10:41:17+00:00","dateModified":"2026-02-27T16:44:16+00:00","breadcrumb":{"@id":"https:\/\/www.rabaini.it\/de\/sneakers-crosswind-in-elfenbein\/#breadcrumb"},"inLanguage":"de","potentialAction":[{"@type":"ReadAction","target":["https:\/\/www.rabaini.it\/de\/sneakers-crosswind-in-elfenbein\/"]}]},{"@type":"ImageObject","inLanguage":"de","@id":"https:\/\/www.rabaini.it\/de\/sneakers-crosswind-in-elfenbein\/#primaryimage","url":"https:\/\/www.rabaini.it\/wp-content\/uploads\/2026\/02\/DSC_1165.jpg","contentUrl":"https:\/\/www.rabaini.it\/wp-content\/uploads\/2026\/02\/DSC_1165.jpg","width":1500,"height":1500},{"@type":"BreadcrumbList","@id":"https:\/\/www.rabaini.it\/de\/sneakers-crosswind-in-elfenbein\/#breadcrumb","itemListElement":[{"@type":"ListItem","position":1,"name":"Home","item":"https:\/\/www.rabaini.it\/de\/homepage\/"},{"@type":"ListItem","position":2,"name":"Gesch\u00e4ft","item":"https:\/\/www.rabaini.it\/geschaeft\/"},{"@type":"ListItem","position":3,"name":"Damen","item":"https:\/\/www.rabaini.it\/de\/damen\/"},{"@type":"ListItem","position":4,"name":"SNEAKERS CROSSWIND IN ELFENBEIN"}]},{"@type":"WebSite","@id":"https:\/\/www.rabaini.it\/de\/#website","url":"https:\/\/www.rabaini.it\/de\/","name":"Rabaini","description":"","potentialAction":[{"@type":"SearchAction","target":{"@type":"EntryPoint","urlTemplate":"https:\/\/www.rabaini.it\/de\/?s={search_term_string}"},"query-input":{"@type":"PropertyValueSpecification","valueRequired":true,"valueName":"search_term_string"}}],"inLanguage":"de"}]}},"_links":{"self":[{"href":"https:\/\/www.rabaini.it\/de\/wp-json\/wp\/v2\/product\/146103","targetHints":{"allow":["GET"]}}],"collection":[{"href":"https:\/\/www.rabaini.it\/de\/wp-json\/wp\/v2\/product"}],"about":[{"href":"https:\/\/www.rabaini.it\/de\/wp-json\/wp\/v2\/types\/product"}],"wp:featuredmedia":[{"embeddable":true,"href":"https:\/\/www.rabaini.it\/de\/wp-json\/wp\/v2\/media\/144411"}],"wp:attachment":[{"href":"https:\/\/www.rabaini.it\/de\/wp-json\/wp\/v2\/media?parent=146103"}],"wp:term":[{"taxonomy":"product_brand","embeddable":true,"href":"https:\/\/www.rabaini.it\/de\/wp-json\/wp\/v2\/product_brand?post=146103"},{"taxonomy":"product_cat","embeddable":true,"href":"https:\/\/www.rabaini.it\/de\/wp-json\/wp\/v2\/product_cat?post=146103"},{"taxonomy":"product_tag","embeddable":true,"href":"https:\/\/www.rabaini.it\/de\/wp-json\/wp\/v2\/product_tag?post=146103"}],"curies":[{"name":"wp","href":"https:\/\/api.w.org\/{rel}","templated":true}]}}