{"id":144162,"date":"2026-02-05T19:12:49","date_gmt":"2026-02-05T18:12:49","guid":{"rendered":"https:\/\/www.rabaini.it\/?post_type=product&#038;p=144162"},"modified":"2026-02-05T19:12:49","modified_gmt":"2026-02-05T18:12:49","slug":"kleine-shoppingtasche-address-elfenbein","status":"publish","type":"product","link":"https:\/\/www.rabaini.it\/de\/kleine-shoppingtasche-address-elfenbein\/","title":{"rendered":"KLEINE SHOPPINGTASCHE ADDRESS ELFENBEIN"},"content":{"rendered":"<ul>\n<li>Artikelcode: KBW01TA0200TZPB013<\/li>\n<li>Artikel Farbe: Elfenbein<\/li>\n<li>Die charakteristische Shopping-Tasche mit der Markenadresse wurde mit Hochfrequenztechnik neu interpretiert<\/li>\n<li>Mit gepr\u00e4gtem Logo verf\u00fcgt diese Version aus glattem Leder \u00fcber zwei feste Griffe, ein ger\u00e4umiges Fach mit Magnetknopfverschluss und eine herausnehmbare Innentasche<\/li>\n<li>Abgerundet wird das Modell durch einen Schl\u00fcsselanh\u00e4nger und den H-Fob-Metallanh\u00e4nger<\/li>\n<li>Damen Shopping-Tasche<\/li>\n<li>Artikel aus Leder gefertigt<\/li>\n<li>Gepr\u00e4gtes Logo mit Adresse Via Monte Napoleone<\/li>\n<li>Ma\u00dfe: 39 x 27,5 x 14 cm<\/li>\n<li>Feste Griffe<\/li>\n<li>Verschluss mit Magnetknopf<\/li>\n<li>Herausnehmbare Rei\u00dfverschlusstasche<\/li>\n<li>Metallf\u00fc\u00dfe<\/li>\n<\/ul>\n","protected":false},"excerpt":{"rendered":"<p>Artikelcode: KBW01TA0200TZPB013 Artikel Farbe: Elfenbein Die charakteristische Shopping-Tasche mit der Markenadresse wurde mit Hochfrequenztechnik neu interpretiert Mit gepr\u00e4gtem Logo verf\u00fcgt diese Version aus glattem Leder \u00fcber zwei feste Griffe, ein ger\u00e4umiges Fach mit Magnetknopfverschluss und eine herausnehmbare Innentasche Abgerundet wird das Modell durch einen Schl\u00fcsselanh\u00e4nger und den H-Fob-Metallanh\u00e4nger Damen Shopping-Tasche Artikel aus Leder gefertigt Gepr\u00e4gtes&hellip;<\/p>\n","protected":false},"featured_media":143021,"template":"","meta":{"_acf_changed":false},"product_brand":[],"product_cat":[1273,1295,1298,1300,1308,1296,1301],"product_tag":[],"class_list":{"0":"post-144162","1":"product","2":"type-product","3":"status-publish","4":"has-post-thumbnail","6":"product_cat-damen","7":"product_cat-damenaccessoires","8":"product_cat-einkaufstaschen-damen","9":"product_cat-handtaschen-damen","10":"product_cat-neuheiten-fur-damen","11":"product_cat-taschen-damen","12":"product_cat-umhangetaschen-damen","13":"marca-hogan-de","15":"first","16":"instock","17":"shipping-taxable","18":"purchasable","19":"product-type-simple"},"acf":[],"yoast_head":"<!-- This site is optimized with the Yoast SEO plugin v27.2 - https:\/\/yoast.com\/product\/yoast-seo-wordpress\/ -->\n<title>KLEINE SHOPPINGTASCHE ADDRESS ELFENBEIN - Rabaini<\/title>\n<meta name=\"robots\" content=\"index, follow, max-snippet:-1, max-image-preview:large, max-video-preview:-1\" \/>\n<link rel=\"canonical\" href=\"https:\/\/www.rabaini.it\/de\/kleine-shoppingtasche-address-elfenbein\/\" \/>\n<meta property=\"og:locale\" content=\"de_DE\" \/>\n<meta property=\"og:type\" content=\"article\" \/>\n<meta property=\"og:title\" content=\"KLEINE SHOPPINGTASCHE ADDRESS ELFENBEIN - Rabaini\" \/>\n<meta property=\"og:description\" content=\"Artikelcode: KBW01TA0200TZPB013 Artikel Farbe: Elfenbein Die charakteristische Shopping-Tasche mit der Markenadresse wurde mit Hochfrequenztechnik neu interpretiert Mit gepr\u00e4gtem Logo verf\u00fcgt diese Version aus glattem Leder \u00fcber zwei feste Griffe, ein ger\u00e4umiges Fach mit Magnetknopfverschluss und eine herausnehmbare Innentasche Abgerundet wird das Modell durch einen Schl\u00fcsselanh\u00e4nger und den H-Fob-Metallanh\u00e4nger Damen Shopping-Tasche Artikel aus Leder gefertigt Gepr\u00e4gtes&hellip;\" \/>\n<meta property=\"og:url\" content=\"https:\/\/www.rabaini.it\/de\/kleine-shoppingtasche-address-elfenbein\/\" \/>\n<meta property=\"og:site_name\" content=\"Rabaini\" \/>\n<meta property=\"og:image\" content=\"https:\/\/www.rabaini.it\/wp-content\/uploads\/2026\/02\/DSC_1045.jpg\" \/>\n\t<meta property=\"og:image:width\" content=\"1500\" \/>\n\t<meta property=\"og:image:height\" content=\"1500\" \/>\n\t<meta property=\"og:image:type\" content=\"image\/jpeg\" \/>\n<meta name=\"twitter:card\" content=\"summary_large_image\" \/>\n<script type=\"application\/ld+json\" class=\"yoast-schema-graph\">{\"@context\":\"https:\/\/schema.org\",\"@graph\":[{\"@type\":\"WebPage\",\"@id\":\"https:\/\/www.rabaini.it\/de\/kleine-shoppingtasche-address-elfenbein\/\",\"url\":\"https:\/\/www.rabaini.it\/de\/kleine-shoppingtasche-address-elfenbein\/\",\"name\":\"KLEINE SHOPPINGTASCHE ADDRESS ELFENBEIN - Rabaini\",\"isPartOf\":{\"@id\":\"https:\/\/www.rabaini.it\/de\/#website\"},\"primaryImageOfPage\":{\"@id\":\"https:\/\/www.rabaini.it\/de\/kleine-shoppingtasche-address-elfenbein\/#primaryimage\"},\"image\":{\"@id\":\"https:\/\/www.rabaini.it\/de\/kleine-shoppingtasche-address-elfenbein\/#primaryimage\"},\"thumbnailUrl\":\"https:\/\/www.rabaini.it\/wp-content\/uploads\/2026\/02\/DSC_1045.jpg\",\"datePublished\":\"2026-02-05T18:12:49+00:00\",\"breadcrumb\":{\"@id\":\"https:\/\/www.rabaini.it\/de\/kleine-shoppingtasche-address-elfenbein\/#breadcrumb\"},\"inLanguage\":\"de\",\"potentialAction\":[{\"@type\":\"ReadAction\",\"target\":[\"https:\/\/www.rabaini.it\/de\/kleine-shoppingtasche-address-elfenbein\/\"]}]},{\"@type\":\"ImageObject\",\"inLanguage\":\"de\",\"@id\":\"https:\/\/www.rabaini.it\/de\/kleine-shoppingtasche-address-elfenbein\/#primaryimage\",\"url\":\"https:\/\/www.rabaini.it\/wp-content\/uploads\/2026\/02\/DSC_1045.jpg\",\"contentUrl\":\"https:\/\/www.rabaini.it\/wp-content\/uploads\/2026\/02\/DSC_1045.jpg\",\"width\":1500,\"height\":1500},{\"@type\":\"BreadcrumbList\",\"@id\":\"https:\/\/www.rabaini.it\/de\/kleine-shoppingtasche-address-elfenbein\/#breadcrumb\",\"itemListElement\":[{\"@type\":\"ListItem\",\"position\":1,\"name\":\"Home\",\"item\":\"https:\/\/www.rabaini.it\/de\/homepage\/\"},{\"@type\":\"ListItem\",\"position\":2,\"name\":\"Gesch\u00e4ft\",\"item\":\"https:\/\/www.rabaini.it\/geschaeft\/\"},{\"@type\":\"ListItem\",\"position\":3,\"name\":\"Damen\",\"item\":\"https:\/\/www.rabaini.it\/de\/damen\/\"},{\"@type\":\"ListItem\",\"position\":4,\"name\":\"Damenaccessoires\",\"item\":\"https:\/\/www.rabaini.it\/de\/damenaccessoires\/\"},{\"@type\":\"ListItem\",\"position\":5,\"name\":\"Taschen\",\"item\":\"https:\/\/www.rabaini.it\/de\/taschen-damen\/\"},{\"@type\":\"ListItem\",\"position\":6,\"name\":\"Einkaufstaschen\",\"item\":\"https:\/\/www.rabaini.it\/de\/einkaufstaschen-damen\/\"},{\"@type\":\"ListItem\",\"position\":7,\"name\":\"KLEINE SHOPPINGTASCHE ADDRESS ELFENBEIN\"}]},{\"@type\":\"WebSite\",\"@id\":\"https:\/\/www.rabaini.it\/de\/#website\",\"url\":\"https:\/\/www.rabaini.it\/de\/\",\"name\":\"Rabaini\",\"description\":\"\",\"potentialAction\":[{\"@type\":\"SearchAction\",\"target\":{\"@type\":\"EntryPoint\",\"urlTemplate\":\"https:\/\/www.rabaini.it\/de\/?s={search_term_string}\"},\"query-input\":{\"@type\":\"PropertyValueSpecification\",\"valueRequired\":true,\"valueName\":\"search_term_string\"}}],\"inLanguage\":\"de\"}]}<\/script>\n<!-- \/ Yoast SEO plugin. -->","yoast_head_json":{"title":"KLEINE SHOPPINGTASCHE ADDRESS ELFENBEIN - Rabaini","robots":{"index":"index","follow":"follow","max-snippet":"max-snippet:-1","max-image-preview":"max-image-preview:large","max-video-preview":"max-video-preview:-1"},"canonical":"https:\/\/www.rabaini.it\/de\/kleine-shoppingtasche-address-elfenbein\/","og_locale":"de_DE","og_type":"article","og_title":"KLEINE SHOPPINGTASCHE ADDRESS ELFENBEIN - Rabaini","og_description":"Artikelcode: KBW01TA0200TZPB013 Artikel Farbe: Elfenbein Die charakteristische Shopping-Tasche mit der Markenadresse wurde mit Hochfrequenztechnik neu interpretiert Mit gepr\u00e4gtem Logo verf\u00fcgt diese Version aus glattem Leder \u00fcber zwei feste Griffe, ein ger\u00e4umiges Fach mit Magnetknopfverschluss und eine herausnehmbare Innentasche Abgerundet wird das Modell durch einen Schl\u00fcsselanh\u00e4nger und den H-Fob-Metallanh\u00e4nger Damen Shopping-Tasche Artikel aus Leder gefertigt Gepr\u00e4gtes&hellip;","og_url":"https:\/\/www.rabaini.it\/de\/kleine-shoppingtasche-address-elfenbein\/","og_site_name":"Rabaini","og_image":[{"width":1500,"height":1500,"url":"https:\/\/www.rabaini.it\/wp-content\/uploads\/2026\/02\/DSC_1045.jpg","type":"image\/jpeg"}],"twitter_card":"summary_large_image","schema":{"@context":"https:\/\/schema.org","@graph":[{"@type":"WebPage","@id":"https:\/\/www.rabaini.it\/de\/kleine-shoppingtasche-address-elfenbein\/","url":"https:\/\/www.rabaini.it\/de\/kleine-shoppingtasche-address-elfenbein\/","name":"KLEINE SHOPPINGTASCHE ADDRESS ELFENBEIN - Rabaini","isPartOf":{"@id":"https:\/\/www.rabaini.it\/de\/#website"},"primaryImageOfPage":{"@id":"https:\/\/www.rabaini.it\/de\/kleine-shoppingtasche-address-elfenbein\/#primaryimage"},"image":{"@id":"https:\/\/www.rabaini.it\/de\/kleine-shoppingtasche-address-elfenbein\/#primaryimage"},"thumbnailUrl":"https:\/\/www.rabaini.it\/wp-content\/uploads\/2026\/02\/DSC_1045.jpg","datePublished":"2026-02-05T18:12:49+00:00","breadcrumb":{"@id":"https:\/\/www.rabaini.it\/de\/kleine-shoppingtasche-address-elfenbein\/#breadcrumb"},"inLanguage":"de","potentialAction":[{"@type":"ReadAction","target":["https:\/\/www.rabaini.it\/de\/kleine-shoppingtasche-address-elfenbein\/"]}]},{"@type":"ImageObject","inLanguage":"de","@id":"https:\/\/www.rabaini.it\/de\/kleine-shoppingtasche-address-elfenbein\/#primaryimage","url":"https:\/\/www.rabaini.it\/wp-content\/uploads\/2026\/02\/DSC_1045.jpg","contentUrl":"https:\/\/www.rabaini.it\/wp-content\/uploads\/2026\/02\/DSC_1045.jpg","width":1500,"height":1500},{"@type":"BreadcrumbList","@id":"https:\/\/www.rabaini.it\/de\/kleine-shoppingtasche-address-elfenbein\/#breadcrumb","itemListElement":[{"@type":"ListItem","position":1,"name":"Home","item":"https:\/\/www.rabaini.it\/de\/homepage\/"},{"@type":"ListItem","position":2,"name":"Gesch\u00e4ft","item":"https:\/\/www.rabaini.it\/geschaeft\/"},{"@type":"ListItem","position":3,"name":"Damen","item":"https:\/\/www.rabaini.it\/de\/damen\/"},{"@type":"ListItem","position":4,"name":"Damenaccessoires","item":"https:\/\/www.rabaini.it\/de\/damenaccessoires\/"},{"@type":"ListItem","position":5,"name":"Taschen","item":"https:\/\/www.rabaini.it\/de\/taschen-damen\/"},{"@type":"ListItem","position":6,"name":"Einkaufstaschen","item":"https:\/\/www.rabaini.it\/de\/einkaufstaschen-damen\/"},{"@type":"ListItem","position":7,"name":"KLEINE SHOPPINGTASCHE ADDRESS ELFENBEIN"}]},{"@type":"WebSite","@id":"https:\/\/www.rabaini.it\/de\/#website","url":"https:\/\/www.rabaini.it\/de\/","name":"Rabaini","description":"","potentialAction":[{"@type":"SearchAction","target":{"@type":"EntryPoint","urlTemplate":"https:\/\/www.rabaini.it\/de\/?s={search_term_string}"},"query-input":{"@type":"PropertyValueSpecification","valueRequired":true,"valueName":"search_term_string"}}],"inLanguage":"de"}]}},"_links":{"self":[{"href":"https:\/\/www.rabaini.it\/de\/wp-json\/wp\/v2\/product\/144162","targetHints":{"allow":["GET"]}}],"collection":[{"href":"https:\/\/www.rabaini.it\/de\/wp-json\/wp\/v2\/product"}],"about":[{"href":"https:\/\/www.rabaini.it\/de\/wp-json\/wp\/v2\/types\/product"}],"wp:featuredmedia":[{"embeddable":true,"href":"https:\/\/www.rabaini.it\/de\/wp-json\/wp\/v2\/media\/143021"}],"wp:attachment":[{"href":"https:\/\/www.rabaini.it\/de\/wp-json\/wp\/v2\/media?parent=144162"}],"wp:term":[{"taxonomy":"product_brand","embeddable":true,"href":"https:\/\/www.rabaini.it\/de\/wp-json\/wp\/v2\/product_brand?post=144162"},{"taxonomy":"product_cat","embeddable":true,"href":"https:\/\/www.rabaini.it\/de\/wp-json\/wp\/v2\/product_cat?post=144162"},{"taxonomy":"product_tag","embeddable":true,"href":"https:\/\/www.rabaini.it\/de\/wp-json\/wp\/v2\/product_tag?post=144162"}],"curies":[{"name":"wp","href":"https:\/\/api.w.org\/{rel}","templated":true}]}}