{"id":144158,"date":"2026-02-05T19:12:50","date_gmt":"2026-02-05T18:12:50","guid":{"rendered":"https:\/\/www.rabaini.it\/?post_type=product&#038;p=144158"},"modified":"2026-02-05T19:12:50","modified_gmt":"2026-02-05T18:12:50","slug":"kleine-shoppingtasche-script-elfenbein","status":"publish","type":"product","link":"https:\/\/www.rabaini.it\/de\/kleine-shoppingtasche-script-elfenbein\/","title":{"rendered":"KLEINE SHOPPINGTASCHE SCRIPT ELFENBEIN"},"content":{"rendered":"<ul>\n<li>Artikelcode: KBW01WA0200UZU7E20<\/li>\n<li>Artikel Farbe: Elfenbein<\/li>\n<li>Die Script Shopping-Tasche in kleiner Gr\u00f6\u00dfe, mit Frontstreifen, die ein Maxi-H bilden<\/li>\n<li>Mit zwei festen Griffen und einem verstellbaren, abnehmbaren Schulterriemen, verf\u00fcgt diese Tasche aus genarbtem Leder \u00fcber den H-Fob-Metallanh\u00e4nger und einen Schl\u00fcsselanh\u00e4nger<\/li>\n<li>Das Innenfach, verschlossen mit einem Magnetknopf, enth\u00e4lt eine gro\u00dfe herausnehmbare Mittel-Tasche mit Rei\u00dfverschluss<\/li>\n<li>Damen Shopping-Tasche<\/li>\n<li>Artikel aus Leder gefertigt<\/li>\n<li>Gepr\u00e4gtes Hogan-Logo<\/li>\n<li>Ma\u00dfe: 35 x 23 x 11 cm<\/li>\n<li>Feste Griffe<\/li>\n<li>Verstellbarer und abnehmbarer Schulterriemen<\/li>\n<li>Verschluss mit Magnetknopf<\/li>\n<li>Herausnehmbare Rei\u00dfverschlusstasche<\/li>\n<\/ul>\n","protected":false},"excerpt":{"rendered":"<p>Artikelcode: KBW01WA0200UZU7E20 Artikel Farbe: Elfenbein Die Script Shopping-Tasche in kleiner Gr\u00f6\u00dfe, mit Frontstreifen, die ein Maxi-H bilden Mit zwei festen Griffen und einem verstellbaren, abnehmbaren Schulterriemen, verf\u00fcgt diese Tasche aus genarbtem Leder \u00fcber den H-Fob-Metallanh\u00e4nger und einen Schl\u00fcsselanh\u00e4nger Das Innenfach, verschlossen mit einem Magnetknopf, enth\u00e4lt eine gro\u00dfe herausnehmbare Mittel-Tasche mit Rei\u00dfverschluss Damen Shopping-Tasche Artikel aus&hellip;<\/p>\n","protected":false},"featured_media":143003,"template":"","meta":{"_acf_changed":false},"product_brand":[],"product_cat":[1273,1295,1298,1300,1308,1296,1301],"product_tag":[1717],"class_list":{"0":"post-144158","1":"product","2":"type-product","3":"status-publish","4":"has-post-thumbnail","6":"product_cat-damen","7":"product_cat-damenaccessoires","8":"product_cat-einkaufstaschen-damen","9":"product_cat-handtaschen-damen","10":"product_cat-neuheiten-fur-damen","11":"product_cat-taschen-damen","12":"product_cat-umhangetaschen-damen","13":"product_tag-ultimi-arrivi","14":"marca-hogan-de","16":"first","17":"instock","18":"shipping-taxable","19":"purchasable","20":"product-type-simple"},"acf":[],"yoast_head":"<!-- This site is optimized with the Yoast SEO plugin v27.2 - https:\/\/yoast.com\/product\/yoast-seo-wordpress\/ -->\n<title>KLEINE SHOPPINGTASCHE SCRIPT ELFENBEIN - Rabaini<\/title>\n<meta name=\"robots\" content=\"index, follow, max-snippet:-1, max-image-preview:large, max-video-preview:-1\" \/>\n<link rel=\"canonical\" href=\"https:\/\/www.rabaini.it\/de\/kleine-shoppingtasche-script-elfenbein\/\" \/>\n<meta property=\"og:locale\" content=\"de_DE\" \/>\n<meta property=\"og:type\" content=\"article\" \/>\n<meta property=\"og:title\" content=\"KLEINE SHOPPINGTASCHE SCRIPT ELFENBEIN - Rabaini\" \/>\n<meta property=\"og:description\" content=\"Artikelcode: KBW01WA0200UZU7E20 Artikel Farbe: Elfenbein Die Script Shopping-Tasche in kleiner Gr\u00f6\u00dfe, mit Frontstreifen, die ein Maxi-H bilden Mit zwei festen Griffen und einem verstellbaren, abnehmbaren Schulterriemen, verf\u00fcgt diese Tasche aus genarbtem Leder \u00fcber den H-Fob-Metallanh\u00e4nger und einen Schl\u00fcsselanh\u00e4nger Das Innenfach, verschlossen mit einem Magnetknopf, enth\u00e4lt eine gro\u00dfe herausnehmbare Mittel-Tasche mit Rei\u00dfverschluss Damen Shopping-Tasche Artikel aus&hellip;\" \/>\n<meta property=\"og:url\" content=\"https:\/\/www.rabaini.it\/de\/kleine-shoppingtasche-script-elfenbein\/\" \/>\n<meta property=\"og:site_name\" content=\"Rabaini\" \/>\n<meta property=\"og:image\" content=\"https:\/\/www.rabaini.it\/wp-content\/uploads\/2026\/02\/DSC_1035.jpg\" \/>\n\t<meta property=\"og:image:width\" content=\"1500\" \/>\n\t<meta property=\"og:image:height\" content=\"1500\" \/>\n\t<meta property=\"og:image:type\" content=\"image\/jpeg\" \/>\n<meta name=\"twitter:card\" content=\"summary_large_image\" \/>\n<script type=\"application\/ld+json\" class=\"yoast-schema-graph\">{\"@context\":\"https:\/\/schema.org\",\"@graph\":[{\"@type\":\"WebPage\",\"@id\":\"https:\/\/www.rabaini.it\/de\/kleine-shoppingtasche-script-elfenbein\/\",\"url\":\"https:\/\/www.rabaini.it\/de\/kleine-shoppingtasche-script-elfenbein\/\",\"name\":\"KLEINE SHOPPINGTASCHE SCRIPT ELFENBEIN - Rabaini\",\"isPartOf\":{\"@id\":\"https:\/\/www.rabaini.it\/de\/#website\"},\"primaryImageOfPage\":{\"@id\":\"https:\/\/www.rabaini.it\/de\/kleine-shoppingtasche-script-elfenbein\/#primaryimage\"},\"image\":{\"@id\":\"https:\/\/www.rabaini.it\/de\/kleine-shoppingtasche-script-elfenbein\/#primaryimage\"},\"thumbnailUrl\":\"https:\/\/www.rabaini.it\/wp-content\/uploads\/2026\/02\/DSC_1035.jpg\",\"datePublished\":\"2026-02-05T18:12:50+00:00\",\"breadcrumb\":{\"@id\":\"https:\/\/www.rabaini.it\/de\/kleine-shoppingtasche-script-elfenbein\/#breadcrumb\"},\"inLanguage\":\"de\",\"potentialAction\":[{\"@type\":\"ReadAction\",\"target\":[\"https:\/\/www.rabaini.it\/de\/kleine-shoppingtasche-script-elfenbein\/\"]}]},{\"@type\":\"ImageObject\",\"inLanguage\":\"de\",\"@id\":\"https:\/\/www.rabaini.it\/de\/kleine-shoppingtasche-script-elfenbein\/#primaryimage\",\"url\":\"https:\/\/www.rabaini.it\/wp-content\/uploads\/2026\/02\/DSC_1035.jpg\",\"contentUrl\":\"https:\/\/www.rabaini.it\/wp-content\/uploads\/2026\/02\/DSC_1035.jpg\",\"width\":1500,\"height\":1500},{\"@type\":\"BreadcrumbList\",\"@id\":\"https:\/\/www.rabaini.it\/de\/kleine-shoppingtasche-script-elfenbein\/#breadcrumb\",\"itemListElement\":[{\"@type\":\"ListItem\",\"position\":1,\"name\":\"Home\",\"item\":\"https:\/\/www.rabaini.it\/de\/homepage\/\"},{\"@type\":\"ListItem\",\"position\":2,\"name\":\"Gesch\u00e4ft\",\"item\":\"https:\/\/www.rabaini.it\/geschaeft\/\"},{\"@type\":\"ListItem\",\"position\":3,\"name\":\"Damen\",\"item\":\"https:\/\/www.rabaini.it\/de\/damen\/\"},{\"@type\":\"ListItem\",\"position\":4,\"name\":\"KLEINE SHOPPINGTASCHE SCRIPT ELFENBEIN\"}]},{\"@type\":\"WebSite\",\"@id\":\"https:\/\/www.rabaini.it\/de\/#website\",\"url\":\"https:\/\/www.rabaini.it\/de\/\",\"name\":\"Rabaini\",\"description\":\"\",\"potentialAction\":[{\"@type\":\"SearchAction\",\"target\":{\"@type\":\"EntryPoint\",\"urlTemplate\":\"https:\/\/www.rabaini.it\/de\/?s={search_term_string}\"},\"query-input\":{\"@type\":\"PropertyValueSpecification\",\"valueRequired\":true,\"valueName\":\"search_term_string\"}}],\"inLanguage\":\"de\"}]}<\/script>\n<!-- \/ Yoast SEO plugin. -->","yoast_head_json":{"title":"KLEINE SHOPPINGTASCHE SCRIPT ELFENBEIN - Rabaini","robots":{"index":"index","follow":"follow","max-snippet":"max-snippet:-1","max-image-preview":"max-image-preview:large","max-video-preview":"max-video-preview:-1"},"canonical":"https:\/\/www.rabaini.it\/de\/kleine-shoppingtasche-script-elfenbein\/","og_locale":"de_DE","og_type":"article","og_title":"KLEINE SHOPPINGTASCHE SCRIPT ELFENBEIN - Rabaini","og_description":"Artikelcode: KBW01WA0200UZU7E20 Artikel Farbe: Elfenbein Die Script Shopping-Tasche in kleiner Gr\u00f6\u00dfe, mit Frontstreifen, die ein Maxi-H bilden Mit zwei festen Griffen und einem verstellbaren, abnehmbaren Schulterriemen, verf\u00fcgt diese Tasche aus genarbtem Leder \u00fcber den H-Fob-Metallanh\u00e4nger und einen Schl\u00fcsselanh\u00e4nger Das Innenfach, verschlossen mit einem Magnetknopf, enth\u00e4lt eine gro\u00dfe herausnehmbare Mittel-Tasche mit Rei\u00dfverschluss Damen Shopping-Tasche Artikel aus&hellip;","og_url":"https:\/\/www.rabaini.it\/de\/kleine-shoppingtasche-script-elfenbein\/","og_site_name":"Rabaini","og_image":[{"width":1500,"height":1500,"url":"https:\/\/www.rabaini.it\/wp-content\/uploads\/2026\/02\/DSC_1035.jpg","type":"image\/jpeg"}],"twitter_card":"summary_large_image","schema":{"@context":"https:\/\/schema.org","@graph":[{"@type":"WebPage","@id":"https:\/\/www.rabaini.it\/de\/kleine-shoppingtasche-script-elfenbein\/","url":"https:\/\/www.rabaini.it\/de\/kleine-shoppingtasche-script-elfenbein\/","name":"KLEINE SHOPPINGTASCHE SCRIPT ELFENBEIN - Rabaini","isPartOf":{"@id":"https:\/\/www.rabaini.it\/de\/#website"},"primaryImageOfPage":{"@id":"https:\/\/www.rabaini.it\/de\/kleine-shoppingtasche-script-elfenbein\/#primaryimage"},"image":{"@id":"https:\/\/www.rabaini.it\/de\/kleine-shoppingtasche-script-elfenbein\/#primaryimage"},"thumbnailUrl":"https:\/\/www.rabaini.it\/wp-content\/uploads\/2026\/02\/DSC_1035.jpg","datePublished":"2026-02-05T18:12:50+00:00","breadcrumb":{"@id":"https:\/\/www.rabaini.it\/de\/kleine-shoppingtasche-script-elfenbein\/#breadcrumb"},"inLanguage":"de","potentialAction":[{"@type":"ReadAction","target":["https:\/\/www.rabaini.it\/de\/kleine-shoppingtasche-script-elfenbein\/"]}]},{"@type":"ImageObject","inLanguage":"de","@id":"https:\/\/www.rabaini.it\/de\/kleine-shoppingtasche-script-elfenbein\/#primaryimage","url":"https:\/\/www.rabaini.it\/wp-content\/uploads\/2026\/02\/DSC_1035.jpg","contentUrl":"https:\/\/www.rabaini.it\/wp-content\/uploads\/2026\/02\/DSC_1035.jpg","width":1500,"height":1500},{"@type":"BreadcrumbList","@id":"https:\/\/www.rabaini.it\/de\/kleine-shoppingtasche-script-elfenbein\/#breadcrumb","itemListElement":[{"@type":"ListItem","position":1,"name":"Home","item":"https:\/\/www.rabaini.it\/de\/homepage\/"},{"@type":"ListItem","position":2,"name":"Gesch\u00e4ft","item":"https:\/\/www.rabaini.it\/geschaeft\/"},{"@type":"ListItem","position":3,"name":"Damen","item":"https:\/\/www.rabaini.it\/de\/damen\/"},{"@type":"ListItem","position":4,"name":"KLEINE SHOPPINGTASCHE SCRIPT ELFENBEIN"}]},{"@type":"WebSite","@id":"https:\/\/www.rabaini.it\/de\/#website","url":"https:\/\/www.rabaini.it\/de\/","name":"Rabaini","description":"","potentialAction":[{"@type":"SearchAction","target":{"@type":"EntryPoint","urlTemplate":"https:\/\/www.rabaini.it\/de\/?s={search_term_string}"},"query-input":{"@type":"PropertyValueSpecification","valueRequired":true,"valueName":"search_term_string"}}],"inLanguage":"de"}]}},"_links":{"self":[{"href":"https:\/\/www.rabaini.it\/de\/wp-json\/wp\/v2\/product\/144158","targetHints":{"allow":["GET"]}}],"collection":[{"href":"https:\/\/www.rabaini.it\/de\/wp-json\/wp\/v2\/product"}],"about":[{"href":"https:\/\/www.rabaini.it\/de\/wp-json\/wp\/v2\/types\/product"}],"wp:featuredmedia":[{"embeddable":true,"href":"https:\/\/www.rabaini.it\/de\/wp-json\/wp\/v2\/media\/143003"}],"wp:attachment":[{"href":"https:\/\/www.rabaini.it\/de\/wp-json\/wp\/v2\/media?parent=144158"}],"wp:term":[{"taxonomy":"product_brand","embeddable":true,"href":"https:\/\/www.rabaini.it\/de\/wp-json\/wp\/v2\/product_brand?post=144158"},{"taxonomy":"product_cat","embeddable":true,"href":"https:\/\/www.rabaini.it\/de\/wp-json\/wp\/v2\/product_cat?post=144158"},{"taxonomy":"product_tag","embeddable":true,"href":"https:\/\/www.rabaini.it\/de\/wp-json\/wp\/v2\/product_tag?post=144158"}],"curies":[{"name":"wp","href":"https:\/\/api.w.org\/{rel}","templated":true}]}}