{"id":144031,"date":"2026-02-03T16:58:10","date_gmt":"2026-02-03T15:58:10","guid":{"rendered":"https:\/\/www.rabaini.it\/?post_type=product&#038;p=144031"},"modified":"2026-02-06T15:16:13","modified_gmt":"2026-02-06T14:16:13","slug":"crosswind-sneakers-in-weiss-und-silber","status":"publish","type":"product","link":"https:\/\/www.rabaini.it\/de\/crosswind-sneakers-in-weiss-und-silber\/","title":{"rendered":"CROSSWIND SNEAKERS IN WEISS UND SILBER"},"content":{"rendered":"<ul>\n<li>Artikelcode: HXW7050GB00V1L0PQS<\/li>\n<li>Artikelfarbe: Wei\u00df und Silber<\/li>\n<li>Made in Italy<\/li>\n<li>Ein von der Skateboard-Welt inspiriertes Damenmodell mit einer chunky Sohle, kombiniert mit einem schicken und entspannten Obermaterial<\/li>\n<li>Diese Sneakers zeichnen sich durch ein vorne auf dem Obermaterial platziertes H aus und sind aus weichem Leder gefertigt<\/li>\n<li>Als raffiniertes Erkennungsmerkmal definiert das feine H-Mikromuster die Textur der Gummisohle und des Profils<\/li>\n<li>Die Memory-Foam-Innensohle sorgt f\u00fcr zus\u00e4tzlichen Komfort und D\u00e4mpfung<\/li>\n<li>Hogan Crosswind Damen-Sneakers<\/li>\n<li>Obermaterial aus Glattleder<\/li>\n<li>Eins\u00e4tze aus Nappaleder<\/li>\n<li>Details aus gummiertem und metallisiertem Leder<\/li>\n<li>Seitliches H<\/li>\n<li>Memory-Foam-Innensohle 8 mm<\/li>\n<li>Gummisohle<\/li>\n<li>Gesamth\u00f6he 5,6 cm<\/li>\n<\/ul>\n","protected":false},"excerpt":{"rendered":"<p>Artikelcode: HXW7050GB00V1L0PQS Artikelfarbe: Wei\u00df und Silber Made in Italy Ein von der Skateboard-Welt inspiriertes Damenmodell mit einer chunky Sohle, kombiniert mit einem schicken und entspannten Obermaterial Diese Sneakers zeichnen sich durch ein vorne auf dem Obermaterial platziertes H aus und sind aus weichem Leder gefertigt Als raffiniertes Erkennungsmerkmal definiert das feine H-Mikromuster die Textur der&hellip;<\/p>\n","protected":false},"featured_media":142958,"template":"","meta":{"_acf_changed":false},"product_brand":[],"product_cat":[1273,1310,1308,1318],"product_tag":[],"class_list":{"0":"post-144031","1":"product","2":"type-product","3":"status-publish","4":"has-post-thumbnail","6":"product_cat-damen","7":"product_cat-damenschuhe","8":"product_cat-neuheiten-fur-damen","9":"product_cat-turnschuhe-damen","10":"marca-hogan-de","12":"first","13":"instock","14":"shipping-taxable","15":"purchasable","16":"product-type-variable"},"acf":[],"yoast_head":"<!-- This site is optimized with the Yoast SEO plugin v27.2 - https:\/\/yoast.com\/product\/yoast-seo-wordpress\/ -->\n<title>CROSSWIND SNEAKERS IN WEISS UND SILBER - Rabaini<\/title>\n<meta name=\"robots\" content=\"index, follow, max-snippet:-1, max-image-preview:large, max-video-preview:-1\" \/>\n<link rel=\"canonical\" href=\"https:\/\/www.rabaini.it\/de\/crosswind-sneakers-in-weiss-und-silber\/\" \/>\n<meta property=\"og:locale\" content=\"de_DE\" \/>\n<meta property=\"og:type\" content=\"article\" \/>\n<meta property=\"og:title\" content=\"CROSSWIND SNEAKERS IN WEISS UND SILBER - Rabaini\" \/>\n<meta property=\"og:description\" content=\"Artikelcode: HXW7050GB00V1L0PQS Artikelfarbe: Wei\u00df und Silber Made in Italy Ein von der Skateboard-Welt inspiriertes Damenmodell mit einer chunky Sohle, kombiniert mit einem schicken und entspannten Obermaterial Diese Sneakers zeichnen sich durch ein vorne auf dem Obermaterial platziertes H aus und sind aus weichem Leder gefertigt Als raffiniertes Erkennungsmerkmal definiert das feine H-Mikromuster die Textur der&hellip;\" \/>\n<meta property=\"og:url\" content=\"https:\/\/www.rabaini.it\/de\/crosswind-sneakers-in-weiss-und-silber\/\" \/>\n<meta property=\"og:site_name\" content=\"Rabaini\" \/>\n<meta property=\"article:modified_time\" content=\"2026-02-06T14:16:13+00:00\" \/>\n<meta property=\"og:image\" content=\"https:\/\/www.rabaini.it\/wp-content\/uploads\/2026\/02\/DSC_1020.jpg\" \/>\n\t<meta property=\"og:image:width\" content=\"1500\" \/>\n\t<meta property=\"og:image:height\" content=\"1500\" \/>\n\t<meta property=\"og:image:type\" content=\"image\/jpeg\" \/>\n<meta name=\"twitter:card\" content=\"summary_large_image\" \/>\n<script type=\"application\/ld+json\" class=\"yoast-schema-graph\">{\"@context\":\"https:\/\/schema.org\",\"@graph\":[{\"@type\":\"WebPage\",\"@id\":\"https:\/\/www.rabaini.it\/de\/crosswind-sneakers-in-weiss-und-silber\/\",\"url\":\"https:\/\/www.rabaini.it\/de\/crosswind-sneakers-in-weiss-und-silber\/\",\"name\":\"CROSSWIND SNEAKERS IN WEISS UND SILBER - Rabaini\",\"isPartOf\":{\"@id\":\"https:\/\/www.rabaini.it\/de\/#website\"},\"primaryImageOfPage\":{\"@id\":\"https:\/\/www.rabaini.it\/de\/crosswind-sneakers-in-weiss-und-silber\/#primaryimage\"},\"image\":{\"@id\":\"https:\/\/www.rabaini.it\/de\/crosswind-sneakers-in-weiss-und-silber\/#primaryimage\"},\"thumbnailUrl\":\"https:\/\/www.rabaini.it\/wp-content\/uploads\/2026\/02\/DSC_1020.jpg\",\"datePublished\":\"2026-02-03T15:58:10+00:00\",\"dateModified\":\"2026-02-06T14:16:13+00:00\",\"breadcrumb\":{\"@id\":\"https:\/\/www.rabaini.it\/de\/crosswind-sneakers-in-weiss-und-silber\/#breadcrumb\"},\"inLanguage\":\"de\",\"potentialAction\":[{\"@type\":\"ReadAction\",\"target\":[\"https:\/\/www.rabaini.it\/de\/crosswind-sneakers-in-weiss-und-silber\/\"]}]},{\"@type\":\"ImageObject\",\"inLanguage\":\"de\",\"@id\":\"https:\/\/www.rabaini.it\/de\/crosswind-sneakers-in-weiss-und-silber\/#primaryimage\",\"url\":\"https:\/\/www.rabaini.it\/wp-content\/uploads\/2026\/02\/DSC_1020.jpg\",\"contentUrl\":\"https:\/\/www.rabaini.it\/wp-content\/uploads\/2026\/02\/DSC_1020.jpg\",\"width\":1500,\"height\":1500},{\"@type\":\"BreadcrumbList\",\"@id\":\"https:\/\/www.rabaini.it\/de\/crosswind-sneakers-in-weiss-und-silber\/#breadcrumb\",\"itemListElement\":[{\"@type\":\"ListItem\",\"position\":1,\"name\":\"Home\",\"item\":\"https:\/\/www.rabaini.it\/de\/homepage\/\"},{\"@type\":\"ListItem\",\"position\":2,\"name\":\"Gesch\u00e4ft\",\"item\":\"https:\/\/www.rabaini.it\/geschaeft\/\"},{\"@type\":\"ListItem\",\"position\":3,\"name\":\"Damen\",\"item\":\"https:\/\/www.rabaini.it\/de\/damen\/\"},{\"@type\":\"ListItem\",\"position\":4,\"name\":\"CROSSWIND SNEAKERS IN WEISS UND SILBER\"}]},{\"@type\":\"WebSite\",\"@id\":\"https:\/\/www.rabaini.it\/de\/#website\",\"url\":\"https:\/\/www.rabaini.it\/de\/\",\"name\":\"Rabaini\",\"description\":\"\",\"potentialAction\":[{\"@type\":\"SearchAction\",\"target\":{\"@type\":\"EntryPoint\",\"urlTemplate\":\"https:\/\/www.rabaini.it\/de\/?s={search_term_string}\"},\"query-input\":{\"@type\":\"PropertyValueSpecification\",\"valueRequired\":true,\"valueName\":\"search_term_string\"}}],\"inLanguage\":\"de\"}]}<\/script>\n<!-- \/ Yoast SEO plugin. -->","yoast_head_json":{"title":"CROSSWIND SNEAKERS IN WEISS UND SILBER - Rabaini","robots":{"index":"index","follow":"follow","max-snippet":"max-snippet:-1","max-image-preview":"max-image-preview:large","max-video-preview":"max-video-preview:-1"},"canonical":"https:\/\/www.rabaini.it\/de\/crosswind-sneakers-in-weiss-und-silber\/","og_locale":"de_DE","og_type":"article","og_title":"CROSSWIND SNEAKERS IN WEISS UND SILBER - Rabaini","og_description":"Artikelcode: HXW7050GB00V1L0PQS Artikelfarbe: Wei\u00df und Silber Made in Italy Ein von der Skateboard-Welt inspiriertes Damenmodell mit einer chunky Sohle, kombiniert mit einem schicken und entspannten Obermaterial Diese Sneakers zeichnen sich durch ein vorne auf dem Obermaterial platziertes H aus und sind aus weichem Leder gefertigt Als raffiniertes Erkennungsmerkmal definiert das feine H-Mikromuster die Textur der&hellip;","og_url":"https:\/\/www.rabaini.it\/de\/crosswind-sneakers-in-weiss-und-silber\/","og_site_name":"Rabaini","article_modified_time":"2026-02-06T14:16:13+00:00","og_image":[{"width":1500,"height":1500,"url":"https:\/\/www.rabaini.it\/wp-content\/uploads\/2026\/02\/DSC_1020.jpg","type":"image\/jpeg"}],"twitter_card":"summary_large_image","schema":{"@context":"https:\/\/schema.org","@graph":[{"@type":"WebPage","@id":"https:\/\/www.rabaini.it\/de\/crosswind-sneakers-in-weiss-und-silber\/","url":"https:\/\/www.rabaini.it\/de\/crosswind-sneakers-in-weiss-und-silber\/","name":"CROSSWIND SNEAKERS IN WEISS UND SILBER - Rabaini","isPartOf":{"@id":"https:\/\/www.rabaini.it\/de\/#website"},"primaryImageOfPage":{"@id":"https:\/\/www.rabaini.it\/de\/crosswind-sneakers-in-weiss-und-silber\/#primaryimage"},"image":{"@id":"https:\/\/www.rabaini.it\/de\/crosswind-sneakers-in-weiss-und-silber\/#primaryimage"},"thumbnailUrl":"https:\/\/www.rabaini.it\/wp-content\/uploads\/2026\/02\/DSC_1020.jpg","datePublished":"2026-02-03T15:58:10+00:00","dateModified":"2026-02-06T14:16:13+00:00","breadcrumb":{"@id":"https:\/\/www.rabaini.it\/de\/crosswind-sneakers-in-weiss-und-silber\/#breadcrumb"},"inLanguage":"de","potentialAction":[{"@type":"ReadAction","target":["https:\/\/www.rabaini.it\/de\/crosswind-sneakers-in-weiss-und-silber\/"]}]},{"@type":"ImageObject","inLanguage":"de","@id":"https:\/\/www.rabaini.it\/de\/crosswind-sneakers-in-weiss-und-silber\/#primaryimage","url":"https:\/\/www.rabaini.it\/wp-content\/uploads\/2026\/02\/DSC_1020.jpg","contentUrl":"https:\/\/www.rabaini.it\/wp-content\/uploads\/2026\/02\/DSC_1020.jpg","width":1500,"height":1500},{"@type":"BreadcrumbList","@id":"https:\/\/www.rabaini.it\/de\/crosswind-sneakers-in-weiss-und-silber\/#breadcrumb","itemListElement":[{"@type":"ListItem","position":1,"name":"Home","item":"https:\/\/www.rabaini.it\/de\/homepage\/"},{"@type":"ListItem","position":2,"name":"Gesch\u00e4ft","item":"https:\/\/www.rabaini.it\/geschaeft\/"},{"@type":"ListItem","position":3,"name":"Damen","item":"https:\/\/www.rabaini.it\/de\/damen\/"},{"@type":"ListItem","position":4,"name":"CROSSWIND SNEAKERS IN WEISS UND SILBER"}]},{"@type":"WebSite","@id":"https:\/\/www.rabaini.it\/de\/#website","url":"https:\/\/www.rabaini.it\/de\/","name":"Rabaini","description":"","potentialAction":[{"@type":"SearchAction","target":{"@type":"EntryPoint","urlTemplate":"https:\/\/www.rabaini.it\/de\/?s={search_term_string}"},"query-input":{"@type":"PropertyValueSpecification","valueRequired":true,"valueName":"search_term_string"}}],"inLanguage":"de"}]}},"_links":{"self":[{"href":"https:\/\/www.rabaini.it\/de\/wp-json\/wp\/v2\/product\/144031","targetHints":{"allow":["GET"]}}],"collection":[{"href":"https:\/\/www.rabaini.it\/de\/wp-json\/wp\/v2\/product"}],"about":[{"href":"https:\/\/www.rabaini.it\/de\/wp-json\/wp\/v2\/types\/product"}],"wp:featuredmedia":[{"embeddable":true,"href":"https:\/\/www.rabaini.it\/de\/wp-json\/wp\/v2\/media\/142958"}],"wp:attachment":[{"href":"https:\/\/www.rabaini.it\/de\/wp-json\/wp\/v2\/media?parent=144031"}],"wp:term":[{"taxonomy":"product_brand","embeddable":true,"href":"https:\/\/www.rabaini.it\/de\/wp-json\/wp\/v2\/product_brand?post=144031"},{"taxonomy":"product_cat","embeddable":true,"href":"https:\/\/www.rabaini.it\/de\/wp-json\/wp\/v2\/product_cat?post=144031"},{"taxonomy":"product_tag","embeddable":true,"href":"https:\/\/www.rabaini.it\/de\/wp-json\/wp\/v2\/product_tag?post=144031"}],"curies":[{"name":"wp","href":"https:\/\/api.w.org\/{rel}","templated":true}]}}