{"id":143947,"date":"2026-02-03T16:38:25","date_gmt":"2026-02-03T15:38:25","guid":{"rendered":"https:\/\/www.rabaini.it\/?post_type=product&#038;p=143947"},"modified":"2026-02-05T19:11:26","modified_gmt":"2026-02-05T18:11:26","slug":"hi-fi-sneaker-beige","status":"publish","type":"product","link":"https:\/\/www.rabaini.it\/de\/hi-fi-sneaker-beige\/","title":{"rendered":"HI-FI SNEAKER BEIGE"},"content":{"rendered":"<ul>\n<li>Artikelnummer: HXW6690FR30UL6378T<\/li>\n<li>Artikelfarbe: Beige<\/li>\n<li>Made in Italy<\/li>\n<li>Die Hogan Hi-Fi Sneaker verf\u00fcgen \u00fcber eine Hyperlight-Sohle mit Noppen, erh\u00f6ht durch eine Plattform f\u00fcr H\u00f6he und Eleganz<\/li>\n<li>In Anlehnung an die Sportikonen der 80er Jahre mit technischen Details und urbanem Charakter kombinieren sie weiche und dynamische Linien<\/li>\n<li>Das Obermaterial besteht aus Wildleder mit einem gro\u00dfen H an der Seite<\/li>\n<li>Ein energiegeladenes Athleisure-Modell mit Memory-Foam-Einlegesohle f\u00fcr zus\u00e4tzlichen Komfort und D\u00e4mpfung<\/li>\n<li>Hogan Hi-Fi Damen-Sneaker<\/li>\n<li>Obermaterial aus Wildleder<\/li>\n<li>Seitliches H aus glattem Leder<\/li>\n<li>Details aus Nappaleder<\/li>\n<li>8 mm Memory-Foam-Einlegesohle<\/li>\n<li>Gummisohle<\/li>\n<li>Gesamth\u00f6he 6,5 cm<\/li>\n<\/ul>\n","protected":false},"excerpt":{"rendered":"<p>Artikelnummer: HXW6690FR30UL6378T Artikelfarbe: Beige Made in Italy Die Hogan Hi-Fi Sneaker verf\u00fcgen \u00fcber eine Hyperlight-Sohle mit Noppen, erh\u00f6ht durch eine Plattform f\u00fcr H\u00f6he und Eleganz In Anlehnung an die Sportikonen der 80er Jahre mit technischen Details und urbanem Charakter kombinieren sie weiche und dynamische Linien Das Obermaterial besteht aus Wildleder mit einem gro\u00dfen H an&hellip;<\/p>\n","protected":false},"featured_media":142931,"template":"","meta":{"_acf_changed":false},"product_brand":[],"product_cat":[1273,1310,1308,1318],"product_tag":[],"class_list":{"0":"post-143947","1":"product","2":"type-product","3":"status-publish","4":"has-post-thumbnail","6":"product_cat-damen","7":"product_cat-damenschuhe","8":"product_cat-neuheiten-fur-damen","9":"product_cat-turnschuhe-damen","10":"marca-hogan-de","12":"first","13":"instock","14":"shipping-taxable","15":"purchasable","16":"product-type-variable"},"acf":[],"yoast_head":"<!-- This site is optimized with the Yoast SEO plugin v27.2 - https:\/\/yoast.com\/product\/yoast-seo-wordpress\/ -->\n<title>HI-FI SNEAKER BEIGE - Rabaini<\/title>\n<meta name=\"robots\" content=\"index, follow, max-snippet:-1, max-image-preview:large, max-video-preview:-1\" \/>\n<link rel=\"canonical\" href=\"https:\/\/www.rabaini.it\/de\/hi-fi-sneaker-beige\/\" \/>\n<meta property=\"og:locale\" content=\"de_DE\" \/>\n<meta property=\"og:type\" content=\"article\" \/>\n<meta property=\"og:title\" content=\"HI-FI SNEAKER BEIGE - Rabaini\" \/>\n<meta property=\"og:description\" content=\"Artikelnummer: HXW6690FR30UL6378T Artikelfarbe: Beige Made in Italy Die Hogan Hi-Fi Sneaker verf\u00fcgen \u00fcber eine Hyperlight-Sohle mit Noppen, erh\u00f6ht durch eine Plattform f\u00fcr H\u00f6he und Eleganz In Anlehnung an die Sportikonen der 80er Jahre mit technischen Details und urbanem Charakter kombinieren sie weiche und dynamische Linien Das Obermaterial besteht aus Wildleder mit einem gro\u00dfen H an&hellip;\" \/>\n<meta property=\"og:url\" content=\"https:\/\/www.rabaini.it\/de\/hi-fi-sneaker-beige\/\" \/>\n<meta property=\"og:site_name\" content=\"Rabaini\" \/>\n<meta property=\"article:modified_time\" content=\"2026-02-05T18:11:26+00:00\" \/>\n<meta property=\"og:image\" content=\"https:\/\/www.rabaini.it\/wp-content\/uploads\/2026\/02\/DSC_1007.jpg\" \/>\n\t<meta property=\"og:image:width\" content=\"1500\" \/>\n\t<meta property=\"og:image:height\" content=\"1500\" \/>\n\t<meta property=\"og:image:type\" content=\"image\/jpeg\" \/>\n<meta name=\"twitter:card\" content=\"summary_large_image\" \/>\n<script type=\"application\/ld+json\" class=\"yoast-schema-graph\">{\"@context\":\"https:\/\/schema.org\",\"@graph\":[{\"@type\":\"WebPage\",\"@id\":\"https:\/\/www.rabaini.it\/de\/hi-fi-sneaker-beige\/\",\"url\":\"https:\/\/www.rabaini.it\/de\/hi-fi-sneaker-beige\/\",\"name\":\"HI-FI SNEAKER BEIGE - Rabaini\",\"isPartOf\":{\"@id\":\"https:\/\/www.rabaini.it\/de\/#website\"},\"primaryImageOfPage\":{\"@id\":\"https:\/\/www.rabaini.it\/de\/hi-fi-sneaker-beige\/#primaryimage\"},\"image\":{\"@id\":\"https:\/\/www.rabaini.it\/de\/hi-fi-sneaker-beige\/#primaryimage\"},\"thumbnailUrl\":\"https:\/\/www.rabaini.it\/wp-content\/uploads\/2026\/02\/DSC_1007.jpg\",\"datePublished\":\"2026-02-03T15:38:25+00:00\",\"dateModified\":\"2026-02-05T18:11:26+00:00\",\"breadcrumb\":{\"@id\":\"https:\/\/www.rabaini.it\/de\/hi-fi-sneaker-beige\/#breadcrumb\"},\"inLanguage\":\"de\",\"potentialAction\":[{\"@type\":\"ReadAction\",\"target\":[\"https:\/\/www.rabaini.it\/de\/hi-fi-sneaker-beige\/\"]}]},{\"@type\":\"ImageObject\",\"inLanguage\":\"de\",\"@id\":\"https:\/\/www.rabaini.it\/de\/hi-fi-sneaker-beige\/#primaryimage\",\"url\":\"https:\/\/www.rabaini.it\/wp-content\/uploads\/2026\/02\/DSC_1007.jpg\",\"contentUrl\":\"https:\/\/www.rabaini.it\/wp-content\/uploads\/2026\/02\/DSC_1007.jpg\",\"width\":1500,\"height\":1500},{\"@type\":\"BreadcrumbList\",\"@id\":\"https:\/\/www.rabaini.it\/de\/hi-fi-sneaker-beige\/#breadcrumb\",\"itemListElement\":[{\"@type\":\"ListItem\",\"position\":1,\"name\":\"Home\",\"item\":\"https:\/\/www.rabaini.it\/de\/homepage\/\"},{\"@type\":\"ListItem\",\"position\":2,\"name\":\"Gesch\u00e4ft\",\"item\":\"https:\/\/www.rabaini.it\/geschaeft\/\"},{\"@type\":\"ListItem\",\"position\":3,\"name\":\"Damen\",\"item\":\"https:\/\/www.rabaini.it\/de\/damen\/\"},{\"@type\":\"ListItem\",\"position\":4,\"name\":\"HI-FI SNEAKER BEIGE\"}]},{\"@type\":\"WebSite\",\"@id\":\"https:\/\/www.rabaini.it\/de\/#website\",\"url\":\"https:\/\/www.rabaini.it\/de\/\",\"name\":\"Rabaini\",\"description\":\"\",\"potentialAction\":[{\"@type\":\"SearchAction\",\"target\":{\"@type\":\"EntryPoint\",\"urlTemplate\":\"https:\/\/www.rabaini.it\/de\/?s={search_term_string}\"},\"query-input\":{\"@type\":\"PropertyValueSpecification\",\"valueRequired\":true,\"valueName\":\"search_term_string\"}}],\"inLanguage\":\"de\"}]}<\/script>\n<!-- \/ Yoast SEO plugin. -->","yoast_head_json":{"title":"HI-FI SNEAKER BEIGE - Rabaini","robots":{"index":"index","follow":"follow","max-snippet":"max-snippet:-1","max-image-preview":"max-image-preview:large","max-video-preview":"max-video-preview:-1"},"canonical":"https:\/\/www.rabaini.it\/de\/hi-fi-sneaker-beige\/","og_locale":"de_DE","og_type":"article","og_title":"HI-FI SNEAKER BEIGE - Rabaini","og_description":"Artikelnummer: HXW6690FR30UL6378T Artikelfarbe: Beige Made in Italy Die Hogan Hi-Fi Sneaker verf\u00fcgen \u00fcber eine Hyperlight-Sohle mit Noppen, erh\u00f6ht durch eine Plattform f\u00fcr H\u00f6he und Eleganz In Anlehnung an die Sportikonen der 80er Jahre mit technischen Details und urbanem Charakter kombinieren sie weiche und dynamische Linien Das Obermaterial besteht aus Wildleder mit einem gro\u00dfen H an&hellip;","og_url":"https:\/\/www.rabaini.it\/de\/hi-fi-sneaker-beige\/","og_site_name":"Rabaini","article_modified_time":"2026-02-05T18:11:26+00:00","og_image":[{"width":1500,"height":1500,"url":"https:\/\/www.rabaini.it\/wp-content\/uploads\/2026\/02\/DSC_1007.jpg","type":"image\/jpeg"}],"twitter_card":"summary_large_image","schema":{"@context":"https:\/\/schema.org","@graph":[{"@type":"WebPage","@id":"https:\/\/www.rabaini.it\/de\/hi-fi-sneaker-beige\/","url":"https:\/\/www.rabaini.it\/de\/hi-fi-sneaker-beige\/","name":"HI-FI SNEAKER BEIGE - Rabaini","isPartOf":{"@id":"https:\/\/www.rabaini.it\/de\/#website"},"primaryImageOfPage":{"@id":"https:\/\/www.rabaini.it\/de\/hi-fi-sneaker-beige\/#primaryimage"},"image":{"@id":"https:\/\/www.rabaini.it\/de\/hi-fi-sneaker-beige\/#primaryimage"},"thumbnailUrl":"https:\/\/www.rabaini.it\/wp-content\/uploads\/2026\/02\/DSC_1007.jpg","datePublished":"2026-02-03T15:38:25+00:00","dateModified":"2026-02-05T18:11:26+00:00","breadcrumb":{"@id":"https:\/\/www.rabaini.it\/de\/hi-fi-sneaker-beige\/#breadcrumb"},"inLanguage":"de","potentialAction":[{"@type":"ReadAction","target":["https:\/\/www.rabaini.it\/de\/hi-fi-sneaker-beige\/"]}]},{"@type":"ImageObject","inLanguage":"de","@id":"https:\/\/www.rabaini.it\/de\/hi-fi-sneaker-beige\/#primaryimage","url":"https:\/\/www.rabaini.it\/wp-content\/uploads\/2026\/02\/DSC_1007.jpg","contentUrl":"https:\/\/www.rabaini.it\/wp-content\/uploads\/2026\/02\/DSC_1007.jpg","width":1500,"height":1500},{"@type":"BreadcrumbList","@id":"https:\/\/www.rabaini.it\/de\/hi-fi-sneaker-beige\/#breadcrumb","itemListElement":[{"@type":"ListItem","position":1,"name":"Home","item":"https:\/\/www.rabaini.it\/de\/homepage\/"},{"@type":"ListItem","position":2,"name":"Gesch\u00e4ft","item":"https:\/\/www.rabaini.it\/geschaeft\/"},{"@type":"ListItem","position":3,"name":"Damen","item":"https:\/\/www.rabaini.it\/de\/damen\/"},{"@type":"ListItem","position":4,"name":"HI-FI SNEAKER BEIGE"}]},{"@type":"WebSite","@id":"https:\/\/www.rabaini.it\/de\/#website","url":"https:\/\/www.rabaini.it\/de\/","name":"Rabaini","description":"","potentialAction":[{"@type":"SearchAction","target":{"@type":"EntryPoint","urlTemplate":"https:\/\/www.rabaini.it\/de\/?s={search_term_string}"},"query-input":{"@type":"PropertyValueSpecification","valueRequired":true,"valueName":"search_term_string"}}],"inLanguage":"de"}]}},"_links":{"self":[{"href":"https:\/\/www.rabaini.it\/de\/wp-json\/wp\/v2\/product\/143947","targetHints":{"allow":["GET"]}}],"collection":[{"href":"https:\/\/www.rabaini.it\/de\/wp-json\/wp\/v2\/product"}],"about":[{"href":"https:\/\/www.rabaini.it\/de\/wp-json\/wp\/v2\/types\/product"}],"wp:featuredmedia":[{"embeddable":true,"href":"https:\/\/www.rabaini.it\/de\/wp-json\/wp\/v2\/media\/142931"}],"wp:attachment":[{"href":"https:\/\/www.rabaini.it\/de\/wp-json\/wp\/v2\/media?parent=143947"}],"wp:term":[{"taxonomy":"product_brand","embeddable":true,"href":"https:\/\/www.rabaini.it\/de\/wp-json\/wp\/v2\/product_brand?post=143947"},{"taxonomy":"product_cat","embeddable":true,"href":"https:\/\/www.rabaini.it\/de\/wp-json\/wp\/v2\/product_cat?post=143947"},{"taxonomy":"product_tag","embeddable":true,"href":"https:\/\/www.rabaini.it\/de\/wp-json\/wp\/v2\/product_tag?post=143947"}],"curies":[{"name":"wp","href":"https:\/\/api.w.org\/{rel}","templated":true}]}}