{"id":143890,"date":"2026-02-03T16:27:30","date_gmt":"2026-02-03T15:27:30","guid":{"rendered":"https:\/\/www.rabaini.it\/?post_type=product&#038;p=143890"},"modified":"2026-02-05T19:11:20","modified_gmt":"2026-02-05T18:11:20","slug":"hi-fi-sneaker-joghurt","status":"publish","type":"product","link":"https:\/\/www.rabaini.it\/de\/hi-fi-sneaker-joghurt\/","title":{"rendered":"HI-FI SNEAKER JOGHURT"},"content":{"rendered":"<ul>\n<li>Artikelnummer: HXW6690FR30UWU089E<\/li>\n<li>Artikelfarbe: Joghurt<\/li>\n<li>Made in Italy<\/li>\n<li>Die Hogan Hi-Fi Sneaker interpretieren die Hyperlight-Sohle f\u00fcr Damen, mit Noppen und einer erh\u00f6hten Plattform f\u00fcr H\u00f6he und Eleganz<\/li>\n<li>Mit Ankl\u00e4ngen an die Sport-Ikonographie der 1980er Jahre, technischen Details und urbanem Stil, zeichnen sie sich durch weiche und dynamische Linien aus<\/li>\n<li>Das Obermaterial besteht aus Wildleder und technischem Stoff, mit einem gro\u00dfen H an der Seite<\/li>\n<li>Ein energiegeladenes Athleisure-Modell, mit Memory-Foam-Einlegesohle f\u00fcr zus\u00e4tzlichen Komfort und ged\u00e4mpften Tragekomfort<\/li>\n<li>Hogan Hi-Fi Damen-Sneaker<\/li>\n<li>Made in Italy<\/li>\n<li>Obermaterial aus Wildleder und technischem Stoff<\/li>\n<li>Nappa-Ledereins\u00e4tze<\/li>\n<li>H an der Seite<\/li>\n<li>8 mm Memory-Foam-Einlegesohle<\/li>\n<li>Gummisohle<\/li>\n<li>Gesamth\u00f6he 6,5 cm<\/li>\n<\/ul>\n","protected":false},"excerpt":{"rendered":"<p>Artikelnummer: HXW6690FR30UWU089E Artikelfarbe: Joghurt Made in Italy Die Hogan Hi-Fi Sneaker interpretieren die Hyperlight-Sohle f\u00fcr Damen, mit Noppen und einer erh\u00f6hten Plattform f\u00fcr H\u00f6he und Eleganz Mit Ankl\u00e4ngen an die Sport-Ikonographie der 1980er Jahre, technischen Details und urbanem Stil, zeichnen sie sich durch weiche und dynamische Linien aus Das Obermaterial besteht aus Wildleder und technischem&hellip;<\/p>\n","protected":false},"featured_media":142913,"template":"","meta":{"_acf_changed":false},"product_brand":[],"product_cat":[1273,1310,1308,1318],"product_tag":[],"class_list":{"0":"post-143890","1":"product","2":"type-product","3":"status-publish","4":"has-post-thumbnail","6":"product_cat-damen","7":"product_cat-damenschuhe","8":"product_cat-neuheiten-fur-damen","9":"product_cat-turnschuhe-damen","10":"marca-hogan-de","12":"first","13":"instock","14":"shipping-taxable","15":"purchasable","16":"product-type-variable"},"acf":[],"yoast_head":"<!-- This site is optimized with the Yoast SEO plugin v27.2 - https:\/\/yoast.com\/product\/yoast-seo-wordpress\/ -->\n<title>HI-FI SNEAKER JOGHURT - Rabaini<\/title>\n<meta name=\"robots\" content=\"index, follow, max-snippet:-1, max-image-preview:large, max-video-preview:-1\" \/>\n<link rel=\"canonical\" href=\"https:\/\/www.rabaini.it\/de\/hi-fi-sneaker-joghurt\/\" \/>\n<meta property=\"og:locale\" content=\"de_DE\" \/>\n<meta property=\"og:type\" content=\"article\" \/>\n<meta property=\"og:title\" content=\"HI-FI SNEAKER JOGHURT - Rabaini\" \/>\n<meta property=\"og:description\" content=\"Artikelnummer: HXW6690FR30UWU089E Artikelfarbe: Joghurt Made in Italy Die Hogan Hi-Fi Sneaker interpretieren die Hyperlight-Sohle f\u00fcr Damen, mit Noppen und einer erh\u00f6hten Plattform f\u00fcr H\u00f6he und Eleganz Mit Ankl\u00e4ngen an die Sport-Ikonographie der 1980er Jahre, technischen Details und urbanem Stil, zeichnen sie sich durch weiche und dynamische Linien aus Das Obermaterial besteht aus Wildleder und technischem&hellip;\" \/>\n<meta property=\"og:url\" content=\"https:\/\/www.rabaini.it\/de\/hi-fi-sneaker-joghurt\/\" \/>\n<meta property=\"og:site_name\" content=\"Rabaini\" \/>\n<meta property=\"article:modified_time\" content=\"2026-02-05T18:11:20+00:00\" \/>\n<meta property=\"og:image\" content=\"https:\/\/www.rabaini.it\/wp-content\/uploads\/2026\/02\/DSC_1001.jpg\" \/>\n\t<meta property=\"og:image:width\" content=\"1500\" \/>\n\t<meta property=\"og:image:height\" content=\"1500\" \/>\n\t<meta property=\"og:image:type\" content=\"image\/jpeg\" \/>\n<meta name=\"twitter:card\" content=\"summary_large_image\" \/>\n<meta name=\"twitter:label1\" content=\"Gesch\u00e4tzte Lesezeit\" \/>\n\t<meta name=\"twitter:data1\" content=\"1\u00a0Minute\" \/>\n<script type=\"application\/ld+json\" class=\"yoast-schema-graph\">{\"@context\":\"https:\/\/schema.org\",\"@graph\":[{\"@type\":\"WebPage\",\"@id\":\"https:\/\/www.rabaini.it\/de\/hi-fi-sneaker-joghurt\/\",\"url\":\"https:\/\/www.rabaini.it\/de\/hi-fi-sneaker-joghurt\/\",\"name\":\"HI-FI SNEAKER JOGHURT - Rabaini\",\"isPartOf\":{\"@id\":\"https:\/\/www.rabaini.it\/de\/#website\"},\"primaryImageOfPage\":{\"@id\":\"https:\/\/www.rabaini.it\/de\/hi-fi-sneaker-joghurt\/#primaryimage\"},\"image\":{\"@id\":\"https:\/\/www.rabaini.it\/de\/hi-fi-sneaker-joghurt\/#primaryimage\"},\"thumbnailUrl\":\"https:\/\/www.rabaini.it\/wp-content\/uploads\/2026\/02\/DSC_1001.jpg\",\"datePublished\":\"2026-02-03T15:27:30+00:00\",\"dateModified\":\"2026-02-05T18:11:20+00:00\",\"breadcrumb\":{\"@id\":\"https:\/\/www.rabaini.it\/de\/hi-fi-sneaker-joghurt\/#breadcrumb\"},\"inLanguage\":\"de\",\"potentialAction\":[{\"@type\":\"ReadAction\",\"target\":[\"https:\/\/www.rabaini.it\/de\/hi-fi-sneaker-joghurt\/\"]}]},{\"@type\":\"ImageObject\",\"inLanguage\":\"de\",\"@id\":\"https:\/\/www.rabaini.it\/de\/hi-fi-sneaker-joghurt\/#primaryimage\",\"url\":\"https:\/\/www.rabaini.it\/wp-content\/uploads\/2026\/02\/DSC_1001.jpg\",\"contentUrl\":\"https:\/\/www.rabaini.it\/wp-content\/uploads\/2026\/02\/DSC_1001.jpg\",\"width\":1500,\"height\":1500},{\"@type\":\"BreadcrumbList\",\"@id\":\"https:\/\/www.rabaini.it\/de\/hi-fi-sneaker-joghurt\/#breadcrumb\",\"itemListElement\":[{\"@type\":\"ListItem\",\"position\":1,\"name\":\"Home\",\"item\":\"https:\/\/www.rabaini.it\/de\/homepage\/\"},{\"@type\":\"ListItem\",\"position\":2,\"name\":\"Gesch\u00e4ft\",\"item\":\"https:\/\/www.rabaini.it\/geschaeft\/\"},{\"@type\":\"ListItem\",\"position\":3,\"name\":\"Damen\",\"item\":\"https:\/\/www.rabaini.it\/de\/damen\/\"},{\"@type\":\"ListItem\",\"position\":4,\"name\":\"HI-FI SNEAKER JOGHURT\"}]},{\"@type\":\"WebSite\",\"@id\":\"https:\/\/www.rabaini.it\/de\/#website\",\"url\":\"https:\/\/www.rabaini.it\/de\/\",\"name\":\"Rabaini\",\"description\":\"\",\"potentialAction\":[{\"@type\":\"SearchAction\",\"target\":{\"@type\":\"EntryPoint\",\"urlTemplate\":\"https:\/\/www.rabaini.it\/de\/?s={search_term_string}\"},\"query-input\":{\"@type\":\"PropertyValueSpecification\",\"valueRequired\":true,\"valueName\":\"search_term_string\"}}],\"inLanguage\":\"de\"}]}<\/script>\n<!-- \/ Yoast SEO plugin. -->","yoast_head_json":{"title":"HI-FI SNEAKER JOGHURT - Rabaini","robots":{"index":"index","follow":"follow","max-snippet":"max-snippet:-1","max-image-preview":"max-image-preview:large","max-video-preview":"max-video-preview:-1"},"canonical":"https:\/\/www.rabaini.it\/de\/hi-fi-sneaker-joghurt\/","og_locale":"de_DE","og_type":"article","og_title":"HI-FI SNEAKER JOGHURT - Rabaini","og_description":"Artikelnummer: HXW6690FR30UWU089E Artikelfarbe: Joghurt Made in Italy Die Hogan Hi-Fi Sneaker interpretieren die Hyperlight-Sohle f\u00fcr Damen, mit Noppen und einer erh\u00f6hten Plattform f\u00fcr H\u00f6he und Eleganz Mit Ankl\u00e4ngen an die Sport-Ikonographie der 1980er Jahre, technischen Details und urbanem Stil, zeichnen sie sich durch weiche und dynamische Linien aus Das Obermaterial besteht aus Wildleder und technischem&hellip;","og_url":"https:\/\/www.rabaini.it\/de\/hi-fi-sneaker-joghurt\/","og_site_name":"Rabaini","article_modified_time":"2026-02-05T18:11:20+00:00","og_image":[{"width":1500,"height":1500,"url":"https:\/\/www.rabaini.it\/wp-content\/uploads\/2026\/02\/DSC_1001.jpg","type":"image\/jpeg"}],"twitter_card":"summary_large_image","twitter_misc":{"Gesch\u00e4tzte Lesezeit":"1\u00a0Minute"},"schema":{"@context":"https:\/\/schema.org","@graph":[{"@type":"WebPage","@id":"https:\/\/www.rabaini.it\/de\/hi-fi-sneaker-joghurt\/","url":"https:\/\/www.rabaini.it\/de\/hi-fi-sneaker-joghurt\/","name":"HI-FI SNEAKER JOGHURT - Rabaini","isPartOf":{"@id":"https:\/\/www.rabaini.it\/de\/#website"},"primaryImageOfPage":{"@id":"https:\/\/www.rabaini.it\/de\/hi-fi-sneaker-joghurt\/#primaryimage"},"image":{"@id":"https:\/\/www.rabaini.it\/de\/hi-fi-sneaker-joghurt\/#primaryimage"},"thumbnailUrl":"https:\/\/www.rabaini.it\/wp-content\/uploads\/2026\/02\/DSC_1001.jpg","datePublished":"2026-02-03T15:27:30+00:00","dateModified":"2026-02-05T18:11:20+00:00","breadcrumb":{"@id":"https:\/\/www.rabaini.it\/de\/hi-fi-sneaker-joghurt\/#breadcrumb"},"inLanguage":"de","potentialAction":[{"@type":"ReadAction","target":["https:\/\/www.rabaini.it\/de\/hi-fi-sneaker-joghurt\/"]}]},{"@type":"ImageObject","inLanguage":"de","@id":"https:\/\/www.rabaini.it\/de\/hi-fi-sneaker-joghurt\/#primaryimage","url":"https:\/\/www.rabaini.it\/wp-content\/uploads\/2026\/02\/DSC_1001.jpg","contentUrl":"https:\/\/www.rabaini.it\/wp-content\/uploads\/2026\/02\/DSC_1001.jpg","width":1500,"height":1500},{"@type":"BreadcrumbList","@id":"https:\/\/www.rabaini.it\/de\/hi-fi-sneaker-joghurt\/#breadcrumb","itemListElement":[{"@type":"ListItem","position":1,"name":"Home","item":"https:\/\/www.rabaini.it\/de\/homepage\/"},{"@type":"ListItem","position":2,"name":"Gesch\u00e4ft","item":"https:\/\/www.rabaini.it\/geschaeft\/"},{"@type":"ListItem","position":3,"name":"Damen","item":"https:\/\/www.rabaini.it\/de\/damen\/"},{"@type":"ListItem","position":4,"name":"HI-FI SNEAKER JOGHURT"}]},{"@type":"WebSite","@id":"https:\/\/www.rabaini.it\/de\/#website","url":"https:\/\/www.rabaini.it\/de\/","name":"Rabaini","description":"","potentialAction":[{"@type":"SearchAction","target":{"@type":"EntryPoint","urlTemplate":"https:\/\/www.rabaini.it\/de\/?s={search_term_string}"},"query-input":{"@type":"PropertyValueSpecification","valueRequired":true,"valueName":"search_term_string"}}],"inLanguage":"de"}]}},"_links":{"self":[{"href":"https:\/\/www.rabaini.it\/de\/wp-json\/wp\/v2\/product\/143890","targetHints":{"allow":["GET"]}}],"collection":[{"href":"https:\/\/www.rabaini.it\/de\/wp-json\/wp\/v2\/product"}],"about":[{"href":"https:\/\/www.rabaini.it\/de\/wp-json\/wp\/v2\/types\/product"}],"wp:featuredmedia":[{"embeddable":true,"href":"https:\/\/www.rabaini.it\/de\/wp-json\/wp\/v2\/media\/142913"}],"wp:attachment":[{"href":"https:\/\/www.rabaini.it\/de\/wp-json\/wp\/v2\/media?parent=143890"}],"wp:term":[{"taxonomy":"product_brand","embeddable":true,"href":"https:\/\/www.rabaini.it\/de\/wp-json\/wp\/v2\/product_brand?post=143890"},{"taxonomy":"product_cat","embeddable":true,"href":"https:\/\/www.rabaini.it\/de\/wp-json\/wp\/v2\/product_cat?post=143890"},{"taxonomy":"product_tag","embeddable":true,"href":"https:\/\/www.rabaini.it\/de\/wp-json\/wp\/v2\/product_tag?post=143890"}],"curies":[{"name":"wp","href":"https:\/\/api.w.org\/{rel}","templated":true}]}}