{"id":143862,"date":"2026-02-03T16:19:14","date_gmt":"2026-02-03T15:19:14","guid":{"rendered":"https:\/\/www.rabaini.it\/?post_type=product&#038;p=143862"},"modified":"2026-02-05T19:11:16","modified_gmt":"2026-02-05T18:11:16","slug":"rebel-sneaker-weiss-und-silber","status":"publish","type":"product","link":"https:\/\/www.rabaini.it\/de\/rebel-sneaker-weiss-und-silber\/","title":{"rendered":"REBEL SNEAKER WEISS UND SILBER"},"content":{"rendered":"<ul>\n<li>Artikelnummer: HXW5620DN6PNCS0351<\/li>\n<li>Artikelfarbe: Wei\u00df und Silber<\/li>\n<li>Made in Italy<\/li>\n<li>\n<div class=\"prod-info__c-description prod-info__c-description--collapsed\">Neu interpretiert in Design und Volumen, verf\u00fcgt das ikonische Hogan Rebel Modell \u00fcber eine extraleichte Sohle mit Rillen an der Ferse<\/div>\n<\/li>\n<li>\n<div class=\"prod-info__c-description prod-info__c-description--collapsed\">Mit weichen und eleganten Linien sind diese Sneaker aus weichem Nappaleder gefertigt, mit einem perforierten H an der Seite<\/div>\n<\/li>\n<li>\n<div class=\"prod-info__c-description prod-info__c-description--collapsed\">Die Memory-Foam-Einlegesohle sorgt f\u00fcr D\u00e4mpfung bei diesem coolen und vielseitigen Modell<\/div>\n<\/li>\n<li>Hogan Rebel Damen-Sneaker<\/li>\n<li>Obermaterial aus Nappaleder<\/li>\n<li>Perforiertes H an der Seite<\/li>\n<li>5 mm Memory-Foam-Einlegesohle<\/li>\n<li>Gummisohle<\/li>\n<li>Gesamth\u00f6he 5 cm<\/li>\n<\/ul>\n","protected":false},"excerpt":{"rendered":"<p>Artikelnummer: HXW5620DN6PNCS0351 Artikelfarbe: Wei\u00df und Silber Made in Italy Neu interpretiert in Design und Volumen, verf\u00fcgt das ikonische Hogan Rebel Modell \u00fcber eine extraleichte Sohle mit Rillen an der Ferse Mit weichen und eleganten Linien sind diese Sneaker aus weichem Nappaleder gefertigt, mit einem perforierten H an der Seite Die Memory-Foam-Einlegesohle sorgt f\u00fcr D\u00e4mpfung bei&hellip;<\/p>\n","protected":false},"featured_media":142904,"template":"","meta":{"_acf_changed":false},"product_brand":[],"product_cat":[1273,1310,1308,1318],"product_tag":[],"class_list":{"0":"post-143862","1":"product","2":"type-product","3":"status-publish","4":"has-post-thumbnail","6":"product_cat-damen","7":"product_cat-damenschuhe","8":"product_cat-neuheiten-fur-damen","9":"product_cat-turnschuhe-damen","10":"marca-hogan-de","12":"first","13":"instock","14":"shipping-taxable","15":"purchasable","16":"product-type-variable"},"acf":[],"yoast_head":"<!-- This site is optimized with the Yoast SEO plugin v27.2 - https:\/\/yoast.com\/product\/yoast-seo-wordpress\/ -->\n<title>REBEL SNEAKER WEISS UND SILBER - Rabaini<\/title>\n<meta name=\"robots\" content=\"index, follow, max-snippet:-1, max-image-preview:large, max-video-preview:-1\" \/>\n<link rel=\"canonical\" href=\"https:\/\/www.rabaini.it\/de\/rebel-sneaker-weiss-und-silber\/\" \/>\n<meta property=\"og:locale\" content=\"de_DE\" \/>\n<meta property=\"og:type\" content=\"article\" \/>\n<meta property=\"og:title\" content=\"REBEL SNEAKER WEISS UND SILBER - Rabaini\" \/>\n<meta property=\"og:description\" content=\"Artikelnummer: HXW5620DN6PNCS0351 Artikelfarbe: Wei\u00df und Silber Made in Italy Neu interpretiert in Design und Volumen, verf\u00fcgt das ikonische Hogan Rebel Modell \u00fcber eine extraleichte Sohle mit Rillen an der Ferse Mit weichen und eleganten Linien sind diese Sneaker aus weichem Nappaleder gefertigt, mit einem perforierten H an der Seite Die Memory-Foam-Einlegesohle sorgt f\u00fcr D\u00e4mpfung bei&hellip;\" \/>\n<meta property=\"og:url\" content=\"https:\/\/www.rabaini.it\/de\/rebel-sneaker-weiss-und-silber\/\" \/>\n<meta property=\"og:site_name\" content=\"Rabaini\" \/>\n<meta property=\"article:modified_time\" content=\"2026-02-05T18:11:16+00:00\" \/>\n<meta property=\"og:image\" content=\"https:\/\/www.rabaini.it\/wp-content\/uploads\/2026\/02\/DSC_0998.jpg\" \/>\n\t<meta property=\"og:image:width\" content=\"1500\" \/>\n\t<meta property=\"og:image:height\" content=\"1500\" \/>\n\t<meta property=\"og:image:type\" content=\"image\/jpeg\" \/>\n<meta name=\"twitter:card\" content=\"summary_large_image\" \/>\n<script type=\"application\/ld+json\" class=\"yoast-schema-graph\">{\"@context\":\"https:\/\/schema.org\",\"@graph\":[{\"@type\":\"WebPage\",\"@id\":\"https:\/\/www.rabaini.it\/de\/rebel-sneaker-weiss-und-silber\/\",\"url\":\"https:\/\/www.rabaini.it\/de\/rebel-sneaker-weiss-und-silber\/\",\"name\":\"REBEL SNEAKER WEISS UND SILBER - Rabaini\",\"isPartOf\":{\"@id\":\"https:\/\/www.rabaini.it\/de\/#website\"},\"primaryImageOfPage\":{\"@id\":\"https:\/\/www.rabaini.it\/de\/rebel-sneaker-weiss-und-silber\/#primaryimage\"},\"image\":{\"@id\":\"https:\/\/www.rabaini.it\/de\/rebel-sneaker-weiss-und-silber\/#primaryimage\"},\"thumbnailUrl\":\"https:\/\/www.rabaini.it\/wp-content\/uploads\/2026\/02\/DSC_0998.jpg\",\"datePublished\":\"2026-02-03T15:19:14+00:00\",\"dateModified\":\"2026-02-05T18:11:16+00:00\",\"breadcrumb\":{\"@id\":\"https:\/\/www.rabaini.it\/de\/rebel-sneaker-weiss-und-silber\/#breadcrumb\"},\"inLanguage\":\"de\",\"potentialAction\":[{\"@type\":\"ReadAction\",\"target\":[\"https:\/\/www.rabaini.it\/de\/rebel-sneaker-weiss-und-silber\/\"]}]},{\"@type\":\"ImageObject\",\"inLanguage\":\"de\",\"@id\":\"https:\/\/www.rabaini.it\/de\/rebel-sneaker-weiss-und-silber\/#primaryimage\",\"url\":\"https:\/\/www.rabaini.it\/wp-content\/uploads\/2026\/02\/DSC_0998.jpg\",\"contentUrl\":\"https:\/\/www.rabaini.it\/wp-content\/uploads\/2026\/02\/DSC_0998.jpg\",\"width\":1500,\"height\":1500},{\"@type\":\"BreadcrumbList\",\"@id\":\"https:\/\/www.rabaini.it\/de\/rebel-sneaker-weiss-und-silber\/#breadcrumb\",\"itemListElement\":[{\"@type\":\"ListItem\",\"position\":1,\"name\":\"Home\",\"item\":\"https:\/\/www.rabaini.it\/de\/homepage\/\"},{\"@type\":\"ListItem\",\"position\":2,\"name\":\"Gesch\u00e4ft\",\"item\":\"https:\/\/www.rabaini.it\/geschaeft\/\"},{\"@type\":\"ListItem\",\"position\":3,\"name\":\"Damen\",\"item\":\"https:\/\/www.rabaini.it\/de\/damen\/\"},{\"@type\":\"ListItem\",\"position\":4,\"name\":\"REBEL SNEAKER WEISS UND SILBER\"}]},{\"@type\":\"WebSite\",\"@id\":\"https:\/\/www.rabaini.it\/de\/#website\",\"url\":\"https:\/\/www.rabaini.it\/de\/\",\"name\":\"Rabaini\",\"description\":\"\",\"potentialAction\":[{\"@type\":\"SearchAction\",\"target\":{\"@type\":\"EntryPoint\",\"urlTemplate\":\"https:\/\/www.rabaini.it\/de\/?s={search_term_string}\"},\"query-input\":{\"@type\":\"PropertyValueSpecification\",\"valueRequired\":true,\"valueName\":\"search_term_string\"}}],\"inLanguage\":\"de\"}]}<\/script>\n<!-- \/ Yoast SEO plugin. -->","yoast_head_json":{"title":"REBEL SNEAKER WEISS UND SILBER - Rabaini","robots":{"index":"index","follow":"follow","max-snippet":"max-snippet:-1","max-image-preview":"max-image-preview:large","max-video-preview":"max-video-preview:-1"},"canonical":"https:\/\/www.rabaini.it\/de\/rebel-sneaker-weiss-und-silber\/","og_locale":"de_DE","og_type":"article","og_title":"REBEL SNEAKER WEISS UND SILBER - Rabaini","og_description":"Artikelnummer: HXW5620DN6PNCS0351 Artikelfarbe: Wei\u00df und Silber Made in Italy Neu interpretiert in Design und Volumen, verf\u00fcgt das ikonische Hogan Rebel Modell \u00fcber eine extraleichte Sohle mit Rillen an der Ferse Mit weichen und eleganten Linien sind diese Sneaker aus weichem Nappaleder gefertigt, mit einem perforierten H an der Seite Die Memory-Foam-Einlegesohle sorgt f\u00fcr D\u00e4mpfung bei&hellip;","og_url":"https:\/\/www.rabaini.it\/de\/rebel-sneaker-weiss-und-silber\/","og_site_name":"Rabaini","article_modified_time":"2026-02-05T18:11:16+00:00","og_image":[{"width":1500,"height":1500,"url":"https:\/\/www.rabaini.it\/wp-content\/uploads\/2026\/02\/DSC_0998.jpg","type":"image\/jpeg"}],"twitter_card":"summary_large_image","schema":{"@context":"https:\/\/schema.org","@graph":[{"@type":"WebPage","@id":"https:\/\/www.rabaini.it\/de\/rebel-sneaker-weiss-und-silber\/","url":"https:\/\/www.rabaini.it\/de\/rebel-sneaker-weiss-und-silber\/","name":"REBEL SNEAKER WEISS UND SILBER - Rabaini","isPartOf":{"@id":"https:\/\/www.rabaini.it\/de\/#website"},"primaryImageOfPage":{"@id":"https:\/\/www.rabaini.it\/de\/rebel-sneaker-weiss-und-silber\/#primaryimage"},"image":{"@id":"https:\/\/www.rabaini.it\/de\/rebel-sneaker-weiss-und-silber\/#primaryimage"},"thumbnailUrl":"https:\/\/www.rabaini.it\/wp-content\/uploads\/2026\/02\/DSC_0998.jpg","datePublished":"2026-02-03T15:19:14+00:00","dateModified":"2026-02-05T18:11:16+00:00","breadcrumb":{"@id":"https:\/\/www.rabaini.it\/de\/rebel-sneaker-weiss-und-silber\/#breadcrumb"},"inLanguage":"de","potentialAction":[{"@type":"ReadAction","target":["https:\/\/www.rabaini.it\/de\/rebel-sneaker-weiss-und-silber\/"]}]},{"@type":"ImageObject","inLanguage":"de","@id":"https:\/\/www.rabaini.it\/de\/rebel-sneaker-weiss-und-silber\/#primaryimage","url":"https:\/\/www.rabaini.it\/wp-content\/uploads\/2026\/02\/DSC_0998.jpg","contentUrl":"https:\/\/www.rabaini.it\/wp-content\/uploads\/2026\/02\/DSC_0998.jpg","width":1500,"height":1500},{"@type":"BreadcrumbList","@id":"https:\/\/www.rabaini.it\/de\/rebel-sneaker-weiss-und-silber\/#breadcrumb","itemListElement":[{"@type":"ListItem","position":1,"name":"Home","item":"https:\/\/www.rabaini.it\/de\/homepage\/"},{"@type":"ListItem","position":2,"name":"Gesch\u00e4ft","item":"https:\/\/www.rabaini.it\/geschaeft\/"},{"@type":"ListItem","position":3,"name":"Damen","item":"https:\/\/www.rabaini.it\/de\/damen\/"},{"@type":"ListItem","position":4,"name":"REBEL SNEAKER WEISS UND SILBER"}]},{"@type":"WebSite","@id":"https:\/\/www.rabaini.it\/de\/#website","url":"https:\/\/www.rabaini.it\/de\/","name":"Rabaini","description":"","potentialAction":[{"@type":"SearchAction","target":{"@type":"EntryPoint","urlTemplate":"https:\/\/www.rabaini.it\/de\/?s={search_term_string}"},"query-input":{"@type":"PropertyValueSpecification","valueRequired":true,"valueName":"search_term_string"}}],"inLanguage":"de"}]}},"_links":{"self":[{"href":"https:\/\/www.rabaini.it\/de\/wp-json\/wp\/v2\/product\/143862","targetHints":{"allow":["GET"]}}],"collection":[{"href":"https:\/\/www.rabaini.it\/de\/wp-json\/wp\/v2\/product"}],"about":[{"href":"https:\/\/www.rabaini.it\/de\/wp-json\/wp\/v2\/types\/product"}],"wp:featuredmedia":[{"embeddable":true,"href":"https:\/\/www.rabaini.it\/de\/wp-json\/wp\/v2\/media\/142904"}],"wp:attachment":[{"href":"https:\/\/www.rabaini.it\/de\/wp-json\/wp\/v2\/media?parent=143862"}],"wp:term":[{"taxonomy":"product_brand","embeddable":true,"href":"https:\/\/www.rabaini.it\/de\/wp-json\/wp\/v2\/product_brand?post=143862"},{"taxonomy":"product_cat","embeddable":true,"href":"https:\/\/www.rabaini.it\/de\/wp-json\/wp\/v2\/product_cat?post=143862"},{"taxonomy":"product_tag","embeddable":true,"href":"https:\/\/www.rabaini.it\/de\/wp-json\/wp\/v2\/product_tag?post=143862"}],"curies":[{"name":"wp","href":"https:\/\/api.w.org\/{rel}","templated":true}]}}