{"id":143834,"date":"2026-02-03T15:30:33","date_gmt":"2026-02-03T14:30:33","guid":{"rendered":"https:\/\/www.rabaini.it\/?post_type=product&#038;p=143834"},"modified":"2026-02-05T19:11:12","modified_gmt":"2026-02-05T18:11:12","slug":"cool-sneaker-weiss","status":"publish","type":"product","link":"https:\/\/www.rabaini.it\/de\/cool-sneaker-weiss\/","title":{"rendered":"COOL SNEAKER WEISS"},"content":{"rendered":"<ul>\n<li>Artikelnummer: HXW6470FY50UITB001<\/li>\n<li>Artikelfarbe: Wei\u00df<\/li>\n<li>Made in Italy<\/li>\n<li>Die perfekte Mischung aus Retro-Elementen und zeitgen\u00f6ssischen Linien, die Hogan Cool Sneaker zeichnen sich durch ein zur\u00fcckhaltendes und elegantes Design aus<\/li>\n<li>Mit gepolsterter Zunge besteht das Obermaterial aus Wildleder und glattem Leder, mit einem gezahnten H an der Seite<\/li>\n<li>Die Memory-Foam-Einlegesohle sorgt f\u00fcr ged\u00e4mpften Tragekomfort<\/li>\n<li>Hogan Cool Damen-Sneaker<\/li>\n<li>Obermaterial aus Wildleder und glattem Leder<\/li>\n<li>8 mm Memory-Foam-Einlegesohle<\/li>\n<li>Gummisohle (TPU)<\/li>\n<li>Gesamth\u00f6he 3,2 cm<\/li>\n<\/ul>\n","protected":false},"excerpt":{"rendered":"<p>Artikelnummer: HXW6470FY50UITB001 Artikelfarbe: Wei\u00df Made in Italy Die perfekte Mischung aus Retro-Elementen und zeitgen\u00f6ssischen Linien, die Hogan Cool Sneaker zeichnen sich durch ein zur\u00fcckhaltendes und elegantes Design aus Mit gepolsterter Zunge besteht das Obermaterial aus Wildleder und glattem Leder, mit einem gezahnten H an der Seite Die Memory-Foam-Einlegesohle sorgt f\u00fcr ged\u00e4mpften Tragekomfort Hogan Cool Damen-Sneaker&hellip;<\/p>\n","protected":false},"featured_media":142895,"template":"","meta":{"_acf_changed":false},"product_brand":[],"product_cat":[1273,1310,1308,1318],"product_tag":[],"class_list":{"0":"post-143834","1":"product","2":"type-product","3":"status-publish","4":"has-post-thumbnail","6":"product_cat-damen","7":"product_cat-damenschuhe","8":"product_cat-neuheiten-fur-damen","9":"product_cat-turnschuhe-damen","10":"marca-hogan-de","12":"first","13":"instock","14":"shipping-taxable","15":"purchasable","16":"product-type-variable"},"acf":[],"yoast_head":"<!-- This site is optimized with the Yoast SEO plugin v27.2 - https:\/\/yoast.com\/product\/yoast-seo-wordpress\/ -->\n<title>COOL SNEAKER WEISS - Rabaini<\/title>\n<meta name=\"robots\" content=\"index, follow, max-snippet:-1, max-image-preview:large, max-video-preview:-1\" \/>\n<link rel=\"canonical\" href=\"https:\/\/www.rabaini.it\/de\/cool-sneaker-weiss\/\" \/>\n<meta property=\"og:locale\" content=\"de_DE\" \/>\n<meta property=\"og:type\" content=\"article\" \/>\n<meta property=\"og:title\" content=\"COOL SNEAKER WEISS - Rabaini\" \/>\n<meta property=\"og:description\" content=\"Artikelnummer: HXW6470FY50UITB001 Artikelfarbe: Wei\u00df Made in Italy Die perfekte Mischung aus Retro-Elementen und zeitgen\u00f6ssischen Linien, die Hogan Cool Sneaker zeichnen sich durch ein zur\u00fcckhaltendes und elegantes Design aus Mit gepolsterter Zunge besteht das Obermaterial aus Wildleder und glattem Leder, mit einem gezahnten H an der Seite Die Memory-Foam-Einlegesohle sorgt f\u00fcr ged\u00e4mpften Tragekomfort Hogan Cool Damen-Sneaker&hellip;\" \/>\n<meta property=\"og:url\" content=\"https:\/\/www.rabaini.it\/de\/cool-sneaker-weiss\/\" \/>\n<meta property=\"og:site_name\" content=\"Rabaini\" \/>\n<meta property=\"article:modified_time\" content=\"2026-02-05T18:11:12+00:00\" \/>\n<meta property=\"og:image\" content=\"https:\/\/www.rabaini.it\/wp-content\/uploads\/2026\/02\/DSC_0995.jpg\" \/>\n\t<meta property=\"og:image:width\" content=\"1500\" \/>\n\t<meta property=\"og:image:height\" content=\"1500\" \/>\n\t<meta property=\"og:image:type\" content=\"image\/jpeg\" \/>\n<meta name=\"twitter:card\" content=\"summary_large_image\" \/>\n<script type=\"application\/ld+json\" class=\"yoast-schema-graph\">{\"@context\":\"https:\/\/schema.org\",\"@graph\":[{\"@type\":\"WebPage\",\"@id\":\"https:\/\/www.rabaini.it\/de\/cool-sneaker-weiss\/\",\"url\":\"https:\/\/www.rabaini.it\/de\/cool-sneaker-weiss\/\",\"name\":\"COOL SNEAKER WEISS - Rabaini\",\"isPartOf\":{\"@id\":\"https:\/\/www.rabaini.it\/de\/#website\"},\"primaryImageOfPage\":{\"@id\":\"https:\/\/www.rabaini.it\/de\/cool-sneaker-weiss\/#primaryimage\"},\"image\":{\"@id\":\"https:\/\/www.rabaini.it\/de\/cool-sneaker-weiss\/#primaryimage\"},\"thumbnailUrl\":\"https:\/\/www.rabaini.it\/wp-content\/uploads\/2026\/02\/DSC_0995.jpg\",\"datePublished\":\"2026-02-03T14:30:33+00:00\",\"dateModified\":\"2026-02-05T18:11:12+00:00\",\"breadcrumb\":{\"@id\":\"https:\/\/www.rabaini.it\/de\/cool-sneaker-weiss\/#breadcrumb\"},\"inLanguage\":\"de\",\"potentialAction\":[{\"@type\":\"ReadAction\",\"target\":[\"https:\/\/www.rabaini.it\/de\/cool-sneaker-weiss\/\"]}]},{\"@type\":\"ImageObject\",\"inLanguage\":\"de\",\"@id\":\"https:\/\/www.rabaini.it\/de\/cool-sneaker-weiss\/#primaryimage\",\"url\":\"https:\/\/www.rabaini.it\/wp-content\/uploads\/2026\/02\/DSC_0995.jpg\",\"contentUrl\":\"https:\/\/www.rabaini.it\/wp-content\/uploads\/2026\/02\/DSC_0995.jpg\",\"width\":1500,\"height\":1500},{\"@type\":\"BreadcrumbList\",\"@id\":\"https:\/\/www.rabaini.it\/de\/cool-sneaker-weiss\/#breadcrumb\",\"itemListElement\":[{\"@type\":\"ListItem\",\"position\":1,\"name\":\"Home\",\"item\":\"https:\/\/www.rabaini.it\/de\/homepage\/\"},{\"@type\":\"ListItem\",\"position\":2,\"name\":\"Gesch\u00e4ft\",\"item\":\"https:\/\/www.rabaini.it\/geschaeft\/\"},{\"@type\":\"ListItem\",\"position\":3,\"name\":\"Damen\",\"item\":\"https:\/\/www.rabaini.it\/de\/damen\/\"},{\"@type\":\"ListItem\",\"position\":4,\"name\":\"COOL SNEAKER WEISS\"}]},{\"@type\":\"WebSite\",\"@id\":\"https:\/\/www.rabaini.it\/de\/#website\",\"url\":\"https:\/\/www.rabaini.it\/de\/\",\"name\":\"Rabaini\",\"description\":\"\",\"potentialAction\":[{\"@type\":\"SearchAction\",\"target\":{\"@type\":\"EntryPoint\",\"urlTemplate\":\"https:\/\/www.rabaini.it\/de\/?s={search_term_string}\"},\"query-input\":{\"@type\":\"PropertyValueSpecification\",\"valueRequired\":true,\"valueName\":\"search_term_string\"}}],\"inLanguage\":\"de\"}]}<\/script>\n<!-- \/ Yoast SEO plugin. -->","yoast_head_json":{"title":"COOL SNEAKER WEISS - Rabaini","robots":{"index":"index","follow":"follow","max-snippet":"max-snippet:-1","max-image-preview":"max-image-preview:large","max-video-preview":"max-video-preview:-1"},"canonical":"https:\/\/www.rabaini.it\/de\/cool-sneaker-weiss\/","og_locale":"de_DE","og_type":"article","og_title":"COOL SNEAKER WEISS - Rabaini","og_description":"Artikelnummer: HXW6470FY50UITB001 Artikelfarbe: Wei\u00df Made in Italy Die perfekte Mischung aus Retro-Elementen und zeitgen\u00f6ssischen Linien, die Hogan Cool Sneaker zeichnen sich durch ein zur\u00fcckhaltendes und elegantes Design aus Mit gepolsterter Zunge besteht das Obermaterial aus Wildleder und glattem Leder, mit einem gezahnten H an der Seite Die Memory-Foam-Einlegesohle sorgt f\u00fcr ged\u00e4mpften Tragekomfort Hogan Cool Damen-Sneaker&hellip;","og_url":"https:\/\/www.rabaini.it\/de\/cool-sneaker-weiss\/","og_site_name":"Rabaini","article_modified_time":"2026-02-05T18:11:12+00:00","og_image":[{"width":1500,"height":1500,"url":"https:\/\/www.rabaini.it\/wp-content\/uploads\/2026\/02\/DSC_0995.jpg","type":"image\/jpeg"}],"twitter_card":"summary_large_image","schema":{"@context":"https:\/\/schema.org","@graph":[{"@type":"WebPage","@id":"https:\/\/www.rabaini.it\/de\/cool-sneaker-weiss\/","url":"https:\/\/www.rabaini.it\/de\/cool-sneaker-weiss\/","name":"COOL SNEAKER WEISS - Rabaini","isPartOf":{"@id":"https:\/\/www.rabaini.it\/de\/#website"},"primaryImageOfPage":{"@id":"https:\/\/www.rabaini.it\/de\/cool-sneaker-weiss\/#primaryimage"},"image":{"@id":"https:\/\/www.rabaini.it\/de\/cool-sneaker-weiss\/#primaryimage"},"thumbnailUrl":"https:\/\/www.rabaini.it\/wp-content\/uploads\/2026\/02\/DSC_0995.jpg","datePublished":"2026-02-03T14:30:33+00:00","dateModified":"2026-02-05T18:11:12+00:00","breadcrumb":{"@id":"https:\/\/www.rabaini.it\/de\/cool-sneaker-weiss\/#breadcrumb"},"inLanguage":"de","potentialAction":[{"@type":"ReadAction","target":["https:\/\/www.rabaini.it\/de\/cool-sneaker-weiss\/"]}]},{"@type":"ImageObject","inLanguage":"de","@id":"https:\/\/www.rabaini.it\/de\/cool-sneaker-weiss\/#primaryimage","url":"https:\/\/www.rabaini.it\/wp-content\/uploads\/2026\/02\/DSC_0995.jpg","contentUrl":"https:\/\/www.rabaini.it\/wp-content\/uploads\/2026\/02\/DSC_0995.jpg","width":1500,"height":1500},{"@type":"BreadcrumbList","@id":"https:\/\/www.rabaini.it\/de\/cool-sneaker-weiss\/#breadcrumb","itemListElement":[{"@type":"ListItem","position":1,"name":"Home","item":"https:\/\/www.rabaini.it\/de\/homepage\/"},{"@type":"ListItem","position":2,"name":"Gesch\u00e4ft","item":"https:\/\/www.rabaini.it\/geschaeft\/"},{"@type":"ListItem","position":3,"name":"Damen","item":"https:\/\/www.rabaini.it\/de\/damen\/"},{"@type":"ListItem","position":4,"name":"COOL SNEAKER WEISS"}]},{"@type":"WebSite","@id":"https:\/\/www.rabaini.it\/de\/#website","url":"https:\/\/www.rabaini.it\/de\/","name":"Rabaini","description":"","potentialAction":[{"@type":"SearchAction","target":{"@type":"EntryPoint","urlTemplate":"https:\/\/www.rabaini.it\/de\/?s={search_term_string}"},"query-input":{"@type":"PropertyValueSpecification","valueRequired":true,"valueName":"search_term_string"}}],"inLanguage":"de"}]}},"_links":{"self":[{"href":"https:\/\/www.rabaini.it\/de\/wp-json\/wp\/v2\/product\/143834","targetHints":{"allow":["GET"]}}],"collection":[{"href":"https:\/\/www.rabaini.it\/de\/wp-json\/wp\/v2\/product"}],"about":[{"href":"https:\/\/www.rabaini.it\/de\/wp-json\/wp\/v2\/types\/product"}],"wp:featuredmedia":[{"embeddable":true,"href":"https:\/\/www.rabaini.it\/de\/wp-json\/wp\/v2\/media\/142895"}],"wp:attachment":[{"href":"https:\/\/www.rabaini.it\/de\/wp-json\/wp\/v2\/media?parent=143834"}],"wp:term":[{"taxonomy":"product_brand","embeddable":true,"href":"https:\/\/www.rabaini.it\/de\/wp-json\/wp\/v2\/product_brand?post=143834"},{"taxonomy":"product_cat","embeddable":true,"href":"https:\/\/www.rabaini.it\/de\/wp-json\/wp\/v2\/product_cat?post=143834"},{"taxonomy":"product_tag","embeddable":true,"href":"https:\/\/www.rabaini.it\/de\/wp-json\/wp\/v2\/product_tag?post=143834"}],"curies":[{"name":"wp","href":"https:\/\/api.w.org\/{rel}","templated":true}]}}