{"id":143746,"date":"2026-02-03T12:02:34","date_gmt":"2026-02-03T11:02:34","guid":{"rendered":"https:\/\/www.rabaini.it\/?post_type=product&#038;p=143746"},"modified":"2026-02-05T19:01:07","modified_gmt":"2026-02-05T18:01:07","slug":"slim-fit-denimhemd","status":"publish","type":"product","link":"https:\/\/www.rabaini.it\/de\/slim-fit-denimhemd\/","title":{"rendered":"SLIM-FIT DENIMHEMD"},"content":{"rendered":"<ul>\n<li>Artikelnummer: 211969458001<\/li>\n<li>Artikelfarbe: Blau<\/li>\n<li>Mit einer speziellen Behandlung f\u00fcr ein weiches Tragegef\u00fchl versehen, besteht dieses mittel-dunkel indigoblaue Denimhemd aus rechtsgesponnener Baumwolle im Twillgewebe<\/li>\n<li>Das Hemd ist zudem handgeschliffen f\u00fcr einen getragenen Look von der ersten Nutzung an und wird durch das sorgf\u00e4ltig gestickte mehrfarbige Pony f\u00fcr einen exklusiven Akzent veredelt<\/li>\n<li>Slim-Fit: enge Schultern und leicht taillierte Taille<\/li>\n<li>H\u00fcftl\u00e4nge<\/li>\n<li>Weiter Kragen<\/li>\n<li>Manschette mit Kn\u00f6pfen<\/li>\n<li>Lange \u00c4rmel mit Knopfmanschetten<\/li>\n<li>R\u00fcckenpasse. Vordere Kante ges\u00e4umt<\/li>\n<li>Exklusives mehrfarbig gesticktes Pony auf der linken Brustseite<\/li>\n<li>Zusammensetzung: 100% Baumwolle<\/li>\n<\/ul>\n","protected":false},"excerpt":{"rendered":"<p>Artikelnummer: 211969458001 Artikelfarbe: Blau Mit einer speziellen Behandlung f\u00fcr ein weiches Tragegef\u00fchl versehen, besteht dieses mittel-dunkel indigoblaue Denimhemd aus rechtsgesponnener Baumwolle im Twillgewebe Das Hemd ist zudem handgeschliffen f\u00fcr einen getragenen Look von der ersten Nutzung an und wird durch das sorgf\u00e4ltig gestickte mehrfarbige Pony f\u00fcr einen exklusiven Akzent veredelt Slim-Fit: enge Schultern und leicht&hellip;<\/p>\n","protected":false},"featured_media":142859,"template":"","meta":{"_acf_changed":false},"product_brand":[],"product_cat":[1273,1274,1276,1308],"product_tag":[],"class_list":{"0":"post-143746","1":"product","2":"type-product","3":"status-publish","4":"has-post-thumbnail","6":"product_cat-damen","7":"product_cat-damenbekleidung","8":"product_cat-hemden-damen","9":"product_cat-neuheiten-fur-damen","10":"marca-ralph-lauren-de","12":"first","13":"instock","14":"shipping-taxable","15":"purchasable","16":"product-type-variable"},"acf":[],"yoast_head":"<!-- This site is optimized with the Yoast SEO plugin v27.2 - https:\/\/yoast.com\/product\/yoast-seo-wordpress\/ -->\n<title>SLIM-FIT DENIMHEMD - Rabaini<\/title>\n<meta name=\"robots\" content=\"index, follow, max-snippet:-1, max-image-preview:large, max-video-preview:-1\" \/>\n<link rel=\"canonical\" href=\"https:\/\/www.rabaini.it\/de\/slim-fit-denimhemd\/\" \/>\n<meta property=\"og:locale\" content=\"de_DE\" \/>\n<meta property=\"og:type\" content=\"article\" \/>\n<meta property=\"og:title\" content=\"SLIM-FIT DENIMHEMD - Rabaini\" \/>\n<meta property=\"og:description\" content=\"Artikelnummer: 211969458001 Artikelfarbe: Blau Mit einer speziellen Behandlung f\u00fcr ein weiches Tragegef\u00fchl versehen, besteht dieses mittel-dunkel indigoblaue Denimhemd aus rechtsgesponnener Baumwolle im Twillgewebe Das Hemd ist zudem handgeschliffen f\u00fcr einen getragenen Look von der ersten Nutzung an und wird durch das sorgf\u00e4ltig gestickte mehrfarbige Pony f\u00fcr einen exklusiven Akzent veredelt Slim-Fit: enge Schultern und leicht&hellip;\" \/>\n<meta property=\"og:url\" content=\"https:\/\/www.rabaini.it\/de\/slim-fit-denimhemd\/\" \/>\n<meta property=\"og:site_name\" content=\"Rabaini\" \/>\n<meta property=\"article:modified_time\" content=\"2026-02-05T18:01:07+00:00\" \/>\n<meta property=\"og:image\" content=\"https:\/\/www.rabaini.it\/wp-content\/uploads\/2026\/02\/13.1.jpg\" \/>\n\t<meta property=\"og:image:width\" content=\"1500\" \/>\n\t<meta property=\"og:image:height\" content=\"1500\" \/>\n\t<meta property=\"og:image:type\" content=\"image\/jpeg\" \/>\n<meta name=\"twitter:card\" content=\"summary_large_image\" \/>\n<script type=\"application\/ld+json\" class=\"yoast-schema-graph\">{\"@context\":\"https:\/\/schema.org\",\"@graph\":[{\"@type\":\"WebPage\",\"@id\":\"https:\/\/www.rabaini.it\/de\/slim-fit-denimhemd\/\",\"url\":\"https:\/\/www.rabaini.it\/de\/slim-fit-denimhemd\/\",\"name\":\"SLIM-FIT DENIMHEMD - Rabaini\",\"isPartOf\":{\"@id\":\"https:\/\/www.rabaini.it\/de\/#website\"},\"primaryImageOfPage\":{\"@id\":\"https:\/\/www.rabaini.it\/de\/slim-fit-denimhemd\/#primaryimage\"},\"image\":{\"@id\":\"https:\/\/www.rabaini.it\/de\/slim-fit-denimhemd\/#primaryimage\"},\"thumbnailUrl\":\"https:\/\/www.rabaini.it\/wp-content\/uploads\/2026\/02\/13.1.jpg\",\"datePublished\":\"2026-02-03T11:02:34+00:00\",\"dateModified\":\"2026-02-05T18:01:07+00:00\",\"breadcrumb\":{\"@id\":\"https:\/\/www.rabaini.it\/de\/slim-fit-denimhemd\/#breadcrumb\"},\"inLanguage\":\"de\",\"potentialAction\":[{\"@type\":\"ReadAction\",\"target\":[\"https:\/\/www.rabaini.it\/de\/slim-fit-denimhemd\/\"]}]},{\"@type\":\"ImageObject\",\"inLanguage\":\"de\",\"@id\":\"https:\/\/www.rabaini.it\/de\/slim-fit-denimhemd\/#primaryimage\",\"url\":\"https:\/\/www.rabaini.it\/wp-content\/uploads\/2026\/02\/13.1.jpg\",\"contentUrl\":\"https:\/\/www.rabaini.it\/wp-content\/uploads\/2026\/02\/13.1.jpg\",\"width\":1500,\"height\":1500},{\"@type\":\"BreadcrumbList\",\"@id\":\"https:\/\/www.rabaini.it\/de\/slim-fit-denimhemd\/#breadcrumb\",\"itemListElement\":[{\"@type\":\"ListItem\",\"position\":1,\"name\":\"Home\",\"item\":\"https:\/\/www.rabaini.it\/de\/homepage\/\"},{\"@type\":\"ListItem\",\"position\":2,\"name\":\"Gesch\u00e4ft\",\"item\":\"https:\/\/www.rabaini.it\/geschaeft\/\"},{\"@type\":\"ListItem\",\"position\":3,\"name\":\"Damen\",\"item\":\"https:\/\/www.rabaini.it\/de\/damen\/\"},{\"@type\":\"ListItem\",\"position\":4,\"name\":\"SLIM-FIT DENIMHEMD\"}]},{\"@type\":\"WebSite\",\"@id\":\"https:\/\/www.rabaini.it\/de\/#website\",\"url\":\"https:\/\/www.rabaini.it\/de\/\",\"name\":\"Rabaini\",\"description\":\"\",\"potentialAction\":[{\"@type\":\"SearchAction\",\"target\":{\"@type\":\"EntryPoint\",\"urlTemplate\":\"https:\/\/www.rabaini.it\/de\/?s={search_term_string}\"},\"query-input\":{\"@type\":\"PropertyValueSpecification\",\"valueRequired\":true,\"valueName\":\"search_term_string\"}}],\"inLanguage\":\"de\"}]}<\/script>\n<!-- \/ Yoast SEO plugin. -->","yoast_head_json":{"title":"SLIM-FIT DENIMHEMD - Rabaini","robots":{"index":"index","follow":"follow","max-snippet":"max-snippet:-1","max-image-preview":"max-image-preview:large","max-video-preview":"max-video-preview:-1"},"canonical":"https:\/\/www.rabaini.it\/de\/slim-fit-denimhemd\/","og_locale":"de_DE","og_type":"article","og_title":"SLIM-FIT DENIMHEMD - Rabaini","og_description":"Artikelnummer: 211969458001 Artikelfarbe: Blau Mit einer speziellen Behandlung f\u00fcr ein weiches Tragegef\u00fchl versehen, besteht dieses mittel-dunkel indigoblaue Denimhemd aus rechtsgesponnener Baumwolle im Twillgewebe Das Hemd ist zudem handgeschliffen f\u00fcr einen getragenen Look von der ersten Nutzung an und wird durch das sorgf\u00e4ltig gestickte mehrfarbige Pony f\u00fcr einen exklusiven Akzent veredelt Slim-Fit: enge Schultern und leicht&hellip;","og_url":"https:\/\/www.rabaini.it\/de\/slim-fit-denimhemd\/","og_site_name":"Rabaini","article_modified_time":"2026-02-05T18:01:07+00:00","og_image":[{"width":1500,"height":1500,"url":"https:\/\/www.rabaini.it\/wp-content\/uploads\/2026\/02\/13.1.jpg","type":"image\/jpeg"}],"twitter_card":"summary_large_image","schema":{"@context":"https:\/\/schema.org","@graph":[{"@type":"WebPage","@id":"https:\/\/www.rabaini.it\/de\/slim-fit-denimhemd\/","url":"https:\/\/www.rabaini.it\/de\/slim-fit-denimhemd\/","name":"SLIM-FIT DENIMHEMD - Rabaini","isPartOf":{"@id":"https:\/\/www.rabaini.it\/de\/#website"},"primaryImageOfPage":{"@id":"https:\/\/www.rabaini.it\/de\/slim-fit-denimhemd\/#primaryimage"},"image":{"@id":"https:\/\/www.rabaini.it\/de\/slim-fit-denimhemd\/#primaryimage"},"thumbnailUrl":"https:\/\/www.rabaini.it\/wp-content\/uploads\/2026\/02\/13.1.jpg","datePublished":"2026-02-03T11:02:34+00:00","dateModified":"2026-02-05T18:01:07+00:00","breadcrumb":{"@id":"https:\/\/www.rabaini.it\/de\/slim-fit-denimhemd\/#breadcrumb"},"inLanguage":"de","potentialAction":[{"@type":"ReadAction","target":["https:\/\/www.rabaini.it\/de\/slim-fit-denimhemd\/"]}]},{"@type":"ImageObject","inLanguage":"de","@id":"https:\/\/www.rabaini.it\/de\/slim-fit-denimhemd\/#primaryimage","url":"https:\/\/www.rabaini.it\/wp-content\/uploads\/2026\/02\/13.1.jpg","contentUrl":"https:\/\/www.rabaini.it\/wp-content\/uploads\/2026\/02\/13.1.jpg","width":1500,"height":1500},{"@type":"BreadcrumbList","@id":"https:\/\/www.rabaini.it\/de\/slim-fit-denimhemd\/#breadcrumb","itemListElement":[{"@type":"ListItem","position":1,"name":"Home","item":"https:\/\/www.rabaini.it\/de\/homepage\/"},{"@type":"ListItem","position":2,"name":"Gesch\u00e4ft","item":"https:\/\/www.rabaini.it\/geschaeft\/"},{"@type":"ListItem","position":3,"name":"Damen","item":"https:\/\/www.rabaini.it\/de\/damen\/"},{"@type":"ListItem","position":4,"name":"SLIM-FIT DENIMHEMD"}]},{"@type":"WebSite","@id":"https:\/\/www.rabaini.it\/de\/#website","url":"https:\/\/www.rabaini.it\/de\/","name":"Rabaini","description":"","potentialAction":[{"@type":"SearchAction","target":{"@type":"EntryPoint","urlTemplate":"https:\/\/www.rabaini.it\/de\/?s={search_term_string}"},"query-input":{"@type":"PropertyValueSpecification","valueRequired":true,"valueName":"search_term_string"}}],"inLanguage":"de"}]}},"_links":{"self":[{"href":"https:\/\/www.rabaini.it\/de\/wp-json\/wp\/v2\/product\/143746","targetHints":{"allow":["GET"]}}],"collection":[{"href":"https:\/\/www.rabaini.it\/de\/wp-json\/wp\/v2\/product"}],"about":[{"href":"https:\/\/www.rabaini.it\/de\/wp-json\/wp\/v2\/types\/product"}],"wp:featuredmedia":[{"embeddable":true,"href":"https:\/\/www.rabaini.it\/de\/wp-json\/wp\/v2\/media\/142859"}],"wp:attachment":[{"href":"https:\/\/www.rabaini.it\/de\/wp-json\/wp\/v2\/media?parent=143746"}],"wp:term":[{"taxonomy":"product_brand","embeddable":true,"href":"https:\/\/www.rabaini.it\/de\/wp-json\/wp\/v2\/product_brand?post=143746"},{"taxonomy":"product_cat","embeddable":true,"href":"https:\/\/www.rabaini.it\/de\/wp-json\/wp\/v2\/product_cat?post=143746"},{"taxonomy":"product_tag","embeddable":true,"href":"https:\/\/www.rabaini.it\/de\/wp-json\/wp\/v2\/product_tag?post=143746"}],"curies":[{"name":"wp","href":"https:\/\/api.w.org\/{rel}","templated":true}]}}