{"id":143638,"date":"2026-02-03T10:26:41","date_gmt":"2026-02-03T09:26:41","guid":{"rendered":"https:\/\/www.rabaini.it\/?post_type=product&#038;p=143638"},"modified":"2026-02-05T19:00:37","modified_gmt":"2026-02-05T18:00:37","slug":"rundhals-baumwollpullover-mit-zopfmuster-off-white","status":"publish","type":"product","link":"https:\/\/www.rabaini.it\/de\/rundhals-baumwollpullover-mit-zopfmuster-off-white\/","title":{"rendered":"RUNDHALS-BAUMWOLLPULLOVER MIT ZOPFMUSTER OFF-WHITE"},"content":{"rendered":"<ul>\n<li>Artikelnummer: 211971869015<\/li>\n<li>Artikelfarbe: Off-White<\/li>\n<li>Ein Must-have von Polo: Dieser taillierte Rundhals-Pullover ist aus weicher, gek\u00e4mmter Baumwolle gefertigt und verf\u00fcgt \u00fcber das exklusive Zopfmuster<\/li>\n<li>Slim Fit<\/li>\n<li>H\u00fcftl\u00e4nge<\/li>\n<li>Rundhals mit Rippenstrick<\/li>\n<li>Lange \u00c4rmel mit Rippenb\u00fcndchen<\/li>\n<li>Rippensaum<\/li>\n<li>Exklusives gesticktes Pony auf der linken Brustseite<\/li>\n<li>Zusammensetzung: 100% Baumwolle<\/li>\n<\/ul>\n","protected":false},"excerpt":{"rendered":"<p>Artikelnummer: 211971869015 Artikelfarbe: Off-White Ein Must-have von Polo: Dieser taillierte Rundhals-Pullover ist aus weicher, gek\u00e4mmter Baumwolle gefertigt und verf\u00fcgt \u00fcber das exklusive Zopfmuster Slim Fit H\u00fcftl\u00e4nge Rundhals mit Rippenstrick Lange \u00c4rmel mit Rippenb\u00fcndchen Rippensaum Exklusives gesticktes Pony auf der linken Brustseite Zusammensetzung: 100% Baumwolle<\/p>\n","protected":false},"featured_media":142778,"template":"","meta":{"_acf_changed":false},"product_brand":[],"product_cat":[1273,1274,1308,1288],"product_tag":[],"class_list":{"0":"post-143638","1":"product","2":"type-product","3":"status-publish","4":"has-post-thumbnail","6":"product_cat-damen","7":"product_cat-damenbekleidung","8":"product_cat-neuheiten-fur-damen","9":"product_cat-strickwaren-damen","10":"marca-ralph-lauren-de","12":"first","13":"instock","14":"shipping-taxable","15":"purchasable","16":"product-type-variable"},"acf":[],"yoast_head":"<!-- This site is optimized with the Yoast SEO plugin v27.2 - https:\/\/yoast.com\/product\/yoast-seo-wordpress\/ -->\n<title>RUNDHALS-BAUMWOLLPULLOVER MIT ZOPFMUSTER OFF-WHITE - Rabaini<\/title>\n<meta name=\"robots\" content=\"index, follow, max-snippet:-1, max-image-preview:large, max-video-preview:-1\" \/>\n<link rel=\"canonical\" href=\"https:\/\/www.rabaini.it\/de\/rundhals-baumwollpullover-mit-zopfmuster-off-white\/\" \/>\n<meta property=\"og:locale\" content=\"de_DE\" \/>\n<meta property=\"og:type\" content=\"article\" \/>\n<meta property=\"og:title\" content=\"RUNDHALS-BAUMWOLLPULLOVER MIT ZOPFMUSTER OFF-WHITE - Rabaini\" \/>\n<meta property=\"og:description\" content=\"Artikelnummer: 211971869015 Artikelfarbe: Off-White Ein Must-have von Polo: Dieser taillierte Rundhals-Pullover ist aus weicher, gek\u00e4mmter Baumwolle gefertigt und verf\u00fcgt \u00fcber das exklusive Zopfmuster Slim Fit H\u00fcftl\u00e4nge Rundhals mit Rippenstrick Lange \u00c4rmel mit Rippenb\u00fcndchen Rippensaum Exklusives gesticktes Pony auf der linken Brustseite Zusammensetzung: 100% Baumwolle\" \/>\n<meta property=\"og:url\" content=\"https:\/\/www.rabaini.it\/de\/rundhals-baumwollpullover-mit-zopfmuster-off-white\/\" \/>\n<meta property=\"og:site_name\" content=\"Rabaini\" \/>\n<meta property=\"article:modified_time\" content=\"2026-02-05T18:00:37+00:00\" \/>\n<meta property=\"og:image\" content=\"https:\/\/www.rabaini.it\/wp-content\/uploads\/2026\/02\/4.1.jpg\" \/>\n\t<meta property=\"og:image:width\" content=\"1500\" \/>\n\t<meta property=\"og:image:height\" content=\"1500\" \/>\n\t<meta property=\"og:image:type\" content=\"image\/jpeg\" \/>\n<meta name=\"twitter:card\" content=\"summary_large_image\" \/>\n<script type=\"application\/ld+json\" class=\"yoast-schema-graph\">{\"@context\":\"https:\/\/schema.org\",\"@graph\":[{\"@type\":\"WebPage\",\"@id\":\"https:\/\/www.rabaini.it\/de\/rundhals-baumwollpullover-mit-zopfmuster-off-white\/\",\"url\":\"https:\/\/www.rabaini.it\/de\/rundhals-baumwollpullover-mit-zopfmuster-off-white\/\",\"name\":\"RUNDHALS-BAUMWOLLPULLOVER MIT ZOPFMUSTER OFF-WHITE - Rabaini\",\"isPartOf\":{\"@id\":\"https:\/\/www.rabaini.it\/de\/#website\"},\"primaryImageOfPage\":{\"@id\":\"https:\/\/www.rabaini.it\/de\/rundhals-baumwollpullover-mit-zopfmuster-off-white\/#primaryimage\"},\"image\":{\"@id\":\"https:\/\/www.rabaini.it\/de\/rundhals-baumwollpullover-mit-zopfmuster-off-white\/#primaryimage\"},\"thumbnailUrl\":\"https:\/\/www.rabaini.it\/wp-content\/uploads\/2026\/02\/4.1.jpg\",\"datePublished\":\"2026-02-03T09:26:41+00:00\",\"dateModified\":\"2026-02-05T18:00:37+00:00\",\"breadcrumb\":{\"@id\":\"https:\/\/www.rabaini.it\/de\/rundhals-baumwollpullover-mit-zopfmuster-off-white\/#breadcrumb\"},\"inLanguage\":\"de\",\"potentialAction\":[{\"@type\":\"ReadAction\",\"target\":[\"https:\/\/www.rabaini.it\/de\/rundhals-baumwollpullover-mit-zopfmuster-off-white\/\"]}]},{\"@type\":\"ImageObject\",\"inLanguage\":\"de\",\"@id\":\"https:\/\/www.rabaini.it\/de\/rundhals-baumwollpullover-mit-zopfmuster-off-white\/#primaryimage\",\"url\":\"https:\/\/www.rabaini.it\/wp-content\/uploads\/2026\/02\/4.1.jpg\",\"contentUrl\":\"https:\/\/www.rabaini.it\/wp-content\/uploads\/2026\/02\/4.1.jpg\",\"width\":1500,\"height\":1500},{\"@type\":\"BreadcrumbList\",\"@id\":\"https:\/\/www.rabaini.it\/de\/rundhals-baumwollpullover-mit-zopfmuster-off-white\/#breadcrumb\",\"itemListElement\":[{\"@type\":\"ListItem\",\"position\":1,\"name\":\"Home\",\"item\":\"https:\/\/www.rabaini.it\/de\/homepage\/\"},{\"@type\":\"ListItem\",\"position\":2,\"name\":\"Gesch\u00e4ft\",\"item\":\"https:\/\/www.rabaini.it\/geschaeft\/\"},{\"@type\":\"ListItem\",\"position\":3,\"name\":\"Damen\",\"item\":\"https:\/\/www.rabaini.it\/de\/damen\/\"},{\"@type\":\"ListItem\",\"position\":4,\"name\":\"RUNDHALS-BAUMWOLLPULLOVER MIT ZOPFMUSTER OFF-WHITE\"}]},{\"@type\":\"WebSite\",\"@id\":\"https:\/\/www.rabaini.it\/de\/#website\",\"url\":\"https:\/\/www.rabaini.it\/de\/\",\"name\":\"Rabaini\",\"description\":\"\",\"potentialAction\":[{\"@type\":\"SearchAction\",\"target\":{\"@type\":\"EntryPoint\",\"urlTemplate\":\"https:\/\/www.rabaini.it\/de\/?s={search_term_string}\"},\"query-input\":{\"@type\":\"PropertyValueSpecification\",\"valueRequired\":true,\"valueName\":\"search_term_string\"}}],\"inLanguage\":\"de\"}]}<\/script>\n<!-- \/ Yoast SEO plugin. -->","yoast_head_json":{"title":"RUNDHALS-BAUMWOLLPULLOVER MIT ZOPFMUSTER OFF-WHITE - Rabaini","robots":{"index":"index","follow":"follow","max-snippet":"max-snippet:-1","max-image-preview":"max-image-preview:large","max-video-preview":"max-video-preview:-1"},"canonical":"https:\/\/www.rabaini.it\/de\/rundhals-baumwollpullover-mit-zopfmuster-off-white\/","og_locale":"de_DE","og_type":"article","og_title":"RUNDHALS-BAUMWOLLPULLOVER MIT ZOPFMUSTER OFF-WHITE - Rabaini","og_description":"Artikelnummer: 211971869015 Artikelfarbe: Off-White Ein Must-have von Polo: Dieser taillierte Rundhals-Pullover ist aus weicher, gek\u00e4mmter Baumwolle gefertigt und verf\u00fcgt \u00fcber das exklusive Zopfmuster Slim Fit H\u00fcftl\u00e4nge Rundhals mit Rippenstrick Lange \u00c4rmel mit Rippenb\u00fcndchen Rippensaum Exklusives gesticktes Pony auf der linken Brustseite Zusammensetzung: 100% Baumwolle","og_url":"https:\/\/www.rabaini.it\/de\/rundhals-baumwollpullover-mit-zopfmuster-off-white\/","og_site_name":"Rabaini","article_modified_time":"2026-02-05T18:00:37+00:00","og_image":[{"width":1500,"height":1500,"url":"https:\/\/www.rabaini.it\/wp-content\/uploads\/2026\/02\/4.1.jpg","type":"image\/jpeg"}],"twitter_card":"summary_large_image","schema":{"@context":"https:\/\/schema.org","@graph":[{"@type":"WebPage","@id":"https:\/\/www.rabaini.it\/de\/rundhals-baumwollpullover-mit-zopfmuster-off-white\/","url":"https:\/\/www.rabaini.it\/de\/rundhals-baumwollpullover-mit-zopfmuster-off-white\/","name":"RUNDHALS-BAUMWOLLPULLOVER MIT ZOPFMUSTER OFF-WHITE - Rabaini","isPartOf":{"@id":"https:\/\/www.rabaini.it\/de\/#website"},"primaryImageOfPage":{"@id":"https:\/\/www.rabaini.it\/de\/rundhals-baumwollpullover-mit-zopfmuster-off-white\/#primaryimage"},"image":{"@id":"https:\/\/www.rabaini.it\/de\/rundhals-baumwollpullover-mit-zopfmuster-off-white\/#primaryimage"},"thumbnailUrl":"https:\/\/www.rabaini.it\/wp-content\/uploads\/2026\/02\/4.1.jpg","datePublished":"2026-02-03T09:26:41+00:00","dateModified":"2026-02-05T18:00:37+00:00","breadcrumb":{"@id":"https:\/\/www.rabaini.it\/de\/rundhals-baumwollpullover-mit-zopfmuster-off-white\/#breadcrumb"},"inLanguage":"de","potentialAction":[{"@type":"ReadAction","target":["https:\/\/www.rabaini.it\/de\/rundhals-baumwollpullover-mit-zopfmuster-off-white\/"]}]},{"@type":"ImageObject","inLanguage":"de","@id":"https:\/\/www.rabaini.it\/de\/rundhals-baumwollpullover-mit-zopfmuster-off-white\/#primaryimage","url":"https:\/\/www.rabaini.it\/wp-content\/uploads\/2026\/02\/4.1.jpg","contentUrl":"https:\/\/www.rabaini.it\/wp-content\/uploads\/2026\/02\/4.1.jpg","width":1500,"height":1500},{"@type":"BreadcrumbList","@id":"https:\/\/www.rabaini.it\/de\/rundhals-baumwollpullover-mit-zopfmuster-off-white\/#breadcrumb","itemListElement":[{"@type":"ListItem","position":1,"name":"Home","item":"https:\/\/www.rabaini.it\/de\/homepage\/"},{"@type":"ListItem","position":2,"name":"Gesch\u00e4ft","item":"https:\/\/www.rabaini.it\/geschaeft\/"},{"@type":"ListItem","position":3,"name":"Damen","item":"https:\/\/www.rabaini.it\/de\/damen\/"},{"@type":"ListItem","position":4,"name":"RUNDHALS-BAUMWOLLPULLOVER MIT ZOPFMUSTER OFF-WHITE"}]},{"@type":"WebSite","@id":"https:\/\/www.rabaini.it\/de\/#website","url":"https:\/\/www.rabaini.it\/de\/","name":"Rabaini","description":"","potentialAction":[{"@type":"SearchAction","target":{"@type":"EntryPoint","urlTemplate":"https:\/\/www.rabaini.it\/de\/?s={search_term_string}"},"query-input":{"@type":"PropertyValueSpecification","valueRequired":true,"valueName":"search_term_string"}}],"inLanguage":"de"}]}},"_links":{"self":[{"href":"https:\/\/www.rabaini.it\/de\/wp-json\/wp\/v2\/product\/143638","targetHints":{"allow":["GET"]}}],"collection":[{"href":"https:\/\/www.rabaini.it\/de\/wp-json\/wp\/v2\/product"}],"about":[{"href":"https:\/\/www.rabaini.it\/de\/wp-json\/wp\/v2\/types\/product"}],"wp:featuredmedia":[{"embeddable":true,"href":"https:\/\/www.rabaini.it\/de\/wp-json\/wp\/v2\/media\/142778"}],"wp:attachment":[{"href":"https:\/\/www.rabaini.it\/de\/wp-json\/wp\/v2\/media?parent=143638"}],"wp:term":[{"taxonomy":"product_brand","embeddable":true,"href":"https:\/\/www.rabaini.it\/de\/wp-json\/wp\/v2\/product_brand?post=143638"},{"taxonomy":"product_cat","embeddable":true,"href":"https:\/\/www.rabaini.it\/de\/wp-json\/wp\/v2\/product_cat?post=143638"},{"taxonomy":"product_tag","embeddable":true,"href":"https:\/\/www.rabaini.it\/de\/wp-json\/wp\/v2\/product_tag?post=143638"}],"curies":[{"name":"wp","href":"https:\/\/api.w.org\/{rel}","templated":true}]}}