{"id":143458,"date":"2026-01-21T16:24:49","date_gmt":"2026-01-21T15:24:49","guid":{"rendered":"https:\/\/www.rabaini.it\/?post_type=product&#038;p=143458"},"modified":"2026-02-05T18:49:57","modified_gmt":"2026-02-05T17:49:57","slug":"nude-rock-aus-new-techno-taffeta","status":"publish","type":"product","link":"https:\/\/www.rabaini.it\/de\/nude-rock-aus-new-techno-taffeta\/","title":{"rendered":"NUDE-ROCK AUS NEW TECHNO TAFFETA"},"content":{"rendered":"<ul>\n<li>Artikelnummer: GN000044D12483Z4035<\/li>\n<li>Artikelfarbe: Nude<\/li>\n<li>Made in Italy<\/li>\n<li>Rock aus Taffeta mit wasserabweisender Fadenbehandlung und leicht schimmerndem Finish, das sportlichen und zugleich eleganten Charakter verleiht<\/li>\n<li>In perfekter Kombination aus Stil und Funktionalit\u00e4t verf\u00fcgt das Modell \u00fcber eine ausgestellte Silhouette, die am Saum weiter wird, und einen elastischen Bund, der sich sanft mit den Bewegungen mitbewegt<\/li>\n<li>Regul\u00e4re Passform<\/li>\n<li>Elastischer Bund<\/li>\n<li>Herno Metalllogo<\/li>\n<li>Rei\u00dfverschluss<\/li>\n<li>Zusammensetzung: 100% Polyester<\/li>\n<\/ul>\n","protected":false},"excerpt":{"rendered":"<p>Artikelnummer: GN000044D12483Z4035 Artikelfarbe: Nude Made in Italy Rock aus Taffeta mit wasserabweisender Fadenbehandlung und leicht schimmerndem Finish, das sportlichen und zugleich eleganten Charakter verleiht In perfekter Kombination aus Stil und Funktionalit\u00e4t verf\u00fcgt das Modell \u00fcber eine ausgestellte Silhouette, die am Saum weiter wird, und einen elastischen Bund, der sich sanft mit den Bewegungen mitbewegt Regul\u00e4re&hellip;<\/p>\n","protected":false},"featured_media":142459,"template":"","meta":{"_acf_changed":false},"product_brand":[],"product_cat":[1273,1274,1308,1286],"product_tag":[],"class_list":{"0":"post-143458","1":"product","2":"type-product","3":"status-publish","4":"has-post-thumbnail","6":"product_cat-damen","7":"product_cat-damenbekleidung","8":"product_cat-neuheiten-fur-damen","9":"product_cat-rocke-damen","10":"marca-herno-de","12":"first","13":"instock","14":"shipping-taxable","15":"purchasable","16":"product-type-variable"},"acf":[],"yoast_head":"<!-- This site is optimized with the Yoast SEO plugin v27.2 - https:\/\/yoast.com\/product\/yoast-seo-wordpress\/ -->\n<title>NUDE-ROCK AUS NEW TECHNO TAFFETA - Rabaini<\/title>\n<meta name=\"robots\" content=\"index, follow, max-snippet:-1, max-image-preview:large, max-video-preview:-1\" \/>\n<link rel=\"canonical\" href=\"https:\/\/www.rabaini.it\/de\/nude-rock-aus-new-techno-taffeta\/\" \/>\n<meta property=\"og:locale\" content=\"de_DE\" \/>\n<meta property=\"og:type\" content=\"article\" \/>\n<meta property=\"og:title\" content=\"NUDE-ROCK AUS NEW TECHNO TAFFETA - Rabaini\" \/>\n<meta property=\"og:description\" content=\"Artikelnummer: GN000044D12483Z4035 Artikelfarbe: Nude Made in Italy Rock aus Taffeta mit wasserabweisender Fadenbehandlung und leicht schimmerndem Finish, das sportlichen und zugleich eleganten Charakter verleiht In perfekter Kombination aus Stil und Funktionalit\u00e4t verf\u00fcgt das Modell \u00fcber eine ausgestellte Silhouette, die am Saum weiter wird, und einen elastischen Bund, der sich sanft mit den Bewegungen mitbewegt Regul\u00e4re&hellip;\" \/>\n<meta property=\"og:url\" content=\"https:\/\/www.rabaini.it\/de\/nude-rock-aus-new-techno-taffeta\/\" \/>\n<meta property=\"og:site_name\" content=\"Rabaini\" \/>\n<meta property=\"article:modified_time\" content=\"2026-02-05T17:49:57+00:00\" \/>\n<meta property=\"og:image\" content=\"https:\/\/www.rabaini.it\/wp-content\/uploads\/2026\/01\/9.1.jpg\" \/>\n\t<meta property=\"og:image:width\" content=\"1500\" \/>\n\t<meta property=\"og:image:height\" content=\"1500\" \/>\n\t<meta property=\"og:image:type\" content=\"image\/jpeg\" \/>\n<meta name=\"twitter:card\" content=\"summary_large_image\" \/>\n<script type=\"application\/ld+json\" class=\"yoast-schema-graph\">{\"@context\":\"https:\/\/schema.org\",\"@graph\":[{\"@type\":\"WebPage\",\"@id\":\"https:\/\/www.rabaini.it\/de\/nude-rock-aus-new-techno-taffeta\/\",\"url\":\"https:\/\/www.rabaini.it\/de\/nude-rock-aus-new-techno-taffeta\/\",\"name\":\"NUDE-ROCK AUS NEW TECHNO TAFFETA - Rabaini\",\"isPartOf\":{\"@id\":\"https:\/\/www.rabaini.it\/de\/#website\"},\"primaryImageOfPage\":{\"@id\":\"https:\/\/www.rabaini.it\/de\/nude-rock-aus-new-techno-taffeta\/#primaryimage\"},\"image\":{\"@id\":\"https:\/\/www.rabaini.it\/de\/nude-rock-aus-new-techno-taffeta\/#primaryimage\"},\"thumbnailUrl\":\"https:\/\/www.rabaini.it\/wp-content\/uploads\/2026\/01\/9.1.jpg\",\"datePublished\":\"2026-01-21T15:24:49+00:00\",\"dateModified\":\"2026-02-05T17:49:57+00:00\",\"breadcrumb\":{\"@id\":\"https:\/\/www.rabaini.it\/de\/nude-rock-aus-new-techno-taffeta\/#breadcrumb\"},\"inLanguage\":\"de\",\"potentialAction\":[{\"@type\":\"ReadAction\",\"target\":[\"https:\/\/www.rabaini.it\/de\/nude-rock-aus-new-techno-taffeta\/\"]}]},{\"@type\":\"ImageObject\",\"inLanguage\":\"de\",\"@id\":\"https:\/\/www.rabaini.it\/de\/nude-rock-aus-new-techno-taffeta\/#primaryimage\",\"url\":\"https:\/\/www.rabaini.it\/wp-content\/uploads\/2026\/01\/9.1.jpg\",\"contentUrl\":\"https:\/\/www.rabaini.it\/wp-content\/uploads\/2026\/01\/9.1.jpg\",\"width\":1500,\"height\":1500},{\"@type\":\"BreadcrumbList\",\"@id\":\"https:\/\/www.rabaini.it\/de\/nude-rock-aus-new-techno-taffeta\/#breadcrumb\",\"itemListElement\":[{\"@type\":\"ListItem\",\"position\":1,\"name\":\"Home\",\"item\":\"https:\/\/www.rabaini.it\/de\/homepage\/\"},{\"@type\":\"ListItem\",\"position\":2,\"name\":\"Gesch\u00e4ft\",\"item\":\"https:\/\/www.rabaini.it\/geschaeft\/\"},{\"@type\":\"ListItem\",\"position\":3,\"name\":\"Damen\",\"item\":\"https:\/\/www.rabaini.it\/de\/damen\/\"},{\"@type\":\"ListItem\",\"position\":4,\"name\":\"NUDE-ROCK AUS NEW TECHNO TAFFETA\"}]},{\"@type\":\"WebSite\",\"@id\":\"https:\/\/www.rabaini.it\/de\/#website\",\"url\":\"https:\/\/www.rabaini.it\/de\/\",\"name\":\"Rabaini\",\"description\":\"\",\"potentialAction\":[{\"@type\":\"SearchAction\",\"target\":{\"@type\":\"EntryPoint\",\"urlTemplate\":\"https:\/\/www.rabaini.it\/de\/?s={search_term_string}\"},\"query-input\":{\"@type\":\"PropertyValueSpecification\",\"valueRequired\":true,\"valueName\":\"search_term_string\"}}],\"inLanguage\":\"de\"}]}<\/script>\n<!-- \/ Yoast SEO plugin. -->","yoast_head_json":{"title":"NUDE-ROCK AUS NEW TECHNO TAFFETA - Rabaini","robots":{"index":"index","follow":"follow","max-snippet":"max-snippet:-1","max-image-preview":"max-image-preview:large","max-video-preview":"max-video-preview:-1"},"canonical":"https:\/\/www.rabaini.it\/de\/nude-rock-aus-new-techno-taffeta\/","og_locale":"de_DE","og_type":"article","og_title":"NUDE-ROCK AUS NEW TECHNO TAFFETA - Rabaini","og_description":"Artikelnummer: GN000044D12483Z4035 Artikelfarbe: Nude Made in Italy Rock aus Taffeta mit wasserabweisender Fadenbehandlung und leicht schimmerndem Finish, das sportlichen und zugleich eleganten Charakter verleiht In perfekter Kombination aus Stil und Funktionalit\u00e4t verf\u00fcgt das Modell \u00fcber eine ausgestellte Silhouette, die am Saum weiter wird, und einen elastischen Bund, der sich sanft mit den Bewegungen mitbewegt Regul\u00e4re&hellip;","og_url":"https:\/\/www.rabaini.it\/de\/nude-rock-aus-new-techno-taffeta\/","og_site_name":"Rabaini","article_modified_time":"2026-02-05T17:49:57+00:00","og_image":[{"width":1500,"height":1500,"url":"https:\/\/www.rabaini.it\/wp-content\/uploads\/2026\/01\/9.1.jpg","type":"image\/jpeg"}],"twitter_card":"summary_large_image","schema":{"@context":"https:\/\/schema.org","@graph":[{"@type":"WebPage","@id":"https:\/\/www.rabaini.it\/de\/nude-rock-aus-new-techno-taffeta\/","url":"https:\/\/www.rabaini.it\/de\/nude-rock-aus-new-techno-taffeta\/","name":"NUDE-ROCK AUS NEW TECHNO TAFFETA - Rabaini","isPartOf":{"@id":"https:\/\/www.rabaini.it\/de\/#website"},"primaryImageOfPage":{"@id":"https:\/\/www.rabaini.it\/de\/nude-rock-aus-new-techno-taffeta\/#primaryimage"},"image":{"@id":"https:\/\/www.rabaini.it\/de\/nude-rock-aus-new-techno-taffeta\/#primaryimage"},"thumbnailUrl":"https:\/\/www.rabaini.it\/wp-content\/uploads\/2026\/01\/9.1.jpg","datePublished":"2026-01-21T15:24:49+00:00","dateModified":"2026-02-05T17:49:57+00:00","breadcrumb":{"@id":"https:\/\/www.rabaini.it\/de\/nude-rock-aus-new-techno-taffeta\/#breadcrumb"},"inLanguage":"de","potentialAction":[{"@type":"ReadAction","target":["https:\/\/www.rabaini.it\/de\/nude-rock-aus-new-techno-taffeta\/"]}]},{"@type":"ImageObject","inLanguage":"de","@id":"https:\/\/www.rabaini.it\/de\/nude-rock-aus-new-techno-taffeta\/#primaryimage","url":"https:\/\/www.rabaini.it\/wp-content\/uploads\/2026\/01\/9.1.jpg","contentUrl":"https:\/\/www.rabaini.it\/wp-content\/uploads\/2026\/01\/9.1.jpg","width":1500,"height":1500},{"@type":"BreadcrumbList","@id":"https:\/\/www.rabaini.it\/de\/nude-rock-aus-new-techno-taffeta\/#breadcrumb","itemListElement":[{"@type":"ListItem","position":1,"name":"Home","item":"https:\/\/www.rabaini.it\/de\/homepage\/"},{"@type":"ListItem","position":2,"name":"Gesch\u00e4ft","item":"https:\/\/www.rabaini.it\/geschaeft\/"},{"@type":"ListItem","position":3,"name":"Damen","item":"https:\/\/www.rabaini.it\/de\/damen\/"},{"@type":"ListItem","position":4,"name":"NUDE-ROCK AUS NEW TECHNO TAFFETA"}]},{"@type":"WebSite","@id":"https:\/\/www.rabaini.it\/de\/#website","url":"https:\/\/www.rabaini.it\/de\/","name":"Rabaini","description":"","potentialAction":[{"@type":"SearchAction","target":{"@type":"EntryPoint","urlTemplate":"https:\/\/www.rabaini.it\/de\/?s={search_term_string}"},"query-input":{"@type":"PropertyValueSpecification","valueRequired":true,"valueName":"search_term_string"}}],"inLanguage":"de"}]}},"_links":{"self":[{"href":"https:\/\/www.rabaini.it\/de\/wp-json\/wp\/v2\/product\/143458","targetHints":{"allow":["GET"]}}],"collection":[{"href":"https:\/\/www.rabaini.it\/de\/wp-json\/wp\/v2\/product"}],"about":[{"href":"https:\/\/www.rabaini.it\/de\/wp-json\/wp\/v2\/types\/product"}],"wp:featuredmedia":[{"embeddable":true,"href":"https:\/\/www.rabaini.it\/de\/wp-json\/wp\/v2\/media\/142459"}],"wp:attachment":[{"href":"https:\/\/www.rabaini.it\/de\/wp-json\/wp\/v2\/media?parent=143458"}],"wp:term":[{"taxonomy":"product_brand","embeddable":true,"href":"https:\/\/www.rabaini.it\/de\/wp-json\/wp\/v2\/product_brand?post=143458"},{"taxonomy":"product_cat","embeddable":true,"href":"https:\/\/www.rabaini.it\/de\/wp-json\/wp\/v2\/product_cat?post=143458"},{"taxonomy":"product_tag","embeddable":true,"href":"https:\/\/www.rabaini.it\/de\/wp-json\/wp\/v2\/product_tag?post=143458"}],"curies":[{"name":"wp","href":"https:\/\/api.w.org\/{rel}","templated":true}]}}