{"id":143446,"date":"2026-01-21T16:19:55","date_gmt":"2026-01-21T15:19:55","guid":{"rendered":"https:\/\/www.rabaini.it\/?post_type=product&#038;p=143446"},"modified":"2026-02-05T18:49:54","modified_gmt":"2026-02-05T17:49:54","slug":"hellblaue-hochtalige-hose-mit-saum","status":"publish","type":"product","link":"https:\/\/www.rabaini.it\/de\/hellblaue-hochtalige-hose-mit-saum\/","title":{"rendered":"HELLBLAUE HOCHTALIGE HOSE MIT SAUM"},"content":{"rendered":"<ul>\n<li>Artikelnummer: MPNL373CE000<\/li>\n<li>Artikelfarbe: Hellblau<\/li>\n<li>Hochtaillierte Hose, inspiriert von klassischer Herrenma\u00dfschneiderei, mit geraden, regul\u00e4ren Beinen und weichem Fall<\/li>\n<li>Mit vorderen und hinteren Falten f\u00fcr eine strukturierte Silhouette gestaltet und mit umgeschlagenem Saum versehen<\/li>\n<li>Hergestellt aus hellblauem Frischwollstoff, der Leichtigkeit und eine klare, flie\u00dfende Linie bietet<\/li>\n<li>Regul\u00e4re Passform und L\u00e4nge<\/li>\n<li>Hauptstoffzusammensetzung: 100% Schurwolle<\/li>\n<li>Nebenstoffzusammensetzung: 100% Cupro<\/li>\n<\/ul>\n","protected":false},"excerpt":{"rendered":"<p>Artikelnummer: MPNL373CE000 Artikelfarbe: Hellblau Hochtaillierte Hose, inspiriert von klassischer Herrenma\u00dfschneiderei, mit geraden, regul\u00e4ren Beinen und weichem Fall Mit vorderen und hinteren Falten f\u00fcr eine strukturierte Silhouette gestaltet und mit umgeschlagenem Saum versehen Hergestellt aus hellblauem Frischwollstoff, der Leichtigkeit und eine klare, flie\u00dfende Linie bietet Regul\u00e4re Passform und L\u00e4nge Hauptstoffzusammensetzung: 100% Schurwolle Nebenstoffzusammensetzung: 100% Cupro<\/p>\n","protected":false},"featured_media":142450,"template":"","meta":{"_acf_changed":false},"product_brand":[],"product_cat":[1273,1274,1289,1308],"product_tag":[],"class_list":{"0":"post-143446","1":"product","2":"type-product","3":"status-publish","4":"has-post-thumbnail","6":"product_cat-damen","7":"product_cat-damenbekleidung","8":"product_cat-hose-damen","9":"product_cat-neuheiten-fur-damen","10":"marca-antonio-marras-de","12":"first","13":"instock","14":"shipping-taxable","15":"purchasable","16":"product-type-variable"},"acf":[],"yoast_head":"<!-- This site is optimized with the Yoast SEO plugin v27.2 - https:\/\/yoast.com\/product\/yoast-seo-wordpress\/ -->\n<title>HELLBLAUE HOCHTALIGE HOSE MIT SAUM - Rabaini<\/title>\n<meta name=\"robots\" content=\"index, follow, max-snippet:-1, max-image-preview:large, max-video-preview:-1\" \/>\n<link rel=\"canonical\" href=\"https:\/\/www.rabaini.it\/de\/hellblaue-hochtalige-hose-mit-saum\/\" \/>\n<meta property=\"og:locale\" content=\"de_DE\" \/>\n<meta property=\"og:type\" content=\"article\" \/>\n<meta property=\"og:title\" content=\"HELLBLAUE HOCHTALIGE HOSE MIT SAUM - Rabaini\" \/>\n<meta property=\"og:description\" content=\"Artikelnummer: MPNL373CE000 Artikelfarbe: Hellblau Hochtaillierte Hose, inspiriert von klassischer Herrenma\u00dfschneiderei, mit geraden, regul\u00e4ren Beinen und weichem Fall Mit vorderen und hinteren Falten f\u00fcr eine strukturierte Silhouette gestaltet und mit umgeschlagenem Saum versehen Hergestellt aus hellblauem Frischwollstoff, der Leichtigkeit und eine klare, flie\u00dfende Linie bietet Regul\u00e4re Passform und L\u00e4nge Hauptstoffzusammensetzung: 100% Schurwolle Nebenstoffzusammensetzung: 100% Cupro\" \/>\n<meta property=\"og:url\" content=\"https:\/\/www.rabaini.it\/de\/hellblaue-hochtalige-hose-mit-saum\/\" \/>\n<meta property=\"og:site_name\" content=\"Rabaini\" \/>\n<meta property=\"article:modified_time\" content=\"2026-02-05T17:49:54+00:00\" \/>\n<meta property=\"og:image\" content=\"https:\/\/www.rabaini.it\/wp-content\/uploads\/2026\/01\/8.1.jpg\" \/>\n\t<meta property=\"og:image:width\" content=\"1500\" \/>\n\t<meta property=\"og:image:height\" content=\"1500\" \/>\n\t<meta property=\"og:image:type\" content=\"image\/jpeg\" \/>\n<meta name=\"twitter:card\" content=\"summary_large_image\" \/>\n<script type=\"application\/ld+json\" class=\"yoast-schema-graph\">{\"@context\":\"https:\/\/schema.org\",\"@graph\":[{\"@type\":\"WebPage\",\"@id\":\"https:\/\/www.rabaini.it\/de\/hellblaue-hochtalige-hose-mit-saum\/\",\"url\":\"https:\/\/www.rabaini.it\/de\/hellblaue-hochtalige-hose-mit-saum\/\",\"name\":\"HELLBLAUE HOCHTALIGE HOSE MIT SAUM - Rabaini\",\"isPartOf\":{\"@id\":\"https:\/\/www.rabaini.it\/de\/#website\"},\"primaryImageOfPage\":{\"@id\":\"https:\/\/www.rabaini.it\/de\/hellblaue-hochtalige-hose-mit-saum\/#primaryimage\"},\"image\":{\"@id\":\"https:\/\/www.rabaini.it\/de\/hellblaue-hochtalige-hose-mit-saum\/#primaryimage\"},\"thumbnailUrl\":\"https:\/\/www.rabaini.it\/wp-content\/uploads\/2026\/01\/8.1.jpg\",\"datePublished\":\"2026-01-21T15:19:55+00:00\",\"dateModified\":\"2026-02-05T17:49:54+00:00\",\"breadcrumb\":{\"@id\":\"https:\/\/www.rabaini.it\/de\/hellblaue-hochtalige-hose-mit-saum\/#breadcrumb\"},\"inLanguage\":\"de\",\"potentialAction\":[{\"@type\":\"ReadAction\",\"target\":[\"https:\/\/www.rabaini.it\/de\/hellblaue-hochtalige-hose-mit-saum\/\"]}]},{\"@type\":\"ImageObject\",\"inLanguage\":\"de\",\"@id\":\"https:\/\/www.rabaini.it\/de\/hellblaue-hochtalige-hose-mit-saum\/#primaryimage\",\"url\":\"https:\/\/www.rabaini.it\/wp-content\/uploads\/2026\/01\/8.1.jpg\",\"contentUrl\":\"https:\/\/www.rabaini.it\/wp-content\/uploads\/2026\/01\/8.1.jpg\",\"width\":1500,\"height\":1500},{\"@type\":\"BreadcrumbList\",\"@id\":\"https:\/\/www.rabaini.it\/de\/hellblaue-hochtalige-hose-mit-saum\/#breadcrumb\",\"itemListElement\":[{\"@type\":\"ListItem\",\"position\":1,\"name\":\"Home\",\"item\":\"https:\/\/www.rabaini.it\/de\/homepage\/\"},{\"@type\":\"ListItem\",\"position\":2,\"name\":\"Gesch\u00e4ft\",\"item\":\"https:\/\/www.rabaini.it\/geschaeft\/\"},{\"@type\":\"ListItem\",\"position\":3,\"name\":\"Damen\",\"item\":\"https:\/\/www.rabaini.it\/de\/damen\/\"},{\"@type\":\"ListItem\",\"position\":4,\"name\":\"HELLBLAUE HOCHTALIGE HOSE MIT SAUM\"}]},{\"@type\":\"WebSite\",\"@id\":\"https:\/\/www.rabaini.it\/de\/#website\",\"url\":\"https:\/\/www.rabaini.it\/de\/\",\"name\":\"Rabaini\",\"description\":\"\",\"potentialAction\":[{\"@type\":\"SearchAction\",\"target\":{\"@type\":\"EntryPoint\",\"urlTemplate\":\"https:\/\/www.rabaini.it\/de\/?s={search_term_string}\"},\"query-input\":{\"@type\":\"PropertyValueSpecification\",\"valueRequired\":true,\"valueName\":\"search_term_string\"}}],\"inLanguage\":\"de\"}]}<\/script>\n<!-- \/ Yoast SEO plugin. -->","yoast_head_json":{"title":"HELLBLAUE HOCHTALIGE HOSE MIT SAUM - Rabaini","robots":{"index":"index","follow":"follow","max-snippet":"max-snippet:-1","max-image-preview":"max-image-preview:large","max-video-preview":"max-video-preview:-1"},"canonical":"https:\/\/www.rabaini.it\/de\/hellblaue-hochtalige-hose-mit-saum\/","og_locale":"de_DE","og_type":"article","og_title":"HELLBLAUE HOCHTALIGE HOSE MIT SAUM - Rabaini","og_description":"Artikelnummer: MPNL373CE000 Artikelfarbe: Hellblau Hochtaillierte Hose, inspiriert von klassischer Herrenma\u00dfschneiderei, mit geraden, regul\u00e4ren Beinen und weichem Fall Mit vorderen und hinteren Falten f\u00fcr eine strukturierte Silhouette gestaltet und mit umgeschlagenem Saum versehen Hergestellt aus hellblauem Frischwollstoff, der Leichtigkeit und eine klare, flie\u00dfende Linie bietet Regul\u00e4re Passform und L\u00e4nge Hauptstoffzusammensetzung: 100% Schurwolle Nebenstoffzusammensetzung: 100% Cupro","og_url":"https:\/\/www.rabaini.it\/de\/hellblaue-hochtalige-hose-mit-saum\/","og_site_name":"Rabaini","article_modified_time":"2026-02-05T17:49:54+00:00","og_image":[{"width":1500,"height":1500,"url":"https:\/\/www.rabaini.it\/wp-content\/uploads\/2026\/01\/8.1.jpg","type":"image\/jpeg"}],"twitter_card":"summary_large_image","schema":{"@context":"https:\/\/schema.org","@graph":[{"@type":"WebPage","@id":"https:\/\/www.rabaini.it\/de\/hellblaue-hochtalige-hose-mit-saum\/","url":"https:\/\/www.rabaini.it\/de\/hellblaue-hochtalige-hose-mit-saum\/","name":"HELLBLAUE HOCHTALIGE HOSE MIT SAUM - Rabaini","isPartOf":{"@id":"https:\/\/www.rabaini.it\/de\/#website"},"primaryImageOfPage":{"@id":"https:\/\/www.rabaini.it\/de\/hellblaue-hochtalige-hose-mit-saum\/#primaryimage"},"image":{"@id":"https:\/\/www.rabaini.it\/de\/hellblaue-hochtalige-hose-mit-saum\/#primaryimage"},"thumbnailUrl":"https:\/\/www.rabaini.it\/wp-content\/uploads\/2026\/01\/8.1.jpg","datePublished":"2026-01-21T15:19:55+00:00","dateModified":"2026-02-05T17:49:54+00:00","breadcrumb":{"@id":"https:\/\/www.rabaini.it\/de\/hellblaue-hochtalige-hose-mit-saum\/#breadcrumb"},"inLanguage":"de","potentialAction":[{"@type":"ReadAction","target":["https:\/\/www.rabaini.it\/de\/hellblaue-hochtalige-hose-mit-saum\/"]}]},{"@type":"ImageObject","inLanguage":"de","@id":"https:\/\/www.rabaini.it\/de\/hellblaue-hochtalige-hose-mit-saum\/#primaryimage","url":"https:\/\/www.rabaini.it\/wp-content\/uploads\/2026\/01\/8.1.jpg","contentUrl":"https:\/\/www.rabaini.it\/wp-content\/uploads\/2026\/01\/8.1.jpg","width":1500,"height":1500},{"@type":"BreadcrumbList","@id":"https:\/\/www.rabaini.it\/de\/hellblaue-hochtalige-hose-mit-saum\/#breadcrumb","itemListElement":[{"@type":"ListItem","position":1,"name":"Home","item":"https:\/\/www.rabaini.it\/de\/homepage\/"},{"@type":"ListItem","position":2,"name":"Gesch\u00e4ft","item":"https:\/\/www.rabaini.it\/geschaeft\/"},{"@type":"ListItem","position":3,"name":"Damen","item":"https:\/\/www.rabaini.it\/de\/damen\/"},{"@type":"ListItem","position":4,"name":"HELLBLAUE HOCHTALIGE HOSE MIT SAUM"}]},{"@type":"WebSite","@id":"https:\/\/www.rabaini.it\/de\/#website","url":"https:\/\/www.rabaini.it\/de\/","name":"Rabaini","description":"","potentialAction":[{"@type":"SearchAction","target":{"@type":"EntryPoint","urlTemplate":"https:\/\/www.rabaini.it\/de\/?s={search_term_string}"},"query-input":{"@type":"PropertyValueSpecification","valueRequired":true,"valueName":"search_term_string"}}],"inLanguage":"de"}]}},"_links":{"self":[{"href":"https:\/\/www.rabaini.it\/de\/wp-json\/wp\/v2\/product\/143446","targetHints":{"allow":["GET"]}}],"collection":[{"href":"https:\/\/www.rabaini.it\/de\/wp-json\/wp\/v2\/product"}],"about":[{"href":"https:\/\/www.rabaini.it\/de\/wp-json\/wp\/v2\/types\/product"}],"wp:featuredmedia":[{"embeddable":true,"href":"https:\/\/www.rabaini.it\/de\/wp-json\/wp\/v2\/media\/142450"}],"wp:attachment":[{"href":"https:\/\/www.rabaini.it\/de\/wp-json\/wp\/v2\/media?parent=143446"}],"wp:term":[{"taxonomy":"product_brand","embeddable":true,"href":"https:\/\/www.rabaini.it\/de\/wp-json\/wp\/v2\/product_brand?post=143446"},{"taxonomy":"product_cat","embeddable":true,"href":"https:\/\/www.rabaini.it\/de\/wp-json\/wp\/v2\/product_cat?post=143446"},{"taxonomy":"product_tag","embeddable":true,"href":"https:\/\/www.rabaini.it\/de\/wp-json\/wp\/v2\/product_tag?post=143446"}],"curies":[{"name":"wp","href":"https:\/\/api.w.org\/{rel}","templated":true}]}}