{"id":143434,"date":"2026-01-21T16:03:01","date_gmt":"2026-01-21T15:03:01","guid":{"rendered":"https:\/\/www.rabaini.it\/?post_type=product&#038;p=143434"},"modified":"2026-02-05T18:49:48","modified_gmt":"2026-02-05T17:49:48","slug":"hellblaues-kleid-mit-blumenmuster","status":"publish","type":"product","link":"https:\/\/www.rabaini.it\/de\/hellblaues-kleid-mit-blumenmuster\/","title":{"rendered":"HELLBLAUES KLEID MIT BLUMENMUSTER"},"content":{"rendered":"<ul>\n<li>Artikelnummer: MABM351CE7VE<\/li>\n<li>Artikelfarbe: Hellblau<\/li>\n<li>Made in Italy<\/li>\n<li>Langes Kleid, veredelt mit einem Blumenprint<\/li>\n<li>Das Design verf\u00fcgt \u00fcber einen \u00fcberkreuzten V-Ausschnitt, der das Dekollet\u00e9 betont, w\u00e4hrend die taillierte Passform die Silhouette elegant zur Geltung bringt<\/li>\n<li>Die innere Krinoline verleiht dem Rock Volumen und Bewegung und erzeugt bei jedem Schritt einen dramatischen und raffinierten Effekt<\/li>\n<li>Hauptstoffzusammensetzung: 100% Polyester<\/li>\n<li>Nebenstoffzusammensetzung: 100% Polyamid<\/li>\n<\/ul>\n","protected":false},"excerpt":{"rendered":"<p>Artikelnummer: MABM351CE7VE Artikelfarbe: Hellblau Made in Italy Langes Kleid, veredelt mit einem Blumenprint Das Design verf\u00fcgt \u00fcber einen \u00fcberkreuzten V-Ausschnitt, der das Dekollet\u00e9 betont, w\u00e4hrend die taillierte Passform die Silhouette elegant zur Geltung bringt Die innere Krinoline verleiht dem Rock Volumen und Bewegung und erzeugt bei jedem Schritt einen dramatischen und raffinierten Effekt Hauptstoffzusammensetzung: 100%&hellip;<\/p>\n","protected":false},"featured_media":142441,"template":"","meta":{"_acf_changed":false},"product_brand":[],"product_cat":[1273,1274,1275,1308],"product_tag":[],"class_list":{"0":"post-143434","1":"product","2":"type-product","3":"status-publish","4":"has-post-thumbnail","6":"product_cat-damen","7":"product_cat-damenbekleidung","8":"product_cat-kleidung-damen","9":"product_cat-neuheiten-fur-damen","10":"marca-antonio-marras-de","12":"first","13":"instock","14":"shipping-taxable","15":"purchasable","16":"product-type-variable"},"acf":[],"yoast_head":"<!-- This site is optimized with the Yoast SEO plugin v27.2 - https:\/\/yoast.com\/product\/yoast-seo-wordpress\/ -->\n<title>HELLBLAUES KLEID MIT BLUMENMUSTER - Rabaini<\/title>\n<meta name=\"robots\" content=\"index, follow, max-snippet:-1, max-image-preview:large, max-video-preview:-1\" \/>\n<link rel=\"canonical\" href=\"https:\/\/www.rabaini.it\/de\/hellblaues-kleid-mit-blumenmuster\/\" \/>\n<meta property=\"og:locale\" content=\"de_DE\" \/>\n<meta property=\"og:type\" content=\"article\" \/>\n<meta property=\"og:title\" content=\"HELLBLAUES KLEID MIT BLUMENMUSTER - Rabaini\" \/>\n<meta property=\"og:description\" content=\"Artikelnummer: MABM351CE7VE Artikelfarbe: Hellblau Made in Italy Langes Kleid, veredelt mit einem Blumenprint Das Design verf\u00fcgt \u00fcber einen \u00fcberkreuzten V-Ausschnitt, der das Dekollet\u00e9 betont, w\u00e4hrend die taillierte Passform die Silhouette elegant zur Geltung bringt Die innere Krinoline verleiht dem Rock Volumen und Bewegung und erzeugt bei jedem Schritt einen dramatischen und raffinierten Effekt Hauptstoffzusammensetzung: 100%&hellip;\" \/>\n<meta property=\"og:url\" content=\"https:\/\/www.rabaini.it\/de\/hellblaues-kleid-mit-blumenmuster\/\" \/>\n<meta property=\"og:site_name\" content=\"Rabaini\" \/>\n<meta property=\"article:modified_time\" content=\"2026-02-05T17:49:48+00:00\" \/>\n<meta property=\"og:image\" content=\"https:\/\/www.rabaini.it\/wp-content\/uploads\/2026\/01\/7.1-1.jpg\" \/>\n\t<meta property=\"og:image:width\" content=\"1500\" \/>\n\t<meta property=\"og:image:height\" content=\"1500\" \/>\n\t<meta property=\"og:image:type\" content=\"image\/jpeg\" \/>\n<meta name=\"twitter:card\" content=\"summary_large_image\" \/>\n<script type=\"application\/ld+json\" class=\"yoast-schema-graph\">{\"@context\":\"https:\/\/schema.org\",\"@graph\":[{\"@type\":\"WebPage\",\"@id\":\"https:\/\/www.rabaini.it\/de\/hellblaues-kleid-mit-blumenmuster\/\",\"url\":\"https:\/\/www.rabaini.it\/de\/hellblaues-kleid-mit-blumenmuster\/\",\"name\":\"HELLBLAUES KLEID MIT BLUMENMUSTER - Rabaini\",\"isPartOf\":{\"@id\":\"https:\/\/www.rabaini.it\/de\/#website\"},\"primaryImageOfPage\":{\"@id\":\"https:\/\/www.rabaini.it\/de\/hellblaues-kleid-mit-blumenmuster\/#primaryimage\"},\"image\":{\"@id\":\"https:\/\/www.rabaini.it\/de\/hellblaues-kleid-mit-blumenmuster\/#primaryimage\"},\"thumbnailUrl\":\"https:\/\/www.rabaini.it\/wp-content\/uploads\/2026\/01\/7.1-1.jpg\",\"datePublished\":\"2026-01-21T15:03:01+00:00\",\"dateModified\":\"2026-02-05T17:49:48+00:00\",\"breadcrumb\":{\"@id\":\"https:\/\/www.rabaini.it\/de\/hellblaues-kleid-mit-blumenmuster\/#breadcrumb\"},\"inLanguage\":\"de\",\"potentialAction\":[{\"@type\":\"ReadAction\",\"target\":[\"https:\/\/www.rabaini.it\/de\/hellblaues-kleid-mit-blumenmuster\/\"]}]},{\"@type\":\"ImageObject\",\"inLanguage\":\"de\",\"@id\":\"https:\/\/www.rabaini.it\/de\/hellblaues-kleid-mit-blumenmuster\/#primaryimage\",\"url\":\"https:\/\/www.rabaini.it\/wp-content\/uploads\/2026\/01\/7.1-1.jpg\",\"contentUrl\":\"https:\/\/www.rabaini.it\/wp-content\/uploads\/2026\/01\/7.1-1.jpg\",\"width\":1500,\"height\":1500},{\"@type\":\"BreadcrumbList\",\"@id\":\"https:\/\/www.rabaini.it\/de\/hellblaues-kleid-mit-blumenmuster\/#breadcrumb\",\"itemListElement\":[{\"@type\":\"ListItem\",\"position\":1,\"name\":\"Home\",\"item\":\"https:\/\/www.rabaini.it\/de\/homepage\/\"},{\"@type\":\"ListItem\",\"position\":2,\"name\":\"Gesch\u00e4ft\",\"item\":\"https:\/\/www.rabaini.it\/geschaeft\/\"},{\"@type\":\"ListItem\",\"position\":3,\"name\":\"Damen\",\"item\":\"https:\/\/www.rabaini.it\/de\/damen\/\"},{\"@type\":\"ListItem\",\"position\":4,\"name\":\"HELLBLAUES KLEID MIT BLUMENMUSTER\"}]},{\"@type\":\"WebSite\",\"@id\":\"https:\/\/www.rabaini.it\/de\/#website\",\"url\":\"https:\/\/www.rabaini.it\/de\/\",\"name\":\"Rabaini\",\"description\":\"\",\"potentialAction\":[{\"@type\":\"SearchAction\",\"target\":{\"@type\":\"EntryPoint\",\"urlTemplate\":\"https:\/\/www.rabaini.it\/de\/?s={search_term_string}\"},\"query-input\":{\"@type\":\"PropertyValueSpecification\",\"valueRequired\":true,\"valueName\":\"search_term_string\"}}],\"inLanguage\":\"de\"}]}<\/script>\n<!-- \/ Yoast SEO plugin. -->","yoast_head_json":{"title":"HELLBLAUES KLEID MIT BLUMENMUSTER - Rabaini","robots":{"index":"index","follow":"follow","max-snippet":"max-snippet:-1","max-image-preview":"max-image-preview:large","max-video-preview":"max-video-preview:-1"},"canonical":"https:\/\/www.rabaini.it\/de\/hellblaues-kleid-mit-blumenmuster\/","og_locale":"de_DE","og_type":"article","og_title":"HELLBLAUES KLEID MIT BLUMENMUSTER - Rabaini","og_description":"Artikelnummer: MABM351CE7VE Artikelfarbe: Hellblau Made in Italy Langes Kleid, veredelt mit einem Blumenprint Das Design verf\u00fcgt \u00fcber einen \u00fcberkreuzten V-Ausschnitt, der das Dekollet\u00e9 betont, w\u00e4hrend die taillierte Passform die Silhouette elegant zur Geltung bringt Die innere Krinoline verleiht dem Rock Volumen und Bewegung und erzeugt bei jedem Schritt einen dramatischen und raffinierten Effekt Hauptstoffzusammensetzung: 100%&hellip;","og_url":"https:\/\/www.rabaini.it\/de\/hellblaues-kleid-mit-blumenmuster\/","og_site_name":"Rabaini","article_modified_time":"2026-02-05T17:49:48+00:00","og_image":[{"width":1500,"height":1500,"url":"https:\/\/www.rabaini.it\/wp-content\/uploads\/2026\/01\/7.1-1.jpg","type":"image\/jpeg"}],"twitter_card":"summary_large_image","schema":{"@context":"https:\/\/schema.org","@graph":[{"@type":"WebPage","@id":"https:\/\/www.rabaini.it\/de\/hellblaues-kleid-mit-blumenmuster\/","url":"https:\/\/www.rabaini.it\/de\/hellblaues-kleid-mit-blumenmuster\/","name":"HELLBLAUES KLEID MIT BLUMENMUSTER - Rabaini","isPartOf":{"@id":"https:\/\/www.rabaini.it\/de\/#website"},"primaryImageOfPage":{"@id":"https:\/\/www.rabaini.it\/de\/hellblaues-kleid-mit-blumenmuster\/#primaryimage"},"image":{"@id":"https:\/\/www.rabaini.it\/de\/hellblaues-kleid-mit-blumenmuster\/#primaryimage"},"thumbnailUrl":"https:\/\/www.rabaini.it\/wp-content\/uploads\/2026\/01\/7.1-1.jpg","datePublished":"2026-01-21T15:03:01+00:00","dateModified":"2026-02-05T17:49:48+00:00","breadcrumb":{"@id":"https:\/\/www.rabaini.it\/de\/hellblaues-kleid-mit-blumenmuster\/#breadcrumb"},"inLanguage":"de","potentialAction":[{"@type":"ReadAction","target":["https:\/\/www.rabaini.it\/de\/hellblaues-kleid-mit-blumenmuster\/"]}]},{"@type":"ImageObject","inLanguage":"de","@id":"https:\/\/www.rabaini.it\/de\/hellblaues-kleid-mit-blumenmuster\/#primaryimage","url":"https:\/\/www.rabaini.it\/wp-content\/uploads\/2026\/01\/7.1-1.jpg","contentUrl":"https:\/\/www.rabaini.it\/wp-content\/uploads\/2026\/01\/7.1-1.jpg","width":1500,"height":1500},{"@type":"BreadcrumbList","@id":"https:\/\/www.rabaini.it\/de\/hellblaues-kleid-mit-blumenmuster\/#breadcrumb","itemListElement":[{"@type":"ListItem","position":1,"name":"Home","item":"https:\/\/www.rabaini.it\/de\/homepage\/"},{"@type":"ListItem","position":2,"name":"Gesch\u00e4ft","item":"https:\/\/www.rabaini.it\/geschaeft\/"},{"@type":"ListItem","position":3,"name":"Damen","item":"https:\/\/www.rabaini.it\/de\/damen\/"},{"@type":"ListItem","position":4,"name":"HELLBLAUES KLEID MIT BLUMENMUSTER"}]},{"@type":"WebSite","@id":"https:\/\/www.rabaini.it\/de\/#website","url":"https:\/\/www.rabaini.it\/de\/","name":"Rabaini","description":"","potentialAction":[{"@type":"SearchAction","target":{"@type":"EntryPoint","urlTemplate":"https:\/\/www.rabaini.it\/de\/?s={search_term_string}"},"query-input":{"@type":"PropertyValueSpecification","valueRequired":true,"valueName":"search_term_string"}}],"inLanguage":"de"}]}},"_links":{"self":[{"href":"https:\/\/www.rabaini.it\/de\/wp-json\/wp\/v2\/product\/143434","targetHints":{"allow":["GET"]}}],"collection":[{"href":"https:\/\/www.rabaini.it\/de\/wp-json\/wp\/v2\/product"}],"about":[{"href":"https:\/\/www.rabaini.it\/de\/wp-json\/wp\/v2\/types\/product"}],"wp:featuredmedia":[{"embeddable":true,"href":"https:\/\/www.rabaini.it\/de\/wp-json\/wp\/v2\/media\/142441"}],"wp:attachment":[{"href":"https:\/\/www.rabaini.it\/de\/wp-json\/wp\/v2\/media?parent=143434"}],"wp:term":[{"taxonomy":"product_brand","embeddable":true,"href":"https:\/\/www.rabaini.it\/de\/wp-json\/wp\/v2\/product_brand?post=143434"},{"taxonomy":"product_cat","embeddable":true,"href":"https:\/\/www.rabaini.it\/de\/wp-json\/wp\/v2\/product_cat?post=143434"},{"taxonomy":"product_tag","embeddable":true,"href":"https:\/\/www.rabaini.it\/de\/wp-json\/wp\/v2\/product_tag?post=143434"}],"curies":[{"name":"wp","href":"https:\/\/api.w.org\/{rel}","templated":true}]}}