{"id":143392,"date":"2026-01-21T15:20:25","date_gmt":"2026-01-21T14:20:25","guid":{"rendered":"https:\/\/www.rabaini.it\/?post_type=product&#038;p=143392"},"modified":"2026-02-06T15:25:58","modified_gmt":"2026-02-06T14:25:58","slug":"leinen-baumwollmischung-hose-blau","status":"publish","type":"product","link":"https:\/\/www.rabaini.it\/de\/leinen-baumwollmischung-hose-blau\/","title":{"rendered":"LEINEN-BAUMWOLLMISCHUNG-HOSE BLAU"},"content":{"rendered":"<ul>\n<li>Artikelnummer: ZLCMZB0RWLPU38L0360<\/li>\n<li>Artikelfarbe: Blau<\/li>\n<li>Hose aus einem edlen Leinen- und Baumwollmix, ideal f\u00fcr die Fr\u00fchjahr-Sommer-Saison<\/li>\n<li>Das Naturgewebe sorgt f\u00fcr Frische, Atmungsaktivit\u00e4t und ganzt\u00e4gigen Komfort und bewahrt zugleich eine elegante Struktur<\/li>\n<li>Gewebe aus Leinen und Baumwolle<\/li>\n<li>Bund mit G\u00fcrtelschlaufen<\/li>\n<li>Frontverschluss mit Rei\u00dfverschluss und Knopf<\/li>\n<li>Frontfalte<\/li>\n<li>Seitentaschen<\/li>\n<li>Zusammensetzung: 54% Leinen, 46% Baumwolle<\/li>\n<\/ul>\n","protected":false},"excerpt":{"rendered":"<p>Artikelnummer: ZLCMZB0RWLPU38L0360 Artikelfarbe: Blau Hose aus einem edlen Leinen- und Baumwollmix, ideal f\u00fcr die Fr\u00fchjahr-Sommer-Saison Das Naturgewebe sorgt f\u00fcr Frische, Atmungsaktivit\u00e4t und ganzt\u00e4gigen Komfort und bewahrt zugleich eine elegante Struktur Gewebe aus Leinen und Baumwolle Bund mit G\u00fcrtelschlaufen Frontverschluss mit Rei\u00dfverschluss und Knopf Frontfalte Seitentaschen Zusammensetzung: 54% Leinen, 46% Baumwolle<\/p>\n","protected":false},"featured_media":142405,"template":"","meta":{"_acf_changed":false},"product_brand":[],"product_cat":[1324,1325,1340,1356],"product_tag":[],"class_list":{"0":"post-143392","1":"product","2":"type-product","3":"status-publish","4":"has-post-thumbnail","6":"product_cat-herren","7":"product_cat-herrenbekleidung","8":"product_cat-hose-herren","9":"product_cat-neuheiten-fur-herren","10":"marca-pt-de","12":"first","13":"instock","14":"shipping-taxable","15":"purchasable","16":"product-type-variable"},"acf":[],"yoast_head":"<!-- This site is optimized with the Yoast SEO plugin v27.2 - https:\/\/yoast.com\/product\/yoast-seo-wordpress\/ -->\n<title>LEINEN-BAUMWOLLMISCHUNG-HOSE BLAU - Rabaini<\/title>\n<meta name=\"robots\" content=\"index, follow, max-snippet:-1, max-image-preview:large, max-video-preview:-1\" \/>\n<link rel=\"canonical\" href=\"https:\/\/www.rabaini.it\/de\/leinen-baumwollmischung-hose-blau\/\" \/>\n<meta property=\"og:locale\" content=\"de_DE\" \/>\n<meta property=\"og:type\" content=\"article\" \/>\n<meta property=\"og:title\" content=\"LEINEN-BAUMWOLLMISCHUNG-HOSE BLAU - Rabaini\" \/>\n<meta property=\"og:description\" content=\"Artikelnummer: ZLCMZB0RWLPU38L0360 Artikelfarbe: Blau Hose aus einem edlen Leinen- und Baumwollmix, ideal f\u00fcr die Fr\u00fchjahr-Sommer-Saison Das Naturgewebe sorgt f\u00fcr Frische, Atmungsaktivit\u00e4t und ganzt\u00e4gigen Komfort und bewahrt zugleich eine elegante Struktur Gewebe aus Leinen und Baumwolle Bund mit G\u00fcrtelschlaufen Frontverschluss mit Rei\u00dfverschluss und Knopf Frontfalte Seitentaschen Zusammensetzung: 54% Leinen, 46% Baumwolle\" \/>\n<meta property=\"og:url\" content=\"https:\/\/www.rabaini.it\/de\/leinen-baumwollmischung-hose-blau\/\" \/>\n<meta property=\"og:site_name\" content=\"Rabaini\" \/>\n<meta property=\"article:modified_time\" content=\"2026-02-06T14:25:58+00:00\" \/>\n<meta property=\"og:image\" content=\"https:\/\/www.rabaini.it\/wp-content\/uploads\/2026\/01\/3.1-1.jpg\" \/>\n\t<meta property=\"og:image:width\" content=\"1500\" \/>\n\t<meta property=\"og:image:height\" content=\"1500\" \/>\n\t<meta property=\"og:image:type\" content=\"image\/jpeg\" \/>\n<meta name=\"twitter:card\" content=\"summary_large_image\" \/>\n<script type=\"application\/ld+json\" class=\"yoast-schema-graph\">{\"@context\":\"https:\/\/schema.org\",\"@graph\":[{\"@type\":\"WebPage\",\"@id\":\"https:\/\/www.rabaini.it\/de\/leinen-baumwollmischung-hose-blau\/\",\"url\":\"https:\/\/www.rabaini.it\/de\/leinen-baumwollmischung-hose-blau\/\",\"name\":\"LEINEN-BAUMWOLLMISCHUNG-HOSE BLAU - Rabaini\",\"isPartOf\":{\"@id\":\"https:\/\/www.rabaini.it\/de\/#website\"},\"primaryImageOfPage\":{\"@id\":\"https:\/\/www.rabaini.it\/de\/leinen-baumwollmischung-hose-blau\/#primaryimage\"},\"image\":{\"@id\":\"https:\/\/www.rabaini.it\/de\/leinen-baumwollmischung-hose-blau\/#primaryimage\"},\"thumbnailUrl\":\"https:\/\/www.rabaini.it\/wp-content\/uploads\/2026\/01\/3.1-1.jpg\",\"datePublished\":\"2026-01-21T14:20:25+00:00\",\"dateModified\":\"2026-02-06T14:25:58+00:00\",\"breadcrumb\":{\"@id\":\"https:\/\/www.rabaini.it\/de\/leinen-baumwollmischung-hose-blau\/#breadcrumb\"},\"inLanguage\":\"de\",\"potentialAction\":[{\"@type\":\"ReadAction\",\"target\":[\"https:\/\/www.rabaini.it\/de\/leinen-baumwollmischung-hose-blau\/\"]}]},{\"@type\":\"ImageObject\",\"inLanguage\":\"de\",\"@id\":\"https:\/\/www.rabaini.it\/de\/leinen-baumwollmischung-hose-blau\/#primaryimage\",\"url\":\"https:\/\/www.rabaini.it\/wp-content\/uploads\/2026\/01\/3.1-1.jpg\",\"contentUrl\":\"https:\/\/www.rabaini.it\/wp-content\/uploads\/2026\/01\/3.1-1.jpg\",\"width\":1500,\"height\":1500},{\"@type\":\"BreadcrumbList\",\"@id\":\"https:\/\/www.rabaini.it\/de\/leinen-baumwollmischung-hose-blau\/#breadcrumb\",\"itemListElement\":[{\"@type\":\"ListItem\",\"position\":1,\"name\":\"Home\",\"item\":\"https:\/\/www.rabaini.it\/de\/homepage\/\"},{\"@type\":\"ListItem\",\"position\":2,\"name\":\"Gesch\u00e4ft\",\"item\":\"https:\/\/www.rabaini.it\/geschaeft\/\"},{\"@type\":\"ListItem\",\"position\":3,\"name\":\"Herren\",\"item\":\"https:\/\/www.rabaini.it\/de\/herren\/\"},{\"@type\":\"ListItem\",\"position\":4,\"name\":\"LEINEN-BAUMWOLLMISCHUNG-HOSE BLAU\"}]},{\"@type\":\"WebSite\",\"@id\":\"https:\/\/www.rabaini.it\/de\/#website\",\"url\":\"https:\/\/www.rabaini.it\/de\/\",\"name\":\"Rabaini\",\"description\":\"\",\"potentialAction\":[{\"@type\":\"SearchAction\",\"target\":{\"@type\":\"EntryPoint\",\"urlTemplate\":\"https:\/\/www.rabaini.it\/de\/?s={search_term_string}\"},\"query-input\":{\"@type\":\"PropertyValueSpecification\",\"valueRequired\":true,\"valueName\":\"search_term_string\"}}],\"inLanguage\":\"de\"}]}<\/script>\n<!-- \/ Yoast SEO plugin. -->","yoast_head_json":{"title":"LEINEN-BAUMWOLLMISCHUNG-HOSE BLAU - Rabaini","robots":{"index":"index","follow":"follow","max-snippet":"max-snippet:-1","max-image-preview":"max-image-preview:large","max-video-preview":"max-video-preview:-1"},"canonical":"https:\/\/www.rabaini.it\/de\/leinen-baumwollmischung-hose-blau\/","og_locale":"de_DE","og_type":"article","og_title":"LEINEN-BAUMWOLLMISCHUNG-HOSE BLAU - Rabaini","og_description":"Artikelnummer: ZLCMZB0RWLPU38L0360 Artikelfarbe: Blau Hose aus einem edlen Leinen- und Baumwollmix, ideal f\u00fcr die Fr\u00fchjahr-Sommer-Saison Das Naturgewebe sorgt f\u00fcr Frische, Atmungsaktivit\u00e4t und ganzt\u00e4gigen Komfort und bewahrt zugleich eine elegante Struktur Gewebe aus Leinen und Baumwolle Bund mit G\u00fcrtelschlaufen Frontverschluss mit Rei\u00dfverschluss und Knopf Frontfalte Seitentaschen Zusammensetzung: 54% Leinen, 46% Baumwolle","og_url":"https:\/\/www.rabaini.it\/de\/leinen-baumwollmischung-hose-blau\/","og_site_name":"Rabaini","article_modified_time":"2026-02-06T14:25:58+00:00","og_image":[{"width":1500,"height":1500,"url":"https:\/\/www.rabaini.it\/wp-content\/uploads\/2026\/01\/3.1-1.jpg","type":"image\/jpeg"}],"twitter_card":"summary_large_image","schema":{"@context":"https:\/\/schema.org","@graph":[{"@type":"WebPage","@id":"https:\/\/www.rabaini.it\/de\/leinen-baumwollmischung-hose-blau\/","url":"https:\/\/www.rabaini.it\/de\/leinen-baumwollmischung-hose-blau\/","name":"LEINEN-BAUMWOLLMISCHUNG-HOSE BLAU - Rabaini","isPartOf":{"@id":"https:\/\/www.rabaini.it\/de\/#website"},"primaryImageOfPage":{"@id":"https:\/\/www.rabaini.it\/de\/leinen-baumwollmischung-hose-blau\/#primaryimage"},"image":{"@id":"https:\/\/www.rabaini.it\/de\/leinen-baumwollmischung-hose-blau\/#primaryimage"},"thumbnailUrl":"https:\/\/www.rabaini.it\/wp-content\/uploads\/2026\/01\/3.1-1.jpg","datePublished":"2026-01-21T14:20:25+00:00","dateModified":"2026-02-06T14:25:58+00:00","breadcrumb":{"@id":"https:\/\/www.rabaini.it\/de\/leinen-baumwollmischung-hose-blau\/#breadcrumb"},"inLanguage":"de","potentialAction":[{"@type":"ReadAction","target":["https:\/\/www.rabaini.it\/de\/leinen-baumwollmischung-hose-blau\/"]}]},{"@type":"ImageObject","inLanguage":"de","@id":"https:\/\/www.rabaini.it\/de\/leinen-baumwollmischung-hose-blau\/#primaryimage","url":"https:\/\/www.rabaini.it\/wp-content\/uploads\/2026\/01\/3.1-1.jpg","contentUrl":"https:\/\/www.rabaini.it\/wp-content\/uploads\/2026\/01\/3.1-1.jpg","width":1500,"height":1500},{"@type":"BreadcrumbList","@id":"https:\/\/www.rabaini.it\/de\/leinen-baumwollmischung-hose-blau\/#breadcrumb","itemListElement":[{"@type":"ListItem","position":1,"name":"Home","item":"https:\/\/www.rabaini.it\/de\/homepage\/"},{"@type":"ListItem","position":2,"name":"Gesch\u00e4ft","item":"https:\/\/www.rabaini.it\/geschaeft\/"},{"@type":"ListItem","position":3,"name":"Herren","item":"https:\/\/www.rabaini.it\/de\/herren\/"},{"@type":"ListItem","position":4,"name":"LEINEN-BAUMWOLLMISCHUNG-HOSE BLAU"}]},{"@type":"WebSite","@id":"https:\/\/www.rabaini.it\/de\/#website","url":"https:\/\/www.rabaini.it\/de\/","name":"Rabaini","description":"","potentialAction":[{"@type":"SearchAction","target":{"@type":"EntryPoint","urlTemplate":"https:\/\/www.rabaini.it\/de\/?s={search_term_string}"},"query-input":{"@type":"PropertyValueSpecification","valueRequired":true,"valueName":"search_term_string"}}],"inLanguage":"de"}]}},"_links":{"self":[{"href":"https:\/\/www.rabaini.it\/de\/wp-json\/wp\/v2\/product\/143392","targetHints":{"allow":["GET"]}}],"collection":[{"href":"https:\/\/www.rabaini.it\/de\/wp-json\/wp\/v2\/product"}],"about":[{"href":"https:\/\/www.rabaini.it\/de\/wp-json\/wp\/v2\/types\/product"}],"wp:featuredmedia":[{"embeddable":true,"href":"https:\/\/www.rabaini.it\/de\/wp-json\/wp\/v2\/media\/142405"}],"wp:attachment":[{"href":"https:\/\/www.rabaini.it\/de\/wp-json\/wp\/v2\/media?parent=143392"}],"wp:term":[{"taxonomy":"product_brand","embeddable":true,"href":"https:\/\/www.rabaini.it\/de\/wp-json\/wp\/v2\/product_brand?post=143392"},{"taxonomy":"product_cat","embeddable":true,"href":"https:\/\/www.rabaini.it\/de\/wp-json\/wp\/v2\/product_cat?post=143392"},{"taxonomy":"product_tag","embeddable":true,"href":"https:\/\/www.rabaini.it\/de\/wp-json\/wp\/v2\/product_tag?post=143392"}],"curies":[{"name":"wp","href":"https:\/\/api.w.org\/{rel}","templated":true}]}}