{"id":142305,"date":"2026-01-12T16:20:00","date_gmt":"2026-01-12T15:20:00","guid":{"rendered":"https:\/\/www.rabaini.it\/?post_type=product&#038;p=142305"},"modified":"2026-02-05T18:49:25","modified_gmt":"2026-02-05T17:49:25","slug":"kurzarm-rippstrick-shirt-in-hellblau","status":"publish","type":"product","link":"https:\/\/www.rabaini.it\/de\/kurzarm-rippstrick-shirt-in-hellblau\/","title":{"rendered":"KURZARM RIPPSTRICK-SHIRT IN HELLBLAU"},"content":{"rendered":"<ul>\n<li>Artikelcode: MMGC205CE000<\/li>\n<li>Artikelfarbe: Hellblau<\/li>\n<li>Made in Italy<\/li>\n<li>Stricktop aus Viskosegarn mit gerippter Verarbeitung, die die Silhouette betont<\/li>\n<li>Kurze \u00c4rmel und klare Konstruktion f\u00fcr eine essentielle und bequeme Passform<\/li>\n<li>Schmale Passform und regul\u00e4re L\u00e4nge<\/li>\n<li>Zusammensetzung: 83% Viskose, 17% Polyester<\/li>\n<\/ul>\n","protected":false},"excerpt":{"rendered":"<p>Artikelcode: MMGC205CE000 Artikelfarbe: Hellblau Made in Italy Stricktop aus Viskosegarn mit gerippter Verarbeitung, die die Silhouette betont Kurze \u00c4rmel und klare Konstruktion f\u00fcr eine essentielle und bequeme Passform Schmale Passform und regul\u00e4re L\u00e4nge Zusammensetzung: 83% Viskose, 17% Polyester<\/p>\n","protected":false},"featured_media":142182,"template":"","meta":{"_acf_changed":false},"product_brand":[],"product_cat":[1273,1274,1308,1288],"product_tag":[],"class_list":{"0":"post-142305","1":"product","2":"type-product","3":"status-publish","4":"has-post-thumbnail","6":"product_cat-damen","7":"product_cat-damenbekleidung","8":"product_cat-neuheiten-fur-damen","9":"product_cat-strickwaren-damen","10":"marca-antonio-marras-de","12":"first","13":"instock","14":"shipping-taxable","15":"purchasable","16":"product-type-variable"},"acf":[],"yoast_head":"<!-- This site is optimized with the Yoast SEO plugin v27.2 - https:\/\/yoast.com\/product\/yoast-seo-wordpress\/ -->\n<title>KURZARM RIPPSTRICK-SHIRT IN HELLBLAU - Rabaini<\/title>\n<meta name=\"robots\" content=\"index, follow, max-snippet:-1, max-image-preview:large, max-video-preview:-1\" \/>\n<link rel=\"canonical\" href=\"https:\/\/www.rabaini.it\/de\/kurzarm-rippstrick-shirt-in-hellblau\/\" \/>\n<meta property=\"og:locale\" content=\"de_DE\" \/>\n<meta property=\"og:type\" content=\"article\" \/>\n<meta property=\"og:title\" content=\"KURZARM RIPPSTRICK-SHIRT IN HELLBLAU - Rabaini\" \/>\n<meta property=\"og:description\" content=\"Artikelcode: MMGC205CE000 Artikelfarbe: Hellblau Made in Italy Stricktop aus Viskosegarn mit gerippter Verarbeitung, die die Silhouette betont Kurze \u00c4rmel und klare Konstruktion f\u00fcr eine essentielle und bequeme Passform Schmale Passform und regul\u00e4re L\u00e4nge Zusammensetzung: 83% Viskose, 17% Polyester\" \/>\n<meta property=\"og:url\" content=\"https:\/\/www.rabaini.it\/de\/kurzarm-rippstrick-shirt-in-hellblau\/\" \/>\n<meta property=\"og:site_name\" content=\"Rabaini\" \/>\n<meta property=\"article:modified_time\" content=\"2026-02-05T17:49:25+00:00\" \/>\n<meta property=\"og:image\" content=\"https:\/\/www.rabaini.it\/wp-content\/uploads\/2026\/01\/1.1.jpg\" \/>\n\t<meta property=\"og:image:width\" content=\"1500\" \/>\n\t<meta property=\"og:image:height\" content=\"1500\" \/>\n\t<meta property=\"og:image:type\" content=\"image\/jpeg\" \/>\n<meta name=\"twitter:card\" content=\"summary_large_image\" \/>\n<script type=\"application\/ld+json\" class=\"yoast-schema-graph\">{\"@context\":\"https:\/\/schema.org\",\"@graph\":[{\"@type\":\"WebPage\",\"@id\":\"https:\/\/www.rabaini.it\/de\/kurzarm-rippstrick-shirt-in-hellblau\/\",\"url\":\"https:\/\/www.rabaini.it\/de\/kurzarm-rippstrick-shirt-in-hellblau\/\",\"name\":\"KURZARM RIPPSTRICK-SHIRT IN HELLBLAU - Rabaini\",\"isPartOf\":{\"@id\":\"https:\/\/www.rabaini.it\/de\/#website\"},\"primaryImageOfPage\":{\"@id\":\"https:\/\/www.rabaini.it\/de\/kurzarm-rippstrick-shirt-in-hellblau\/#primaryimage\"},\"image\":{\"@id\":\"https:\/\/www.rabaini.it\/de\/kurzarm-rippstrick-shirt-in-hellblau\/#primaryimage\"},\"thumbnailUrl\":\"https:\/\/www.rabaini.it\/wp-content\/uploads\/2026\/01\/1.1.jpg\",\"datePublished\":\"2026-01-12T15:20:00+00:00\",\"dateModified\":\"2026-02-05T17:49:25+00:00\",\"breadcrumb\":{\"@id\":\"https:\/\/www.rabaini.it\/de\/kurzarm-rippstrick-shirt-in-hellblau\/#breadcrumb\"},\"inLanguage\":\"de\",\"potentialAction\":[{\"@type\":\"ReadAction\",\"target\":[\"https:\/\/www.rabaini.it\/de\/kurzarm-rippstrick-shirt-in-hellblau\/\"]}]},{\"@type\":\"ImageObject\",\"inLanguage\":\"de\",\"@id\":\"https:\/\/www.rabaini.it\/de\/kurzarm-rippstrick-shirt-in-hellblau\/#primaryimage\",\"url\":\"https:\/\/www.rabaini.it\/wp-content\/uploads\/2026\/01\/1.1.jpg\",\"contentUrl\":\"https:\/\/www.rabaini.it\/wp-content\/uploads\/2026\/01\/1.1.jpg\",\"width\":1500,\"height\":1500},{\"@type\":\"BreadcrumbList\",\"@id\":\"https:\/\/www.rabaini.it\/de\/kurzarm-rippstrick-shirt-in-hellblau\/#breadcrumb\",\"itemListElement\":[{\"@type\":\"ListItem\",\"position\":1,\"name\":\"Home\",\"item\":\"https:\/\/www.rabaini.it\/de\/homepage\/\"},{\"@type\":\"ListItem\",\"position\":2,\"name\":\"Gesch\u00e4ft\",\"item\":\"https:\/\/www.rabaini.it\/geschaeft\/\"},{\"@type\":\"ListItem\",\"position\":3,\"name\":\"Damen\",\"item\":\"https:\/\/www.rabaini.it\/de\/damen\/\"},{\"@type\":\"ListItem\",\"position\":4,\"name\":\"KURZARM RIPPSTRICK-SHIRT IN HELLBLAU\"}]},{\"@type\":\"WebSite\",\"@id\":\"https:\/\/www.rabaini.it\/de\/#website\",\"url\":\"https:\/\/www.rabaini.it\/de\/\",\"name\":\"Rabaini\",\"description\":\"\",\"potentialAction\":[{\"@type\":\"SearchAction\",\"target\":{\"@type\":\"EntryPoint\",\"urlTemplate\":\"https:\/\/www.rabaini.it\/de\/?s={search_term_string}\"},\"query-input\":{\"@type\":\"PropertyValueSpecification\",\"valueRequired\":true,\"valueName\":\"search_term_string\"}}],\"inLanguage\":\"de\"}]}<\/script>\n<!-- \/ Yoast SEO plugin. -->","yoast_head_json":{"title":"KURZARM RIPPSTRICK-SHIRT IN HELLBLAU - Rabaini","robots":{"index":"index","follow":"follow","max-snippet":"max-snippet:-1","max-image-preview":"max-image-preview:large","max-video-preview":"max-video-preview:-1"},"canonical":"https:\/\/www.rabaini.it\/de\/kurzarm-rippstrick-shirt-in-hellblau\/","og_locale":"de_DE","og_type":"article","og_title":"KURZARM RIPPSTRICK-SHIRT IN HELLBLAU - Rabaini","og_description":"Artikelcode: MMGC205CE000 Artikelfarbe: Hellblau Made in Italy Stricktop aus Viskosegarn mit gerippter Verarbeitung, die die Silhouette betont Kurze \u00c4rmel und klare Konstruktion f\u00fcr eine essentielle und bequeme Passform Schmale Passform und regul\u00e4re L\u00e4nge Zusammensetzung: 83% Viskose, 17% Polyester","og_url":"https:\/\/www.rabaini.it\/de\/kurzarm-rippstrick-shirt-in-hellblau\/","og_site_name":"Rabaini","article_modified_time":"2026-02-05T17:49:25+00:00","og_image":[{"width":1500,"height":1500,"url":"https:\/\/www.rabaini.it\/wp-content\/uploads\/2026\/01\/1.1.jpg","type":"image\/jpeg"}],"twitter_card":"summary_large_image","schema":{"@context":"https:\/\/schema.org","@graph":[{"@type":"WebPage","@id":"https:\/\/www.rabaini.it\/de\/kurzarm-rippstrick-shirt-in-hellblau\/","url":"https:\/\/www.rabaini.it\/de\/kurzarm-rippstrick-shirt-in-hellblau\/","name":"KURZARM RIPPSTRICK-SHIRT IN HELLBLAU - Rabaini","isPartOf":{"@id":"https:\/\/www.rabaini.it\/de\/#website"},"primaryImageOfPage":{"@id":"https:\/\/www.rabaini.it\/de\/kurzarm-rippstrick-shirt-in-hellblau\/#primaryimage"},"image":{"@id":"https:\/\/www.rabaini.it\/de\/kurzarm-rippstrick-shirt-in-hellblau\/#primaryimage"},"thumbnailUrl":"https:\/\/www.rabaini.it\/wp-content\/uploads\/2026\/01\/1.1.jpg","datePublished":"2026-01-12T15:20:00+00:00","dateModified":"2026-02-05T17:49:25+00:00","breadcrumb":{"@id":"https:\/\/www.rabaini.it\/de\/kurzarm-rippstrick-shirt-in-hellblau\/#breadcrumb"},"inLanguage":"de","potentialAction":[{"@type":"ReadAction","target":["https:\/\/www.rabaini.it\/de\/kurzarm-rippstrick-shirt-in-hellblau\/"]}]},{"@type":"ImageObject","inLanguage":"de","@id":"https:\/\/www.rabaini.it\/de\/kurzarm-rippstrick-shirt-in-hellblau\/#primaryimage","url":"https:\/\/www.rabaini.it\/wp-content\/uploads\/2026\/01\/1.1.jpg","contentUrl":"https:\/\/www.rabaini.it\/wp-content\/uploads\/2026\/01\/1.1.jpg","width":1500,"height":1500},{"@type":"BreadcrumbList","@id":"https:\/\/www.rabaini.it\/de\/kurzarm-rippstrick-shirt-in-hellblau\/#breadcrumb","itemListElement":[{"@type":"ListItem","position":1,"name":"Home","item":"https:\/\/www.rabaini.it\/de\/homepage\/"},{"@type":"ListItem","position":2,"name":"Gesch\u00e4ft","item":"https:\/\/www.rabaini.it\/geschaeft\/"},{"@type":"ListItem","position":3,"name":"Damen","item":"https:\/\/www.rabaini.it\/de\/damen\/"},{"@type":"ListItem","position":4,"name":"KURZARM RIPPSTRICK-SHIRT IN HELLBLAU"}]},{"@type":"WebSite","@id":"https:\/\/www.rabaini.it\/de\/#website","url":"https:\/\/www.rabaini.it\/de\/","name":"Rabaini","description":"","potentialAction":[{"@type":"SearchAction","target":{"@type":"EntryPoint","urlTemplate":"https:\/\/www.rabaini.it\/de\/?s={search_term_string}"},"query-input":{"@type":"PropertyValueSpecification","valueRequired":true,"valueName":"search_term_string"}}],"inLanguage":"de"}]}},"_links":{"self":[{"href":"https:\/\/www.rabaini.it\/de\/wp-json\/wp\/v2\/product\/142305","targetHints":{"allow":["GET"]}}],"collection":[{"href":"https:\/\/www.rabaini.it\/de\/wp-json\/wp\/v2\/product"}],"about":[{"href":"https:\/\/www.rabaini.it\/de\/wp-json\/wp\/v2\/types\/product"}],"wp:featuredmedia":[{"embeddable":true,"href":"https:\/\/www.rabaini.it\/de\/wp-json\/wp\/v2\/media\/142182"}],"wp:attachment":[{"href":"https:\/\/www.rabaini.it\/de\/wp-json\/wp\/v2\/media?parent=142305"}],"wp:term":[{"taxonomy":"product_brand","embeddable":true,"href":"https:\/\/www.rabaini.it\/de\/wp-json\/wp\/v2\/product_brand?post=142305"},{"taxonomy":"product_cat","embeddable":true,"href":"https:\/\/www.rabaini.it\/de\/wp-json\/wp\/v2\/product_cat?post=142305"},{"taxonomy":"product_tag","embeddable":true,"href":"https:\/\/www.rabaini.it\/de\/wp-json\/wp\/v2\/product_tag?post=142305"}],"curies":[{"name":"wp","href":"https:\/\/api.w.org\/{rel}","templated":true}]}}