{"id":138835,"date":"2025-11-25T18:52:34","date_gmt":"2025-11-25T17:52:34","guid":{"rendered":"https:\/\/www.rabaini.it\/?post_type=product&#038;p=138835"},"modified":"2025-12-02T15:18:55","modified_gmt":"2025-12-02T14:18:55","slug":"double-front-daunenjacke-aus-kalandriertem-popeline-in-blau","status":"publish","type":"product","link":"https:\/\/www.rabaini.it\/de\/double-front-daunenjacke-aus-kalandriertem-popeline-in-blau\/","title":{"rendered":"Double-Front-Daunenjacke aus kalandriertem Popeline in Blau"},"content":{"rendered":"<ul>\n<li>Artikelcode: NAM32510620XMHU807<\/li>\n<li>Artikel\u00adfarbe: Blau<\/li>\n<li>Hergestellt in Italien<\/li>\n<li>Ikonisches Double-Front-Modell: Diese Daunenjacke mit Streetstyle-Ankl\u00e4ngen verf\u00fcgt \u00fcber eine umschlie\u00dfende Kapuze<\/li>\n<li>Gefertigt aus kalandriertem Nylon-Popeline mit wasserabweisender Behandlung und ausgestattet mit einer inneren Weste mit Stehkragen<\/li>\n<li>Mit einem doppelseitigen Rei\u00dfverschluss versehen und mit zwei seitlichen Rei\u00dfverschlusstaschen ausgestattet<\/li>\n<li>Ein dynamisches und l\u00e4ssiges Kleidungsst\u00fcck, erg\u00e4nzt durch eine Innentasche<\/li>\n<li>Materialzusammensetzung: 70% Wolle, 25% Polyamid, 5% Sonstige Fasern<\/li>\n<li>Passform: Regular<\/li>\n<li>Materialzusammensetzung: 100% Polyamid<\/li>\n<li>Futter: 100% Polyamid<\/li>\n<li>F\u00fcllung: 90% Daunen, 10% Federn<\/li>\n<li>Neue Daunen, Klasse 1, EU-Norm EN12935<\/li>\n<\/ul>\n","protected":false},"excerpt":{"rendered":"<p>Artikelcode: NAM32510620XMHU807 Artikel\u00adfarbe: Blau Hergestellt in Italien Ikonisches Double-Front-Modell: Diese Daunenjacke mit Streetstyle-Ankl\u00e4ngen verf\u00fcgt \u00fcber eine umschlie\u00dfende Kapuze Gefertigt aus kalandriertem Nylon-Popeline mit wasserabweisender Behandlung und ausgestattet mit einer inneren Weste mit Stehkragen Mit einem doppelseitigen Rei\u00dfverschluss versehen und mit zwei seitlichen Rei\u00dfverschlusstaschen ausgestattet Ein dynamisches und l\u00e4ssiges Kleidungsst\u00fcck, erg\u00e4nzt durch eine Innentasche Materialzusammensetzung: 70%&hellip;<\/p>\n","protected":false},"featured_media":138722,"template":"","meta":{"_acf_changed":false},"product_brand":[],"product_cat":[1333,1324,1357,1325,1329],"product_tag":[1664],"class_list":{"0":"post-138835","1":"product","2":"type-product","3":"status-publish","4":"has-post-thumbnail","6":"product_cat-daunenjacke-herren","7":"product_cat-herren","8":"product_cat-herren-sale","9":"product_cat-herrenbekleidung","10":"product_cat-oberbekleidung-herren","11":"product_tag-fw25-de","12":"marca-fay-de","14":"first","15":"instock","16":"sale","17":"shipping-taxable","18":"purchasable","19":"product-type-variable"},"acf":[],"yoast_head":"<!-- This site is optimized with the Yoast SEO plugin v27.2 - https:\/\/yoast.com\/product\/yoast-seo-wordpress\/ -->\n<title>Double-Front-Daunenjacke aus kalandriertem Popeline in Blau - Rabaini<\/title>\n<meta name=\"robots\" content=\"index, follow, max-snippet:-1, max-image-preview:large, max-video-preview:-1\" \/>\n<link rel=\"canonical\" href=\"https:\/\/www.rabaini.it\/de\/double-front-daunenjacke-aus-kalandriertem-popeline-in-blau\/\" \/>\n<meta property=\"og:locale\" content=\"de_DE\" \/>\n<meta property=\"og:type\" content=\"article\" \/>\n<meta property=\"og:title\" content=\"Double-Front-Daunenjacke aus kalandriertem Popeline in Blau - Rabaini\" \/>\n<meta property=\"og:description\" content=\"Artikelcode: NAM32510620XMHU807 Artikel\u00adfarbe: Blau Hergestellt in Italien Ikonisches Double-Front-Modell: Diese Daunenjacke mit Streetstyle-Ankl\u00e4ngen verf\u00fcgt \u00fcber eine umschlie\u00dfende Kapuze Gefertigt aus kalandriertem Nylon-Popeline mit wasserabweisender Behandlung und ausgestattet mit einer inneren Weste mit Stehkragen Mit einem doppelseitigen Rei\u00dfverschluss versehen und mit zwei seitlichen Rei\u00dfverschlusstaschen ausgestattet Ein dynamisches und l\u00e4ssiges Kleidungsst\u00fcck, erg\u00e4nzt durch eine Innentasche Materialzusammensetzung: 70%&hellip;\" \/>\n<meta property=\"og:url\" content=\"https:\/\/www.rabaini.it\/de\/double-front-daunenjacke-aus-kalandriertem-popeline-in-blau\/\" \/>\n<meta property=\"og:site_name\" content=\"Rabaini\" \/>\n<meta property=\"article:modified_time\" content=\"2025-12-02T14:18:55+00:00\" \/>\n<meta property=\"og:image\" content=\"https:\/\/www.rabaini.it\/wp-content\/uploads\/2025\/11\/2.1-3.jpg\" \/>\n\t<meta property=\"og:image:width\" content=\"1500\" \/>\n\t<meta property=\"og:image:height\" content=\"1500\" \/>\n\t<meta property=\"og:image:type\" content=\"image\/jpeg\" \/>\n<meta name=\"twitter:card\" content=\"summary_large_image\" \/>\n<script type=\"application\/ld+json\" class=\"yoast-schema-graph\">{\"@context\":\"https:\/\/schema.org\",\"@graph\":[{\"@type\":\"WebPage\",\"@id\":\"https:\/\/www.rabaini.it\/de\/double-front-daunenjacke-aus-kalandriertem-popeline-in-blau\/\",\"url\":\"https:\/\/www.rabaini.it\/de\/double-front-daunenjacke-aus-kalandriertem-popeline-in-blau\/\",\"name\":\"Double-Front-Daunenjacke aus kalandriertem Popeline in Blau - Rabaini\",\"isPartOf\":{\"@id\":\"https:\/\/www.rabaini.it\/de\/#website\"},\"primaryImageOfPage\":{\"@id\":\"https:\/\/www.rabaini.it\/de\/double-front-daunenjacke-aus-kalandriertem-popeline-in-blau\/#primaryimage\"},\"image\":{\"@id\":\"https:\/\/www.rabaini.it\/de\/double-front-daunenjacke-aus-kalandriertem-popeline-in-blau\/#primaryimage\"},\"thumbnailUrl\":\"https:\/\/www.rabaini.it\/wp-content\/uploads\/2025\/11\/2.1-3.jpg\",\"datePublished\":\"2025-11-25T17:52:34+00:00\",\"dateModified\":\"2025-12-02T14:18:55+00:00\",\"breadcrumb\":{\"@id\":\"https:\/\/www.rabaini.it\/de\/double-front-daunenjacke-aus-kalandriertem-popeline-in-blau\/#breadcrumb\"},\"inLanguage\":\"de\",\"potentialAction\":[{\"@type\":\"ReadAction\",\"target\":[\"https:\/\/www.rabaini.it\/de\/double-front-daunenjacke-aus-kalandriertem-popeline-in-blau\/\"]}]},{\"@type\":\"ImageObject\",\"inLanguage\":\"de\",\"@id\":\"https:\/\/www.rabaini.it\/de\/double-front-daunenjacke-aus-kalandriertem-popeline-in-blau\/#primaryimage\",\"url\":\"https:\/\/www.rabaini.it\/wp-content\/uploads\/2025\/11\/2.1-3.jpg\",\"contentUrl\":\"https:\/\/www.rabaini.it\/wp-content\/uploads\/2025\/11\/2.1-3.jpg\",\"width\":1500,\"height\":1500},{\"@type\":\"BreadcrumbList\",\"@id\":\"https:\/\/www.rabaini.it\/de\/double-front-daunenjacke-aus-kalandriertem-popeline-in-blau\/#breadcrumb\",\"itemListElement\":[{\"@type\":\"ListItem\",\"position\":1,\"name\":\"Home\",\"item\":\"https:\/\/www.rabaini.it\/de\/homepage\/\"},{\"@type\":\"ListItem\",\"position\":2,\"name\":\"Gesch\u00e4ft\",\"item\":\"https:\/\/www.rabaini.it\/geschaeft\/\"},{\"@type\":\"ListItem\",\"position\":3,\"name\":\"Herren\",\"item\":\"https:\/\/www.rabaini.it\/de\/herren\/\"},{\"@type\":\"ListItem\",\"position\":4,\"name\":\"Double-Front-Daunenjacke aus kalandriertem Popeline in Blau\"}]},{\"@type\":\"WebSite\",\"@id\":\"https:\/\/www.rabaini.it\/de\/#website\",\"url\":\"https:\/\/www.rabaini.it\/de\/\",\"name\":\"Rabaini\",\"description\":\"\",\"potentialAction\":[{\"@type\":\"SearchAction\",\"target\":{\"@type\":\"EntryPoint\",\"urlTemplate\":\"https:\/\/www.rabaini.it\/de\/?s={search_term_string}\"},\"query-input\":{\"@type\":\"PropertyValueSpecification\",\"valueRequired\":true,\"valueName\":\"search_term_string\"}}],\"inLanguage\":\"de\"}]}<\/script>\n<!-- \/ Yoast SEO plugin. -->","yoast_head_json":{"title":"Double-Front-Daunenjacke aus kalandriertem Popeline in Blau - Rabaini","robots":{"index":"index","follow":"follow","max-snippet":"max-snippet:-1","max-image-preview":"max-image-preview:large","max-video-preview":"max-video-preview:-1"},"canonical":"https:\/\/www.rabaini.it\/de\/double-front-daunenjacke-aus-kalandriertem-popeline-in-blau\/","og_locale":"de_DE","og_type":"article","og_title":"Double-Front-Daunenjacke aus kalandriertem Popeline in Blau - Rabaini","og_description":"Artikelcode: NAM32510620XMHU807 Artikel\u00adfarbe: Blau Hergestellt in Italien Ikonisches Double-Front-Modell: Diese Daunenjacke mit Streetstyle-Ankl\u00e4ngen verf\u00fcgt \u00fcber eine umschlie\u00dfende Kapuze Gefertigt aus kalandriertem Nylon-Popeline mit wasserabweisender Behandlung und ausgestattet mit einer inneren Weste mit Stehkragen Mit einem doppelseitigen Rei\u00dfverschluss versehen und mit zwei seitlichen Rei\u00dfverschlusstaschen ausgestattet Ein dynamisches und l\u00e4ssiges Kleidungsst\u00fcck, erg\u00e4nzt durch eine Innentasche Materialzusammensetzung: 70%&hellip;","og_url":"https:\/\/www.rabaini.it\/de\/double-front-daunenjacke-aus-kalandriertem-popeline-in-blau\/","og_site_name":"Rabaini","article_modified_time":"2025-12-02T14:18:55+00:00","og_image":[{"width":1500,"height":1500,"url":"https:\/\/www.rabaini.it\/wp-content\/uploads\/2025\/11\/2.1-3.jpg","type":"image\/jpeg"}],"twitter_card":"summary_large_image","schema":{"@context":"https:\/\/schema.org","@graph":[{"@type":"WebPage","@id":"https:\/\/www.rabaini.it\/de\/double-front-daunenjacke-aus-kalandriertem-popeline-in-blau\/","url":"https:\/\/www.rabaini.it\/de\/double-front-daunenjacke-aus-kalandriertem-popeline-in-blau\/","name":"Double-Front-Daunenjacke aus kalandriertem Popeline in Blau - Rabaini","isPartOf":{"@id":"https:\/\/www.rabaini.it\/de\/#website"},"primaryImageOfPage":{"@id":"https:\/\/www.rabaini.it\/de\/double-front-daunenjacke-aus-kalandriertem-popeline-in-blau\/#primaryimage"},"image":{"@id":"https:\/\/www.rabaini.it\/de\/double-front-daunenjacke-aus-kalandriertem-popeline-in-blau\/#primaryimage"},"thumbnailUrl":"https:\/\/www.rabaini.it\/wp-content\/uploads\/2025\/11\/2.1-3.jpg","datePublished":"2025-11-25T17:52:34+00:00","dateModified":"2025-12-02T14:18:55+00:00","breadcrumb":{"@id":"https:\/\/www.rabaini.it\/de\/double-front-daunenjacke-aus-kalandriertem-popeline-in-blau\/#breadcrumb"},"inLanguage":"de","potentialAction":[{"@type":"ReadAction","target":["https:\/\/www.rabaini.it\/de\/double-front-daunenjacke-aus-kalandriertem-popeline-in-blau\/"]}]},{"@type":"ImageObject","inLanguage":"de","@id":"https:\/\/www.rabaini.it\/de\/double-front-daunenjacke-aus-kalandriertem-popeline-in-blau\/#primaryimage","url":"https:\/\/www.rabaini.it\/wp-content\/uploads\/2025\/11\/2.1-3.jpg","contentUrl":"https:\/\/www.rabaini.it\/wp-content\/uploads\/2025\/11\/2.1-3.jpg","width":1500,"height":1500},{"@type":"BreadcrumbList","@id":"https:\/\/www.rabaini.it\/de\/double-front-daunenjacke-aus-kalandriertem-popeline-in-blau\/#breadcrumb","itemListElement":[{"@type":"ListItem","position":1,"name":"Home","item":"https:\/\/www.rabaini.it\/de\/homepage\/"},{"@type":"ListItem","position":2,"name":"Gesch\u00e4ft","item":"https:\/\/www.rabaini.it\/geschaeft\/"},{"@type":"ListItem","position":3,"name":"Herren","item":"https:\/\/www.rabaini.it\/de\/herren\/"},{"@type":"ListItem","position":4,"name":"Double-Front-Daunenjacke aus kalandriertem Popeline in Blau"}]},{"@type":"WebSite","@id":"https:\/\/www.rabaini.it\/de\/#website","url":"https:\/\/www.rabaini.it\/de\/","name":"Rabaini","description":"","potentialAction":[{"@type":"SearchAction","target":{"@type":"EntryPoint","urlTemplate":"https:\/\/www.rabaini.it\/de\/?s={search_term_string}"},"query-input":{"@type":"PropertyValueSpecification","valueRequired":true,"valueName":"search_term_string"}}],"inLanguage":"de"}]}},"_links":{"self":[{"href":"https:\/\/www.rabaini.it\/de\/wp-json\/wp\/v2\/product\/138835","targetHints":{"allow":["GET"]}}],"collection":[{"href":"https:\/\/www.rabaini.it\/de\/wp-json\/wp\/v2\/product"}],"about":[{"href":"https:\/\/www.rabaini.it\/de\/wp-json\/wp\/v2\/types\/product"}],"wp:featuredmedia":[{"embeddable":true,"href":"https:\/\/www.rabaini.it\/de\/wp-json\/wp\/v2\/media\/138722"}],"wp:attachment":[{"href":"https:\/\/www.rabaini.it\/de\/wp-json\/wp\/v2\/media?parent=138835"}],"wp:term":[{"taxonomy":"product_brand","embeddable":true,"href":"https:\/\/www.rabaini.it\/de\/wp-json\/wp\/v2\/product_brand?post=138835"},{"taxonomy":"product_cat","embeddable":true,"href":"https:\/\/www.rabaini.it\/de\/wp-json\/wp\/v2\/product_cat?post=138835"},{"taxonomy":"product_tag","embeddable":true,"href":"https:\/\/www.rabaini.it\/de\/wp-json\/wp\/v2\/product_tag?post=138835"}],"curies":[{"name":"wp","href":"https:\/\/api.w.org\/{rel}","templated":true}]}}