{"id":137545,"date":"2025-11-07T16:11:08","date_gmt":"2025-11-07T15:11:08","guid":{"rendered":"https:\/\/www.rabaini.it\/?post_type=product&#038;p=137545"},"modified":"2025-11-10T17:06:03","modified_gmt":"2025-11-10T16:06:03","slug":"weste-aus-wolle-mit-karomuster-und-pailletten","status":"publish","type":"product","link":"https:\/\/www.rabaini.it\/de\/weste-aus-wolle-mit-karomuster-und-pailletten\/","title":{"rendered":"Weste aus Wolle mit Karomuster und Pailletten"},"content":{"rendered":"<ul>\n<li>Artikelcode: BK053PX12601500<\/li>\n<li>Artikel Farbe: Beige<\/li>\n<li>Hergestellt in Italien<\/li>\n<li>Ma\u00dfgeschneiderte Weste aus feinem Wollstoff mit Karomuster in nat\u00fcrlichen Braun- und Beiget\u00f6nen<\/li>\n<li>\u00c4rmelloses Design verziert mit kleinen transparenten Pailletten, die dem klassischen maskulinen Muster einen leuchtenden und raffinierten Akzent verleihen<\/li>\n<li>Vorderverschluss mit Kn\u00f6pfen und vollst\u00e4ndig gef\u00fcttert f\u00fcr optimalen Tragekomfort<\/li>\n<li>Wollstoff mit Karomuster<\/li>\n<li>Paillettenapplikationen<\/li>\n<li>Vorderverschluss mit Kn\u00f6pfen<\/li>\n<li>Innen vollst\u00e4ndig gef\u00fcttert<\/li>\n<li>Hauptstoff: 65% Polyester, 32% Viskose, 3% Elastan<\/li>\n<li>Sekund\u00e4rstoff: 51% Viskose, 49% Baumwolle<\/li>\n<\/ul>\n","protected":false},"excerpt":{"rendered":"<p>Artikelcode: BK053PX12601500 Artikel Farbe: Beige Hergestellt in Italien Ma\u00dfgeschneiderte Weste aus feinem Wollstoff mit Karomuster in nat\u00fcrlichen Braun- und Beiget\u00f6nen \u00c4rmelloses Design verziert mit kleinen transparenten Pailletten, die dem klassischen maskulinen Muster einen leuchtenden und raffinierten Akzent verleihen Vorderverschluss mit Kn\u00f6pfen und vollst\u00e4ndig gef\u00fcttert f\u00fcr optimalen Tragekomfort Wollstoff mit Karomuster Paillettenapplikationen Vorderverschluss mit Kn\u00f6pfen Innen&hellip;<\/p>\n","protected":false},"featured_media":136968,"template":"","meta":{"_acf_changed":false},"product_brand":[],"product_cat":[1273,1309,1274],"product_tag":[1664],"class_list":{"0":"post-137545","1":"product","2":"type-product","3":"status-publish","4":"has-post-thumbnail","6":"product_cat-damen","7":"product_cat-damen-sale","8":"product_cat-damenbekleidung","9":"product_tag-fw25-de","10":"marca-abbigliamento-cogo-de","12":"first","13":"instock","14":"sale","15":"shipping-taxable","16":"purchasable","17":"product-type-variable"},"acf":[],"yoast_head":"<!-- This site is optimized with the Yoast SEO plugin v27.2 - https:\/\/yoast.com\/product\/yoast-seo-wordpress\/ -->\n<title>Weste aus Wolle mit Karomuster und Pailletten - Rabaini<\/title>\n<meta name=\"robots\" content=\"index, follow, max-snippet:-1, max-image-preview:large, max-video-preview:-1\" \/>\n<link rel=\"canonical\" href=\"https:\/\/www.rabaini.it\/de\/weste-aus-wolle-mit-karomuster-und-pailletten\/\" \/>\n<meta property=\"og:locale\" content=\"de_DE\" \/>\n<meta property=\"og:type\" content=\"article\" \/>\n<meta property=\"og:title\" content=\"Weste aus Wolle mit Karomuster und Pailletten - Rabaini\" \/>\n<meta property=\"og:description\" content=\"Artikelcode: BK053PX12601500 Artikel Farbe: Beige Hergestellt in Italien Ma\u00dfgeschneiderte Weste aus feinem Wollstoff mit Karomuster in nat\u00fcrlichen Braun- und Beiget\u00f6nen \u00c4rmelloses Design verziert mit kleinen transparenten Pailletten, die dem klassischen maskulinen Muster einen leuchtenden und raffinierten Akzent verleihen Vorderverschluss mit Kn\u00f6pfen und vollst\u00e4ndig gef\u00fcttert f\u00fcr optimalen Tragekomfort Wollstoff mit Karomuster Paillettenapplikationen Vorderverschluss mit Kn\u00f6pfen Innen&hellip;\" \/>\n<meta property=\"og:url\" content=\"https:\/\/www.rabaini.it\/de\/weste-aus-wolle-mit-karomuster-und-pailletten\/\" \/>\n<meta property=\"og:site_name\" content=\"Rabaini\" \/>\n<meta property=\"article:modified_time\" content=\"2025-11-10T16:06:03+00:00\" \/>\n<meta property=\"og:image\" content=\"https:\/\/www.rabaini.it\/wp-content\/uploads\/2025\/11\/24.1.jpg\" \/>\n\t<meta property=\"og:image:width\" content=\"1500\" \/>\n\t<meta property=\"og:image:height\" content=\"1500\" \/>\n\t<meta property=\"og:image:type\" content=\"image\/jpeg\" \/>\n<meta name=\"twitter:card\" content=\"summary_large_image\" \/>\n<script type=\"application\/ld+json\" class=\"yoast-schema-graph\">{\"@context\":\"https:\/\/schema.org\",\"@graph\":[{\"@type\":\"WebPage\",\"@id\":\"https:\/\/www.rabaini.it\/de\/weste-aus-wolle-mit-karomuster-und-pailletten\/\",\"url\":\"https:\/\/www.rabaini.it\/de\/weste-aus-wolle-mit-karomuster-und-pailletten\/\",\"name\":\"Weste aus Wolle mit Karomuster und Pailletten - Rabaini\",\"isPartOf\":{\"@id\":\"https:\/\/www.rabaini.it\/de\/#website\"},\"primaryImageOfPage\":{\"@id\":\"https:\/\/www.rabaini.it\/de\/weste-aus-wolle-mit-karomuster-und-pailletten\/#primaryimage\"},\"image\":{\"@id\":\"https:\/\/www.rabaini.it\/de\/weste-aus-wolle-mit-karomuster-und-pailletten\/#primaryimage\"},\"thumbnailUrl\":\"https:\/\/www.rabaini.it\/wp-content\/uploads\/2025\/11\/24.1.jpg\",\"datePublished\":\"2025-11-07T15:11:08+00:00\",\"dateModified\":\"2025-11-10T16:06:03+00:00\",\"breadcrumb\":{\"@id\":\"https:\/\/www.rabaini.it\/de\/weste-aus-wolle-mit-karomuster-und-pailletten\/#breadcrumb\"},\"inLanguage\":\"de\",\"potentialAction\":[{\"@type\":\"ReadAction\",\"target\":[\"https:\/\/www.rabaini.it\/de\/weste-aus-wolle-mit-karomuster-und-pailletten\/\"]}]},{\"@type\":\"ImageObject\",\"inLanguage\":\"de\",\"@id\":\"https:\/\/www.rabaini.it\/de\/weste-aus-wolle-mit-karomuster-und-pailletten\/#primaryimage\",\"url\":\"https:\/\/www.rabaini.it\/wp-content\/uploads\/2025\/11\/24.1.jpg\",\"contentUrl\":\"https:\/\/www.rabaini.it\/wp-content\/uploads\/2025\/11\/24.1.jpg\",\"width\":1500,\"height\":1500},{\"@type\":\"BreadcrumbList\",\"@id\":\"https:\/\/www.rabaini.it\/de\/weste-aus-wolle-mit-karomuster-und-pailletten\/#breadcrumb\",\"itemListElement\":[{\"@type\":\"ListItem\",\"position\":1,\"name\":\"Home\",\"item\":\"https:\/\/www.rabaini.it\/de\/homepage\/\"},{\"@type\":\"ListItem\",\"position\":2,\"name\":\"Gesch\u00e4ft\",\"item\":\"https:\/\/www.rabaini.it\/geschaeft\/\"},{\"@type\":\"ListItem\",\"position\":3,\"name\":\"Damen\",\"item\":\"https:\/\/www.rabaini.it\/de\/damen\/\"},{\"@type\":\"ListItem\",\"position\":4,\"name\":\"Weste aus Wolle mit Karomuster und Pailletten\"}]},{\"@type\":\"WebSite\",\"@id\":\"https:\/\/www.rabaini.it\/de\/#website\",\"url\":\"https:\/\/www.rabaini.it\/de\/\",\"name\":\"Rabaini\",\"description\":\"\",\"potentialAction\":[{\"@type\":\"SearchAction\",\"target\":{\"@type\":\"EntryPoint\",\"urlTemplate\":\"https:\/\/www.rabaini.it\/de\/?s={search_term_string}\"},\"query-input\":{\"@type\":\"PropertyValueSpecification\",\"valueRequired\":true,\"valueName\":\"search_term_string\"}}],\"inLanguage\":\"de\"}]}<\/script>\n<!-- \/ Yoast SEO plugin. -->","yoast_head_json":{"title":"Weste aus Wolle mit Karomuster und Pailletten - Rabaini","robots":{"index":"index","follow":"follow","max-snippet":"max-snippet:-1","max-image-preview":"max-image-preview:large","max-video-preview":"max-video-preview:-1"},"canonical":"https:\/\/www.rabaini.it\/de\/weste-aus-wolle-mit-karomuster-und-pailletten\/","og_locale":"de_DE","og_type":"article","og_title":"Weste aus Wolle mit Karomuster und Pailletten - Rabaini","og_description":"Artikelcode: BK053PX12601500 Artikel Farbe: Beige Hergestellt in Italien Ma\u00dfgeschneiderte Weste aus feinem Wollstoff mit Karomuster in nat\u00fcrlichen Braun- und Beiget\u00f6nen \u00c4rmelloses Design verziert mit kleinen transparenten Pailletten, die dem klassischen maskulinen Muster einen leuchtenden und raffinierten Akzent verleihen Vorderverschluss mit Kn\u00f6pfen und vollst\u00e4ndig gef\u00fcttert f\u00fcr optimalen Tragekomfort Wollstoff mit Karomuster Paillettenapplikationen Vorderverschluss mit Kn\u00f6pfen Innen&hellip;","og_url":"https:\/\/www.rabaini.it\/de\/weste-aus-wolle-mit-karomuster-und-pailletten\/","og_site_name":"Rabaini","article_modified_time":"2025-11-10T16:06:03+00:00","og_image":[{"width":1500,"height":1500,"url":"https:\/\/www.rabaini.it\/wp-content\/uploads\/2025\/11\/24.1.jpg","type":"image\/jpeg"}],"twitter_card":"summary_large_image","schema":{"@context":"https:\/\/schema.org","@graph":[{"@type":"WebPage","@id":"https:\/\/www.rabaini.it\/de\/weste-aus-wolle-mit-karomuster-und-pailletten\/","url":"https:\/\/www.rabaini.it\/de\/weste-aus-wolle-mit-karomuster-und-pailletten\/","name":"Weste aus Wolle mit Karomuster und Pailletten - Rabaini","isPartOf":{"@id":"https:\/\/www.rabaini.it\/de\/#website"},"primaryImageOfPage":{"@id":"https:\/\/www.rabaini.it\/de\/weste-aus-wolle-mit-karomuster-und-pailletten\/#primaryimage"},"image":{"@id":"https:\/\/www.rabaini.it\/de\/weste-aus-wolle-mit-karomuster-und-pailletten\/#primaryimage"},"thumbnailUrl":"https:\/\/www.rabaini.it\/wp-content\/uploads\/2025\/11\/24.1.jpg","datePublished":"2025-11-07T15:11:08+00:00","dateModified":"2025-11-10T16:06:03+00:00","breadcrumb":{"@id":"https:\/\/www.rabaini.it\/de\/weste-aus-wolle-mit-karomuster-und-pailletten\/#breadcrumb"},"inLanguage":"de","potentialAction":[{"@type":"ReadAction","target":["https:\/\/www.rabaini.it\/de\/weste-aus-wolle-mit-karomuster-und-pailletten\/"]}]},{"@type":"ImageObject","inLanguage":"de","@id":"https:\/\/www.rabaini.it\/de\/weste-aus-wolle-mit-karomuster-und-pailletten\/#primaryimage","url":"https:\/\/www.rabaini.it\/wp-content\/uploads\/2025\/11\/24.1.jpg","contentUrl":"https:\/\/www.rabaini.it\/wp-content\/uploads\/2025\/11\/24.1.jpg","width":1500,"height":1500},{"@type":"BreadcrumbList","@id":"https:\/\/www.rabaini.it\/de\/weste-aus-wolle-mit-karomuster-und-pailletten\/#breadcrumb","itemListElement":[{"@type":"ListItem","position":1,"name":"Home","item":"https:\/\/www.rabaini.it\/de\/homepage\/"},{"@type":"ListItem","position":2,"name":"Gesch\u00e4ft","item":"https:\/\/www.rabaini.it\/geschaeft\/"},{"@type":"ListItem","position":3,"name":"Damen","item":"https:\/\/www.rabaini.it\/de\/damen\/"},{"@type":"ListItem","position":4,"name":"Weste aus Wolle mit Karomuster und Pailletten"}]},{"@type":"WebSite","@id":"https:\/\/www.rabaini.it\/de\/#website","url":"https:\/\/www.rabaini.it\/de\/","name":"Rabaini","description":"","potentialAction":[{"@type":"SearchAction","target":{"@type":"EntryPoint","urlTemplate":"https:\/\/www.rabaini.it\/de\/?s={search_term_string}"},"query-input":{"@type":"PropertyValueSpecification","valueRequired":true,"valueName":"search_term_string"}}],"inLanguage":"de"}]}},"_links":{"self":[{"href":"https:\/\/www.rabaini.it\/de\/wp-json\/wp\/v2\/product\/137545","targetHints":{"allow":["GET"]}}],"collection":[{"href":"https:\/\/www.rabaini.it\/de\/wp-json\/wp\/v2\/product"}],"about":[{"href":"https:\/\/www.rabaini.it\/de\/wp-json\/wp\/v2\/types\/product"}],"wp:featuredmedia":[{"embeddable":true,"href":"https:\/\/www.rabaini.it\/de\/wp-json\/wp\/v2\/media\/136968"}],"wp:attachment":[{"href":"https:\/\/www.rabaini.it\/de\/wp-json\/wp\/v2\/media?parent=137545"}],"wp:term":[{"taxonomy":"product_brand","embeddable":true,"href":"https:\/\/www.rabaini.it\/de\/wp-json\/wp\/v2\/product_brand?post=137545"},{"taxonomy":"product_cat","embeddable":true,"href":"https:\/\/www.rabaini.it\/de\/wp-json\/wp\/v2\/product_cat?post=137545"},{"taxonomy":"product_tag","embeddable":true,"href":"https:\/\/www.rabaini.it\/de\/wp-json\/wp\/v2\/product_tag?post=137545"}],"curies":[{"name":"wp","href":"https:\/\/api.w.org\/{rel}","templated":true}]}}