{"id":137442,"date":"2025-11-07T11:25:48","date_gmt":"2025-11-07T10:25:48","guid":{"rendered":"https:\/\/www.rabaini.it\/?post_type=product&#038;p=137442"},"modified":"2025-11-10T17:02:43","modified_gmt":"2025-11-10T16:02:43","slug":"palazzohose-aus-viskose-und-seide","status":"publish","type":"product","link":"https:\/\/www.rabaini.it\/de\/palazzohose-aus-viskose-und-seide\/","title":{"rendered":"PALAZZOHOSE AUS VISKOSE UND SEIDE"},"content":{"rendered":"<ul>\n<li>Artikelcode: KANADA-PT12599<\/li>\n<li>Artikel Farbe: Mehrfarbig<\/li>\n<li>Hergestellt in Italien<\/li>\n<li>Kanada ist eine Palazzo-Hose aus Viskose und Seide, die dramatische Eleganz mit materiellem Charme verbindet<\/li>\n<li>Die weite Silhouette f\u00e4llt mit leichter Fluidit\u00e4t, w\u00e4hrend das D\u00e9vor\u00e9-Samtgewebe ornamentale Muster enth\u00fcllt<\/li>\n<li>Der elastische Bund sorgt f\u00fcr Komfort, w\u00e4hrend die luxuri\u00f6se Textur optische Tiefe erzeugt<\/li>\n<li>Regul\u00e4re Passform<\/li>\n<li>Zusammensetzung: 82% Viskose, 18% Elasthan<\/li>\n<\/ul>\n","protected":false},"excerpt":{"rendered":"<p>Artikelcode: KANADA-PT12599 Artikel Farbe: Mehrfarbig Hergestellt in Italien Kanada ist eine Palazzo-Hose aus Viskose und Seide, die dramatische Eleganz mit materiellem Charme verbindet Die weite Silhouette f\u00e4llt mit leichter Fluidit\u00e4t, w\u00e4hrend das D\u00e9vor\u00e9-Samtgewebe ornamentale Muster enth\u00fcllt Der elastische Bund sorgt f\u00fcr Komfort, w\u00e4hrend die luxuri\u00f6se Textur optische Tiefe erzeugt Regul\u00e4re Passform Zusammensetzung: 82% Viskose, 18%&hellip;<\/p>\n","protected":false},"featured_media":136896,"template":"","meta":{"_acf_changed":false},"product_brand":[],"product_cat":[1273,1309,1274,1289],"product_tag":[1664],"class_list":{"0":"post-137442","1":"product","2":"type-product","3":"status-publish","4":"has-post-thumbnail","6":"product_cat-damen","7":"product_cat-damen-sale","8":"product_cat-damenbekleidung","9":"product_cat-hose-damen","10":"product_tag-fw25-de","11":"marca-pierre-louis-mascia-de","13":"first","14":"instock","15":"sale","16":"shipping-taxable","17":"purchasable","18":"product-type-variable"},"acf":[],"yoast_head":"<!-- This site is optimized with the Yoast SEO plugin v27.2 - https:\/\/yoast.com\/product\/yoast-seo-wordpress\/ -->\n<title>PALAZZOHOSE AUS VISKOSE UND SEIDE - Rabaini<\/title>\n<meta name=\"robots\" content=\"index, follow, max-snippet:-1, max-image-preview:large, max-video-preview:-1\" \/>\n<link rel=\"canonical\" href=\"https:\/\/www.rabaini.it\/de\/palazzohose-aus-viskose-und-seide\/\" \/>\n<meta property=\"og:locale\" content=\"de_DE\" \/>\n<meta property=\"og:type\" content=\"article\" \/>\n<meta property=\"og:title\" content=\"PALAZZOHOSE AUS VISKOSE UND SEIDE - Rabaini\" \/>\n<meta property=\"og:description\" content=\"Artikelcode: KANADA-PT12599 Artikel Farbe: Mehrfarbig Hergestellt in Italien Kanada ist eine Palazzo-Hose aus Viskose und Seide, die dramatische Eleganz mit materiellem Charme verbindet Die weite Silhouette f\u00e4llt mit leichter Fluidit\u00e4t, w\u00e4hrend das D\u00e9vor\u00e9-Samtgewebe ornamentale Muster enth\u00fcllt Der elastische Bund sorgt f\u00fcr Komfort, w\u00e4hrend die luxuri\u00f6se Textur optische Tiefe erzeugt Regul\u00e4re Passform Zusammensetzung: 82% Viskose, 18%&hellip;\" \/>\n<meta property=\"og:url\" content=\"https:\/\/www.rabaini.it\/de\/palazzohose-aus-viskose-und-seide\/\" \/>\n<meta property=\"og:site_name\" content=\"Rabaini\" \/>\n<meta property=\"article:modified_time\" content=\"2025-11-10T16:02:43+00:00\" \/>\n<meta property=\"og:image\" content=\"https:\/\/www.rabaini.it\/wp-content\/uploads\/2025\/11\/16.1.jpg\" \/>\n\t<meta property=\"og:image:width\" content=\"1500\" \/>\n\t<meta property=\"og:image:height\" content=\"1500\" \/>\n\t<meta property=\"og:image:type\" content=\"image\/jpeg\" \/>\n<meta name=\"twitter:card\" content=\"summary_large_image\" \/>\n<script type=\"application\/ld+json\" class=\"yoast-schema-graph\">{\"@context\":\"https:\/\/schema.org\",\"@graph\":[{\"@type\":\"WebPage\",\"@id\":\"https:\/\/www.rabaini.it\/de\/palazzohose-aus-viskose-und-seide\/\",\"url\":\"https:\/\/www.rabaini.it\/de\/palazzohose-aus-viskose-und-seide\/\",\"name\":\"PALAZZOHOSE AUS VISKOSE UND SEIDE - Rabaini\",\"isPartOf\":{\"@id\":\"https:\/\/www.rabaini.it\/de\/#website\"},\"primaryImageOfPage\":{\"@id\":\"https:\/\/www.rabaini.it\/de\/palazzohose-aus-viskose-und-seide\/#primaryimage\"},\"image\":{\"@id\":\"https:\/\/www.rabaini.it\/de\/palazzohose-aus-viskose-und-seide\/#primaryimage\"},\"thumbnailUrl\":\"https:\/\/www.rabaini.it\/wp-content\/uploads\/2025\/11\/16.1.jpg\",\"datePublished\":\"2025-11-07T10:25:48+00:00\",\"dateModified\":\"2025-11-10T16:02:43+00:00\",\"breadcrumb\":{\"@id\":\"https:\/\/www.rabaini.it\/de\/palazzohose-aus-viskose-und-seide\/#breadcrumb\"},\"inLanguage\":\"de\",\"potentialAction\":[{\"@type\":\"ReadAction\",\"target\":[\"https:\/\/www.rabaini.it\/de\/palazzohose-aus-viskose-und-seide\/\"]}]},{\"@type\":\"ImageObject\",\"inLanguage\":\"de\",\"@id\":\"https:\/\/www.rabaini.it\/de\/palazzohose-aus-viskose-und-seide\/#primaryimage\",\"url\":\"https:\/\/www.rabaini.it\/wp-content\/uploads\/2025\/11\/16.1.jpg\",\"contentUrl\":\"https:\/\/www.rabaini.it\/wp-content\/uploads\/2025\/11\/16.1.jpg\",\"width\":1500,\"height\":1500},{\"@type\":\"BreadcrumbList\",\"@id\":\"https:\/\/www.rabaini.it\/de\/palazzohose-aus-viskose-und-seide\/#breadcrumb\",\"itemListElement\":[{\"@type\":\"ListItem\",\"position\":1,\"name\":\"Home\",\"item\":\"https:\/\/www.rabaini.it\/de\/homepage\/\"},{\"@type\":\"ListItem\",\"position\":2,\"name\":\"Gesch\u00e4ft\",\"item\":\"https:\/\/www.rabaini.it\/geschaeft\/\"},{\"@type\":\"ListItem\",\"position\":3,\"name\":\"Damen\",\"item\":\"https:\/\/www.rabaini.it\/de\/damen\/\"},{\"@type\":\"ListItem\",\"position\":4,\"name\":\"PALAZZOHOSE AUS VISKOSE UND SEIDE\"}]},{\"@type\":\"WebSite\",\"@id\":\"https:\/\/www.rabaini.it\/de\/#website\",\"url\":\"https:\/\/www.rabaini.it\/de\/\",\"name\":\"Rabaini\",\"description\":\"\",\"potentialAction\":[{\"@type\":\"SearchAction\",\"target\":{\"@type\":\"EntryPoint\",\"urlTemplate\":\"https:\/\/www.rabaini.it\/de\/?s={search_term_string}\"},\"query-input\":{\"@type\":\"PropertyValueSpecification\",\"valueRequired\":true,\"valueName\":\"search_term_string\"}}],\"inLanguage\":\"de\"}]}<\/script>\n<!-- \/ Yoast SEO plugin. -->","yoast_head_json":{"title":"PALAZZOHOSE AUS VISKOSE UND SEIDE - Rabaini","robots":{"index":"index","follow":"follow","max-snippet":"max-snippet:-1","max-image-preview":"max-image-preview:large","max-video-preview":"max-video-preview:-1"},"canonical":"https:\/\/www.rabaini.it\/de\/palazzohose-aus-viskose-und-seide\/","og_locale":"de_DE","og_type":"article","og_title":"PALAZZOHOSE AUS VISKOSE UND SEIDE - Rabaini","og_description":"Artikelcode: KANADA-PT12599 Artikel Farbe: Mehrfarbig Hergestellt in Italien Kanada ist eine Palazzo-Hose aus Viskose und Seide, die dramatische Eleganz mit materiellem Charme verbindet Die weite Silhouette f\u00e4llt mit leichter Fluidit\u00e4t, w\u00e4hrend das D\u00e9vor\u00e9-Samtgewebe ornamentale Muster enth\u00fcllt Der elastische Bund sorgt f\u00fcr Komfort, w\u00e4hrend die luxuri\u00f6se Textur optische Tiefe erzeugt Regul\u00e4re Passform Zusammensetzung: 82% Viskose, 18%&hellip;","og_url":"https:\/\/www.rabaini.it\/de\/palazzohose-aus-viskose-und-seide\/","og_site_name":"Rabaini","article_modified_time":"2025-11-10T16:02:43+00:00","og_image":[{"width":1500,"height":1500,"url":"https:\/\/www.rabaini.it\/wp-content\/uploads\/2025\/11\/16.1.jpg","type":"image\/jpeg"}],"twitter_card":"summary_large_image","schema":{"@context":"https:\/\/schema.org","@graph":[{"@type":"WebPage","@id":"https:\/\/www.rabaini.it\/de\/palazzohose-aus-viskose-und-seide\/","url":"https:\/\/www.rabaini.it\/de\/palazzohose-aus-viskose-und-seide\/","name":"PALAZZOHOSE AUS VISKOSE UND SEIDE - Rabaini","isPartOf":{"@id":"https:\/\/www.rabaini.it\/de\/#website"},"primaryImageOfPage":{"@id":"https:\/\/www.rabaini.it\/de\/palazzohose-aus-viskose-und-seide\/#primaryimage"},"image":{"@id":"https:\/\/www.rabaini.it\/de\/palazzohose-aus-viskose-und-seide\/#primaryimage"},"thumbnailUrl":"https:\/\/www.rabaini.it\/wp-content\/uploads\/2025\/11\/16.1.jpg","datePublished":"2025-11-07T10:25:48+00:00","dateModified":"2025-11-10T16:02:43+00:00","breadcrumb":{"@id":"https:\/\/www.rabaini.it\/de\/palazzohose-aus-viskose-und-seide\/#breadcrumb"},"inLanguage":"de","potentialAction":[{"@type":"ReadAction","target":["https:\/\/www.rabaini.it\/de\/palazzohose-aus-viskose-und-seide\/"]}]},{"@type":"ImageObject","inLanguage":"de","@id":"https:\/\/www.rabaini.it\/de\/palazzohose-aus-viskose-und-seide\/#primaryimage","url":"https:\/\/www.rabaini.it\/wp-content\/uploads\/2025\/11\/16.1.jpg","contentUrl":"https:\/\/www.rabaini.it\/wp-content\/uploads\/2025\/11\/16.1.jpg","width":1500,"height":1500},{"@type":"BreadcrumbList","@id":"https:\/\/www.rabaini.it\/de\/palazzohose-aus-viskose-und-seide\/#breadcrumb","itemListElement":[{"@type":"ListItem","position":1,"name":"Home","item":"https:\/\/www.rabaini.it\/de\/homepage\/"},{"@type":"ListItem","position":2,"name":"Gesch\u00e4ft","item":"https:\/\/www.rabaini.it\/geschaeft\/"},{"@type":"ListItem","position":3,"name":"Damen","item":"https:\/\/www.rabaini.it\/de\/damen\/"},{"@type":"ListItem","position":4,"name":"PALAZZOHOSE AUS VISKOSE UND SEIDE"}]},{"@type":"WebSite","@id":"https:\/\/www.rabaini.it\/de\/#website","url":"https:\/\/www.rabaini.it\/de\/","name":"Rabaini","description":"","potentialAction":[{"@type":"SearchAction","target":{"@type":"EntryPoint","urlTemplate":"https:\/\/www.rabaini.it\/de\/?s={search_term_string}"},"query-input":{"@type":"PropertyValueSpecification","valueRequired":true,"valueName":"search_term_string"}}],"inLanguage":"de"}]}},"_links":{"self":[{"href":"https:\/\/www.rabaini.it\/de\/wp-json\/wp\/v2\/product\/137442","targetHints":{"allow":["GET"]}}],"collection":[{"href":"https:\/\/www.rabaini.it\/de\/wp-json\/wp\/v2\/product"}],"about":[{"href":"https:\/\/www.rabaini.it\/de\/wp-json\/wp\/v2\/types\/product"}],"wp:featuredmedia":[{"embeddable":true,"href":"https:\/\/www.rabaini.it\/de\/wp-json\/wp\/v2\/media\/136896"}],"wp:attachment":[{"href":"https:\/\/www.rabaini.it\/de\/wp-json\/wp\/v2\/media?parent=137442"}],"wp:term":[{"taxonomy":"product_brand","embeddable":true,"href":"https:\/\/www.rabaini.it\/de\/wp-json\/wp\/v2\/product_brand?post=137442"},{"taxonomy":"product_cat","embeddable":true,"href":"https:\/\/www.rabaini.it\/de\/wp-json\/wp\/v2\/product_cat?post=137442"},{"taxonomy":"product_tag","embeddable":true,"href":"https:\/\/www.rabaini.it\/de\/wp-json\/wp\/v2\/product_tag?post=137442"}],"curies":[{"name":"wp","href":"https:\/\/api.w.org\/{rel}","templated":true}]}}