{"id":136646,"date":"2025-10-30T18:14:23","date_gmt":"2025-10-30T17:14:23","guid":{"rendered":"https:\/\/www.rabaini.it\/?post_type=product&#038;p=136646"},"modified":"2025-10-31T16:18:32","modified_gmt":"2025-10-31T15:18:32","slug":"weit-geschnittene-hose-aus-puderfarbenem-wollstoff","status":"publish","type":"product","link":"https:\/\/www.rabaini.it\/de\/weit-geschnittene-hose-aus-puderfarbenem-wollstoff\/","title":{"rendered":"Weit geschnittene Hose aus puderfarbenem Wollstoff"},"content":{"rendered":"<ul>\n<li>Artikelcode: 171934 D1272 110<\/li>\n<li>Artikel\u00adfarbe: Puder<\/li>\n<li>Hergestellt in Italien<\/li>\n<li>Weite Silhouette, raffinierte Schneiderdetails und die W\u00e4rme und der Komfort eines weichen Wollstoffs<\/li>\n<li>Diese Hose ist die perfekte Kombination aus ma\u00dfgeschneiderter Attit\u00fcde und Vielseitigkeit, ideal f\u00fcr neue Zusammenstellungen in der Wintergarderobe<\/li>\n<li>Mit doppelter Vorderfalte, schr\u00e4gen Vordertaschen mit Klappe und einreihigen Ges\u00e4\u00dftaschen mit Knopf<\/li>\n<li>Hauptstoff: 100% Schurwolle<\/li>\n<li>Taschenfutter: 100% Baumwolle<\/li>\n<\/ul>\n","protected":false},"excerpt":{"rendered":"<p>Artikelcode: 171934 D1272 110 Artikel\u00adfarbe: Puder Hergestellt in Italien Weite Silhouette, raffinierte Schneiderdetails und die W\u00e4rme und der Komfort eines weichen Wollstoffs Diese Hose ist die perfekte Kombination aus ma\u00dfgeschneiderter Attit\u00fcde und Vielseitigkeit, ideal f\u00fcr neue Zusammenstellungen in der Wintergarderobe Mit doppelter Vorderfalte, schr\u00e4gen Vordertaschen mit Klappe und einreihigen Ges\u00e4\u00dftaschen mit Knopf Hauptstoff: 100% Schurwolle&hellip;<\/p>\n","protected":false},"featured_media":136145,"template":"","meta":{"_acf_changed":false},"product_brand":[],"product_cat":[1273,1309,1274,1289],"product_tag":[1664],"class_list":{"0":"post-136646","1":"product","2":"type-product","3":"status-publish","4":"has-post-thumbnail","6":"product_cat-damen","7":"product_cat-damen-sale","8":"product_cat-damenbekleidung","9":"product_cat-hose-damen","10":"product_tag-fw25-de","11":"marca-slowear-incotex-de","13":"first","14":"instock","15":"sale","16":"shipping-taxable","17":"purchasable","18":"product-type-variable"},"acf":[],"yoast_head":"<!-- This site is optimized with the Yoast SEO plugin v27.2 - https:\/\/yoast.com\/product\/yoast-seo-wordpress\/ -->\n<title>Weit geschnittene Hose aus puderfarbenem Wollstoff - Rabaini<\/title>\n<meta name=\"robots\" content=\"index, follow, max-snippet:-1, max-image-preview:large, max-video-preview:-1\" \/>\n<link rel=\"canonical\" href=\"https:\/\/www.rabaini.it\/de\/weit-geschnittene-hose-aus-puderfarbenem-wollstoff\/\" \/>\n<meta property=\"og:locale\" content=\"de_DE\" \/>\n<meta property=\"og:type\" content=\"article\" \/>\n<meta property=\"og:title\" content=\"Weit geschnittene Hose aus puderfarbenem Wollstoff - Rabaini\" \/>\n<meta property=\"og:description\" content=\"Artikelcode: 171934 D1272 110 Artikel\u00adfarbe: Puder Hergestellt in Italien Weite Silhouette, raffinierte Schneiderdetails und die W\u00e4rme und der Komfort eines weichen Wollstoffs Diese Hose ist die perfekte Kombination aus ma\u00dfgeschneiderter Attit\u00fcde und Vielseitigkeit, ideal f\u00fcr neue Zusammenstellungen in der Wintergarderobe Mit doppelter Vorderfalte, schr\u00e4gen Vordertaschen mit Klappe und einreihigen Ges\u00e4\u00dftaschen mit Knopf Hauptstoff: 100% Schurwolle&hellip;\" \/>\n<meta property=\"og:url\" content=\"https:\/\/www.rabaini.it\/de\/weit-geschnittene-hose-aus-puderfarbenem-wollstoff\/\" \/>\n<meta property=\"og:site_name\" content=\"Rabaini\" \/>\n<meta property=\"article:modified_time\" content=\"2025-10-31T15:18:32+00:00\" \/>\n<meta property=\"og:image\" content=\"https:\/\/www.rabaini.it\/wp-content\/uploads\/2025\/10\/15.1-2.jpg\" \/>\n\t<meta property=\"og:image:width\" content=\"1500\" \/>\n\t<meta property=\"og:image:height\" content=\"1500\" \/>\n\t<meta property=\"og:image:type\" content=\"image\/jpeg\" \/>\n<meta name=\"twitter:card\" content=\"summary_large_image\" \/>\n<script type=\"application\/ld+json\" class=\"yoast-schema-graph\">{\"@context\":\"https:\/\/schema.org\",\"@graph\":[{\"@type\":\"WebPage\",\"@id\":\"https:\/\/www.rabaini.it\/de\/weit-geschnittene-hose-aus-puderfarbenem-wollstoff\/\",\"url\":\"https:\/\/www.rabaini.it\/de\/weit-geschnittene-hose-aus-puderfarbenem-wollstoff\/\",\"name\":\"Weit geschnittene Hose aus puderfarbenem Wollstoff - Rabaini\",\"isPartOf\":{\"@id\":\"https:\/\/www.rabaini.it\/de\/#website\"},\"primaryImageOfPage\":{\"@id\":\"https:\/\/www.rabaini.it\/de\/weit-geschnittene-hose-aus-puderfarbenem-wollstoff\/#primaryimage\"},\"image\":{\"@id\":\"https:\/\/www.rabaini.it\/de\/weit-geschnittene-hose-aus-puderfarbenem-wollstoff\/#primaryimage\"},\"thumbnailUrl\":\"https:\/\/www.rabaini.it\/wp-content\/uploads\/2025\/10\/15.1-2.jpg\",\"datePublished\":\"2025-10-30T17:14:23+00:00\",\"dateModified\":\"2025-10-31T15:18:32+00:00\",\"breadcrumb\":{\"@id\":\"https:\/\/www.rabaini.it\/de\/weit-geschnittene-hose-aus-puderfarbenem-wollstoff\/#breadcrumb\"},\"inLanguage\":\"de\",\"potentialAction\":[{\"@type\":\"ReadAction\",\"target\":[\"https:\/\/www.rabaini.it\/de\/weit-geschnittene-hose-aus-puderfarbenem-wollstoff\/\"]}]},{\"@type\":\"ImageObject\",\"inLanguage\":\"de\",\"@id\":\"https:\/\/www.rabaini.it\/de\/weit-geschnittene-hose-aus-puderfarbenem-wollstoff\/#primaryimage\",\"url\":\"https:\/\/www.rabaini.it\/wp-content\/uploads\/2025\/10\/15.1-2.jpg\",\"contentUrl\":\"https:\/\/www.rabaini.it\/wp-content\/uploads\/2025\/10\/15.1-2.jpg\",\"width\":1500,\"height\":1500},{\"@type\":\"BreadcrumbList\",\"@id\":\"https:\/\/www.rabaini.it\/de\/weit-geschnittene-hose-aus-puderfarbenem-wollstoff\/#breadcrumb\",\"itemListElement\":[{\"@type\":\"ListItem\",\"position\":1,\"name\":\"Home\",\"item\":\"https:\/\/www.rabaini.it\/de\/homepage\/\"},{\"@type\":\"ListItem\",\"position\":2,\"name\":\"Gesch\u00e4ft\",\"item\":\"https:\/\/www.rabaini.it\/geschaeft\/\"},{\"@type\":\"ListItem\",\"position\":3,\"name\":\"Damen\",\"item\":\"https:\/\/www.rabaini.it\/de\/damen\/\"},{\"@type\":\"ListItem\",\"position\":4,\"name\":\"Weit geschnittene Hose aus puderfarbenem Wollstoff\"}]},{\"@type\":\"WebSite\",\"@id\":\"https:\/\/www.rabaini.it\/de\/#website\",\"url\":\"https:\/\/www.rabaini.it\/de\/\",\"name\":\"Rabaini\",\"description\":\"\",\"potentialAction\":[{\"@type\":\"SearchAction\",\"target\":{\"@type\":\"EntryPoint\",\"urlTemplate\":\"https:\/\/www.rabaini.it\/de\/?s={search_term_string}\"},\"query-input\":{\"@type\":\"PropertyValueSpecification\",\"valueRequired\":true,\"valueName\":\"search_term_string\"}}],\"inLanguage\":\"de\"}]}<\/script>\n<!-- \/ Yoast SEO plugin. -->","yoast_head_json":{"title":"Weit geschnittene Hose aus puderfarbenem Wollstoff - Rabaini","robots":{"index":"index","follow":"follow","max-snippet":"max-snippet:-1","max-image-preview":"max-image-preview:large","max-video-preview":"max-video-preview:-1"},"canonical":"https:\/\/www.rabaini.it\/de\/weit-geschnittene-hose-aus-puderfarbenem-wollstoff\/","og_locale":"de_DE","og_type":"article","og_title":"Weit geschnittene Hose aus puderfarbenem Wollstoff - Rabaini","og_description":"Artikelcode: 171934 D1272 110 Artikel\u00adfarbe: Puder Hergestellt in Italien Weite Silhouette, raffinierte Schneiderdetails und die W\u00e4rme und der Komfort eines weichen Wollstoffs Diese Hose ist die perfekte Kombination aus ma\u00dfgeschneiderter Attit\u00fcde und Vielseitigkeit, ideal f\u00fcr neue Zusammenstellungen in der Wintergarderobe Mit doppelter Vorderfalte, schr\u00e4gen Vordertaschen mit Klappe und einreihigen Ges\u00e4\u00dftaschen mit Knopf Hauptstoff: 100% Schurwolle&hellip;","og_url":"https:\/\/www.rabaini.it\/de\/weit-geschnittene-hose-aus-puderfarbenem-wollstoff\/","og_site_name":"Rabaini","article_modified_time":"2025-10-31T15:18:32+00:00","og_image":[{"width":1500,"height":1500,"url":"https:\/\/www.rabaini.it\/wp-content\/uploads\/2025\/10\/15.1-2.jpg","type":"image\/jpeg"}],"twitter_card":"summary_large_image","schema":{"@context":"https:\/\/schema.org","@graph":[{"@type":"WebPage","@id":"https:\/\/www.rabaini.it\/de\/weit-geschnittene-hose-aus-puderfarbenem-wollstoff\/","url":"https:\/\/www.rabaini.it\/de\/weit-geschnittene-hose-aus-puderfarbenem-wollstoff\/","name":"Weit geschnittene Hose aus puderfarbenem Wollstoff - Rabaini","isPartOf":{"@id":"https:\/\/www.rabaini.it\/de\/#website"},"primaryImageOfPage":{"@id":"https:\/\/www.rabaini.it\/de\/weit-geschnittene-hose-aus-puderfarbenem-wollstoff\/#primaryimage"},"image":{"@id":"https:\/\/www.rabaini.it\/de\/weit-geschnittene-hose-aus-puderfarbenem-wollstoff\/#primaryimage"},"thumbnailUrl":"https:\/\/www.rabaini.it\/wp-content\/uploads\/2025\/10\/15.1-2.jpg","datePublished":"2025-10-30T17:14:23+00:00","dateModified":"2025-10-31T15:18:32+00:00","breadcrumb":{"@id":"https:\/\/www.rabaini.it\/de\/weit-geschnittene-hose-aus-puderfarbenem-wollstoff\/#breadcrumb"},"inLanguage":"de","potentialAction":[{"@type":"ReadAction","target":["https:\/\/www.rabaini.it\/de\/weit-geschnittene-hose-aus-puderfarbenem-wollstoff\/"]}]},{"@type":"ImageObject","inLanguage":"de","@id":"https:\/\/www.rabaini.it\/de\/weit-geschnittene-hose-aus-puderfarbenem-wollstoff\/#primaryimage","url":"https:\/\/www.rabaini.it\/wp-content\/uploads\/2025\/10\/15.1-2.jpg","contentUrl":"https:\/\/www.rabaini.it\/wp-content\/uploads\/2025\/10\/15.1-2.jpg","width":1500,"height":1500},{"@type":"BreadcrumbList","@id":"https:\/\/www.rabaini.it\/de\/weit-geschnittene-hose-aus-puderfarbenem-wollstoff\/#breadcrumb","itemListElement":[{"@type":"ListItem","position":1,"name":"Home","item":"https:\/\/www.rabaini.it\/de\/homepage\/"},{"@type":"ListItem","position":2,"name":"Gesch\u00e4ft","item":"https:\/\/www.rabaini.it\/geschaeft\/"},{"@type":"ListItem","position":3,"name":"Damen","item":"https:\/\/www.rabaini.it\/de\/damen\/"},{"@type":"ListItem","position":4,"name":"Weit geschnittene Hose aus puderfarbenem Wollstoff"}]},{"@type":"WebSite","@id":"https:\/\/www.rabaini.it\/de\/#website","url":"https:\/\/www.rabaini.it\/de\/","name":"Rabaini","description":"","potentialAction":[{"@type":"SearchAction","target":{"@type":"EntryPoint","urlTemplate":"https:\/\/www.rabaini.it\/de\/?s={search_term_string}"},"query-input":{"@type":"PropertyValueSpecification","valueRequired":true,"valueName":"search_term_string"}}],"inLanguage":"de"}]}},"_links":{"self":[{"href":"https:\/\/www.rabaini.it\/de\/wp-json\/wp\/v2\/product\/136646","targetHints":{"allow":["GET"]}}],"collection":[{"href":"https:\/\/www.rabaini.it\/de\/wp-json\/wp\/v2\/product"}],"about":[{"href":"https:\/\/www.rabaini.it\/de\/wp-json\/wp\/v2\/types\/product"}],"wp:featuredmedia":[{"embeddable":true,"href":"https:\/\/www.rabaini.it\/de\/wp-json\/wp\/v2\/media\/136145"}],"wp:attachment":[{"href":"https:\/\/www.rabaini.it\/de\/wp-json\/wp\/v2\/media?parent=136646"}],"wp:term":[{"taxonomy":"product_brand","embeddable":true,"href":"https:\/\/www.rabaini.it\/de\/wp-json\/wp\/v2\/product_brand?post=136646"},{"taxonomy":"product_cat","embeddable":true,"href":"https:\/\/www.rabaini.it\/de\/wp-json\/wp\/v2\/product_cat?post=136646"},{"taxonomy":"product_tag","embeddable":true,"href":"https:\/\/www.rabaini.it\/de\/wp-json\/wp\/v2\/product_tag?post=136646"}],"curies":[{"name":"wp","href":"https:\/\/api.w.org\/{rel}","templated":true}]}}