{"id":136586,"date":"2025-10-30T16:45:20","date_gmt":"2025-10-30T15:45:20","guid":{"rendered":"https:\/\/www.rabaini.it\/?post_type=product&#038;p=136586"},"modified":"2025-10-31T16:18:08","modified_gmt":"2025-10-31T15:18:08","slug":"roter-pullover-aus-platinum-und-mohair","status":"publish","type":"product","link":"https:\/\/www.rabaini.it\/de\/roter-pullover-aus-platinum-und-mohair\/","title":{"rendered":"Roter Pullover aus Platinum und Mohair"},"content":{"rendered":"<ul>\n<li>Artikelcode: MAD225F507<\/li>\n<li>Artikel\u00adfarbe: Rot<\/li>\n<li>Hergestellt in Italien<\/li>\n<li>Gefertigt aus Platinum, dem exklusiven Garn von Fabiana Filippi, das Wolle, Kaschmir und Seide kombiniert. Dieser Pullover mit Rundhalsausschnitt und \u00fcberschnittenen Schultern verk\u00f6rpert moderne Eleganz, betont durch Mohair-Netzeins\u00e4tze<\/li>\n<li>Vollst\u00e4ndig in Italien aus nachhaltigen Prozessen hergestellt<\/li>\n<li>Platinum-Garn<\/li>\n<li>Rundhalsausschnitt<\/li>\n<li>Hauptgewebe Zusammensetzung: 75% Wolle, 15% Seide, 10% Kaschmir<\/li>\n<li>Mohair-Teile: 65% Mohair, 33% Nylon, 2% Wolle<\/li>\n<\/ul>\n","protected":false},"excerpt":{"rendered":"<p>Artikelcode: MAD225F507 Artikel\u00adfarbe: Rot Hergestellt in Italien Gefertigt aus Platinum, dem exklusiven Garn von Fabiana Filippi, das Wolle, Kaschmir und Seide kombiniert. Dieser Pullover mit Rundhalsausschnitt und \u00fcberschnittenen Schultern verk\u00f6rpert moderne Eleganz, betont durch Mohair-Netzeins\u00e4tze Vollst\u00e4ndig in Italien aus nachhaltigen Prozessen hergestellt Platinum-Garn Rundhalsausschnitt Hauptgewebe Zusammensetzung: 75% Wolle, 15% Seide, 10% Kaschmir Mohair-Teile: 65% Mohair,&hellip;<\/p>\n","protected":false},"featured_media":136100,"template":"","meta":{"_acf_changed":false},"product_brand":[],"product_cat":[1273,1309,1274,1288],"product_tag":[1664],"class_list":{"0":"post-136586","1":"product","2":"type-product","3":"status-publish","4":"has-post-thumbnail","6":"product_cat-damen","7":"product_cat-damen-sale","8":"product_cat-damenbekleidung","9":"product_cat-strickwaren-damen","10":"product_tag-fw25-de","11":"marca-fabiana-filippi-de","13":"first","14":"instock","15":"sale","16":"shipping-taxable","17":"purchasable","18":"product-type-variable"},"acf":[],"yoast_head":"<!-- This site is optimized with the Yoast SEO plugin v27.2 - https:\/\/yoast.com\/product\/yoast-seo-wordpress\/ -->\n<title>Roter Pullover aus Platinum und Mohair - Rabaini<\/title>\n<meta name=\"robots\" content=\"index, follow, max-snippet:-1, max-image-preview:large, max-video-preview:-1\" \/>\n<link rel=\"canonical\" href=\"https:\/\/www.rabaini.it\/de\/roter-pullover-aus-platinum-und-mohair\/\" \/>\n<meta property=\"og:locale\" content=\"de_DE\" \/>\n<meta property=\"og:type\" content=\"article\" \/>\n<meta property=\"og:title\" content=\"Roter Pullover aus Platinum und Mohair - Rabaini\" \/>\n<meta property=\"og:description\" content=\"Artikelcode: MAD225F507 Artikel\u00adfarbe: Rot Hergestellt in Italien Gefertigt aus Platinum, dem exklusiven Garn von Fabiana Filippi, das Wolle, Kaschmir und Seide kombiniert. Dieser Pullover mit Rundhalsausschnitt und \u00fcberschnittenen Schultern verk\u00f6rpert moderne Eleganz, betont durch Mohair-Netzeins\u00e4tze Vollst\u00e4ndig in Italien aus nachhaltigen Prozessen hergestellt Platinum-Garn Rundhalsausschnitt Hauptgewebe Zusammensetzung: 75% Wolle, 15% Seide, 10% Kaschmir Mohair-Teile: 65% Mohair,&hellip;\" \/>\n<meta property=\"og:url\" content=\"https:\/\/www.rabaini.it\/de\/roter-pullover-aus-platinum-und-mohair\/\" \/>\n<meta property=\"og:site_name\" content=\"Rabaini\" \/>\n<meta property=\"article:modified_time\" content=\"2025-10-31T15:18:08+00:00\" \/>\n<meta property=\"og:image\" content=\"https:\/\/www.rabaini.it\/wp-content\/uploads\/2025\/10\/10.1-5.jpg\" \/>\n\t<meta property=\"og:image:width\" content=\"1500\" \/>\n\t<meta property=\"og:image:height\" content=\"1500\" \/>\n\t<meta property=\"og:image:type\" content=\"image\/jpeg\" \/>\n<meta name=\"twitter:card\" content=\"summary_large_image\" \/>\n<script type=\"application\/ld+json\" class=\"yoast-schema-graph\">{\"@context\":\"https:\/\/schema.org\",\"@graph\":[{\"@type\":\"WebPage\",\"@id\":\"https:\/\/www.rabaini.it\/de\/roter-pullover-aus-platinum-und-mohair\/\",\"url\":\"https:\/\/www.rabaini.it\/de\/roter-pullover-aus-platinum-und-mohair\/\",\"name\":\"Roter Pullover aus Platinum und Mohair - Rabaini\",\"isPartOf\":{\"@id\":\"https:\/\/www.rabaini.it\/de\/#website\"},\"primaryImageOfPage\":{\"@id\":\"https:\/\/www.rabaini.it\/de\/roter-pullover-aus-platinum-und-mohair\/#primaryimage\"},\"image\":{\"@id\":\"https:\/\/www.rabaini.it\/de\/roter-pullover-aus-platinum-und-mohair\/#primaryimage\"},\"thumbnailUrl\":\"https:\/\/www.rabaini.it\/wp-content\/uploads\/2025\/10\/10.1-5.jpg\",\"datePublished\":\"2025-10-30T15:45:20+00:00\",\"dateModified\":\"2025-10-31T15:18:08+00:00\",\"breadcrumb\":{\"@id\":\"https:\/\/www.rabaini.it\/de\/roter-pullover-aus-platinum-und-mohair\/#breadcrumb\"},\"inLanguage\":\"de\",\"potentialAction\":[{\"@type\":\"ReadAction\",\"target\":[\"https:\/\/www.rabaini.it\/de\/roter-pullover-aus-platinum-und-mohair\/\"]}]},{\"@type\":\"ImageObject\",\"inLanguage\":\"de\",\"@id\":\"https:\/\/www.rabaini.it\/de\/roter-pullover-aus-platinum-und-mohair\/#primaryimage\",\"url\":\"https:\/\/www.rabaini.it\/wp-content\/uploads\/2025\/10\/10.1-5.jpg\",\"contentUrl\":\"https:\/\/www.rabaini.it\/wp-content\/uploads\/2025\/10\/10.1-5.jpg\",\"width\":1500,\"height\":1500},{\"@type\":\"BreadcrumbList\",\"@id\":\"https:\/\/www.rabaini.it\/de\/roter-pullover-aus-platinum-und-mohair\/#breadcrumb\",\"itemListElement\":[{\"@type\":\"ListItem\",\"position\":1,\"name\":\"Home\",\"item\":\"https:\/\/www.rabaini.it\/de\/homepage\/\"},{\"@type\":\"ListItem\",\"position\":2,\"name\":\"Gesch\u00e4ft\",\"item\":\"https:\/\/www.rabaini.it\/geschaeft\/\"},{\"@type\":\"ListItem\",\"position\":3,\"name\":\"Damen\",\"item\":\"https:\/\/www.rabaini.it\/de\/damen\/\"},{\"@type\":\"ListItem\",\"position\":4,\"name\":\"Roter Pullover aus Platinum und Mohair\"}]},{\"@type\":\"WebSite\",\"@id\":\"https:\/\/www.rabaini.it\/de\/#website\",\"url\":\"https:\/\/www.rabaini.it\/de\/\",\"name\":\"Rabaini\",\"description\":\"\",\"potentialAction\":[{\"@type\":\"SearchAction\",\"target\":{\"@type\":\"EntryPoint\",\"urlTemplate\":\"https:\/\/www.rabaini.it\/de\/?s={search_term_string}\"},\"query-input\":{\"@type\":\"PropertyValueSpecification\",\"valueRequired\":true,\"valueName\":\"search_term_string\"}}],\"inLanguage\":\"de\"}]}<\/script>\n<!-- \/ Yoast SEO plugin. -->","yoast_head_json":{"title":"Roter Pullover aus Platinum und Mohair - Rabaini","robots":{"index":"index","follow":"follow","max-snippet":"max-snippet:-1","max-image-preview":"max-image-preview:large","max-video-preview":"max-video-preview:-1"},"canonical":"https:\/\/www.rabaini.it\/de\/roter-pullover-aus-platinum-und-mohair\/","og_locale":"de_DE","og_type":"article","og_title":"Roter Pullover aus Platinum und Mohair - Rabaini","og_description":"Artikelcode: MAD225F507 Artikel\u00adfarbe: Rot Hergestellt in Italien Gefertigt aus Platinum, dem exklusiven Garn von Fabiana Filippi, das Wolle, Kaschmir und Seide kombiniert. Dieser Pullover mit Rundhalsausschnitt und \u00fcberschnittenen Schultern verk\u00f6rpert moderne Eleganz, betont durch Mohair-Netzeins\u00e4tze Vollst\u00e4ndig in Italien aus nachhaltigen Prozessen hergestellt Platinum-Garn Rundhalsausschnitt Hauptgewebe Zusammensetzung: 75% Wolle, 15% Seide, 10% Kaschmir Mohair-Teile: 65% Mohair,&hellip;","og_url":"https:\/\/www.rabaini.it\/de\/roter-pullover-aus-platinum-und-mohair\/","og_site_name":"Rabaini","article_modified_time":"2025-10-31T15:18:08+00:00","og_image":[{"width":1500,"height":1500,"url":"https:\/\/www.rabaini.it\/wp-content\/uploads\/2025\/10\/10.1-5.jpg","type":"image\/jpeg"}],"twitter_card":"summary_large_image","schema":{"@context":"https:\/\/schema.org","@graph":[{"@type":"WebPage","@id":"https:\/\/www.rabaini.it\/de\/roter-pullover-aus-platinum-und-mohair\/","url":"https:\/\/www.rabaini.it\/de\/roter-pullover-aus-platinum-und-mohair\/","name":"Roter Pullover aus Platinum und Mohair - Rabaini","isPartOf":{"@id":"https:\/\/www.rabaini.it\/de\/#website"},"primaryImageOfPage":{"@id":"https:\/\/www.rabaini.it\/de\/roter-pullover-aus-platinum-und-mohair\/#primaryimage"},"image":{"@id":"https:\/\/www.rabaini.it\/de\/roter-pullover-aus-platinum-und-mohair\/#primaryimage"},"thumbnailUrl":"https:\/\/www.rabaini.it\/wp-content\/uploads\/2025\/10\/10.1-5.jpg","datePublished":"2025-10-30T15:45:20+00:00","dateModified":"2025-10-31T15:18:08+00:00","breadcrumb":{"@id":"https:\/\/www.rabaini.it\/de\/roter-pullover-aus-platinum-und-mohair\/#breadcrumb"},"inLanguage":"de","potentialAction":[{"@type":"ReadAction","target":["https:\/\/www.rabaini.it\/de\/roter-pullover-aus-platinum-und-mohair\/"]}]},{"@type":"ImageObject","inLanguage":"de","@id":"https:\/\/www.rabaini.it\/de\/roter-pullover-aus-platinum-und-mohair\/#primaryimage","url":"https:\/\/www.rabaini.it\/wp-content\/uploads\/2025\/10\/10.1-5.jpg","contentUrl":"https:\/\/www.rabaini.it\/wp-content\/uploads\/2025\/10\/10.1-5.jpg","width":1500,"height":1500},{"@type":"BreadcrumbList","@id":"https:\/\/www.rabaini.it\/de\/roter-pullover-aus-platinum-und-mohair\/#breadcrumb","itemListElement":[{"@type":"ListItem","position":1,"name":"Home","item":"https:\/\/www.rabaini.it\/de\/homepage\/"},{"@type":"ListItem","position":2,"name":"Gesch\u00e4ft","item":"https:\/\/www.rabaini.it\/geschaeft\/"},{"@type":"ListItem","position":3,"name":"Damen","item":"https:\/\/www.rabaini.it\/de\/damen\/"},{"@type":"ListItem","position":4,"name":"Roter Pullover aus Platinum und Mohair"}]},{"@type":"WebSite","@id":"https:\/\/www.rabaini.it\/de\/#website","url":"https:\/\/www.rabaini.it\/de\/","name":"Rabaini","description":"","potentialAction":[{"@type":"SearchAction","target":{"@type":"EntryPoint","urlTemplate":"https:\/\/www.rabaini.it\/de\/?s={search_term_string}"},"query-input":{"@type":"PropertyValueSpecification","valueRequired":true,"valueName":"search_term_string"}}],"inLanguage":"de"}]}},"_links":{"self":[{"href":"https:\/\/www.rabaini.it\/de\/wp-json\/wp\/v2\/product\/136586","targetHints":{"allow":["GET"]}}],"collection":[{"href":"https:\/\/www.rabaini.it\/de\/wp-json\/wp\/v2\/product"}],"about":[{"href":"https:\/\/www.rabaini.it\/de\/wp-json\/wp\/v2\/types\/product"}],"wp:featuredmedia":[{"embeddable":true,"href":"https:\/\/www.rabaini.it\/de\/wp-json\/wp\/v2\/media\/136100"}],"wp:attachment":[{"href":"https:\/\/www.rabaini.it\/de\/wp-json\/wp\/v2\/media?parent=136586"}],"wp:term":[{"taxonomy":"product_brand","embeddable":true,"href":"https:\/\/www.rabaini.it\/de\/wp-json\/wp\/v2\/product_brand?post=136586"},{"taxonomy":"product_cat","embeddable":true,"href":"https:\/\/www.rabaini.it\/de\/wp-json\/wp\/v2\/product_cat?post=136586"},{"taxonomy":"product_tag","embeddable":true,"href":"https:\/\/www.rabaini.it\/de\/wp-json\/wp\/v2\/product_tag?post=136586"}],"curies":[{"name":"wp","href":"https:\/\/api.w.org\/{rel}","templated":true}]}}