{"id":135929,"date":"2025-10-27T10:49:40","date_gmt":"2025-10-27T09:49:40","guid":{"rendered":"https:\/\/www.rabaini.it\/?post_type=product&#038;p=135929"},"modified":"2025-10-27T18:43:43","modified_gmt":"2025-10-27T17:43:43","slug":"color-block-sweatshirt-aus-interlock-und-pique-gewebe","status":"publish","type":"product","link":"https:\/\/www.rabaini.it\/de\/color-block-sweatshirt-aus-interlock-und-pique-gewebe\/","title":{"rendered":"color-Block-Sweatshirt aus Interlock- und Piqu\u00e9-Gewebe"},"content":{"rendered":"<ul>\n<li>Artikelcode: 252FE2066UP00350<\/li>\n<li>Artikel Farbe: Beige<\/li>\n<li>Dieses Sweatshirt kombiniert zwei verschiedene Stoffe, Interlock und Piqu\u00e9, und erzeugt so eine Textur, die dem Kleidungsst\u00fcck Dynamik und Pers\u00f6nlichkeit verleiht<\/li>\n<li>Der zentrale Farbblock wird durch feine Stickereien und Gabardine-Applikationen hervorgehoben und zollt den Frecce Tricolori dezent, aber erkennbar Tribut<\/li>\n<li>Praktisch und sportlich, die perfekte Wahl, um ein l\u00e4ssiges und stilvolles Outfit zu vervollst\u00e4ndigen<\/li>\n<li>Interlock-Stoff mit Piqu\u00e9-\u00c4rmeln und R\u00fccken<\/li>\n<li>Gebackene Innenseite<\/li>\n<li>Farbbl\u00f6cke auf der Brust<\/li>\n<li>Hoher Kragen<\/li>\n<li>Rei\u00dfverschluss<\/li>\n<li>Stickereien und Gabardine-Applikationen auf der Brust<\/li>\n<li>Vordere Leistentaschen<\/li>\n<li>Rippb\u00fcndchen an Kragen, \u00c4rmeln und Saum<\/li>\n<li>Innenseite mit einem Patch zur Geschichte der Frecce Tricolori<\/li>\n<li>Regul\u00e4re Passform<\/li>\n<li>Zusammensetzung: 90% Baumwolle, 10% Polyester<\/li>\n<li>Vorderseite: 95% Baumwolle, 5% Elastan<\/li>\n<\/ul>\n","protected":false},"excerpt":{"rendered":"<p>Artikelcode: 252FE2066UP00350 Artikel Farbe: Beige Dieses Sweatshirt kombiniert zwei verschiedene Stoffe, Interlock und Piqu\u00e9, und erzeugt so eine Textur, die dem Kleidungsst\u00fcck Dynamik und Pers\u00f6nlichkeit verleiht Der zentrale Farbblock wird durch feine Stickereien und Gabardine-Applikationen hervorgehoben und zollt den Frecce Tricolori dezent, aber erkennbar Tribut Praktisch und sportlich, die perfekte Wahl, um ein l\u00e4ssiges und&hellip;<\/p>\n","protected":false},"featured_media":135118,"template":"","meta":{"_acf_changed":false},"product_brand":[],"product_cat":[1324,1357,1325,1337],"product_tag":[1664],"class_list":{"0":"post-135929","1":"product","2":"type-product","3":"status-publish","4":"has-post-thumbnail","6":"product_cat-herren","7":"product_cat-herren-sale","8":"product_cat-herrenbekleidung","9":"product_cat-sweatshirts-herren","10":"product_tag-fw25-de","11":"marca-aeronautica-militare-de","13":"first","14":"instock","15":"sale","16":"shipping-taxable","17":"purchasable","18":"product-type-variable"},"acf":[],"yoast_head":"<!-- This site is optimized with the Yoast SEO plugin v27.2 - https:\/\/yoast.com\/product\/yoast-seo-wordpress\/ -->\n<title>color-Block-Sweatshirt aus Interlock- und Piqu\u00e9-Gewebe - Rabaini<\/title>\n<meta name=\"robots\" content=\"index, follow, max-snippet:-1, max-image-preview:large, max-video-preview:-1\" \/>\n<link rel=\"canonical\" href=\"https:\/\/www.rabaini.it\/de\/color-block-sweatshirt-aus-interlock-und-pique-gewebe\/\" \/>\n<meta property=\"og:locale\" content=\"de_DE\" \/>\n<meta property=\"og:type\" content=\"article\" \/>\n<meta property=\"og:title\" content=\"color-Block-Sweatshirt aus Interlock- und Piqu\u00e9-Gewebe - Rabaini\" \/>\n<meta property=\"og:description\" content=\"Artikelcode: 252FE2066UP00350 Artikel Farbe: Beige Dieses Sweatshirt kombiniert zwei verschiedene Stoffe, Interlock und Piqu\u00e9, und erzeugt so eine Textur, die dem Kleidungsst\u00fcck Dynamik und Pers\u00f6nlichkeit verleiht Der zentrale Farbblock wird durch feine Stickereien und Gabardine-Applikationen hervorgehoben und zollt den Frecce Tricolori dezent, aber erkennbar Tribut Praktisch und sportlich, die perfekte Wahl, um ein l\u00e4ssiges und&hellip;\" \/>\n<meta property=\"og:url\" content=\"https:\/\/www.rabaini.it\/de\/color-block-sweatshirt-aus-interlock-und-pique-gewebe\/\" \/>\n<meta property=\"og:site_name\" content=\"Rabaini\" \/>\n<meta property=\"article:modified_time\" content=\"2025-10-27T17:43:43+00:00\" \/>\n<meta property=\"og:image\" content=\"https:\/\/www.rabaini.it\/wp-content\/uploads\/2025\/10\/5.1-3.jpg\" \/>\n\t<meta property=\"og:image:width\" content=\"1500\" \/>\n\t<meta property=\"og:image:height\" content=\"1500\" \/>\n\t<meta property=\"og:image:type\" content=\"image\/jpeg\" \/>\n<meta name=\"twitter:card\" content=\"summary_large_image\" \/>\n<meta name=\"twitter:label1\" content=\"Gesch\u00e4tzte Lesezeit\" \/>\n\t<meta name=\"twitter:data1\" content=\"1\u00a0Minute\" \/>\n<script type=\"application\/ld+json\" class=\"yoast-schema-graph\">{\"@context\":\"https:\/\/schema.org\",\"@graph\":[{\"@type\":\"WebPage\",\"@id\":\"https:\/\/www.rabaini.it\/de\/color-block-sweatshirt-aus-interlock-und-pique-gewebe\/\",\"url\":\"https:\/\/www.rabaini.it\/de\/color-block-sweatshirt-aus-interlock-und-pique-gewebe\/\",\"name\":\"color-Block-Sweatshirt aus Interlock- und Piqu\u00e9-Gewebe - Rabaini\",\"isPartOf\":{\"@id\":\"https:\/\/www.rabaini.it\/de\/#website\"},\"primaryImageOfPage\":{\"@id\":\"https:\/\/www.rabaini.it\/de\/color-block-sweatshirt-aus-interlock-und-pique-gewebe\/#primaryimage\"},\"image\":{\"@id\":\"https:\/\/www.rabaini.it\/de\/color-block-sweatshirt-aus-interlock-und-pique-gewebe\/#primaryimage\"},\"thumbnailUrl\":\"https:\/\/www.rabaini.it\/wp-content\/uploads\/2025\/10\/5.1-3.jpg\",\"datePublished\":\"2025-10-27T09:49:40+00:00\",\"dateModified\":\"2025-10-27T17:43:43+00:00\",\"breadcrumb\":{\"@id\":\"https:\/\/www.rabaini.it\/de\/color-block-sweatshirt-aus-interlock-und-pique-gewebe\/#breadcrumb\"},\"inLanguage\":\"de\",\"potentialAction\":[{\"@type\":\"ReadAction\",\"target\":[\"https:\/\/www.rabaini.it\/de\/color-block-sweatshirt-aus-interlock-und-pique-gewebe\/\"]}]},{\"@type\":\"ImageObject\",\"inLanguage\":\"de\",\"@id\":\"https:\/\/www.rabaini.it\/de\/color-block-sweatshirt-aus-interlock-und-pique-gewebe\/#primaryimage\",\"url\":\"https:\/\/www.rabaini.it\/wp-content\/uploads\/2025\/10\/5.1-3.jpg\",\"contentUrl\":\"https:\/\/www.rabaini.it\/wp-content\/uploads\/2025\/10\/5.1-3.jpg\",\"width\":1500,\"height\":1500},{\"@type\":\"BreadcrumbList\",\"@id\":\"https:\/\/www.rabaini.it\/de\/color-block-sweatshirt-aus-interlock-und-pique-gewebe\/#breadcrumb\",\"itemListElement\":[{\"@type\":\"ListItem\",\"position\":1,\"name\":\"Home\",\"item\":\"https:\/\/www.rabaini.it\/de\/homepage\/\"},{\"@type\":\"ListItem\",\"position\":2,\"name\":\"Gesch\u00e4ft\",\"item\":\"https:\/\/www.rabaini.it\/geschaeft\/\"},{\"@type\":\"ListItem\",\"position\":3,\"name\":\"Herren\",\"item\":\"https:\/\/www.rabaini.it\/de\/herren\/\"},{\"@type\":\"ListItem\",\"position\":4,\"name\":\"color-Block-Sweatshirt aus Interlock- und Piqu\u00e9-Gewebe\"}]},{\"@type\":\"WebSite\",\"@id\":\"https:\/\/www.rabaini.it\/de\/#website\",\"url\":\"https:\/\/www.rabaini.it\/de\/\",\"name\":\"Rabaini\",\"description\":\"\",\"potentialAction\":[{\"@type\":\"SearchAction\",\"target\":{\"@type\":\"EntryPoint\",\"urlTemplate\":\"https:\/\/www.rabaini.it\/de\/?s={search_term_string}\"},\"query-input\":{\"@type\":\"PropertyValueSpecification\",\"valueRequired\":true,\"valueName\":\"search_term_string\"}}],\"inLanguage\":\"de\"}]}<\/script>\n<!-- \/ Yoast SEO plugin. -->","yoast_head_json":{"title":"color-Block-Sweatshirt aus Interlock- und Piqu\u00e9-Gewebe - Rabaini","robots":{"index":"index","follow":"follow","max-snippet":"max-snippet:-1","max-image-preview":"max-image-preview:large","max-video-preview":"max-video-preview:-1"},"canonical":"https:\/\/www.rabaini.it\/de\/color-block-sweatshirt-aus-interlock-und-pique-gewebe\/","og_locale":"de_DE","og_type":"article","og_title":"color-Block-Sweatshirt aus Interlock- und Piqu\u00e9-Gewebe - Rabaini","og_description":"Artikelcode: 252FE2066UP00350 Artikel Farbe: Beige Dieses Sweatshirt kombiniert zwei verschiedene Stoffe, Interlock und Piqu\u00e9, und erzeugt so eine Textur, die dem Kleidungsst\u00fcck Dynamik und Pers\u00f6nlichkeit verleiht Der zentrale Farbblock wird durch feine Stickereien und Gabardine-Applikationen hervorgehoben und zollt den Frecce Tricolori dezent, aber erkennbar Tribut Praktisch und sportlich, die perfekte Wahl, um ein l\u00e4ssiges und&hellip;","og_url":"https:\/\/www.rabaini.it\/de\/color-block-sweatshirt-aus-interlock-und-pique-gewebe\/","og_site_name":"Rabaini","article_modified_time":"2025-10-27T17:43:43+00:00","og_image":[{"width":1500,"height":1500,"url":"https:\/\/www.rabaini.it\/wp-content\/uploads\/2025\/10\/5.1-3.jpg","type":"image\/jpeg"}],"twitter_card":"summary_large_image","twitter_misc":{"Gesch\u00e4tzte Lesezeit":"1\u00a0Minute"},"schema":{"@context":"https:\/\/schema.org","@graph":[{"@type":"WebPage","@id":"https:\/\/www.rabaini.it\/de\/color-block-sweatshirt-aus-interlock-und-pique-gewebe\/","url":"https:\/\/www.rabaini.it\/de\/color-block-sweatshirt-aus-interlock-und-pique-gewebe\/","name":"color-Block-Sweatshirt aus Interlock- und Piqu\u00e9-Gewebe - Rabaini","isPartOf":{"@id":"https:\/\/www.rabaini.it\/de\/#website"},"primaryImageOfPage":{"@id":"https:\/\/www.rabaini.it\/de\/color-block-sweatshirt-aus-interlock-und-pique-gewebe\/#primaryimage"},"image":{"@id":"https:\/\/www.rabaini.it\/de\/color-block-sweatshirt-aus-interlock-und-pique-gewebe\/#primaryimage"},"thumbnailUrl":"https:\/\/www.rabaini.it\/wp-content\/uploads\/2025\/10\/5.1-3.jpg","datePublished":"2025-10-27T09:49:40+00:00","dateModified":"2025-10-27T17:43:43+00:00","breadcrumb":{"@id":"https:\/\/www.rabaini.it\/de\/color-block-sweatshirt-aus-interlock-und-pique-gewebe\/#breadcrumb"},"inLanguage":"de","potentialAction":[{"@type":"ReadAction","target":["https:\/\/www.rabaini.it\/de\/color-block-sweatshirt-aus-interlock-und-pique-gewebe\/"]}]},{"@type":"ImageObject","inLanguage":"de","@id":"https:\/\/www.rabaini.it\/de\/color-block-sweatshirt-aus-interlock-und-pique-gewebe\/#primaryimage","url":"https:\/\/www.rabaini.it\/wp-content\/uploads\/2025\/10\/5.1-3.jpg","contentUrl":"https:\/\/www.rabaini.it\/wp-content\/uploads\/2025\/10\/5.1-3.jpg","width":1500,"height":1500},{"@type":"BreadcrumbList","@id":"https:\/\/www.rabaini.it\/de\/color-block-sweatshirt-aus-interlock-und-pique-gewebe\/#breadcrumb","itemListElement":[{"@type":"ListItem","position":1,"name":"Home","item":"https:\/\/www.rabaini.it\/de\/homepage\/"},{"@type":"ListItem","position":2,"name":"Gesch\u00e4ft","item":"https:\/\/www.rabaini.it\/geschaeft\/"},{"@type":"ListItem","position":3,"name":"Herren","item":"https:\/\/www.rabaini.it\/de\/herren\/"},{"@type":"ListItem","position":4,"name":"color-Block-Sweatshirt aus Interlock- und Piqu\u00e9-Gewebe"}]},{"@type":"WebSite","@id":"https:\/\/www.rabaini.it\/de\/#website","url":"https:\/\/www.rabaini.it\/de\/","name":"Rabaini","description":"","potentialAction":[{"@type":"SearchAction","target":{"@type":"EntryPoint","urlTemplate":"https:\/\/www.rabaini.it\/de\/?s={search_term_string}"},"query-input":{"@type":"PropertyValueSpecification","valueRequired":true,"valueName":"search_term_string"}}],"inLanguage":"de"}]}},"_links":{"self":[{"href":"https:\/\/www.rabaini.it\/de\/wp-json\/wp\/v2\/product\/135929","targetHints":{"allow":["GET"]}}],"collection":[{"href":"https:\/\/www.rabaini.it\/de\/wp-json\/wp\/v2\/product"}],"about":[{"href":"https:\/\/www.rabaini.it\/de\/wp-json\/wp\/v2\/types\/product"}],"wp:featuredmedia":[{"embeddable":true,"href":"https:\/\/www.rabaini.it\/de\/wp-json\/wp\/v2\/media\/135118"}],"wp:attachment":[{"href":"https:\/\/www.rabaini.it\/de\/wp-json\/wp\/v2\/media?parent=135929"}],"wp:term":[{"taxonomy":"product_brand","embeddable":true,"href":"https:\/\/www.rabaini.it\/de\/wp-json\/wp\/v2\/product_brand?post=135929"},{"taxonomy":"product_cat","embeddable":true,"href":"https:\/\/www.rabaini.it\/de\/wp-json\/wp\/v2\/product_cat?post=135929"},{"taxonomy":"product_tag","embeddable":true,"href":"https:\/\/www.rabaini.it\/de\/wp-json\/wp\/v2\/product_tag?post=135929"}],"curies":[{"name":"wp","href":"https:\/\/api.w.org\/{rel}","templated":true}]}}