{"id":135797,"date":"2025-10-24T17:30:45","date_gmt":"2025-10-24T15:30:45","guid":{"rendered":"https:\/\/www.rabaini.it\/?post_type=product&#038;p=135797"},"modified":"2025-10-27T18:42:53","modified_gmt":"2025-10-27T17:42:53","slug":"lauer-tribeca-hoodie-aus-baumwolle-mit-stickerei-vacanze-di-natale-vacanze-di-natale-special-edition","status":"publish","type":"product","link":"https:\/\/www.rabaini.it\/de\/lauer-tribeca-hoodie-aus-baumwolle-mit-stickerei-vacanze-di-natale-vacanze-di-natale-special-edition\/","title":{"rendered":"lauer Tribeca-Hoodie aus Baumwolle mit Stickerei Vacanze di Natale | VACANZE DI NATALE SPECIAL EDITION"},"content":{"rendered":"<ul>\n<li>Artikelcode: TRIBECA VACANZE LOGO 61 EMB<\/li>\n<li>Artikel\u00adfarbe: Navyblau<\/li>\n<li>Tribeca ehrt den Vanzina-Kultfilm: eine Frottee-Stickerei, die an italienisches Kino und markanten Stil erinnert<\/li>\n<li>Hoodie mit K\u00e4ngurutasche<\/li>\n<li>Baumwollpullover mit geb\u00fcrstetem Innenfutter<\/li>\n<li>Mit Kapuze<\/li>\n<li>K\u00e4ngurutasche<\/li>\n<li>Passende Rippabschl\u00fcsse<\/li>\n<li>Zentrale Frottee-Stickerei &#8222;Vacanze di Natale&#8220;<\/li>\n<li>Regular Fit<\/li>\n<li>Zusammensetzung: 100% Baumwolle<\/li>\n<\/ul>\n","protected":false},"excerpt":{"rendered":"<p>Artikelcode: TRIBECA VACANZE LOGO 61 EMB Artikel\u00adfarbe: Navyblau Tribeca ehrt den Vanzina-Kultfilm: eine Frottee-Stickerei, die an italienisches Kino und markanten Stil erinnert Hoodie mit K\u00e4ngurutasche Baumwollpullover mit geb\u00fcrstetem Innenfutter Mit Kapuze K\u00e4ngurutasche Passende Rippabschl\u00fcsse Zentrale Frottee-Stickerei &#8222;Vacanze di Natale&#8220; Regular Fit Zusammensetzung: 100% Baumwolle<\/p>\n","protected":false},"featured_media":135007,"template":"","meta":{"_acf_changed":false},"product_brand":[],"product_cat":[1324,1325,1337],"product_tag":[1664],"class_list":{"0":"post-135797","1":"product","2":"type-product","3":"status-publish","4":"has-post-thumbnail","6":"product_cat-herren","7":"product_cat-herrenbekleidung","8":"product_cat-sweatshirts-herren","9":"product_tag-fw25-de","10":"marca-saint-barth-de","12":"first","13":"instock","14":"shipping-taxable","15":"purchasable","16":"product-type-variable"},"acf":[],"yoast_head":"<!-- This site is optimized with the Yoast SEO plugin v27.2 - https:\/\/yoast.com\/product\/yoast-seo-wordpress\/ -->\n<title>lauer Tribeca-Hoodie aus Baumwolle mit Stickerei Vacanze di Natale | VACANZE DI NATALE SPECIAL EDITION - Rabaini<\/title>\n<meta name=\"robots\" content=\"index, follow, max-snippet:-1, max-image-preview:large, max-video-preview:-1\" \/>\n<link rel=\"canonical\" href=\"https:\/\/www.rabaini.it\/de\/lauer-tribeca-hoodie-aus-baumwolle-mit-stickerei-vacanze-di-natale-vacanze-di-natale-special-edition\/\" \/>\n<meta property=\"og:locale\" content=\"de_DE\" \/>\n<meta property=\"og:type\" content=\"article\" \/>\n<meta property=\"og:title\" content=\"lauer Tribeca-Hoodie aus Baumwolle mit Stickerei Vacanze di Natale | VACANZE DI NATALE SPECIAL EDITION - Rabaini\" \/>\n<meta property=\"og:description\" content=\"Artikelcode: TRIBECA VACANZE LOGO 61 EMB Artikel\u00adfarbe: Navyblau Tribeca ehrt den Vanzina-Kultfilm: eine Frottee-Stickerei, die an italienisches Kino und markanten Stil erinnert Hoodie mit K\u00e4ngurutasche Baumwollpullover mit geb\u00fcrstetem Innenfutter Mit Kapuze K\u00e4ngurutasche Passende Rippabschl\u00fcsse Zentrale Frottee-Stickerei &#8222;Vacanze di Natale&#8220; Regular Fit Zusammensetzung: 100% Baumwolle\" \/>\n<meta property=\"og:url\" content=\"https:\/\/www.rabaini.it\/de\/lauer-tribeca-hoodie-aus-baumwolle-mit-stickerei-vacanze-di-natale-vacanze-di-natale-special-edition\/\" \/>\n<meta property=\"og:site_name\" content=\"Rabaini\" \/>\n<meta property=\"article:modified_time\" content=\"2025-10-27T17:42:53+00:00\" \/>\n<meta property=\"og:image\" content=\"https:\/\/www.rabaini.it\/wp-content\/uploads\/2025\/10\/20.1-1.jpg\" \/>\n\t<meta property=\"og:image:width\" content=\"1500\" \/>\n\t<meta property=\"og:image:height\" content=\"1500\" \/>\n\t<meta property=\"og:image:type\" content=\"image\/jpeg\" \/>\n<meta name=\"twitter:card\" content=\"summary_large_image\" \/>\n<script type=\"application\/ld+json\" class=\"yoast-schema-graph\">{\"@context\":\"https:\/\/schema.org\",\"@graph\":[{\"@type\":\"WebPage\",\"@id\":\"https:\/\/www.rabaini.it\/de\/lauer-tribeca-hoodie-aus-baumwolle-mit-stickerei-vacanze-di-natale-vacanze-di-natale-special-edition\/\",\"url\":\"https:\/\/www.rabaini.it\/de\/lauer-tribeca-hoodie-aus-baumwolle-mit-stickerei-vacanze-di-natale-vacanze-di-natale-special-edition\/\",\"name\":\"lauer Tribeca-Hoodie aus Baumwolle mit Stickerei Vacanze di Natale | VACANZE DI NATALE SPECIAL EDITION - Rabaini\",\"isPartOf\":{\"@id\":\"https:\/\/www.rabaini.it\/de\/#website\"},\"primaryImageOfPage\":{\"@id\":\"https:\/\/www.rabaini.it\/de\/lauer-tribeca-hoodie-aus-baumwolle-mit-stickerei-vacanze-di-natale-vacanze-di-natale-special-edition\/#primaryimage\"},\"image\":{\"@id\":\"https:\/\/www.rabaini.it\/de\/lauer-tribeca-hoodie-aus-baumwolle-mit-stickerei-vacanze-di-natale-vacanze-di-natale-special-edition\/#primaryimage\"},\"thumbnailUrl\":\"https:\/\/www.rabaini.it\/wp-content\/uploads\/2025\/10\/20.1-1.jpg\",\"datePublished\":\"2025-10-24T15:30:45+00:00\",\"dateModified\":\"2025-10-27T17:42:53+00:00\",\"breadcrumb\":{\"@id\":\"https:\/\/www.rabaini.it\/de\/lauer-tribeca-hoodie-aus-baumwolle-mit-stickerei-vacanze-di-natale-vacanze-di-natale-special-edition\/#breadcrumb\"},\"inLanguage\":\"de\",\"potentialAction\":[{\"@type\":\"ReadAction\",\"target\":[\"https:\/\/www.rabaini.it\/de\/lauer-tribeca-hoodie-aus-baumwolle-mit-stickerei-vacanze-di-natale-vacanze-di-natale-special-edition\/\"]}]},{\"@type\":\"ImageObject\",\"inLanguage\":\"de\",\"@id\":\"https:\/\/www.rabaini.it\/de\/lauer-tribeca-hoodie-aus-baumwolle-mit-stickerei-vacanze-di-natale-vacanze-di-natale-special-edition\/#primaryimage\",\"url\":\"https:\/\/www.rabaini.it\/wp-content\/uploads\/2025\/10\/20.1-1.jpg\",\"contentUrl\":\"https:\/\/www.rabaini.it\/wp-content\/uploads\/2025\/10\/20.1-1.jpg\",\"width\":1500,\"height\":1500},{\"@type\":\"BreadcrumbList\",\"@id\":\"https:\/\/www.rabaini.it\/de\/lauer-tribeca-hoodie-aus-baumwolle-mit-stickerei-vacanze-di-natale-vacanze-di-natale-special-edition\/#breadcrumb\",\"itemListElement\":[{\"@type\":\"ListItem\",\"position\":1,\"name\":\"Home\",\"item\":\"https:\/\/www.rabaini.it\/de\/homepage\/\"},{\"@type\":\"ListItem\",\"position\":2,\"name\":\"Gesch\u00e4ft\",\"item\":\"https:\/\/www.rabaini.it\/geschaeft\/\"},{\"@type\":\"ListItem\",\"position\":3,\"name\":\"Herren\",\"item\":\"https:\/\/www.rabaini.it\/de\/herren\/\"},{\"@type\":\"ListItem\",\"position\":4,\"name\":\"lauer Tribeca-Hoodie aus Baumwolle mit Stickerei Vacanze di Natale | VACANZE DI NATALE SPECIAL EDITION\"}]},{\"@type\":\"WebSite\",\"@id\":\"https:\/\/www.rabaini.it\/de\/#website\",\"url\":\"https:\/\/www.rabaini.it\/de\/\",\"name\":\"Rabaini\",\"description\":\"\",\"potentialAction\":[{\"@type\":\"SearchAction\",\"target\":{\"@type\":\"EntryPoint\",\"urlTemplate\":\"https:\/\/www.rabaini.it\/de\/?s={search_term_string}\"},\"query-input\":{\"@type\":\"PropertyValueSpecification\",\"valueRequired\":true,\"valueName\":\"search_term_string\"}}],\"inLanguage\":\"de\"}]}<\/script>\n<!-- \/ Yoast SEO plugin. -->","yoast_head_json":{"title":"lauer Tribeca-Hoodie aus Baumwolle mit Stickerei Vacanze di Natale | VACANZE DI NATALE SPECIAL EDITION - Rabaini","robots":{"index":"index","follow":"follow","max-snippet":"max-snippet:-1","max-image-preview":"max-image-preview:large","max-video-preview":"max-video-preview:-1"},"canonical":"https:\/\/www.rabaini.it\/de\/lauer-tribeca-hoodie-aus-baumwolle-mit-stickerei-vacanze-di-natale-vacanze-di-natale-special-edition\/","og_locale":"de_DE","og_type":"article","og_title":"lauer Tribeca-Hoodie aus Baumwolle mit Stickerei Vacanze di Natale | VACANZE DI NATALE SPECIAL EDITION - Rabaini","og_description":"Artikelcode: TRIBECA VACANZE LOGO 61 EMB Artikel\u00adfarbe: Navyblau Tribeca ehrt den Vanzina-Kultfilm: eine Frottee-Stickerei, die an italienisches Kino und markanten Stil erinnert Hoodie mit K\u00e4ngurutasche Baumwollpullover mit geb\u00fcrstetem Innenfutter Mit Kapuze K\u00e4ngurutasche Passende Rippabschl\u00fcsse Zentrale Frottee-Stickerei &#8222;Vacanze di Natale&#8220; Regular Fit Zusammensetzung: 100% Baumwolle","og_url":"https:\/\/www.rabaini.it\/de\/lauer-tribeca-hoodie-aus-baumwolle-mit-stickerei-vacanze-di-natale-vacanze-di-natale-special-edition\/","og_site_name":"Rabaini","article_modified_time":"2025-10-27T17:42:53+00:00","og_image":[{"width":1500,"height":1500,"url":"https:\/\/www.rabaini.it\/wp-content\/uploads\/2025\/10\/20.1-1.jpg","type":"image\/jpeg"}],"twitter_card":"summary_large_image","schema":{"@context":"https:\/\/schema.org","@graph":[{"@type":"WebPage","@id":"https:\/\/www.rabaini.it\/de\/lauer-tribeca-hoodie-aus-baumwolle-mit-stickerei-vacanze-di-natale-vacanze-di-natale-special-edition\/","url":"https:\/\/www.rabaini.it\/de\/lauer-tribeca-hoodie-aus-baumwolle-mit-stickerei-vacanze-di-natale-vacanze-di-natale-special-edition\/","name":"lauer Tribeca-Hoodie aus Baumwolle mit Stickerei Vacanze di Natale | VACANZE DI NATALE SPECIAL EDITION - Rabaini","isPartOf":{"@id":"https:\/\/www.rabaini.it\/de\/#website"},"primaryImageOfPage":{"@id":"https:\/\/www.rabaini.it\/de\/lauer-tribeca-hoodie-aus-baumwolle-mit-stickerei-vacanze-di-natale-vacanze-di-natale-special-edition\/#primaryimage"},"image":{"@id":"https:\/\/www.rabaini.it\/de\/lauer-tribeca-hoodie-aus-baumwolle-mit-stickerei-vacanze-di-natale-vacanze-di-natale-special-edition\/#primaryimage"},"thumbnailUrl":"https:\/\/www.rabaini.it\/wp-content\/uploads\/2025\/10\/20.1-1.jpg","datePublished":"2025-10-24T15:30:45+00:00","dateModified":"2025-10-27T17:42:53+00:00","breadcrumb":{"@id":"https:\/\/www.rabaini.it\/de\/lauer-tribeca-hoodie-aus-baumwolle-mit-stickerei-vacanze-di-natale-vacanze-di-natale-special-edition\/#breadcrumb"},"inLanguage":"de","potentialAction":[{"@type":"ReadAction","target":["https:\/\/www.rabaini.it\/de\/lauer-tribeca-hoodie-aus-baumwolle-mit-stickerei-vacanze-di-natale-vacanze-di-natale-special-edition\/"]}]},{"@type":"ImageObject","inLanguage":"de","@id":"https:\/\/www.rabaini.it\/de\/lauer-tribeca-hoodie-aus-baumwolle-mit-stickerei-vacanze-di-natale-vacanze-di-natale-special-edition\/#primaryimage","url":"https:\/\/www.rabaini.it\/wp-content\/uploads\/2025\/10\/20.1-1.jpg","contentUrl":"https:\/\/www.rabaini.it\/wp-content\/uploads\/2025\/10\/20.1-1.jpg","width":1500,"height":1500},{"@type":"BreadcrumbList","@id":"https:\/\/www.rabaini.it\/de\/lauer-tribeca-hoodie-aus-baumwolle-mit-stickerei-vacanze-di-natale-vacanze-di-natale-special-edition\/#breadcrumb","itemListElement":[{"@type":"ListItem","position":1,"name":"Home","item":"https:\/\/www.rabaini.it\/de\/homepage\/"},{"@type":"ListItem","position":2,"name":"Gesch\u00e4ft","item":"https:\/\/www.rabaini.it\/geschaeft\/"},{"@type":"ListItem","position":3,"name":"Herren","item":"https:\/\/www.rabaini.it\/de\/herren\/"},{"@type":"ListItem","position":4,"name":"lauer Tribeca-Hoodie aus Baumwolle mit Stickerei Vacanze di Natale | VACANZE DI NATALE SPECIAL EDITION"}]},{"@type":"WebSite","@id":"https:\/\/www.rabaini.it\/de\/#website","url":"https:\/\/www.rabaini.it\/de\/","name":"Rabaini","description":"","potentialAction":[{"@type":"SearchAction","target":{"@type":"EntryPoint","urlTemplate":"https:\/\/www.rabaini.it\/de\/?s={search_term_string}"},"query-input":{"@type":"PropertyValueSpecification","valueRequired":true,"valueName":"search_term_string"}}],"inLanguage":"de"}]}},"_links":{"self":[{"href":"https:\/\/www.rabaini.it\/de\/wp-json\/wp\/v2\/product\/135797","targetHints":{"allow":["GET"]}}],"collection":[{"href":"https:\/\/www.rabaini.it\/de\/wp-json\/wp\/v2\/product"}],"about":[{"href":"https:\/\/www.rabaini.it\/de\/wp-json\/wp\/v2\/types\/product"}],"wp:featuredmedia":[{"embeddable":true,"href":"https:\/\/www.rabaini.it\/de\/wp-json\/wp\/v2\/media\/135007"}],"wp:attachment":[{"href":"https:\/\/www.rabaini.it\/de\/wp-json\/wp\/v2\/media?parent=135797"}],"wp:term":[{"taxonomy":"product_brand","embeddable":true,"href":"https:\/\/www.rabaini.it\/de\/wp-json\/wp\/v2\/product_brand?post=135797"},{"taxonomy":"product_cat","embeddable":true,"href":"https:\/\/www.rabaini.it\/de\/wp-json\/wp\/v2\/product_cat?post=135797"},{"taxonomy":"product_tag","embeddable":true,"href":"https:\/\/www.rabaini.it\/de\/wp-json\/wp\/v2\/product_tag?post=135797"}],"curies":[{"name":"wp","href":"https:\/\/api.w.org\/{rel}","templated":true}]}}