{"id":130482,"date":"2025-09-17T09:53:35","date_gmt":"2025-09-17T07:53:35","guid":{"rendered":"https:\/\/www.rabaini.it\/?post_type=product&#038;p=130482"},"modified":"2025-09-17T09:58:51","modified_gmt":"2025-09-17T07:58:51","slug":"hybrid-blouson-aus-wolle-und-kaschmir-in-blau","status":"publish","type":"product","link":"https:\/\/www.rabaini.it\/de\/hybrid-blouson-aus-wolle-und-kaschmir-in-blau\/","title":{"rendered":"Hybrid-Blouson aus Wolle und Kaschmir in Blau"},"content":{"rendered":"<ul>\n<li>Artikelcode: 15311293<\/li>\n<li>Farbe: Blau<\/li>\n<li>F\u00fcr Stadt und Freizeit geeignet, ist dieser Blouson aus hochwertigen Materialien gefertigt und mit gro\u00dfer Liebe zum Detail verarbeitet<\/li>\n<li>Das Modell besteht aus Loro Piana Green Storm System\u00ae Wolle und Kaschmir, hergestellt in Italien<\/li>\n<li>Green Storm System\u00ae ist eine eingetragene Marke von Loro Piana, die den Stoff wasser- und winddicht macht, ohne die Weichheit und den Komfort der Naturfaser zu beeintr\u00e4chtigen<\/li>\n<li>Der Rei\u00dfverschluss mit Doppelzipp bietet maximale Praktikabilit\u00e4t, w\u00e4hrend das Satinfutter mit dem Paul &amp; Shark Wappen dem Look eine raffinierte Note verleiht<\/li>\n<li>Shark-Fin-Detail<\/li>\n<li>Doppelzipp-Rei\u00dfverschluss<\/li>\n<li>Hybrid-Strick aus Wolle und Kaschmir Storm System\u00ae Made in Italy by Loro Piana\u00ae<\/li>\n<li>Rippenstrick an Kragen, B\u00fcndchen und Saum<\/li>\n<li>Seitentaschen und r\u00fcckseitige Tasche mit Knopf<\/li>\n<li>Englischer Strick<\/li>\n<li>Lang\u00e4rmlig<\/li>\n<li>Regular Fit<\/li>\n<li>Au\u00dfenmaterial: 45% Wolle, 25% Kaschmir, 30% Viskose<\/li>\n<li>Vorder+R\u00fcckseite: 100% Kaschmir<\/li>\n<li>Futter: 51% Polyester, 49% Acetat<\/li>\n<li>Details: 100% Polyester<\/li>\n<\/ul>\n","protected":false},"excerpt":{"rendered":"<p>Artikelcode: 15311293 Farbe: Blau F\u00fcr Stadt und Freizeit geeignet, ist dieser Blouson aus hochwertigen Materialien gefertigt und mit gro\u00dfer Liebe zum Detail verarbeitet Das Modell besteht aus Loro Piana Green Storm System\u00ae Wolle und Kaschmir, hergestellt in Italien Green Storm System\u00ae ist eine eingetragene Marke von Loro Piana, die den Stoff wasser- und winddicht macht,&hellip;<\/p>\n","protected":false},"featured_media":130608,"template":"","meta":{"_acf_changed":false},"product_brand":[],"product_cat":[1324,1357,1325,1331,1329],"product_tag":[1664],"class_list":{"0":"post-130482","1":"product","2":"type-product","3":"status-publish","4":"has-post-thumbnail","6":"product_cat-herren","7":"product_cat-herren-sale","8":"product_cat-herrenbekleidung","9":"product_cat-jacken-herren","10":"product_cat-oberbekleidung-herren","11":"product_tag-fw25-de","12":"marca-paul-shark-de","14":"first","15":"instock","16":"sale","17":"shipping-taxable","18":"purchasable","19":"product-type-variable"},"acf":[],"yoast_head":"<!-- This site is optimized with the Yoast SEO plugin v27.2 - https:\/\/yoast.com\/product\/yoast-seo-wordpress\/ -->\n<title>Hybrid-Blouson aus Wolle und Kaschmir in Blau - Rabaini<\/title>\n<meta name=\"robots\" content=\"index, follow, max-snippet:-1, max-image-preview:large, max-video-preview:-1\" \/>\n<link rel=\"canonical\" href=\"https:\/\/www.rabaini.it\/de\/hybrid-blouson-aus-wolle-und-kaschmir-in-blau\/\" \/>\n<meta property=\"og:locale\" content=\"de_DE\" \/>\n<meta property=\"og:type\" content=\"article\" \/>\n<meta property=\"og:title\" content=\"Hybrid-Blouson aus Wolle und Kaschmir in Blau - Rabaini\" \/>\n<meta property=\"og:description\" content=\"Artikelcode: 15311293 Farbe: Blau F\u00fcr Stadt und Freizeit geeignet, ist dieser Blouson aus hochwertigen Materialien gefertigt und mit gro\u00dfer Liebe zum Detail verarbeitet Das Modell besteht aus Loro Piana Green Storm System\u00ae Wolle und Kaschmir, hergestellt in Italien Green Storm System\u00ae ist eine eingetragene Marke von Loro Piana, die den Stoff wasser- und winddicht macht,&hellip;\" \/>\n<meta property=\"og:url\" content=\"https:\/\/www.rabaini.it\/de\/hybrid-blouson-aus-wolle-und-kaschmir-in-blau\/\" \/>\n<meta property=\"og:site_name\" content=\"Rabaini\" \/>\n<meta property=\"article:modified_time\" content=\"2025-09-17T07:58:51+00:00\" \/>\n<meta property=\"og:image\" content=\"https:\/\/www.rabaini.it\/wp-content\/uploads\/2025\/09\/7.1-2.jpg\" \/>\n\t<meta property=\"og:image:width\" content=\"1500\" \/>\n\t<meta property=\"og:image:height\" content=\"1500\" \/>\n\t<meta property=\"og:image:type\" content=\"image\/jpeg\" \/>\n<meta name=\"twitter:card\" content=\"summary_large_image\" \/>\n<meta name=\"twitter:label1\" content=\"Gesch\u00e4tzte Lesezeit\" \/>\n\t<meta name=\"twitter:data1\" content=\"1\u00a0Minute\" \/>\n<script type=\"application\/ld+json\" class=\"yoast-schema-graph\">{\"@context\":\"https:\/\/schema.org\",\"@graph\":[{\"@type\":\"WebPage\",\"@id\":\"https:\/\/www.rabaini.it\/de\/hybrid-blouson-aus-wolle-und-kaschmir-in-blau\/\",\"url\":\"https:\/\/www.rabaini.it\/de\/hybrid-blouson-aus-wolle-und-kaschmir-in-blau\/\",\"name\":\"Hybrid-Blouson aus Wolle und Kaschmir in Blau - Rabaini\",\"isPartOf\":{\"@id\":\"https:\/\/www.rabaini.it\/de\/#website\"},\"primaryImageOfPage\":{\"@id\":\"https:\/\/www.rabaini.it\/de\/hybrid-blouson-aus-wolle-und-kaschmir-in-blau\/#primaryimage\"},\"image\":{\"@id\":\"https:\/\/www.rabaini.it\/de\/hybrid-blouson-aus-wolle-und-kaschmir-in-blau\/#primaryimage\"},\"thumbnailUrl\":\"https:\/\/www.rabaini.it\/wp-content\/uploads\/2025\/09\/7.1-2.jpg\",\"datePublished\":\"2025-09-17T07:53:35+00:00\",\"dateModified\":\"2025-09-17T07:58:51+00:00\",\"breadcrumb\":{\"@id\":\"https:\/\/www.rabaini.it\/de\/hybrid-blouson-aus-wolle-und-kaschmir-in-blau\/#breadcrumb\"},\"inLanguage\":\"de\",\"potentialAction\":[{\"@type\":\"ReadAction\",\"target\":[\"https:\/\/www.rabaini.it\/de\/hybrid-blouson-aus-wolle-und-kaschmir-in-blau\/\"]}]},{\"@type\":\"ImageObject\",\"inLanguage\":\"de\",\"@id\":\"https:\/\/www.rabaini.it\/de\/hybrid-blouson-aus-wolle-und-kaschmir-in-blau\/#primaryimage\",\"url\":\"https:\/\/www.rabaini.it\/wp-content\/uploads\/2025\/09\/7.1-2.jpg\",\"contentUrl\":\"https:\/\/www.rabaini.it\/wp-content\/uploads\/2025\/09\/7.1-2.jpg\",\"width\":1500,\"height\":1500},{\"@type\":\"BreadcrumbList\",\"@id\":\"https:\/\/www.rabaini.it\/de\/hybrid-blouson-aus-wolle-und-kaschmir-in-blau\/#breadcrumb\",\"itemListElement\":[{\"@type\":\"ListItem\",\"position\":1,\"name\":\"Home\",\"item\":\"https:\/\/www.rabaini.it\/de\/homepage\/\"},{\"@type\":\"ListItem\",\"position\":2,\"name\":\"Gesch\u00e4ft\",\"item\":\"https:\/\/www.rabaini.it\/geschaeft\/\"},{\"@type\":\"ListItem\",\"position\":3,\"name\":\"Herren\",\"item\":\"https:\/\/www.rabaini.it\/de\/herren\/\"},{\"@type\":\"ListItem\",\"position\":4,\"name\":\"Hybrid-Blouson aus Wolle und Kaschmir in Blau\"}]},{\"@type\":\"WebSite\",\"@id\":\"https:\/\/www.rabaini.it\/de\/#website\",\"url\":\"https:\/\/www.rabaini.it\/de\/\",\"name\":\"Rabaini\",\"description\":\"\",\"potentialAction\":[{\"@type\":\"SearchAction\",\"target\":{\"@type\":\"EntryPoint\",\"urlTemplate\":\"https:\/\/www.rabaini.it\/de\/?s={search_term_string}\"},\"query-input\":{\"@type\":\"PropertyValueSpecification\",\"valueRequired\":true,\"valueName\":\"search_term_string\"}}],\"inLanguage\":\"de\"}]}<\/script>\n<!-- \/ Yoast SEO plugin. -->","yoast_head_json":{"title":"Hybrid-Blouson aus Wolle und Kaschmir in Blau - Rabaini","robots":{"index":"index","follow":"follow","max-snippet":"max-snippet:-1","max-image-preview":"max-image-preview:large","max-video-preview":"max-video-preview:-1"},"canonical":"https:\/\/www.rabaini.it\/de\/hybrid-blouson-aus-wolle-und-kaschmir-in-blau\/","og_locale":"de_DE","og_type":"article","og_title":"Hybrid-Blouson aus Wolle und Kaschmir in Blau - Rabaini","og_description":"Artikelcode: 15311293 Farbe: Blau F\u00fcr Stadt und Freizeit geeignet, ist dieser Blouson aus hochwertigen Materialien gefertigt und mit gro\u00dfer Liebe zum Detail verarbeitet Das Modell besteht aus Loro Piana Green Storm System\u00ae Wolle und Kaschmir, hergestellt in Italien Green Storm System\u00ae ist eine eingetragene Marke von Loro Piana, die den Stoff wasser- und winddicht macht,&hellip;","og_url":"https:\/\/www.rabaini.it\/de\/hybrid-blouson-aus-wolle-und-kaschmir-in-blau\/","og_site_name":"Rabaini","article_modified_time":"2025-09-17T07:58:51+00:00","og_image":[{"width":1500,"height":1500,"url":"https:\/\/www.rabaini.it\/wp-content\/uploads\/2025\/09\/7.1-2.jpg","type":"image\/jpeg"}],"twitter_card":"summary_large_image","twitter_misc":{"Gesch\u00e4tzte Lesezeit":"1\u00a0Minute"},"schema":{"@context":"https:\/\/schema.org","@graph":[{"@type":"WebPage","@id":"https:\/\/www.rabaini.it\/de\/hybrid-blouson-aus-wolle-und-kaschmir-in-blau\/","url":"https:\/\/www.rabaini.it\/de\/hybrid-blouson-aus-wolle-und-kaschmir-in-blau\/","name":"Hybrid-Blouson aus Wolle und Kaschmir in Blau - Rabaini","isPartOf":{"@id":"https:\/\/www.rabaini.it\/de\/#website"},"primaryImageOfPage":{"@id":"https:\/\/www.rabaini.it\/de\/hybrid-blouson-aus-wolle-und-kaschmir-in-blau\/#primaryimage"},"image":{"@id":"https:\/\/www.rabaini.it\/de\/hybrid-blouson-aus-wolle-und-kaschmir-in-blau\/#primaryimage"},"thumbnailUrl":"https:\/\/www.rabaini.it\/wp-content\/uploads\/2025\/09\/7.1-2.jpg","datePublished":"2025-09-17T07:53:35+00:00","dateModified":"2025-09-17T07:58:51+00:00","breadcrumb":{"@id":"https:\/\/www.rabaini.it\/de\/hybrid-blouson-aus-wolle-und-kaschmir-in-blau\/#breadcrumb"},"inLanguage":"de","potentialAction":[{"@type":"ReadAction","target":["https:\/\/www.rabaini.it\/de\/hybrid-blouson-aus-wolle-und-kaschmir-in-blau\/"]}]},{"@type":"ImageObject","inLanguage":"de","@id":"https:\/\/www.rabaini.it\/de\/hybrid-blouson-aus-wolle-und-kaschmir-in-blau\/#primaryimage","url":"https:\/\/www.rabaini.it\/wp-content\/uploads\/2025\/09\/7.1-2.jpg","contentUrl":"https:\/\/www.rabaini.it\/wp-content\/uploads\/2025\/09\/7.1-2.jpg","width":1500,"height":1500},{"@type":"BreadcrumbList","@id":"https:\/\/www.rabaini.it\/de\/hybrid-blouson-aus-wolle-und-kaschmir-in-blau\/#breadcrumb","itemListElement":[{"@type":"ListItem","position":1,"name":"Home","item":"https:\/\/www.rabaini.it\/de\/homepage\/"},{"@type":"ListItem","position":2,"name":"Gesch\u00e4ft","item":"https:\/\/www.rabaini.it\/geschaeft\/"},{"@type":"ListItem","position":3,"name":"Herren","item":"https:\/\/www.rabaini.it\/de\/herren\/"},{"@type":"ListItem","position":4,"name":"Hybrid-Blouson aus Wolle und Kaschmir in Blau"}]},{"@type":"WebSite","@id":"https:\/\/www.rabaini.it\/de\/#website","url":"https:\/\/www.rabaini.it\/de\/","name":"Rabaini","description":"","potentialAction":[{"@type":"SearchAction","target":{"@type":"EntryPoint","urlTemplate":"https:\/\/www.rabaini.it\/de\/?s={search_term_string}"},"query-input":{"@type":"PropertyValueSpecification","valueRequired":true,"valueName":"search_term_string"}}],"inLanguage":"de"}]}},"_links":{"self":[{"href":"https:\/\/www.rabaini.it\/de\/wp-json\/wp\/v2\/product\/130482","targetHints":{"allow":["GET"]}}],"collection":[{"href":"https:\/\/www.rabaini.it\/de\/wp-json\/wp\/v2\/product"}],"about":[{"href":"https:\/\/www.rabaini.it\/de\/wp-json\/wp\/v2\/types\/product"}],"wp:featuredmedia":[{"embeddable":true,"href":"https:\/\/www.rabaini.it\/de\/wp-json\/wp\/v2\/media\/130608"}],"wp:attachment":[{"href":"https:\/\/www.rabaini.it\/de\/wp-json\/wp\/v2\/media?parent=130482"}],"wp:term":[{"taxonomy":"product_brand","embeddable":true,"href":"https:\/\/www.rabaini.it\/de\/wp-json\/wp\/v2\/product_brand?post=130482"},{"taxonomy":"product_cat","embeddable":true,"href":"https:\/\/www.rabaini.it\/de\/wp-json\/wp\/v2\/product_cat?post=130482"},{"taxonomy":"product_tag","embeddable":true,"href":"https:\/\/www.rabaini.it\/de\/wp-json\/wp\/v2\/product_tag?post=130482"}],"curies":[{"name":"wp","href":"https:\/\/api.w.org\/{rel}","templated":true}]}}