{"id":130323,"date":"2025-09-17T09:53:58","date_gmt":"2025-09-17T07:53:58","guid":{"rendered":"https:\/\/www.rabaini.it\/?post_type=product&#038;p=130323"},"modified":"2025-09-17T09:58:33","modified_gmt":"2025-09-17T07:58:33","slug":"mittlere-arnica-1984-shopping-bag","status":"publish","type":"product","link":"https:\/\/www.rabaini.it\/de\/mittlere-arnica-1984-shopping-bag\/","title":{"rendered":"Mittlere Arnica 1984 Shopping Bag"},"content":{"rendered":"<ul>\n<li>Artikelcode: WP1D0024AE246M0288<\/li>\n<li>Farbe: Braun<\/li>\n<li>Hergestellt in Italien<\/li>\n<li>Mittlere Arnica 1984 Shopping Bag aus ikonischem Paisley-Jacquardstoff<\/li>\n<li>Das Modell verf\u00fcgt \u00fcber eine spezielle Konstruktion mit Schn\u00fcrungen und einem Griff, der an den Enden mit Perlen verziert ist<\/li>\n<li>Das Accessoire wird mit einer passenden Tasche geliefert<\/li>\n<li>Ma\u00dfe (Breite, H\u00f6he, Tiefe): 33 x 28 x 14 cm<\/li>\n<li>Abnehmbare Mini-Tasche<\/li>\n<li>Verschluss mit Karabinerhaken<\/li>\n<li>Au\u00dfen: beschichteter Paisley-Jacquard-Baumwollstoff mit matter Narbung, mit Canvas unterlegt<\/li>\n<li>Beschichtung: 100% PVC<\/li>\n<li>Verzierungen: Kalbsleder<\/li>\n<li>Applikationen: 100% Polymethylmethacrylat<\/li>\n<li>Futter: Kalbsleder<\/li>\n<\/ul>\n","protected":false},"excerpt":{"rendered":"<p><br data-mce-bogus=\"1\"><\/p>\n","protected":false},"featured_media":130734,"template":"","meta":{"_acf_changed":false},"product_brand":[],"product_cat":[1273,1295,1300,1296,1301],"product_tag":[1664],"class_list":{"0":"post-130323","1":"product","2":"type-product","3":"status-publish","4":"has-post-thumbnail","6":"product_cat-damen","7":"product_cat-damenaccessoires","8":"product_cat-handtaschen-damen","9":"product_cat-taschen-damen","10":"product_cat-umhangetaschen-damen","11":"product_tag-fw25-de","12":"marca-etro-de","14":"first","15":"instock","16":"shipping-taxable","17":"purchasable","18":"product-type-simple"},"acf":[],"yoast_head":"<!-- This site is optimized with the Yoast SEO plugin v27.2 - https:\/\/yoast.com\/product\/yoast-seo-wordpress\/ -->\n<title>Mittlere Arnica 1984 Shopping Bag - Rabaini<\/title>\n<meta name=\"robots\" content=\"index, follow, max-snippet:-1, max-image-preview:large, max-video-preview:-1\" \/>\n<link rel=\"canonical\" href=\"https:\/\/www.rabaini.it\/de\/mittlere-arnica-1984-shopping-bag\/\" \/>\n<meta property=\"og:locale\" content=\"de_DE\" \/>\n<meta property=\"og:type\" content=\"article\" \/>\n<meta property=\"og:title\" content=\"Mittlere Arnica 1984 Shopping Bag - Rabaini\" \/>\n<meta property=\"og:url\" content=\"https:\/\/www.rabaini.it\/de\/mittlere-arnica-1984-shopping-bag\/\" \/>\n<meta property=\"og:site_name\" content=\"Rabaini\" \/>\n<meta property=\"article:modified_time\" content=\"2025-09-17T07:58:33+00:00\" \/>\n<meta property=\"og:image\" content=\"https:\/\/www.rabaini.it\/wp-content\/uploads\/2025\/09\/DSC_9652.jpg\" \/>\n\t<meta property=\"og:image:width\" content=\"1500\" \/>\n\t<meta property=\"og:image:height\" content=\"1500\" \/>\n\t<meta property=\"og:image:type\" content=\"image\/jpeg\" \/>\n<meta name=\"twitter:card\" content=\"summary_large_image\" \/>\n<script type=\"application\/ld+json\" class=\"yoast-schema-graph\">{\"@context\":\"https:\/\/schema.org\",\"@graph\":[{\"@type\":\"WebPage\",\"@id\":\"https:\/\/www.rabaini.it\/de\/mittlere-arnica-1984-shopping-bag\/\",\"url\":\"https:\/\/www.rabaini.it\/de\/mittlere-arnica-1984-shopping-bag\/\",\"name\":\"Mittlere Arnica 1984 Shopping Bag - Rabaini\",\"isPartOf\":{\"@id\":\"https:\/\/www.rabaini.it\/de\/#website\"},\"primaryImageOfPage\":{\"@id\":\"https:\/\/www.rabaini.it\/de\/mittlere-arnica-1984-shopping-bag\/#primaryimage\"},\"image\":{\"@id\":\"https:\/\/www.rabaini.it\/de\/mittlere-arnica-1984-shopping-bag\/#primaryimage\"},\"thumbnailUrl\":\"https:\/\/www.rabaini.it\/wp-content\/uploads\/2025\/09\/DSC_9652.jpg\",\"datePublished\":\"2025-09-17T07:53:58+00:00\",\"dateModified\":\"2025-09-17T07:58:33+00:00\",\"breadcrumb\":{\"@id\":\"https:\/\/www.rabaini.it\/de\/mittlere-arnica-1984-shopping-bag\/#breadcrumb\"},\"inLanguage\":\"de\",\"potentialAction\":[{\"@type\":\"ReadAction\",\"target\":[\"https:\/\/www.rabaini.it\/de\/mittlere-arnica-1984-shopping-bag\/\"]}]},{\"@type\":\"ImageObject\",\"inLanguage\":\"de\",\"@id\":\"https:\/\/www.rabaini.it\/de\/mittlere-arnica-1984-shopping-bag\/#primaryimage\",\"url\":\"https:\/\/www.rabaini.it\/wp-content\/uploads\/2025\/09\/DSC_9652.jpg\",\"contentUrl\":\"https:\/\/www.rabaini.it\/wp-content\/uploads\/2025\/09\/DSC_9652.jpg\",\"width\":1500,\"height\":1500},{\"@type\":\"BreadcrumbList\",\"@id\":\"https:\/\/www.rabaini.it\/de\/mittlere-arnica-1984-shopping-bag\/#breadcrumb\",\"itemListElement\":[{\"@type\":\"ListItem\",\"position\":1,\"name\":\"Home\",\"item\":\"https:\/\/www.rabaini.it\/de\/homepage\/\"},{\"@type\":\"ListItem\",\"position\":2,\"name\":\"Gesch\u00e4ft\",\"item\":\"https:\/\/www.rabaini.it\/geschaeft\/\"},{\"@type\":\"ListItem\",\"position\":3,\"name\":\"Damen\",\"item\":\"https:\/\/www.rabaini.it\/de\/damen\/\"},{\"@type\":\"ListItem\",\"position\":4,\"name\":\"Mittlere Arnica 1984 Shopping Bag\"}]},{\"@type\":\"WebSite\",\"@id\":\"https:\/\/www.rabaini.it\/de\/#website\",\"url\":\"https:\/\/www.rabaini.it\/de\/\",\"name\":\"Rabaini\",\"description\":\"\",\"potentialAction\":[{\"@type\":\"SearchAction\",\"target\":{\"@type\":\"EntryPoint\",\"urlTemplate\":\"https:\/\/www.rabaini.it\/de\/?s={search_term_string}\"},\"query-input\":{\"@type\":\"PropertyValueSpecification\",\"valueRequired\":true,\"valueName\":\"search_term_string\"}}],\"inLanguage\":\"de\"}]}<\/script>\n<!-- \/ Yoast SEO plugin. -->","yoast_head_json":{"title":"Mittlere Arnica 1984 Shopping Bag - Rabaini","robots":{"index":"index","follow":"follow","max-snippet":"max-snippet:-1","max-image-preview":"max-image-preview:large","max-video-preview":"max-video-preview:-1"},"canonical":"https:\/\/www.rabaini.it\/de\/mittlere-arnica-1984-shopping-bag\/","og_locale":"de_DE","og_type":"article","og_title":"Mittlere Arnica 1984 Shopping Bag - Rabaini","og_url":"https:\/\/www.rabaini.it\/de\/mittlere-arnica-1984-shopping-bag\/","og_site_name":"Rabaini","article_modified_time":"2025-09-17T07:58:33+00:00","og_image":[{"width":1500,"height":1500,"url":"https:\/\/www.rabaini.it\/wp-content\/uploads\/2025\/09\/DSC_9652.jpg","type":"image\/jpeg"}],"twitter_card":"summary_large_image","schema":{"@context":"https:\/\/schema.org","@graph":[{"@type":"WebPage","@id":"https:\/\/www.rabaini.it\/de\/mittlere-arnica-1984-shopping-bag\/","url":"https:\/\/www.rabaini.it\/de\/mittlere-arnica-1984-shopping-bag\/","name":"Mittlere Arnica 1984 Shopping Bag - Rabaini","isPartOf":{"@id":"https:\/\/www.rabaini.it\/de\/#website"},"primaryImageOfPage":{"@id":"https:\/\/www.rabaini.it\/de\/mittlere-arnica-1984-shopping-bag\/#primaryimage"},"image":{"@id":"https:\/\/www.rabaini.it\/de\/mittlere-arnica-1984-shopping-bag\/#primaryimage"},"thumbnailUrl":"https:\/\/www.rabaini.it\/wp-content\/uploads\/2025\/09\/DSC_9652.jpg","datePublished":"2025-09-17T07:53:58+00:00","dateModified":"2025-09-17T07:58:33+00:00","breadcrumb":{"@id":"https:\/\/www.rabaini.it\/de\/mittlere-arnica-1984-shopping-bag\/#breadcrumb"},"inLanguage":"de","potentialAction":[{"@type":"ReadAction","target":["https:\/\/www.rabaini.it\/de\/mittlere-arnica-1984-shopping-bag\/"]}]},{"@type":"ImageObject","inLanguage":"de","@id":"https:\/\/www.rabaini.it\/de\/mittlere-arnica-1984-shopping-bag\/#primaryimage","url":"https:\/\/www.rabaini.it\/wp-content\/uploads\/2025\/09\/DSC_9652.jpg","contentUrl":"https:\/\/www.rabaini.it\/wp-content\/uploads\/2025\/09\/DSC_9652.jpg","width":1500,"height":1500},{"@type":"BreadcrumbList","@id":"https:\/\/www.rabaini.it\/de\/mittlere-arnica-1984-shopping-bag\/#breadcrumb","itemListElement":[{"@type":"ListItem","position":1,"name":"Home","item":"https:\/\/www.rabaini.it\/de\/homepage\/"},{"@type":"ListItem","position":2,"name":"Gesch\u00e4ft","item":"https:\/\/www.rabaini.it\/geschaeft\/"},{"@type":"ListItem","position":3,"name":"Damen","item":"https:\/\/www.rabaini.it\/de\/damen\/"},{"@type":"ListItem","position":4,"name":"Mittlere Arnica 1984 Shopping Bag"}]},{"@type":"WebSite","@id":"https:\/\/www.rabaini.it\/de\/#website","url":"https:\/\/www.rabaini.it\/de\/","name":"Rabaini","description":"","potentialAction":[{"@type":"SearchAction","target":{"@type":"EntryPoint","urlTemplate":"https:\/\/www.rabaini.it\/de\/?s={search_term_string}"},"query-input":{"@type":"PropertyValueSpecification","valueRequired":true,"valueName":"search_term_string"}}],"inLanguage":"de"}]}},"_links":{"self":[{"href":"https:\/\/www.rabaini.it\/de\/wp-json\/wp\/v2\/product\/130323","targetHints":{"allow":["GET"]}}],"collection":[{"href":"https:\/\/www.rabaini.it\/de\/wp-json\/wp\/v2\/product"}],"about":[{"href":"https:\/\/www.rabaini.it\/de\/wp-json\/wp\/v2\/types\/product"}],"wp:featuredmedia":[{"embeddable":true,"href":"https:\/\/www.rabaini.it\/de\/wp-json\/wp\/v2\/media\/130734"}],"wp:attachment":[{"href":"https:\/\/www.rabaini.it\/de\/wp-json\/wp\/v2\/media?parent=130323"}],"wp:term":[{"taxonomy":"product_brand","embeddable":true,"href":"https:\/\/www.rabaini.it\/de\/wp-json\/wp\/v2\/product_brand?post=130323"},{"taxonomy":"product_cat","embeddable":true,"href":"https:\/\/www.rabaini.it\/de\/wp-json\/wp\/v2\/product_cat?post=130323"},{"taxonomy":"product_tag","embeddable":true,"href":"https:\/\/www.rabaini.it\/de\/wp-json\/wp\/v2\/product_tag?post=130323"}],"curies":[{"name":"wp","href":"https:\/\/api.w.org\/{rel}","templated":true}]}}